{"id":6710,"date":"2022-07-26T02:07:19","date_gmt":"2022-07-26T02:07:19","guid":{"rendered":"https:\/\/bleegame.com\/product\/616-aceptador-de-monedas-multiple-caja-de-control-con-temporizador\/"},"modified":"2022-07-26T02:07:19","modified_gmt":"2022-07-26T02:07:19","slug":"616-aceptacion-multiple-de-monedas-caja-de-control-del-tiempo","status":"publish","type":"product","link":"https:\/\/bleegame.com\/es\/producto\/616-aceptacion-multiple-de-monedas-caja-de-control-del-tiempo\/","title":{"rendered":"616 Aceptador de monedas m\u00faltiple Caja de control con temporizador"},"content":{"rendered":"<div class=\"special-heading-border\">\n<div class=\"special-heading-inner-border\"><\/div>\n<\/div>\n<div class=\"hr hr-custom hr-center hr-icon-no avia-builder-el-12 el_after_av_heading el_before_av_textblock \"><\/div>\n<section class=\"av_textblock_section \">\n<div class=\"avia_textblock \">\n<table style=\"border-collapse: collapse; width: 562.52pt;\" border=\"0\" width=\"750\" cellspacing=\"0\" cellpadding=\"0\">\n<tbody>\n<tr style=\"height: 17.00pt;\">\n<td class=\"et2\" style=\"height: 17.00pt; width: 281.25pt;\" width=\"375\" height=\"22\">Nombre del producto:<\/td>\n<td class=\"et2\" style=\"width: 281.25pt;\" width=\"375\">616CoinTimerBox<\/td>\n<\/tr>\n<tr style=\"height: 17.00pt;\">\n<td class=\"et2\" style=\"height: 17.00pt;\" height=\"22\">Modelo:<\/td>\n<td class=\"et2\">CA038<\/td>\n<\/tr>\n<tr style=\"height: 17.00pt;\">\n<td class=\"et2\" style=\"height: 17.00pt;\" height=\"22\">Tama\u00f1o:<\/td>\n<td class=\"et2\">18,5cm*10,5cm*26cm<\/td>\n<\/tr>\n<tr style=\"height: 17.00pt;\">\n<td class=\"et2\" style=\"height: 17.00pt;\" height=\"22\">Tensi\u00f3n de trabajo:<\/td>\n<td class=\"et2\">DC+12V 20%.<\/td>\n<\/tr>\n<tr style=\"height: 17.00pt;\">\n<td class=\"et2\" style=\"height: 17.00pt;\" height=\"22\">Color:<\/td>\n<td class=\"et2\">Negro<\/td>\n<\/tr>\n<tr style=\"height: 17.00pt;\">\n<td class=\"et2\" style=\"height: 17.00pt;\" height=\"22\">Caracter\u00edsticas:<\/td>\n<td class=\"et2\">Aceptar monedas de otros pa\u00edses<\/td>\n<\/tr>\n<tr style=\"height: 17.00pt;\">\n<td class=\"et2\" style=\"height: 17.00pt;\" height=\"22\">Tiempo de entrega:<\/td>\n<td class=\"et2\">3-7 d\u00edas<\/td>\n<\/tr>\n<tr style=\"height: 17.00pt;\">\n<td class=\"et2\" style=\"height: 17.00pt;\" height=\"22\">MOQ:<\/td>\n<td class=\"et2\">1PCS<\/td>\n<\/tr>\n<\/tbody>\n<\/table>\n<p><strong data-spm-anchor-id=\"a2700.wholesale.0.i20.4f8c7734PuBVK9\">Caracter\u00edsticas:<\/strong><br \/>\n1.) Preajuste para las monedas de todos los pa\u00edses;<br \/>\n2.) Limitar la alimentaci\u00f3n en funci\u00f3n de las monedas que introduzca el usuario;<br \/>\n3.) Autoprogramable (tanto el tablero del temporizador como el monedero) &#8211; el operador puede ajustar la relaci\u00f3n tiempo-moneda seg\u00fan sus necesidades de operaci\u00f3n;<br \/>\n4.) Consta de caj\u00f3n para recoger las monedas y llave de seguridad;<br \/>\n5.) Bot\u00f3n de reinicio para borrar el tiempo restante.<\/p>\n<\/div>\n<\/section>\n<div class=\"av-special-heading av-special-heading-h3 blockquote modern-quote avia-builder-el-14 el_after_av_textblock el_before_av_hr \" style=\"padding-bottom: 10px;\">\n<h3 class=\"av-special-heading-tag \"><\/h3>\n<\/div>\n","protected":false},"excerpt":{"rendered":"<p>Ya sea que est\u00e9 construyendo su propio gabinete de arcade o simplemente cobrando la entrada a su casa, este aceptador de monedas programable hace que sea f\u00e1cil monetizar su pr\u00f3ximo proyecto. Hay un mont\u00f3n de proyectos geniales que funcionan con monedas y que est\u00e1n *esperando* a ser construidos.<\/p>\n","protected":false},"featured_media":7160,"template":"","meta":{"om_disable_all_campaigns":false,"_monsterinsights_skip_tracking":false,"_monsterinsights_sitenote_active":false,"_monsterinsights_sitenote_note":"","_monsterinsights_sitenote_category":0,"_uf_show_specific_survey":0,"_uf_disable_surveys":false},"product_cat":[230,303],"product_tag":[],"class_list":["post-6710","product","type-product","status-publish","has-post-thumbnail","hentry","product_cat-aceptador-de-monedas","product_cat-caja-de-control-del-temporizador"],"yoast_head":"<!-- This site is optimized with the Yoast SEO Premium plugin v15.5 - https:\/\/yoast.com\/wordpress\/plugins\/seo\/ -->\n<title>616 Aceptador de monedas m\u00faltiple Caja de control con temporizador - Bleegame<\/title>\n<meta name=\"robots\" content=\"index, follow, max-snippet:-1, max-image-preview:large, max-video-preview:-1\" \/>\n<link rel=\"canonical\" href=\"https:\/\/bleegame.com\/es\/producto\/616-aceptacion-multiple-de-monedas-caja-de-control-del-tiempo\/\" \/>\n<meta property=\"og:locale\" content=\"es_ES\" \/>\n<meta property=\"og:type\" content=\"article\" \/>\n<meta property=\"og:title\" content=\"616 Aceptador de monedas m\u00faltiple Caja de control con temporizador - Bleegame\" \/>\n<meta property=\"og:description\" content=\"Ya sea que est\u00e9 construyendo su propio gabinete de arcade o simplemente cobrando la entrada a su casa, este aceptador de monedas programable hace que sea f\u00e1cil monetizar su pr\u00f3ximo proyecto. Hay un mont\u00f3n de proyectos geniales que funcionan con monedas y que est\u00e1n *esperando* a ser construidos.\" \/>\n<meta property=\"og:url\" content=\"https:\/\/bleegame.com\/es\/producto\/616-aceptacion-multiple-de-monedas-caja-de-control-del-tiempo\/\" \/>\n<meta property=\"og:site_name\" content=\"Bleegame\" \/>\n<meta name=\"twitter:card\" content=\"summary_large_image\" \/>\n<meta name=\"twitter:label1\" content=\"Tiempo de lectura\">\n\t<meta name=\"twitter:data1\" content=\"0 minutos\">\n<script type=\"application\/ld+json\" class=\"yoast-schema-graph\">{\"@context\":\"https:\/\/schema.org\",\"@graph\":[{\"@type\":\"WebSite\",\"@id\":\"https:\/\/bleegame.com\/es\/#website\",\"url\":\"https:\/\/bleegame.com\/es\/\",\"name\":\"Bleegame\",\"description\":\"One-stop Amusement Coin Operated Games  Machine procurement center\",\"potentialAction\":[{\"@type\":\"SearchAction\",\"target\":\"https:\/\/bleegame.com\/es\/?s={search_term_string}\",\"query-input\":\"required name=search_term_string\"}],\"inLanguage\":\"es\"},{\"@type\":\"ImageObject\",\"@id\":\"https:\/\/bleegame.com\/es\/producto\/616-aceptacion-multiple-de-monedas-caja-de-control-del-tiempo\/#primaryimage\",\"inLanguage\":\"es\",\"url\":\"https:\/\/bleegame.com\/wp-content\/uploads\/2022\/07\/3-144.jpg\",\"width\":800,\"height\":800,\"caption\":\"coin operated timer washing machine control box\"},{\"@type\":\"WebPage\",\"@id\":\"https:\/\/bleegame.com\/es\/producto\/616-aceptacion-multiple-de-monedas-caja-de-control-del-tiempo\/#webpage\",\"url\":\"https:\/\/bleegame.com\/es\/producto\/616-aceptacion-multiple-de-monedas-caja-de-control-del-tiempo\/\",\"name\":\"616 Aceptador de monedas m\\u00faltiple Caja de control con temporizador - Bleegame\",\"isPartOf\":{\"@id\":\"https:\/\/bleegame.com\/es\/#website\"},\"primaryImageOfPage\":{\"@id\":\"https:\/\/bleegame.com\/es\/producto\/616-aceptacion-multiple-de-monedas-caja-de-control-del-tiempo\/#primaryimage\"},\"datePublished\":\"2022-07-26T02:07:19+00:00\",\"dateModified\":\"2022-07-26T02:07:19+00:00\",\"breadcrumb\":{\"@id\":\"https:\/\/bleegame.com\/es\/producto\/616-aceptacion-multiple-de-monedas-caja-de-control-del-tiempo\/#breadcrumb\"},\"inLanguage\":\"es\",\"potentialAction\":[{\"@type\":\"ReadAction\",\"target\":[\"https:\/\/bleegame.com\/es\/producto\/616-aceptacion-multiple-de-monedas-caja-de-control-del-tiempo\/\"]}]},{\"@type\":\"BreadcrumbList\",\"@id\":\"https:\/\/bleegame.com\/es\/producto\/616-aceptacion-multiple-de-monedas-caja-de-control-del-tiempo\/#breadcrumb\",\"itemListElement\":[{\"@type\":\"ListItem\",\"position\":1,\"item\":{\"@type\":\"WebPage\",\"@id\":\"https:\/\/bleegame.com\/es\/producto\/\",\"url\":\"https:\/\/bleegame.com\/es\/producto\/\",\"name\":\"Producto\"}},{\"@type\":\"ListItem\",\"position\":2,\"item\":{\"@type\":\"WebPage\",\"@id\":\"https:\/\/bleegame.com\/es\/producto\/616-aceptacion-multiple-de-monedas-caja-de-control-del-tiempo\/\",\"url\":\"https:\/\/bleegame.com\/es\/producto\/616-aceptacion-multiple-de-monedas-caja-de-control-del-tiempo\/\",\"name\":\"616 Aceptador de monedas m\\u00faltiple Caja de control con temporizador\"}}]}]}<\/script>\n<!-- \/ Yoast SEO Premium plugin. -->","_links":{"self":[{"href":"https:\/\/bleegame.com\/es\/wp-json\/wp\/v2\/product\/6710","targetHints":{"allow":["GET"]}}],"collection":[{"href":"https:\/\/bleegame.com\/es\/wp-json\/wp\/v2\/product"}],"about":[{"href":"https:\/\/bleegame.com\/es\/wp-json\/wp\/v2\/types\/product"}],"version-history":[{"count":0,"href":"https:\/\/bleegame.com\/es\/wp-json\/wp\/v2\/product\/6710\/revisions"}],"wp:featuredmedia":[{"embeddable":true,"href":"https:\/\/bleegame.com\/es\/wp-json\/wp\/v2\/media\/7160"}],"wp:attachment":[{"href":"https:\/\/bleegame.com\/es\/wp-json\/wp\/v2\/media?parent=6710"}],"wp:term":[{"taxonomy":"product_cat","embeddable":true,"href":"https:\/\/bleegame.com\/es\/wp-json\/wp\/v2\/product_cat?post=6710"},{"taxonomy":"product_tag","embeddable":true,"href":"https:\/\/bleegame.com\/es\/wp-json\/wp\/v2\/product_tag?post=6710"}],"curies":[{"name":"wp","href":"https:\/\/api.w.org\/{rel}","templated":true}]}}