{"id":6713,"date":"2022-07-26T02:07:27","date_gmt":"2022-07-26T02:07:27","guid":{"rendered":"https:\/\/bleegame.com\/product\/zippy-joystick-2-4-8-way-con-tapa-de-bola-roja\/"},"modified":"2022-07-26T02:07:27","modified_gmt":"2022-07-26T02:07:27","slug":"zippy-joystick-2-4-8-way-con-bolas-rojas","status":"publish","type":"product","link":"https:\/\/bleegame.com\/es\/producto\/zippy-joystick-2-4-8-way-con-bolas-rojas\/","title":{"rendered":"Zippy Joystick 2\/4\/8\/way con tapa de bola roja"},"content":{"rendered":"<div class=\"special-heading-border\">\n<div class=\"special-heading-inner-border\"><\/div>\n<\/div>\n<\/div>\n<div style=\"  margin-top:; margin-bottom:;\" class=\"hr hr-custom hr-center hr-icon-no avia-builder-el-12 el_after_av_heading el_before_av_textblock \"><span class=\"hr-inner inner-border-av-border-thin\" style=\"  width:1550px;\"><span class=\"hr-inner-style\"><\/span><\/span><\/div>\n<section class=\"av_textblock_section \" itemscope=\"itemscope\" itemtype=\"https:\/\/schema.org\/CreativeWork\">\n<div class=\"avia_textblock \" itemprop=\"text\">\n<p>Este joystick de eje largo es ideal para proyectos de m\u00e1quinas arcade y m\u00e1quinas JAMMA. Este joystick de bola es la elecci\u00f3n perfecta para los constructores de armarios arcade por primera vez o para los clientes con un presupuesto ajustado. Puede utilizarse en m\u00e1quinas recreativas de barra, m\u00e1quinas recreativas verticales y m\u00e1quinas recreativas de c\u00f3ctel.<\/p>\n<p>Este joystick viene con un mango superior de bola de 35 mm y cuenta con un eje de 4 cm de largo y una puerta de pl\u00e1stico de restricci\u00f3n en la parte inferior, que se puede ajustar para el movimiento de 2, 4 u 8 v\u00edas, simplemente aflojando los tornillos y moviendo el restrictor en la posici\u00f3n requerida.<\/p>\n<p><strong>Caracter\u00edsticas del producto<\/strong><br \/>*Joystick estilo bola<br \/>*Eje largo de 4cm de altura<br \/>*Alternativa de bajo coste a los joysticks de marca<br \/>*Perfecto para quienes construyen por primera vez o para clientes con un presupuesto limitado<br \/>*Elecci\u00f3n de colores para las asas<br \/>*Ampliaci\u00f3n de asas compatibles (se venden por separado)<\/p>\n<p><strong>Dimensiones<\/strong><br \/>Longitud de la placa de montaje: 9,8 cm<br \/>Ancho de la placa de montaje: 6,5 cm<br \/>Altura del eje del joystick: 4cm<\/p>\n<p>Informaci\u00f3n sobre el cableado<br \/>Este joystick est\u00e1 provisto de 4 microinterruptores con terminales de 4,8 mm.<br \/>Cada microinterruptor requerir\u00e1 1 cable engarzado de 4,8 mm para la conexi\u00f3n a tierra y 1 cable engarzado de 4,8 mm para la conexi\u00f3n de la se\u00f1al.<\/p>\n<\/div>\n<\/section>\n<div style=\"padding-bottom:10px;  \" class=\"av-special-heading av-special-heading-h3 blockquote modern-quote avia-builder-el-14 el_after_av_textblock el_before_av_hr \">\n<h3 class=\"av-special-heading-tag \" itemprop=\"headline\">V\u00eddeo<\/h3>\n<div class=\"special-heading-border\">\n<div class=\"special-heading-inner-border\"><\/div>\n<\/div>\n<\/div>\n<div style=\"  margin-top:; margin-bottom:;\" class=\"hr hr-custom hr-center hr-icon-no avia-builder-el-15 el_after_av_heading el_before_av_video \"><span class=\"hr-inner inner-border-av-border-thin\" style=\"  width:1550px;\"><span class=\"hr-inner-style\"><\/span><\/span><\/div>\n<div class=\"avia-video avia-video-16-9 av-lazyload-immediate av-lazyload-video-embed \" itemprop=\"video\" itemtype=\"https:\/\/schema.org\/VideoObject\" data-original_url=\"https:\/\/www.youtube.com\/watch?v=Ze1zOzlkqTg\">\n<div class=\"avia-iframe-wrap\"><iframe title=\"\" width=\"1333\" height=\"1000\" frameborder=\"0\" allow=\"accelerometer; autoplay; clipboard-write; encrypted-media; gyroscope; picture-in-picture\" allowfullscreen=\"\" src=\"https:\/\/www.youtube.com\/embed\/Ze1zOzlkqTg?feature=oembed&amp;autoplay=0&amp;loop=0&amp;controls=1&amp;mute=0\"><\/iframe><\/div>\n<p><\/script><\/p>\n<div class=\"av-click-to-play-overlay\">\n<div class=\"avia_playpause_icon\"><\/div>\n<\/div>\n<\/div>\n<div style='padding-bottom:10px; ' class='av-special-heading av-special-heading-h3 blockquote modern-quote avia-builder-el-17 el_after_av_video el_before_av_hr '>\n<h3 class='av-special-heading-tag ' itemprop=\"headline\">\n","protected":false},"excerpt":{"rendered":"<p>Disponemos de una gama de joysticks arcade, que son adecuados para diversos proyectos de m\u00e1quinas arcade, uso comercial y proyectos acad\u00e9micos.<\/p>\n","protected":false},"featured_media":7137,"template":"","meta":{"om_disable_all_campaigns":false,"_monsterinsights_skip_tracking":false,"_monsterinsights_sitenote_active":false,"_monsterinsights_sitenote_note":"","_monsterinsights_sitenote_category":0,"_uf_show_specific_survey":0,"_uf_disable_surveys":false},"product_cat":[251,310],"product_tag":[],"class_list":["post-6713","product","type-product","status-publish","has-post-thumbnail","hentry","product_cat-joystick-arcade","product_cat-joysticks-zippy-arcade"],"yoast_head":"<!-- This site is optimized with the Yoast SEO Premium plugin v15.5 - https:\/\/yoast.com\/wordpress\/plugins\/seo\/ -->\n<title>Zippy Joystick 2\/4\/8\/way con tapa de bola roja - Bleegame<\/title>\n<meta name=\"robots\" content=\"index, follow, max-snippet:-1, max-image-preview:large, max-video-preview:-1\" \/>\n<link rel=\"canonical\" href=\"https:\/\/bleegame.com\/es\/producto\/zippy-joystick-2-4-8-way-con-bolas-rojas\/\" \/>\n<meta property=\"og:locale\" content=\"es_ES\" \/>\n<meta property=\"og:type\" content=\"article\" \/>\n<meta property=\"og:title\" content=\"Zippy Joystick 2\/4\/8\/way con tapa de bola roja - Bleegame\" \/>\n<meta property=\"og:description\" content=\"Disponemos de una gama de joysticks arcade, que son adecuados para diversos proyectos de m\u00e1quinas arcade, uso comercial y proyectos acad\u00e9micos.\" \/>\n<meta property=\"og:url\" content=\"https:\/\/bleegame.com\/es\/producto\/zippy-joystick-2-4-8-way-con-bolas-rojas\/\" \/>\n<meta property=\"og:site_name\" content=\"Bleegame\" \/>\n<meta name=\"twitter:card\" content=\"summary_large_image\" \/>\n<meta name=\"twitter:label1\" content=\"Tiempo de lectura\">\n\t<meta name=\"twitter:data1\" content=\"1 minuto\">\n<script type=\"application\/ld+json\" class=\"yoast-schema-graph\">{\"@context\":\"https:\/\/schema.org\",\"@graph\":[{\"@type\":\"WebSite\",\"@id\":\"https:\/\/bleegame.com\/es\/#website\",\"url\":\"https:\/\/bleegame.com\/es\/\",\"name\":\"Bleegame\",\"description\":\"One-stop Amusement Coin Operated Games  Machine procurement center\",\"potentialAction\":[{\"@type\":\"SearchAction\",\"target\":\"https:\/\/bleegame.com\/es\/?s={search_term_string}\",\"query-input\":\"required name=search_term_string\"}],\"inLanguage\":\"es\"},{\"@type\":\"ImageObject\",\"@id\":\"https:\/\/bleegame.com\/es\/producto\/zippy-joystick-2-4-8-way-con-bolas-rojas\/#primaryimage\",\"inLanguage\":\"es\",\"url\":\"https:\/\/bleegame.com\/wp-content\/uploads\/2022\/07\/1-140.jpg\",\"width\":800,\"height\":800,\"caption\":\"bat top arcade joystick\"},{\"@type\":\"WebPage\",\"@id\":\"https:\/\/bleegame.com\/es\/producto\/zippy-joystick-2-4-8-way-con-bolas-rojas\/#webpage\",\"url\":\"https:\/\/bleegame.com\/es\/producto\/zippy-joystick-2-4-8-way-con-bolas-rojas\/\",\"name\":\"Zippy Joystick 2\/4\/8\/way con tapa de bola roja - Bleegame\",\"isPartOf\":{\"@id\":\"https:\/\/bleegame.com\/es\/#website\"},\"primaryImageOfPage\":{\"@id\":\"https:\/\/bleegame.com\/es\/producto\/zippy-joystick-2-4-8-way-con-bolas-rojas\/#primaryimage\"},\"datePublished\":\"2022-07-26T02:07:27+00:00\",\"dateModified\":\"2022-07-26T02:07:27+00:00\",\"breadcrumb\":{\"@id\":\"https:\/\/bleegame.com\/es\/producto\/zippy-joystick-2-4-8-way-con-bolas-rojas\/#breadcrumb\"},\"inLanguage\":\"es\",\"potentialAction\":[{\"@type\":\"ReadAction\",\"target\":[\"https:\/\/bleegame.com\/es\/producto\/zippy-joystick-2-4-8-way-con-bolas-rojas\/\"]}]},{\"@type\":\"BreadcrumbList\",\"@id\":\"https:\/\/bleegame.com\/es\/producto\/zippy-joystick-2-4-8-way-con-bolas-rojas\/#breadcrumb\",\"itemListElement\":[{\"@type\":\"ListItem\",\"position\":1,\"item\":{\"@type\":\"WebPage\",\"@id\":\"https:\/\/bleegame.com\/es\/producto\/\",\"url\":\"https:\/\/bleegame.com\/es\/producto\/\",\"name\":\"Producto\"}},{\"@type\":\"ListItem\",\"position\":2,\"item\":{\"@type\":\"WebPage\",\"@id\":\"https:\/\/bleegame.com\/es\/producto\/zippy-joystick-2-4-8-way-con-bolas-rojas\/\",\"url\":\"https:\/\/bleegame.com\/es\/producto\/zippy-joystick-2-4-8-way-con-bolas-rojas\/\",\"name\":\"Zippy Joystick 2\/4\/8\/way con tapa de bola roja\"}}]}]}<\/script>\n<!-- \/ Yoast SEO Premium plugin. -->","_links":{"self":[{"href":"https:\/\/bleegame.com\/es\/wp-json\/wp\/v2\/product\/6713","targetHints":{"allow":["GET"]}}],"collection":[{"href":"https:\/\/bleegame.com\/es\/wp-json\/wp\/v2\/product"}],"about":[{"href":"https:\/\/bleegame.com\/es\/wp-json\/wp\/v2\/types\/product"}],"version-history":[{"count":0,"href":"https:\/\/bleegame.com\/es\/wp-json\/wp\/v2\/product\/6713\/revisions"}],"wp:featuredmedia":[{"embeddable":true,"href":"https:\/\/bleegame.com\/es\/wp-json\/wp\/v2\/media\/7137"}],"wp:attachment":[{"href":"https:\/\/bleegame.com\/es\/wp-json\/wp\/v2\/media?parent=6713"}],"wp:term":[{"taxonomy":"product_cat","embeddable":true,"href":"https:\/\/bleegame.com\/es\/wp-json\/wp\/v2\/product_cat?post=6713"},{"taxonomy":"product_tag","embeddable":true,"href":"https:\/\/bleegame.com\/es\/wp-json\/wp\/v2\/product_tag?post=6713"}],"curies":[{"name":"wp","href":"https:\/\/api.w.org\/{rel}","templated":true}]}}