{"id":6714,"date":"2022-07-26T02:07:04","date_gmt":"2022-07-26T02:07:04","guid":{"rendered":"https:\/\/bleegame.com\/product\/boton-arcade-cuadrado-de-44-mm-iluminado\/"},"modified":"2022-07-26T02:07:04","modified_gmt":"2022-07-26T02:07:04","slug":"cuadrado-44mm-iluminado-arcade-boton","status":"publish","type":"product","link":"https:\/\/bleegame.com\/es\/producto\/cuadrado-44mm-iluminado-arcade-boton\/","title":{"rendered":"Bot\u00f3n Arcade cuadrado de 44 mm iluminado"},"content":{"rendered":"<div class=\"special-heading-border\">\n<div class=\"special-heading-inner-border\"><\/div>\n<\/div>\n<\/div>\n<div style=\"  margin-top:; margin-bottom:;\" class=\"hr hr-custom hr-center hr-icon-no avia-builder-el-13 el_after_av_heading el_before_av_textblock \"><span class=\"hr-inner inner-border-av-border-thin\" style=\"  width:1550px;\"><span class=\"hr-inner-style\"><\/span><\/span><\/div>\n<section class=\"av_textblock_section \" itemscope=\"itemscope\" itemtype=\"https:\/\/schema.org\/CreativeWork\">\n<div class=\"avia_textblock \" itemprop=\"text\">\n<p>Este Bot\u00f3n Arcade cuadrado de 44 mm iluminado tiene un cuerpo negro de alta calidad y est\u00e1 disponible en varios colores. Este bot\u00f3n se puede utilizar para diversos proyectos comerciales y acad\u00e9micos, como museos, exposiciones, cabinas fotogr\u00e1ficas y pantallas interactivas o para su uso en proyectos de m\u00e1quinas recreativas. Este bot\u00f3n de arcada cuadrado de alto perfil viene completo con anillo de fijaci\u00f3n y portabombillas y se monta en un agujero de montaje de 24 mm a 28 mm.<\/p>\n<p><strong>Qu\u00e9 se incluye:<\/strong><br \/>1 bot\u00f3n cuadrado iluminado de 44 mm<br \/>1 x Anillo de fijaci\u00f3n<br \/>1 x Portabombillas<\/p>\n<p><strong>Caracter\u00edsticas del producto:<\/strong><br \/>* Ideal para diversos proyectos comerciales y acad\u00e9micos<br \/>* \u00c9mbolo de forma cuadrada<br \/>* La tapa de la lente se puede quitar para insertar su propia obra de arte o escritura<br \/>* Bajo coste<\/p>\n<p><strong>Dimensiones del producto:<\/strong><br \/>Tama\u00f1o del \u00e9mbolo: 24 mm<br \/>Di\u00e1metro total Inc. Bisel: 44mm<br \/>Altura del bisel: 10 mm<br \/>Agujero de montaje requerido: 24mm a 28mm<\/p>\n<p><strong>Informaci\u00f3n sobre el cableado:<\/strong><br \/>Este bot\u00f3n requiere cables engarzados para la conexi\u00f3n del microinterruptor<br \/>1 hilo para la conexi\u00f3n a tierra (CO) y 1 hilo para la conexi\u00f3n de se\u00f1al (NO).<\/p>\n<\/div>\n<\/section>\n<div style=\"padding-bottom:10px;  \" class=\"av-special-heading av-special-heading-h3 blockquote modern-quote avia-builder-el-15 el_after_av_textblock el_before_av_hr \">\n<h3 class=\"av-special-heading-tag \" itemprop=\"headline\">V\u00eddeo<\/h3>\n<div class=\"special-heading-border\">\n<div class=\"special-heading-inner-border\"><\/div>\n<\/div>\n<\/div>\n<div style=\"  margin-top:; margin-bottom:;\" class=\"hr hr-custom hr-center hr-icon-no avia-builder-el-16 el_after_av_heading el_before_av_video \"><span class=\"hr-inner inner-border-av-border-thin\" style=\"  width:1550px;\"><span class=\"hr-inner-style\"><\/span><\/span><\/div>\n<div class=\"avia-video avia-video-16-9 av-lazyload-immediate av-lazyload-video-embed \" itemprop=\"video\" itemtype=\"https:\/\/schema.org\/VideoObject\" data-original_url=\"https:\/\/www.youtube.com\/watch?v=ZzBetedMPVQ\">\n<div class=\"avia-iframe-wrap\"><iframe title=\"?\u0437????\u01b0?\u0165(??+??+??+??)44X44\" width=\"1333\" height=\"1000\" frameborder=\"0\" allow=\"accelerometer; autoplay; clipboard-write; encrypted-media; gyroscope; picture-in-picture\" allowfullscreen=\"\" src=\"https:\/\/www.youtube.com\/embed\/ZzBetedMPVQ?feature=oembed&amp;autoplay=0&amp;loop=0&amp;controls=1&amp;mute=0\"><\/iframe><\/div>\n<p><\/script><\/p>\n<div class=\"av-click-to-play-overlay\">\n<div class=\"avia_playpause_icon\"><\/div>\n<\/div>\n<\/div>\n<div style='padding-bottom:10px; ' class='av-special-heading av-special-heading-h3 blockquote modern-quote avia-builder-el-18 el_after_av_video el_before_av_hr '>\n<h3 class='av-special-heading-tag ' itemprop=\"headline\">\n","protected":false},"excerpt":{"rendered":"<p>Disponemos de una gama de botones de arcade, que son adecuados para diversos proyectos de m\u00e1quinas de arcade, uso comercial y proyectos acad\u00e9micos.<\/p>\n","protected":false},"featured_media":5541,"template":"","meta":{"om_disable_all_campaigns":false,"_monsterinsights_skip_tracking":false,"_monsterinsights_sitenote_active":false,"_monsterinsights_sitenote_note":"","_monsterinsights_sitenote_category":0,"_uf_show_specific_survey":0,"_uf_disable_surveys":false},"product_cat":[269,306],"product_tag":[],"class_list":["post-6714","product","type-product","status-publish","has-post-thumbnail","hentry","product_cat-botones-arcade","product_cat-botones-cuadrados-iluminados-de-arcade"],"yoast_head":"<!-- This site is optimized with the Yoast SEO Premium plugin v15.5 - https:\/\/yoast.com\/wordpress\/plugins\/seo\/ -->\n<title>Bot\u00f3n Arcade cuadrado de 44 mm iluminado - Bleegame<\/title>\n<meta name=\"robots\" content=\"index, follow, max-snippet:-1, max-image-preview:large, max-video-preview:-1\" \/>\n<link rel=\"canonical\" href=\"https:\/\/bleegame.com\/es\/producto\/cuadrado-44mm-iluminado-arcade-boton\/\" \/>\n<meta property=\"og:locale\" content=\"es_ES\" \/>\n<meta property=\"og:type\" content=\"article\" \/>\n<meta property=\"og:title\" content=\"Bot\u00f3n Arcade cuadrado de 44 mm iluminado - Bleegame\" \/>\n<meta property=\"og:description\" content=\"Disponemos de una gama de botones de arcade, que son adecuados para diversos proyectos de m\u00e1quinas de arcade, uso comercial y proyectos acad\u00e9micos.\" \/>\n<meta property=\"og:url\" content=\"https:\/\/bleegame.com\/es\/producto\/cuadrado-44mm-iluminado-arcade-boton\/\" \/>\n<meta property=\"og:site_name\" content=\"Bleegame\" \/>\n<meta name=\"twitter:card\" content=\"summary_large_image\" \/>\n<meta name=\"twitter:label1\" content=\"Tiempo de lectura\">\n\t<meta name=\"twitter:data1\" content=\"1 minuto\">\n<script type=\"application\/ld+json\" class=\"yoast-schema-graph\">{\"@context\":\"https:\/\/schema.org\",\"@graph\":[{\"@type\":\"WebSite\",\"@id\":\"https:\/\/bleegame.com\/es\/#website\",\"url\":\"https:\/\/bleegame.com\/es\/\",\"name\":\"Bleegame\",\"description\":\"One-stop Amusement Coin Operated Games  Machine procurement center\",\"potentialAction\":[{\"@type\":\"SearchAction\",\"target\":\"https:\/\/bleegame.com\/es\/?s={search_term_string}\",\"query-input\":\"required name=search_term_string\"}],\"inLanguage\":\"es\"},{\"@type\":\"ImageObject\",\"@id\":\"https:\/\/bleegame.com\/es\/producto\/cuadrado-44mm-iluminado-arcade-boton\/#primaryimage\",\"inLanguage\":\"es\",\"url\":\"https:\/\/bleegame.com\/wp-content\/uploads\/2022\/07\/20-8-1.jpg\",\"width\":800,\"height\":800},{\"@type\":\"WebPage\",\"@id\":\"https:\/\/bleegame.com\/es\/producto\/cuadrado-44mm-iluminado-arcade-boton\/#webpage\",\"url\":\"https:\/\/bleegame.com\/es\/producto\/cuadrado-44mm-iluminado-arcade-boton\/\",\"name\":\"Bot\\u00f3n Arcade cuadrado de 44 mm iluminado - Bleegame\",\"isPartOf\":{\"@id\":\"https:\/\/bleegame.com\/es\/#website\"},\"primaryImageOfPage\":{\"@id\":\"https:\/\/bleegame.com\/es\/producto\/cuadrado-44mm-iluminado-arcade-boton\/#primaryimage\"},\"datePublished\":\"2022-07-26T02:07:04+00:00\",\"dateModified\":\"2022-07-26T02:07:04+00:00\",\"breadcrumb\":{\"@id\":\"https:\/\/bleegame.com\/es\/producto\/cuadrado-44mm-iluminado-arcade-boton\/#breadcrumb\"},\"inLanguage\":\"es\",\"potentialAction\":[{\"@type\":\"ReadAction\",\"target\":[\"https:\/\/bleegame.com\/es\/producto\/cuadrado-44mm-iluminado-arcade-boton\/\"]}]},{\"@type\":\"BreadcrumbList\",\"@id\":\"https:\/\/bleegame.com\/es\/producto\/cuadrado-44mm-iluminado-arcade-boton\/#breadcrumb\",\"itemListElement\":[{\"@type\":\"ListItem\",\"position\":1,\"item\":{\"@type\":\"WebPage\",\"@id\":\"https:\/\/bleegame.com\/es\/producto\/\",\"url\":\"https:\/\/bleegame.com\/es\/producto\/\",\"name\":\"Producto\"}},{\"@type\":\"ListItem\",\"position\":2,\"item\":{\"@type\":\"WebPage\",\"@id\":\"https:\/\/bleegame.com\/es\/producto\/cuadrado-44mm-iluminado-arcade-boton\/\",\"url\":\"https:\/\/bleegame.com\/es\/producto\/cuadrado-44mm-iluminado-arcade-boton\/\",\"name\":\"Bot\\u00f3n Arcade cuadrado de 44 mm iluminado\"}}]}]}<\/script>\n<!-- \/ Yoast SEO Premium plugin. -->","_links":{"self":[{"href":"https:\/\/bleegame.com\/es\/wp-json\/wp\/v2\/product\/6714","targetHints":{"allow":["GET"]}}],"collection":[{"href":"https:\/\/bleegame.com\/es\/wp-json\/wp\/v2\/product"}],"about":[{"href":"https:\/\/bleegame.com\/es\/wp-json\/wp\/v2\/types\/product"}],"version-history":[{"count":0,"href":"https:\/\/bleegame.com\/es\/wp-json\/wp\/v2\/product\/6714\/revisions"}],"wp:featuredmedia":[{"embeddable":true,"href":"https:\/\/bleegame.com\/es\/wp-json\/wp\/v2\/media\/5541"}],"wp:attachment":[{"href":"https:\/\/bleegame.com\/es\/wp-json\/wp\/v2\/media?parent=6714"}],"wp:term":[{"taxonomy":"product_cat","embeddable":true,"href":"https:\/\/bleegame.com\/es\/wp-json\/wp\/v2\/product_cat?post=6714"},{"taxonomy":"product_tag","embeddable":true,"href":"https:\/\/bleegame.com\/es\/wp-json\/wp\/v2\/product_tag?post=6714"}],"curies":[{"name":"wp","href":"https:\/\/api.w.org\/{rel}","templated":true}]}}