{"id":6715,"date":"2022-07-26T02:07:05","date_gmt":"2022-07-26T02:07:05","guid":{"rendered":"https:\/\/bleegame.com\/product\/pulsadores-estandar-tipo-happ\/"},"modified":"2022-07-26T02:07:05","modified_gmt":"2022-07-26T02:07:05","slug":"happ-type-standard-push-buttons-2","status":"publish","type":"product","link":"https:\/\/bleegame.com\/es\/producto\/happ-type-standard-push-buttons-2\/","title":{"rendered":"Pulsadores est\u00e1ndar tipo Happ"},"content":{"rendered":"<div class=\"special-heading-border\">\n<div class=\"special-heading-inner-border\"><\/div>\n<\/div>\n<\/div>\n<div style=\"  margin-top:; margin-bottom:;\" class=\"hr hr-custom hr-center hr-icon-no avia-builder-el-13 el_after_av_heading el_before_av_textblock \"><span class=\"hr-inner inner-border-av-border-thin\" style=\"  width:1550px;\"><span class=\"hr-inner-style\"><\/span><\/span><\/div>\n<section class=\"av_textblock_section \" itemscope=\"itemscope\" itemtype=\"https:\/\/schema.org\/CreativeWork\">\n<div class=\"avia_textblock \" itemprop=\"text\">\n<p>Este bot\u00f3n de arcade est\u00e1ndar de tipo feliz est\u00e1 disponible en varios colores y puede utilizarse para proyectos de m\u00e1quinas de arcade, as\u00ed como para diversos proyectos comerciales y acad\u00e9micos, como museos, exposiciones, cabinas fotogr\u00e1ficas y pantallas interactivas. Este BOT\u00d3N DE ARCADE EST\u00c1NDAR est\u00e1 hecho de material de nylon duradero y es adecuado para los paneles de control de metal o madera.El bot\u00f3n de arcade tiene 32 mm de di\u00e1metro, cuenta con un \u00e9mbolo c\u00f3ncavo y requerir\u00e1 un agujero de montaje de 28 mm.<\/p>\n<p><strong>Tenga en cuenta:<\/strong><br \/>Este bot\u00f3n se puede pedir como \u00abS\u00f3lo bot\u00f3n\u00bb (Sin microinterruptor) O \u00abCon microinterruptor est\u00e1ndar\u00bb<br \/>Si necesita interruptores alternativos, \u00e9stos pueden pedirse por separado.<\/p>\n<p><strong>Opci\u00f3n de microinterruptor:<\/strong><br \/>Los microinterruptores de bot\u00f3n alternativos pueden pedirse por separado aqu\u00ed: Microinterruptores<\/p>\n<p><strong>Qu\u00e9 se incluye:<\/strong><br \/>1 x Bot\u00f3n Arcade Cl\u00e1sico<br \/>1 anillo adaptador<\/p>\n<p><strong>Dimensiones del producto:<\/strong><br \/>* Agujero de montaje requerido: 28mm<br \/>* Di\u00e1metro total del bot\u00f3n a trav\u00e9s del \u00e9mbolo: 32mm<br \/>* Profundidad m\u00e1xima del bot\u00f3n desde la parte superior del \u00e9mbolo hasta la parte inferior: 63mm<br \/>* Color: Rojo, Amarillo, Azul, Verde, Blanco y Negro<\/p>\n<p><strong>Caracter\u00edsticas del producto:<\/strong><br \/>* Se adapta a los paneles de control de madera o metal.<br \/>* Dise\u00f1o largo, similar a los botones est\u00e1ndar de Happ<br \/>* Se monta en un agujero de montaje de 28 mm<br \/>* Ideal para su uso dentro de los paneles de control de madera de 3\/4\u2033.<\/p>\n<\/div>\n<\/section>\n<div style=\"padding-bottom:10px;  \" class=\"av-special-heading av-special-heading-h3 blockquote modern-quote avia-builder-el-15 el_after_av_textblock el_before_av_hr \">\n<h3 class=\"av-special-heading-tag \" itemprop=\"headline\">V\u00eddeo<\/h3>\n<div class=\"special-heading-border\">\n<div class=\"special-heading-inner-border\"><\/div>\n<\/div>\n<\/div>\n<div style=\"  margin-top:; margin-bottom:;\" class=\"hr hr-custom hr-center hr-icon-no avia-builder-el-16 el_after_av_heading el_before_av_video \"><span class=\"hr-inner inner-border-av-border-thin\" style=\"  width:1550px;\"><span class=\"hr-inner-style\"><\/span><\/span><\/div>\n<div class=\"avia-video avia-video-16-9 av-lazyload-immediate av-lazyload-video-embed \" itemprop=\"video\" itemtype=\"https:\/\/schema.org\/VideoObject\" data-original_url=\"https:\/\/www.youtube.com\/watch?v=5_lL5ZoLTcI\">\n<div class=\"avia-iframe-wrap\"><iframe title=\"\u02bd \u0165\" width=\"1333\" height=\"1000\" frameborder=\"0\" allow=\"accelerometer; autoplay; clipboard-write; encrypted-media; gyroscope; picture-in-picture\" allowfullscreen=\"\" src=\"https:\/\/www.youtube.com\/embed\/5_lL5ZoLTcI?feature=oembed&amp;autoplay=0&amp;loop=0&amp;controls=1&amp;mute=0\"><\/iframe><\/div>\n<p><\/script><\/p>\n<div class=\"av-click-to-play-overlay\">\n<div class=\"avia_playpause_icon\"><\/div>\n<\/div>\n<\/div>\n<div style='padding-bottom:10px; ' class='av-special-heading av-special-heading-h3 blockquote modern-quote avia-builder-el-18 el_after_av_video el_before_av_hr '>\n<h3 class='av-special-heading-tag ' itemprop=\"headline\">\n","protected":false},"excerpt":{"rendered":"<p>Disponemos de una gama de botones de arcade, que son adecuados para diversos proyectos de m\u00e1quinas de arcade, uso comercial y proyectos acad\u00e9micos.<\/p>\n","protected":false},"featured_media":7208,"template":"","meta":{"om_disable_all_campaigns":false,"_monsterinsights_skip_tracking":false,"_monsterinsights_sitenote_active":false,"_monsterinsights_sitenote_note":"","_monsterinsights_sitenote_category":0,"_uf_show_specific_survey":0,"_uf_disable_surveys":false},"product_cat":[269,308],"product_tag":[],"class_list":["post-6715","product","type-product","status-publish","has-post-thumbnail","hentry","product_cat-botones-arcade","product_cat-botones-estandar-de-arcade"],"yoast_head":"<!-- This site is optimized with the Yoast SEO Premium plugin v15.5 - https:\/\/yoast.com\/wordpress\/plugins\/seo\/ -->\n<title>Pulsadores est\u00e1ndar tipo Happ - Bleegame<\/title>\n<meta name=\"robots\" content=\"index, follow, max-snippet:-1, max-image-preview:large, max-video-preview:-1\" \/>\n<link rel=\"canonical\" href=\"https:\/\/bleegame.com\/es\/producto\/happ-type-standard-push-buttons-2\/\" \/>\n<meta property=\"og:locale\" content=\"es_ES\" \/>\n<meta property=\"og:type\" content=\"article\" \/>\n<meta property=\"og:title\" content=\"Pulsadores est\u00e1ndar tipo Happ - Bleegame\" \/>\n<meta property=\"og:description\" content=\"Disponemos de una gama de botones de arcade, que son adecuados para diversos proyectos de m\u00e1quinas de arcade, uso comercial y proyectos acad\u00e9micos.\" \/>\n<meta property=\"og:url\" content=\"https:\/\/bleegame.com\/es\/producto\/happ-type-standard-push-buttons-2\/\" \/>\n<meta property=\"og:site_name\" content=\"Bleegame\" \/>\n<meta name=\"twitter:card\" content=\"summary_large_image\" \/>\n<meta name=\"twitter:label1\" content=\"Tiempo de lectura\">\n\t<meta name=\"twitter:data1\" content=\"1 minuto\">\n<script type=\"application\/ld+json\" class=\"yoast-schema-graph\">{\"@context\":\"https:\/\/schema.org\",\"@graph\":[{\"@type\":\"WebSite\",\"@id\":\"https:\/\/bleegame.com\/es\/#website\",\"url\":\"https:\/\/bleegame.com\/es\/\",\"name\":\"Bleegame\",\"description\":\"One-stop Amusement Coin Operated Games  Machine procurement center\",\"potentialAction\":[{\"@type\":\"SearchAction\",\"target\":\"https:\/\/bleegame.com\/es\/?s={search_term_string}\",\"query-input\":\"required name=search_term_string\"}],\"inLanguage\":\"es\"},{\"@type\":\"ImageObject\",\"@id\":\"https:\/\/bleegame.com\/es\/producto\/happ-type-standard-push-buttons-2\/#primaryimage\",\"inLanguage\":\"es\",\"url\":\"https:\/\/bleegame.com\/wp-content\/uploads\/2022\/07\/3-146.jpg\",\"width\":800,\"height\":800,\"caption\":\"metal arcade push button\"},{\"@type\":\"WebPage\",\"@id\":\"https:\/\/bleegame.com\/es\/producto\/happ-type-standard-push-buttons-2\/#webpage\",\"url\":\"https:\/\/bleegame.com\/es\/producto\/happ-type-standard-push-buttons-2\/\",\"name\":\"Pulsadores est\\u00e1ndar tipo Happ - Bleegame\",\"isPartOf\":{\"@id\":\"https:\/\/bleegame.com\/es\/#website\"},\"primaryImageOfPage\":{\"@id\":\"https:\/\/bleegame.com\/es\/producto\/happ-type-standard-push-buttons-2\/#primaryimage\"},\"datePublished\":\"2022-07-26T02:07:05+00:00\",\"dateModified\":\"2022-07-26T02:07:05+00:00\",\"breadcrumb\":{\"@id\":\"https:\/\/bleegame.com\/es\/producto\/happ-type-standard-push-buttons-2\/#breadcrumb\"},\"inLanguage\":\"es\",\"potentialAction\":[{\"@type\":\"ReadAction\",\"target\":[\"https:\/\/bleegame.com\/es\/producto\/happ-type-standard-push-buttons-2\/\"]}]},{\"@type\":\"BreadcrumbList\",\"@id\":\"https:\/\/bleegame.com\/es\/producto\/happ-type-standard-push-buttons-2\/#breadcrumb\",\"itemListElement\":[{\"@type\":\"ListItem\",\"position\":1,\"item\":{\"@type\":\"WebPage\",\"@id\":\"https:\/\/bleegame.com\/es\/producto\/\",\"url\":\"https:\/\/bleegame.com\/es\/producto\/\",\"name\":\"Producto\"}},{\"@type\":\"ListItem\",\"position\":2,\"item\":{\"@type\":\"WebPage\",\"@id\":\"https:\/\/bleegame.com\/es\/producto\/happ-type-standard-push-buttons-2\/\",\"url\":\"https:\/\/bleegame.com\/es\/producto\/happ-type-standard-push-buttons-2\/\",\"name\":\"Pulsadores est\\u00e1ndar tipo Happ\"}}]}]}<\/script>\n<!-- \/ Yoast SEO Premium plugin. -->","_links":{"self":[{"href":"https:\/\/bleegame.com\/es\/wp-json\/wp\/v2\/product\/6715","targetHints":{"allow":["GET"]}}],"collection":[{"href":"https:\/\/bleegame.com\/es\/wp-json\/wp\/v2\/product"}],"about":[{"href":"https:\/\/bleegame.com\/es\/wp-json\/wp\/v2\/types\/product"}],"version-history":[{"count":0,"href":"https:\/\/bleegame.com\/es\/wp-json\/wp\/v2\/product\/6715\/revisions"}],"wp:featuredmedia":[{"embeddable":true,"href":"https:\/\/bleegame.com\/es\/wp-json\/wp\/v2\/media\/7208"}],"wp:attachment":[{"href":"https:\/\/bleegame.com\/es\/wp-json\/wp\/v2\/media?parent=6715"}],"wp:term":[{"taxonomy":"product_cat","embeddable":true,"href":"https:\/\/bleegame.com\/es\/wp-json\/wp\/v2\/product_cat?post=6715"},{"taxonomy":"product_tag","embeddable":true,"href":"https:\/\/bleegame.com\/es\/wp-json\/wp\/v2\/product_tag?post=6715"}],"curies":[{"name":"wp","href":"https:\/\/api.w.org\/{rel}","templated":true}]}}