{"id":6716,"date":"2022-07-26T02:07:04","date_gmt":"2022-07-26T02:07:04","guid":{"rendered":"https:\/\/bleegame.com\/product\/pulsadores-rectangulares-iluminados-borde-recto\/"},"modified":"2022-07-26T02:07:04","modified_gmt":"2022-07-26T02:07:04","slug":"botones-rectangulares-iluminados-borde-recto","status":"publish","type":"product","link":"https:\/\/bleegame.com\/es\/producto\/botones-rectangulares-iluminados-borde-recto\/","title":{"rendered":"Pulsadores rectangulares iluminados (borde recto)"},"content":{"rendered":"<div class=\"special-heading-border\">\n<div class=\"special-heading-inner-border\"><\/div>\n<\/div>\n<\/div>\n<div style=\"  margin-top:; margin-bottom:;\" class=\"hr hr-custom hr-center hr-icon-no avia-builder-el-13 el_after_av_heading el_before_av_textblock \"><span class=\"hr-inner inner-border-av-border-thin\" style=\"  width:1550px;\"><span class=\"hr-inner-style\"><\/span><\/span><\/div>\n<section class=\"av_textblock_section \" itemscope=\"itemscope\" itemtype=\"https:\/\/schema.org\/CreativeWork\">\n<div class=\"avia_textblock \" itemprop=\"text\">\n<p>Este Bot\u00f3n Arcade Iluminado Rectangular est\u00e1 disponible en varios colores y se puede utilizar para varios proyectos comerciales y acad\u00e9micos, incluyendo museos, exposiciones, cabinas de fotos y pantallas interactivas o para su uso en proyectos de m\u00e1quinas arcade. Cada bot\u00f3n rectangular de la arcada viene completo con un anillo de fijaci\u00f3n\/soporte de la bombilla y se monta en un agujero de montaje de 24mm a 28mm.<\/p>\n<p><strong>6 Colores:<\/strong><br \/>Rojo, Azul, Amarillo, Verde, Blanco, Negro<\/p>\n<p><strong>Material:<\/strong> Nylon resistente<br \/><strong>Tensi\u00f3n:<\/strong> 12V DC<\/p>\n<p><strong>Qu\u00e9 se incluye:<\/strong><br \/>1 x Bot\u00f3n rectangular de arcade<br \/>1 x Anillo de fijaci\u00f3n<br \/>1 x Portabombillas<\/p>\n<p><strong>Caracter\u00edsticas del producto:<\/strong><br \/>* \u00c9mbolo de forma rectangular<br \/>* Alta calidad<br \/>* Ideal para proyectos arcade, comerciales y acad\u00e9micos<br \/>* La tapa del objetivo se puede quitar para a\u00f1adir su propia leyenda<br \/>* Adecuado para un uso intensivo<br \/>* Existe una gama de microinterruptores y LEDs compatibles que se pueden adquirir por separado<\/p>\n<p><strong>Dimensiones del producto:<\/strong><br \/>Longitud del bisel: 50 mm Anchura del bisel: 33 mm<br \/>Altura del bisel: 10 mm<br \/>Altura total de los botones: 45 mm<\/p>\n<\/div>\n<\/section>\n<div style='padding-bottom:10px; ' class='av-special-heading av-special-heading-h3 blockquote modern-quote avia-builder-el-15 el_after_av_textblock el_before_av_hr '>\n<h3 class='av-special-heading-tag ' itemprop=\"headline\">\n","protected":false},"excerpt":{"rendered":"<p>Disponemos de una gama de botones de arcade, que son adecuados para diversos proyectos de m\u00e1quinas de arcade, uso comercial y proyectos acad\u00e9micos.<\/p>\n","protected":false},"featured_media":5555,"template":"","meta":{"om_disable_all_campaigns":false,"_monsterinsights_skip_tracking":false,"_monsterinsights_sitenote_active":false,"_monsterinsights_sitenote_note":"","_monsterinsights_sitenote_category":0,"_uf_show_specific_survey":0,"_uf_disable_surveys":false},"product_cat":[269,306],"product_tag":[],"class_list":["post-6716","product","type-product","status-publish","has-post-thumbnail","hentry","product_cat-botones-arcade","product_cat-botones-cuadrados-iluminados-de-arcade"],"yoast_head":"<!-- This site is optimized with the Yoast SEO Premium plugin v15.5 - https:\/\/yoast.com\/wordpress\/plugins\/seo\/ -->\n<title>Pulsadores rectangulares iluminados (borde recto) - Bleegame<\/title>\n<meta name=\"robots\" content=\"index, follow, max-snippet:-1, max-image-preview:large, max-video-preview:-1\" \/>\n<link rel=\"canonical\" href=\"https:\/\/bleegame.com\/es\/producto\/botones-rectangulares-iluminados-borde-recto\/\" \/>\n<meta property=\"og:locale\" content=\"es_ES\" \/>\n<meta property=\"og:type\" content=\"article\" \/>\n<meta property=\"og:title\" content=\"Pulsadores rectangulares iluminados (borde recto) - Bleegame\" \/>\n<meta property=\"og:description\" content=\"Disponemos de una gama de botones de arcade, que son adecuados para diversos proyectos de m\u00e1quinas de arcade, uso comercial y proyectos acad\u00e9micos.\" \/>\n<meta property=\"og:url\" content=\"https:\/\/bleegame.com\/es\/producto\/botones-rectangulares-iluminados-borde-recto\/\" \/>\n<meta property=\"og:site_name\" content=\"Bleegame\" \/>\n<meta name=\"twitter:card\" content=\"summary_large_image\" \/>\n<meta name=\"twitter:label1\" content=\"Tiempo de lectura\">\n\t<meta name=\"twitter:data1\" content=\"1 minuto\">\n<script type=\"application\/ld+json\" class=\"yoast-schema-graph\">{\"@context\":\"https:\/\/schema.org\",\"@graph\":[{\"@type\":\"WebSite\",\"@id\":\"https:\/\/bleegame.com\/es\/#website\",\"url\":\"https:\/\/bleegame.com\/es\/\",\"name\":\"Bleegame\",\"description\":\"One-stop Amusement Coin Operated Games  Machine procurement center\",\"potentialAction\":[{\"@type\":\"SearchAction\",\"target\":\"https:\/\/bleegame.com\/es\/?s={search_term_string}\",\"query-input\":\"required name=search_term_string\"}],\"inLanguage\":\"es\"},{\"@type\":\"ImageObject\",\"@id\":\"https:\/\/bleegame.com\/es\/producto\/botones-rectangulares-iluminados-borde-recto\/#primaryimage\",\"inLanguage\":\"es\",\"url\":\"https:\/\/bleegame.com\/wp-content\/uploads\/2022\/07\/14-16-1.jpg\",\"width\":800,\"height\":800},{\"@type\":\"WebPage\",\"@id\":\"https:\/\/bleegame.com\/es\/producto\/botones-rectangulares-iluminados-borde-recto\/#webpage\",\"url\":\"https:\/\/bleegame.com\/es\/producto\/botones-rectangulares-iluminados-borde-recto\/\",\"name\":\"Pulsadores rectangulares iluminados (borde recto) - Bleegame\",\"isPartOf\":{\"@id\":\"https:\/\/bleegame.com\/es\/#website\"},\"primaryImageOfPage\":{\"@id\":\"https:\/\/bleegame.com\/es\/producto\/botones-rectangulares-iluminados-borde-recto\/#primaryimage\"},\"datePublished\":\"2022-07-26T02:07:04+00:00\",\"dateModified\":\"2022-07-26T02:07:04+00:00\",\"breadcrumb\":{\"@id\":\"https:\/\/bleegame.com\/es\/producto\/botones-rectangulares-iluminados-borde-recto\/#breadcrumb\"},\"inLanguage\":\"es\",\"potentialAction\":[{\"@type\":\"ReadAction\",\"target\":[\"https:\/\/bleegame.com\/es\/producto\/botones-rectangulares-iluminados-borde-recto\/\"]}]},{\"@type\":\"BreadcrumbList\",\"@id\":\"https:\/\/bleegame.com\/es\/producto\/botones-rectangulares-iluminados-borde-recto\/#breadcrumb\",\"itemListElement\":[{\"@type\":\"ListItem\",\"position\":1,\"item\":{\"@type\":\"WebPage\",\"@id\":\"https:\/\/bleegame.com\/es\/producto\/\",\"url\":\"https:\/\/bleegame.com\/es\/producto\/\",\"name\":\"Producto\"}},{\"@type\":\"ListItem\",\"position\":2,\"item\":{\"@type\":\"WebPage\",\"@id\":\"https:\/\/bleegame.com\/es\/producto\/botones-rectangulares-iluminados-borde-recto\/\",\"url\":\"https:\/\/bleegame.com\/es\/producto\/botones-rectangulares-iluminados-borde-recto\/\",\"name\":\"Pulsadores rectangulares iluminados (borde recto)\"}}]}]}<\/script>\n<!-- \/ Yoast SEO Premium plugin. -->","_links":{"self":[{"href":"https:\/\/bleegame.com\/es\/wp-json\/wp\/v2\/product\/6716","targetHints":{"allow":["GET"]}}],"collection":[{"href":"https:\/\/bleegame.com\/es\/wp-json\/wp\/v2\/product"}],"about":[{"href":"https:\/\/bleegame.com\/es\/wp-json\/wp\/v2\/types\/product"}],"version-history":[{"count":0,"href":"https:\/\/bleegame.com\/es\/wp-json\/wp\/v2\/product\/6716\/revisions"}],"wp:featuredmedia":[{"embeddable":true,"href":"https:\/\/bleegame.com\/es\/wp-json\/wp\/v2\/media\/5555"}],"wp:attachment":[{"href":"https:\/\/bleegame.com\/es\/wp-json\/wp\/v2\/media?parent=6716"}],"wp:term":[{"taxonomy":"product_cat","embeddable":true,"href":"https:\/\/bleegame.com\/es\/wp-json\/wp\/v2\/product_cat?post=6716"},{"taxonomy":"product_tag","embeddable":true,"href":"https:\/\/bleegame.com\/es\/wp-json\/wp\/v2\/product_tag?post=6716"}],"curies":[{"name":"wp","href":"https:\/\/api.w.org\/{rel}","templated":true}]}}