{"id":6717,"date":"2022-07-26T02:07:00","date_gmt":"2022-07-26T02:07:00","guid":{"rendered":"https:\/\/bleegame.com\/product\/altavoz-de-3-pulgadas-de-4-ohmios-gama-completa\/"},"modified":"2022-07-26T02:07:00","modified_gmt":"2022-07-26T02:07:00","slug":"altavoz-de-rango-completo-de-4-ohmios-y-3-pulgadas","status":"publish","type":"product","link":"https:\/\/bleegame.com\/es\/producto\/altavoz-de-rango-completo-de-4-ohmios-y-3-pulgadas\/","title":{"rendered":"Altavoz de 3 pulgadas de 4 ohmios &#8211; Gama completa"},"content":{"rendered":"<div class=\"special-heading-border\">\n<div class=\"special-heading-inner-border\"><\/div>\n<\/div>\n<div class=\"hr hr-custom hr-center hr-icon-no avia-builder-el-12 el_after_av_heading el_before_av_textblock \"><\/div>\n<section class=\"av_textblock_section \">\n<div class=\"avia_textblock \">\n<p>*Tiene una alta sensibilidad, y es adecuado para la caja de sonido multimedia, le proporciona el disfrute ac\u00fastico.<br \/>\n*Este producto es un altavoz de 3 pulgadas con una calidad de sonido clara y transparente.<br \/>\n*El rendimiento es muy estable y la instalaci\u00f3n es f\u00e1cil y no requiere operaciones especialmente complicadas.<br \/>\n*Fabricado con material de alta calidad y con una mano de obra exquisita, el producto tiene una larga vida \u00fatil.<br \/>\n*La impedancia es de 4 y la potencia de 10W, lo que reduce la distorsi\u00f3n arm\u00f3nica de alta frecuencia.<\/p>\n<\/div>\n<\/section>\n<div class=\"av-special-heading av-special-heading-h3 blockquote modern-quote avia-builder-el-14 el_after_av_textblock el_before_av_hr \" style=\"padding-bottom: 10px;\">\n<h3 class=\"av-special-heading-tag \"><\/h3>\n<\/div>\n","protected":false},"excerpt":{"rendered":"<p>BLEE se centra en la fabricaci\u00f3n de accesorios de juegos de arcade, fabricamos y vendemos todo tipo de accesorios de juegos de arcade de alta calidad, somos una empresa de marca que ha estado operando durante muchos a\u00f1os, teniendo una buena reputaci\u00f3n y un gran grupo de clientes. Si est\u00e1 interesado en el juego de arcade y necesita comprar accesorios para juegos de arcade, p\u00f3ngase en contacto con nosotros.<\/p>\n","protected":false},"featured_media":5513,"template":"","meta":{"om_disable_all_campaigns":false,"_monsterinsights_skip_tracking":false,"_monsterinsights_sitenote_active":false,"_monsterinsights_sitenote_note":"","_monsterinsights_sitenote_category":0,"_uf_show_specific_survey":0,"_uf_disable_surveys":false},"product_cat":[307],"product_tag":[],"class_list":["post-6717","product","type-product","status-publish","has-post-thumbnail","hentry","product_cat-altavoz"],"yoast_head":"<!-- This site is optimized with the Yoast SEO Premium plugin v15.5 - https:\/\/yoast.com\/wordpress\/plugins\/seo\/ -->\n<title>Altavoz de 3 pulgadas de 4 ohmios - Gama completa - Bleegame<\/title>\n<meta name=\"robots\" content=\"index, follow, max-snippet:-1, max-image-preview:large, max-video-preview:-1\" \/>\n<link rel=\"canonical\" href=\"https:\/\/bleegame.com\/es\/producto\/altavoz-de-rango-completo-de-4-ohmios-y-3-pulgadas\/\" \/>\n<meta property=\"og:locale\" content=\"es_ES\" \/>\n<meta property=\"og:type\" content=\"article\" \/>\n<meta property=\"og:title\" content=\"Altavoz de 3 pulgadas de 4 ohmios - Gama completa - Bleegame\" \/>\n<meta property=\"og:description\" content=\"BLEE se centra en la fabricaci\u00f3n de accesorios de juegos de arcade, fabricamos y vendemos todo tipo de accesorios de juegos de arcade de alta calidad, somos una empresa de marca que ha estado operando durante muchos a\u00f1os, teniendo una buena reputaci\u00f3n y un gran grupo de clientes. Si est\u00e1 interesado en el juego de arcade y necesita comprar accesorios para juegos de arcade, p\u00f3ngase en contacto con nosotros.\" \/>\n<meta property=\"og:url\" content=\"https:\/\/bleegame.com\/es\/producto\/altavoz-de-rango-completo-de-4-ohmios-y-3-pulgadas\/\" \/>\n<meta property=\"og:site_name\" content=\"Bleegame\" \/>\n<meta name=\"twitter:card\" content=\"summary_large_image\" \/>\n<meta name=\"twitter:label1\" content=\"Tiempo de lectura\">\n\t<meta name=\"twitter:data1\" content=\"0 minutos\">\n<script type=\"application\/ld+json\" class=\"yoast-schema-graph\">{\"@context\":\"https:\/\/schema.org\",\"@graph\":[{\"@type\":\"WebSite\",\"@id\":\"https:\/\/bleegame.com\/es\/#website\",\"url\":\"https:\/\/bleegame.com\/es\/\",\"name\":\"Bleegame\",\"description\":\"One-stop Amusement Coin Operated Games  Machine procurement center\",\"potentialAction\":[{\"@type\":\"SearchAction\",\"target\":\"https:\/\/bleegame.com\/es\/?s={search_term_string}\",\"query-input\":\"required name=search_term_string\"}],\"inLanguage\":\"es\"},{\"@type\":\"ImageObject\",\"@id\":\"https:\/\/bleegame.com\/es\/producto\/altavoz-de-rango-completo-de-4-ohmios-y-3-pulgadas\/#primaryimage\",\"inLanguage\":\"es\",\"url\":\"https:\/\/bleegame.com\/wp-content\/uploads\/2022\/07\/1-58-1.jpg\",\"width\":800,\"height\":800},{\"@type\":\"WebPage\",\"@id\":\"https:\/\/bleegame.com\/es\/producto\/altavoz-de-rango-completo-de-4-ohmios-y-3-pulgadas\/#webpage\",\"url\":\"https:\/\/bleegame.com\/es\/producto\/altavoz-de-rango-completo-de-4-ohmios-y-3-pulgadas\/\",\"name\":\"Altavoz de 3 pulgadas de 4 ohmios - Gama completa - Bleegame\",\"isPartOf\":{\"@id\":\"https:\/\/bleegame.com\/es\/#website\"},\"primaryImageOfPage\":{\"@id\":\"https:\/\/bleegame.com\/es\/producto\/altavoz-de-rango-completo-de-4-ohmios-y-3-pulgadas\/#primaryimage\"},\"datePublished\":\"2022-07-26T02:07:00+00:00\",\"dateModified\":\"2022-07-26T02:07:00+00:00\",\"breadcrumb\":{\"@id\":\"https:\/\/bleegame.com\/es\/producto\/altavoz-de-rango-completo-de-4-ohmios-y-3-pulgadas\/#breadcrumb\"},\"inLanguage\":\"es\",\"potentialAction\":[{\"@type\":\"ReadAction\",\"target\":[\"https:\/\/bleegame.com\/es\/producto\/altavoz-de-rango-completo-de-4-ohmios-y-3-pulgadas\/\"]}]},{\"@type\":\"BreadcrumbList\",\"@id\":\"https:\/\/bleegame.com\/es\/producto\/altavoz-de-rango-completo-de-4-ohmios-y-3-pulgadas\/#breadcrumb\",\"itemListElement\":[{\"@type\":\"ListItem\",\"position\":1,\"item\":{\"@type\":\"WebPage\",\"@id\":\"https:\/\/bleegame.com\/es\/producto\/\",\"url\":\"https:\/\/bleegame.com\/es\/producto\/\",\"name\":\"Producto\"}},{\"@type\":\"ListItem\",\"position\":2,\"item\":{\"@type\":\"WebPage\",\"@id\":\"https:\/\/bleegame.com\/es\/producto\/altavoz-de-rango-completo-de-4-ohmios-y-3-pulgadas\/\",\"url\":\"https:\/\/bleegame.com\/es\/producto\/altavoz-de-rango-completo-de-4-ohmios-y-3-pulgadas\/\",\"name\":\"Altavoz de 3 pulgadas de 4 ohmios &#8211; Gama completa\"}}]}]}<\/script>\n<!-- \/ Yoast SEO Premium plugin. -->","_links":{"self":[{"href":"https:\/\/bleegame.com\/es\/wp-json\/wp\/v2\/product\/6717","targetHints":{"allow":["GET"]}}],"collection":[{"href":"https:\/\/bleegame.com\/es\/wp-json\/wp\/v2\/product"}],"about":[{"href":"https:\/\/bleegame.com\/es\/wp-json\/wp\/v2\/types\/product"}],"version-history":[{"count":0,"href":"https:\/\/bleegame.com\/es\/wp-json\/wp\/v2\/product\/6717\/revisions"}],"wp:featuredmedia":[{"embeddable":true,"href":"https:\/\/bleegame.com\/es\/wp-json\/wp\/v2\/media\/5513"}],"wp:attachment":[{"href":"https:\/\/bleegame.com\/es\/wp-json\/wp\/v2\/media?parent=6717"}],"wp:term":[{"taxonomy":"product_cat","embeddable":true,"href":"https:\/\/bleegame.com\/es\/wp-json\/wp\/v2\/product_cat?post=6717"},{"taxonomy":"product_tag","embeddable":true,"href":"https:\/\/bleegame.com\/es\/wp-json\/wp\/v2\/product_tag?post=6717"}],"curies":[{"name":"wp","href":"https:\/\/api.w.org\/{rel}","templated":true}]}}