{"id":6719,"date":"2022-07-26T02:06:51","date_gmt":"2022-07-26T02:06:51","guid":{"rendered":"https:\/\/bleegame.com\/product\/kits-de-juegos-de-casino-arcade\/"},"modified":"2022-07-26T02:06:51","modified_gmt":"2022-07-26T02:06:51","slug":"arcade-casino-juego-kits","status":"publish","type":"product","link":"https:\/\/bleegame.com\/es\/producto\/arcade-casino-juego-kits\/","title":{"rendered":"Kits de juegos de casino Arcade"},"content":{"rendered":"<div class=\"special-heading-border\">\n<div class=\"special-heading-inner-border\"><\/div>\n<\/div>\n<\/div>\n<div style=\"  margin-top:; margin-bottom:;\" class=\"hr hr-custom hr-center hr-icon-no avia-builder-el-12 el_after_av_heading el_before_av_textblock \"><span class=\"hr-inner inner-border-av-border-thin\" style=\"  width:1550px;\"><span class=\"hr-inner-style\"><\/span><\/span><\/div>\n<section class=\"av_textblock_section \" itemscope=\"itemscope\" itemtype=\"https:\/\/schema.org\/CreativeWork\">\n<div class='avia_textblock ' itemprop=\"text\">\n<div class=\"J_module\">\n<div class=\"detail-decorate-json-renderer-container\">\n<div class=\"magic-1\">\n<div class=\"magic-2\">\n<div class=\"magic-3\">\n<div class=\"magic-4\"><b><span class=\"magic-5\"><span data-spm-anchor-id=\"a2700.wholesale.0.i24.491e26d9FzR2Q2\">\u00c1frica Popular de la moneda operado kits de juegos de casino con el teclado de Mario para la venta<\/span><\/span><\/b><\/div>\n<div><\/div>\n<\/div>\n<\/div>\n<\/div>\n<\/div>\n<\/div>\n<div class=\"J_module\">\n<div><\/div>\n<div class=\"ife-detail-decorate-table\">\n<table class=\"all magic-6\">\n<tbody>\n<tr>\n<td colspan=\"1\" rowspan=\"1\">\n<div class=\"magic-7\"><b data-spm-anchor-id=\"a2700.siteadmin.0.i47.4221ac40rrlcAZ\">Nombre del producto<\/b><\/div>\n<\/td>\n<td colspan=\"1\" rowspan=\"1\">\n<div class=\"magic-8\">Kit de m\u00e1quinas tragaperras<\/div>\n<\/td>\n<\/tr>\n<tr>\n<td colspan=\"1\" rowspan=\"1\">\n<div class=\"magic-7\"><b>Tensi\u00f3n<\/b><\/div>\n<\/td>\n<td colspan=\"1\" rowspan=\"1\">\n<div class=\"magic-8\">110V\/220V<\/div>\n<\/td>\n<\/tr>\n<tr>\n<td colspan=\"1\" rowspan=\"1\">\n<div class=\"magic-7\"><b>Funci\u00f3n<\/b><\/div>\n<\/td>\n<td colspan=\"1\" rowspan=\"1\">\n<div class=\"magic-8\">Diversi\u00f3n, Casino<\/div>\n<\/td>\n<\/tr>\n<tr>\n<td colspan=\"1\" rowspan=\"1\">\n<div class=\"magic-7\"><b>Paquete<\/b><\/div>\n<\/td>\n<td colspan=\"1\" rowspan=\"1\">\n<div class=\"magic-8\">Bolsa de burbujas de pl\u00e1stico con caja de cart\u00f3n (proporcionar el embalaje m\u00e1s adecuado para el cliente.)<\/div>\n<\/td>\n<\/tr>\n<\/tbody>\n<\/table>\n<p><strong><span data-spm-anchor-id=\"a2700.details.0.i23.67d966b1SKk1cx\">Por qu\u00e9 elegirnos:<\/span><\/strong><\/p>\n<p align=\"left\" data-spm-anchor-id=\"a2700.details.0.i22.67d966b1SKk1cx\">1. Calidad garantizada:<\/p>\n<p align=\"left\">Equipo de supervisi\u00f3n especial para controlar la calidad<\/p>\n<p align=\"left\">Todos los productos ser\u00e1n inspeccionados cuidadosamente antes de la entrega<\/p>\n<p align=\"left\">2. calidad y tiempo de acabado garantizado, Entregar la mercanc\u00eda ?acreditar a la negociaci\u00f3n o dentro de? d\u00edas despu\u00e9s de obtener su pago.<\/p>\n<p align=\"left\">3. Precio competitivo con alta calidad.<\/p>\n<p align=\"left\">4. Garant\u00eda de servicio post-venta: le aseguramos los mejores servicios en todo momento.<\/p>\n<p align=\"left\">5. OEM &amp; ODM disponible;?Grandes cantidades de las mismas especificaciones, est\u00e1ndares de calidad, el control de tiempo es nuestra fuerza.<\/p>\n<p align=\"left\">6. Env\u00edo favorable y profesional, env\u00edo mundial disponible.<\/p>\n<p align=\"left\">\n<p align=\"left\">Somos un proveedor digno de confianza y potencial, nuestra empresa tiene 12 a\u00f1os de historia, que ha desarrollado la marca BLEE, manejamos principalmente candado, selectores de monedas, aceptador de monedas con temporizador, aceptador de monedas para 6 tipos de monedas, interruptor de bot\u00f3n, microinterruptores, interruptores de puerta, fuente de alimentaci\u00f3n,<\/p>\n<p align=\"left\">joysticks, m\u00e1quinas de juego y otros productos.elija nosotros ser\u00e1 su mejor opci\u00f3n.<\/p>\n<\/div>\n<\/div>\n<\/div>\n<\/section>\n<div style=\"padding-bottom:10px;  \" class=\"av-special-heading av-special-heading-h3 blockquote modern-quote avia-builder-el-14 el_after_av_textblock el_before_av_hr \">\n<h3 class=\"av-special-heading-tag \" itemprop=\"headline\">V\u00eddeo<\/h3>\n<div class=\"special-heading-border\">\n<div class=\"special-heading-inner-border\"><\/div>\n<\/div>\n<\/div>\n<div style=\"  margin-top:; margin-bottom:;\" class=\"hr hr-custom hr-center hr-icon-no avia-builder-el-15 el_after_av_heading el_before_av_video \"><span class=\"hr-inner inner-border-av-border-thin\" style=\"  width:1550px;\"><span class=\"hr-inner-style\"><\/span><\/span><\/div>\n<div class=\"avia-video avia-video-16-9 av-lazyload-immediate av-lazyload-video-embed \" itemprop=\"video\" itemtype=\"https:\/\/schema.org\/VideoObject\" data-original_url=\"https:\/\/www.youtube.com\/watch?v=EDAAYGeHG5I\">\n<div class=\"avia-iframe-wrap\"><iframe title=\"T9\u04a1??\" width=\"1333\" height=\"1000\" frameborder=\"0\" allow=\"accelerometer; autoplay; clipboard-write; encrypted-media; gyroscope; picture-in-picture\" allowfullscreen=\"\" src=\"https:\/\/www.youtube.com\/embed\/EDAAYGeHG5I?feature=oembed&amp;autoplay=0&amp;loop=0&amp;controls=1&amp;mute=0\"><\/iframe><\/div>\n<p><\/script><\/p>\n<div class=\"av-click-to-play-overlay\">\n<div class=\"avia_playpause_icon\"><\/div>\n<\/div>\n<\/div>\n<div style='padding-bottom:10px; ' class='av-special-heading av-special-heading-h3 blockquote modern-quote avia-builder-el-17 el_after_av_video el_before_av_hr '>\n<h3 class='av-special-heading-tag ' itemprop=\"headline\">\n","protected":false},"excerpt":{"rendered":"<p>Disponemos de una gama de joysticks arcade, que son adecuados para diversos proyectos de m\u00e1quinas arcade, uso comercial y proyectos acad\u00e9micos.<\/p>\n","protected":false},"featured_media":7356,"template":"","meta":{"om_disable_all_campaigns":false,"_monsterinsights_skip_tracking":false,"_monsterinsights_sitenote_active":false,"_monsterinsights_sitenote_note":"","_monsterinsights_sitenote_category":0,"_uf_show_specific_survey":0,"_uf_disable_surveys":false},"product_cat":[311,312],"product_tag":[],"class_list":["post-6719","product","type-product","status-publish","has-post-thumbnail","hentry","product_cat-juegos-de-bricolaje","product_cat-kits-de-maquinas-tragaperras"],"yoast_head":"<!-- This site is optimized with the Yoast SEO Premium plugin v15.5 - https:\/\/yoast.com\/wordpress\/plugins\/seo\/ -->\n<title>Kits de juegos de casino Arcade - Bleegame<\/title>\n<meta name=\"robots\" content=\"index, follow, max-snippet:-1, max-image-preview:large, max-video-preview:-1\" \/>\n<link rel=\"canonical\" href=\"https:\/\/bleegame.com\/es\/producto\/arcade-casino-juego-kits\/\" \/>\n<meta property=\"og:locale\" content=\"es_ES\" \/>\n<meta property=\"og:type\" content=\"article\" \/>\n<meta property=\"og:title\" content=\"Kits de juegos de casino Arcade - Bleegame\" \/>\n<meta property=\"og:description\" content=\"Disponemos de una gama de joysticks arcade, que son adecuados para diversos proyectos de m\u00e1quinas arcade, uso comercial y proyectos acad\u00e9micos.\" \/>\n<meta property=\"og:url\" content=\"https:\/\/bleegame.com\/es\/producto\/arcade-casino-juego-kits\/\" \/>\n<meta property=\"og:site_name\" content=\"Bleegame\" \/>\n<meta name=\"twitter:card\" content=\"summary_large_image\" \/>\n<meta name=\"twitter:label1\" content=\"Tiempo de lectura\">\n\t<meta name=\"twitter:data1\" content=\"1 minuto\">\n<script type=\"application\/ld+json\" class=\"yoast-schema-graph\">{\"@context\":\"https:\/\/schema.org\",\"@graph\":[{\"@type\":\"WebSite\",\"@id\":\"https:\/\/bleegame.com\/es\/#website\",\"url\":\"https:\/\/bleegame.com\/es\/\",\"name\":\"Bleegame\",\"description\":\"One-stop Amusement Coin Operated Games  Machine procurement center\",\"potentialAction\":[{\"@type\":\"SearchAction\",\"target\":\"https:\/\/bleegame.com\/es\/?s={search_term_string}\",\"query-input\":\"required name=search_term_string\"}],\"inLanguage\":\"es\"},{\"@type\":\"ImageObject\",\"@id\":\"https:\/\/bleegame.com\/es\/producto\/arcade-casino-juego-kits\/#primaryimage\",\"inLanguage\":\"es\",\"url\":\"https:\/\/bleegame.com\/wp-content\/uploads\/2022\/07\/mario\\u7b2c\\u4e00\\u5c0f\\u739b\\u8389\\u677f-2.jpg\",\"width\":800,\"height\":800,\"caption\":\"slot game machine diy kit casino game board horse\"},{\"@type\":\"WebPage\",\"@id\":\"https:\/\/bleegame.com\/es\/producto\/arcade-casino-juego-kits\/#webpage\",\"url\":\"https:\/\/bleegame.com\/es\/producto\/arcade-casino-juego-kits\/\",\"name\":\"Kits de juegos de casino Arcade - Bleegame\",\"isPartOf\":{\"@id\":\"https:\/\/bleegame.com\/es\/#website\"},\"primaryImageOfPage\":{\"@id\":\"https:\/\/bleegame.com\/es\/producto\/arcade-casino-juego-kits\/#primaryimage\"},\"datePublished\":\"2022-07-26T02:06:51+00:00\",\"dateModified\":\"2022-07-26T02:06:51+00:00\",\"breadcrumb\":{\"@id\":\"https:\/\/bleegame.com\/es\/producto\/arcade-casino-juego-kits\/#breadcrumb\"},\"inLanguage\":\"es\",\"potentialAction\":[{\"@type\":\"ReadAction\",\"target\":[\"https:\/\/bleegame.com\/es\/producto\/arcade-casino-juego-kits\/\"]}]},{\"@type\":\"BreadcrumbList\",\"@id\":\"https:\/\/bleegame.com\/es\/producto\/arcade-casino-juego-kits\/#breadcrumb\",\"itemListElement\":[{\"@type\":\"ListItem\",\"position\":1,\"item\":{\"@type\":\"WebPage\",\"@id\":\"https:\/\/bleegame.com\/es\/producto\/\",\"url\":\"https:\/\/bleegame.com\/es\/producto\/\",\"name\":\"Producto\"}},{\"@type\":\"ListItem\",\"position\":2,\"item\":{\"@type\":\"WebPage\",\"@id\":\"https:\/\/bleegame.com\/es\/producto\/arcade-casino-juego-kits\/\",\"url\":\"https:\/\/bleegame.com\/es\/producto\/arcade-casino-juego-kits\/\",\"name\":\"Kits de juegos de casino Arcade\"}}]}]}<\/script>\n<!-- \/ Yoast SEO Premium plugin. -->","_links":{"self":[{"href":"https:\/\/bleegame.com\/es\/wp-json\/wp\/v2\/product\/6719","targetHints":{"allow":["GET"]}}],"collection":[{"href":"https:\/\/bleegame.com\/es\/wp-json\/wp\/v2\/product"}],"about":[{"href":"https:\/\/bleegame.com\/es\/wp-json\/wp\/v2\/types\/product"}],"version-history":[{"count":0,"href":"https:\/\/bleegame.com\/es\/wp-json\/wp\/v2\/product\/6719\/revisions"}],"wp:featuredmedia":[{"embeddable":true,"href":"https:\/\/bleegame.com\/es\/wp-json\/wp\/v2\/media\/7356"}],"wp:attachment":[{"href":"https:\/\/bleegame.com\/es\/wp-json\/wp\/v2\/media?parent=6719"}],"wp:term":[{"taxonomy":"product_cat","embeddable":true,"href":"https:\/\/bleegame.com\/es\/wp-json\/wp\/v2\/product_cat?post=6719"},{"taxonomy":"product_tag","embeddable":true,"href":"https:\/\/bleegame.com\/es\/wp-json\/wp\/v2\/product_tag?post=6719"}],"curies":[{"name":"wp","href":"https:\/\/api.w.org\/{rel}","templated":true}]}}