{"id":6720,"date":"2022-07-26T02:06:34","date_gmt":"2022-07-26T02:06:34","guid":{"rendered":"https:\/\/bleegame.com\/product\/fuente-de-alimentacion-led\/"},"modified":"2022-07-26T02:06:34","modified_gmt":"2022-07-26T02:06:34","slug":"fuente-de-alimentacion-led","status":"publish","type":"product","link":"https:\/\/bleegame.com\/es\/producto\/fuente-de-alimentacion-led\/","title":{"rendered":"Fuente de alimentaci\u00f3n LED"},"content":{"rendered":"<div class=\"special-heading-border\">\n<div class=\"special-heading-inner-border\"><\/div>\n<\/div>\n<div class=\"hr hr-custom hr-center hr-icon-no avia-builder-el-12 el_after_av_heading el_before_av_textblock \"><\/div>\n<section class=\"av_textblock_section \">\n<div class=\"avia_textblock \">\n<p><span data-spm-anchor-id=\"a2g0o.detail.1000023.i0.51001762izWgMz\">Caracter\u00edsticas del producto<\/span><\/p>\n<p>1. La carcasa de aluminio, utilizada en los campos de LED, puede utilizarse en otros campos.<\/p>\n<p>2. IP20 no resistente al agua, uso en interiores o instalado en una caja resistente a la lluvia.<\/p>\n<p>3. Dise\u00f1o de refrigeraci\u00f3n de malla ultrafina sin ventilador, sin ruido del ventilador.<\/p>\n<p>4. Prueba de rodaje a plena carga al 100%. Se puede utilizar de 0W a 250W, pero se aconseja de 125W a 200W.<\/p>\n<p>5. Protecciones: cortocircuito, sobrecarga, sobretensi\u00f3n, sobretemperatura.<\/p>\n<\/div>\n<\/section>\n<div class=\"av-special-heading av-special-heading-h3 blockquote modern-quote avia-builder-el-14 el_after_av_textblock el_before_av_hr \" style=\"padding-bottom: 10px;\">\n<h3 class=\"av-special-heading-tag \">V\u00eddeo<\/h3>\n<div class=\"special-heading-border\">\n<div class=\"special-heading-inner-border\"><\/div>\n<\/div>\n<\/div>\n<div class=\"hr hr-custom hr-center hr-icon-no avia-builder-el-15 el_after_av_heading el_before_av_video \"><\/div>\n<div class=\"avia-video avia-video-16-9 av-lazyload-immediate av-lazyload-video-embed \" data-original_url=\"https:\/\/youtu.be\/4mJXMqBzrRY\">\n<div class=\"avia-iframe-wrap\"><iframe title=\"LED 12V 15A 10M\" src=\"https:\/\/www.youtube.com\/embed\/4mJXMqBzrRY?feature=oembed&amp;autoplay=0&amp;loop=0&amp;controls=1&amp;mute=0\" width=\"1333\" height=\"1000\" frameborder=\"0\" allowfullscreen=\"allowfullscreen\"><\/iframe><\/div>\n<p>&nbsp;<\/p>\n<div class=\"av-click-to-play-overlay\">\n<div class=\"avia_playpause_icon\"><\/div>\n<\/div>\n<\/div>\n<div class=\"av-special-heading av-special-heading-h3 blockquote modern-quote avia-builder-el-17 el_after_av_video el_before_av_hr \" style=\"padding-bottom: 10px;\">\n<h3 class=\"av-special-heading-tag \"><\/h3>\n<\/div>\n","protected":false},"excerpt":{"rendered":"<p>BLEE se centra en la fabricaci\u00f3n de accesorios de juegos de arcade, fabricamos y vendemos todo tipo de accesorios de juegos de arcade de alta calidad, somos una empresa de marca que ha estado operando durante muchos a\u00f1os, teniendo una buena reputaci\u00f3n y un gran grupo de clientes. Si est\u00e1 interesado en el juego de arcade y necesita comprar accesorios para juegos de arcade, p\u00f3ngase en contacto con nosotros.<\/p>\n","protected":false},"featured_media":5333,"template":"","meta":{"om_disable_all_campaigns":false,"_monsterinsights_skip_tracking":false,"_monsterinsights_sitenote_active":false,"_monsterinsights_sitenote_note":"","_monsterinsights_sitenote_category":0,"_uf_show_specific_survey":0,"_uf_disable_surveys":false},"product_cat":[317],"product_tag":[],"class_list":["post-6720","product","type-product","status-publish","has-post-thumbnail","hentry","product_cat-fuente-de-alimentacion-es"],"yoast_head":"<!-- This site is optimized with the Yoast SEO Premium plugin v15.5 - https:\/\/yoast.com\/wordpress\/plugins\/seo\/ -->\n<title>Fuente de alimentaci\u00f3n LED - Bleegame<\/title>\n<meta name=\"robots\" content=\"index, follow, max-snippet:-1, max-image-preview:large, max-video-preview:-1\" \/>\n<link rel=\"canonical\" href=\"https:\/\/bleegame.com\/es\/producto\/fuente-de-alimentacion-led\/\" \/>\n<meta property=\"og:locale\" content=\"es_ES\" \/>\n<meta property=\"og:type\" content=\"article\" \/>\n<meta property=\"og:title\" content=\"Fuente de alimentaci\u00f3n LED - Bleegame\" \/>\n<meta property=\"og:description\" content=\"BLEE se centra en la fabricaci\u00f3n de accesorios de juegos de arcade, fabricamos y vendemos todo tipo de accesorios de juegos de arcade de alta calidad, somos una empresa de marca que ha estado operando durante muchos a\u00f1os, teniendo una buena reputaci\u00f3n y un gran grupo de clientes. Si est\u00e1 interesado en el juego de arcade y necesita comprar accesorios para juegos de arcade, p\u00f3ngase en contacto con nosotros.\" \/>\n<meta property=\"og:url\" content=\"https:\/\/bleegame.com\/es\/producto\/fuente-de-alimentacion-led\/\" \/>\n<meta property=\"og:site_name\" content=\"Bleegame\" \/>\n<meta name=\"twitter:card\" content=\"summary_large_image\" \/>\n<meta name=\"twitter:label1\" content=\"Tiempo de lectura\">\n\t<meta name=\"twitter:data1\" content=\"0 minutos\">\n<script type=\"application\/ld+json\" class=\"yoast-schema-graph\">{\"@context\":\"https:\/\/schema.org\",\"@graph\":[{\"@type\":\"WebSite\",\"@id\":\"https:\/\/bleegame.com\/es\/#website\",\"url\":\"https:\/\/bleegame.com\/es\/\",\"name\":\"Bleegame\",\"description\":\"One-stop Amusement Coin Operated Games  Machine procurement center\",\"potentialAction\":[{\"@type\":\"SearchAction\",\"target\":\"https:\/\/bleegame.com\/es\/?s={search_term_string}\",\"query-input\":\"required name=search_term_string\"}],\"inLanguage\":\"es\"},{\"@type\":\"ImageObject\",\"@id\":\"https:\/\/bleegame.com\/es\/producto\/fuente-de-alimentacion-led\/#primaryimage\",\"inLanguage\":\"es\",\"url\":\"https:\/\/bleegame.com\/wp-content\/uploads\/2022\/07\/05-3-1.jpg\",\"width\":800,\"height\":800},{\"@type\":\"WebPage\",\"@id\":\"https:\/\/bleegame.com\/es\/producto\/fuente-de-alimentacion-led\/#webpage\",\"url\":\"https:\/\/bleegame.com\/es\/producto\/fuente-de-alimentacion-led\/\",\"name\":\"Fuente de alimentaci\\u00f3n LED - Bleegame\",\"isPartOf\":{\"@id\":\"https:\/\/bleegame.com\/es\/#website\"},\"primaryImageOfPage\":{\"@id\":\"https:\/\/bleegame.com\/es\/producto\/fuente-de-alimentacion-led\/#primaryimage\"},\"datePublished\":\"2022-07-26T02:06:34+00:00\",\"dateModified\":\"2022-07-26T02:06:34+00:00\",\"breadcrumb\":{\"@id\":\"https:\/\/bleegame.com\/es\/producto\/fuente-de-alimentacion-led\/#breadcrumb\"},\"inLanguage\":\"es\",\"potentialAction\":[{\"@type\":\"ReadAction\",\"target\":[\"https:\/\/bleegame.com\/es\/producto\/fuente-de-alimentacion-led\/\"]}]},{\"@type\":\"BreadcrumbList\",\"@id\":\"https:\/\/bleegame.com\/es\/producto\/fuente-de-alimentacion-led\/#breadcrumb\",\"itemListElement\":[{\"@type\":\"ListItem\",\"position\":1,\"item\":{\"@type\":\"WebPage\",\"@id\":\"https:\/\/bleegame.com\/es\/producto\/\",\"url\":\"https:\/\/bleegame.com\/es\/producto\/\",\"name\":\"Producto\"}},{\"@type\":\"ListItem\",\"position\":2,\"item\":{\"@type\":\"WebPage\",\"@id\":\"https:\/\/bleegame.com\/es\/producto\/fuente-de-alimentacion-led\/\",\"url\":\"https:\/\/bleegame.com\/es\/producto\/fuente-de-alimentacion-led\/\",\"name\":\"Fuente de alimentaci\\u00f3n LED\"}}]}]}<\/script>\n<!-- \/ Yoast SEO Premium plugin. -->","_links":{"self":[{"href":"https:\/\/bleegame.com\/es\/wp-json\/wp\/v2\/product\/6720","targetHints":{"allow":["GET"]}}],"collection":[{"href":"https:\/\/bleegame.com\/es\/wp-json\/wp\/v2\/product"}],"about":[{"href":"https:\/\/bleegame.com\/es\/wp-json\/wp\/v2\/types\/product"}],"version-history":[{"count":0,"href":"https:\/\/bleegame.com\/es\/wp-json\/wp\/v2\/product\/6720\/revisions"}],"wp:featuredmedia":[{"embeddable":true,"href":"https:\/\/bleegame.com\/es\/wp-json\/wp\/v2\/media\/5333"}],"wp:attachment":[{"href":"https:\/\/bleegame.com\/es\/wp-json\/wp\/v2\/media?parent=6720"}],"wp:term":[{"taxonomy":"product_cat","embeddable":true,"href":"https:\/\/bleegame.com\/es\/wp-json\/wp\/v2\/product_cat?post=6720"},{"taxonomy":"product_tag","embeddable":true,"href":"https:\/\/bleegame.com\/es\/wp-json\/wp\/v2\/product_tag?post=6720"}],"curies":[{"name":"wp","href":"https:\/\/api.w.org\/{rel}","templated":true}]}}