{"id":6722,"date":"2022-07-26T02:06:45","date_gmt":"2022-07-26T02:06:45","guid":{"rendered":"https:\/\/bleegame.com\/product\/bola-translucida-sanwa-original-japan-arcade-joystick\/"},"modified":"2022-07-26T02:06:45","modified_gmt":"2022-07-26T02:06:45","slug":"translucent-ball-sanwa-original-japan-arcade-joystick-2","status":"publish","type":"product","link":"https:\/\/bleegame.com\/es\/producto\/translucent-ball-sanwa-original-japan-arcade-joystick-2\/","title":{"rendered":"Bola transl\u00facida Sanwa Original Japan Arcade Joystick"},"content":{"rendered":"<div class=\"special-heading-border\">\n<div class=\"special-heading-inner-border\"><\/div>\n<\/div>\n<div class=\"hr hr-custom hr-center hr-icon-no avia-builder-el-13 el_after_av_heading el_before_av_textblock \"><\/div>\n<section class=\"av_textblock_section \">\n<div class=\"avia_textblock \">\n<p>Caracter\u00edsticas:<br \/>\n*Joystick de alta calidad fabricado en Jap\u00f3n<br \/>\n*Color a elegir entre : Rojo, Blanco, Azul<br \/>\n*Adecuado para paneles de control de acero o pl\u00e1stico hasta un m\u00e1ximo de de 5mm de espesor<br \/>\n*Switchable Ball Top C \u00a1Cambia el color en cualquier momento f\u00e1cilmente!<br \/>\n*Se puede cambiar al funcionamiento de 4 u 8 v\u00edas<br \/>\n*El paquete incluye la cubierta antipolvo, la placa de montaje y el cable de conexi\u00f3n<br \/>\n*S\u00f3lido muelle y excelente retorno al centro<br \/>\n*Agilidad y precisi\u00f3n<br \/>\n*Construcci\u00f3n firme y duradera<br \/>\n*Ideal para reemplazar el joystick de las consolas arcade\/caseras para los juegos de estilo de lucha y cualquier juego que requiera un joystick.<\/p>\n<p>Formaci\u00f3n:<br \/>\nJoystick Arcade original 100% genuino de SANWA con la parte superior de la bola transparente transl\u00facida<br \/>\nViene con el eje transl\u00facido y la cubierta de polvo en el mismo color.<\/p>\n<p>El Joystick Sanwa es un joystick fabricado en Jap\u00f3n con una calidad superior, alta precisi\u00f3n y fiabilidad. Se utiliza en muchos armarios arcade de fabricaci\u00f3n japonesa creados por Sega, Namco, Taito, etc. Gracias al corto recorrido y a la ligera presi\u00f3n del muelle del joystick, los jugadores pueden realizar movimientos especiales m\u00e1s r\u00e1pidamente e introducir los comandos correctos en tiempos ajustados. La construcci\u00f3n firme y los materiales duraderos hacen que sea resistente con una larga vida \u00fatil. El joystick Sanwa est\u00e1 considerado como uno de los mejores joysticks entre los jugadores.<\/p>\n<p>El joystick Sanwa no s\u00f3lo es apto para ser sustituido en la mayor\u00eda de las m\u00e1quinas Arcade, sino que tambi\u00e9n es adecuado para los mandos de joystick de las consolas dom\u00e9sticas, como el joystick Mad Catz Street Fighter. Cada vez son m\u00e1s los usuarios dom\u00e9sticos que modifican sus mandos de joystick e instalan piezas de Sanwa para mejorar la experiencia de juego.<\/p>\n<\/div>\n<\/section>\n<div class=\"av-special-heading av-special-heading-h3 blockquote modern-quote avia-builder-el-15 el_after_av_textblock el_before_av_hr \" style=\"padding-bottom: 10px;\">\n<h3 class=\"av-special-heading-tag \">V\u00eddeo<\/h3>\n<div class=\"special-heading-border\">\n<div class=\"special-heading-inner-border\"><\/div>\n<\/div>\n<\/div>\n<div class=\"hr hr-custom hr-center hr-icon-no avia-builder-el-16 el_after_av_heading el_before_av_video \"><\/div>\n<div class=\"avia-video avia-video-16-9 av-lazyload-immediate av-lazyload-video-embed \" data-original_url=\"https:\/\/www.youtube.com\/watch?v=Z5RUIeZ3yoE\">\n<div class=\"avia-iframe-wrap\"><iframe title=\"Sanwa Original Japan Arcade Joystick Bola transl\u00facida\" src=\"https:\/\/www.youtube.com\/embed\/Z5RUIeZ3yoE?feature=oembed&amp;autoplay=0&amp;loop=0&amp;controls=1&amp;mute=0\" width=\"1500\" height=\"844\" frameborder=\"0\" allowfullscreen=\"allowfullscreen\"><\/iframe><\/div>\n<p>&nbsp;<\/p>\n<div class=\"av-click-to-play-overlay\">\n<div class=\"avia_playpause_icon\"><\/div>\n<\/div>\n<\/div>\n<div class=\"av-special-heading av-special-heading-h3 blockquote modern-quote avia-builder-el-18 el_after_av_video el_before_av_hr \" style=\"padding-bottom: 10px;\">\n<h3 class=\"av-special-heading-tag \"><\/h3>\n<\/div>\n","protected":false},"excerpt":{"rendered":"<p>Disponemos de una gama de joysticks arcade, que son adecuados para diversos proyectos de m\u00e1quinas arcade, uso comercial y proyectos acad\u00e9micos.<\/p>\n","protected":false},"featured_media":7382,"template":"","meta":{"om_disable_all_campaigns":false,"_monsterinsights_skip_tracking":false,"_monsterinsights_sitenote_active":false,"_monsterinsights_sitenote_note":"","_monsterinsights_sitenote_category":0,"_uf_show_specific_survey":0,"_uf_disable_surveys":false},"product_cat":[251,318],"product_tag":[],"class_list":["post-6722","product","type-product","status-publish","has-post-thumbnail","hentry","product_cat-joystick-arcade","product_cat-joysticks-sanwa"],"yoast_head":"<!-- This site is optimized with the Yoast SEO Premium plugin v15.5 - https:\/\/yoast.com\/wordpress\/plugins\/seo\/ -->\n<title>Bola transl\u00facida Sanwa Original Japan Arcade Joystick - Bleegame<\/title>\n<meta name=\"robots\" content=\"index, follow, max-snippet:-1, max-image-preview:large, max-video-preview:-1\" \/>\n<link rel=\"canonical\" href=\"https:\/\/bleegame.com\/es\/producto\/translucent-ball-sanwa-original-japan-arcade-joystick-2\/\" \/>\n<meta property=\"og:locale\" content=\"es_ES\" \/>\n<meta property=\"og:type\" content=\"article\" \/>\n<meta property=\"og:title\" content=\"Bola transl\u00facida Sanwa Original Japan Arcade Joystick - Bleegame\" \/>\n<meta property=\"og:description\" content=\"Disponemos de una gama de joysticks arcade, que son adecuados para diversos proyectos de m\u00e1quinas arcade, uso comercial y proyectos acad\u00e9micos.\" \/>\n<meta property=\"og:url\" content=\"https:\/\/bleegame.com\/es\/producto\/translucent-ball-sanwa-original-japan-arcade-joystick-2\/\" \/>\n<meta property=\"og:site_name\" content=\"Bleegame\" \/>\n<meta name=\"twitter:card\" content=\"summary_large_image\" \/>\n<meta name=\"twitter:label1\" content=\"Tiempo de lectura\">\n\t<meta name=\"twitter:data1\" content=\"1 minuto\">\n<script type=\"application\/ld+json\" class=\"yoast-schema-graph\">{\"@context\":\"https:\/\/schema.org\",\"@graph\":[{\"@type\":\"WebSite\",\"@id\":\"https:\/\/bleegame.com\/es\/#website\",\"url\":\"https:\/\/bleegame.com\/es\/\",\"name\":\"Bleegame\",\"description\":\"One-stop Amusement Coin Operated Games  Machine procurement center\",\"potentialAction\":[{\"@type\":\"SearchAction\",\"target\":\"https:\/\/bleegame.com\/es\/?s={search_term_string}\",\"query-input\":\"required name=search_term_string\"}],\"inLanguage\":\"es\"},{\"@type\":\"ImageObject\",\"@id\":\"https:\/\/bleegame.com\/es\/producto\/translucent-ball-sanwa-original-japan-arcade-joystick-2\/#primaryimage\",\"inLanguage\":\"es\",\"url\":\"https:\/\/bleegame.com\/wp-content\/uploads\/2022\/07\/02-18.jpg\",\"width\":800,\"height\":800,\"caption\":\"joystick arcade usb\"},{\"@type\":\"WebPage\",\"@id\":\"https:\/\/bleegame.com\/es\/producto\/translucent-ball-sanwa-original-japan-arcade-joystick-2\/#webpage\",\"url\":\"https:\/\/bleegame.com\/es\/producto\/translucent-ball-sanwa-original-japan-arcade-joystick-2\/\",\"name\":\"Bola transl\\u00facida Sanwa Original Japan Arcade Joystick - Bleegame\",\"isPartOf\":{\"@id\":\"https:\/\/bleegame.com\/es\/#website\"},\"primaryImageOfPage\":{\"@id\":\"https:\/\/bleegame.com\/es\/producto\/translucent-ball-sanwa-original-japan-arcade-joystick-2\/#primaryimage\"},\"datePublished\":\"2022-07-26T02:06:45+00:00\",\"dateModified\":\"2022-07-26T02:06:45+00:00\",\"breadcrumb\":{\"@id\":\"https:\/\/bleegame.com\/es\/producto\/translucent-ball-sanwa-original-japan-arcade-joystick-2\/#breadcrumb\"},\"inLanguage\":\"es\",\"potentialAction\":[{\"@type\":\"ReadAction\",\"target\":[\"https:\/\/bleegame.com\/es\/producto\/translucent-ball-sanwa-original-japan-arcade-joystick-2\/\"]}]},{\"@type\":\"BreadcrumbList\",\"@id\":\"https:\/\/bleegame.com\/es\/producto\/translucent-ball-sanwa-original-japan-arcade-joystick-2\/#breadcrumb\",\"itemListElement\":[{\"@type\":\"ListItem\",\"position\":1,\"item\":{\"@type\":\"WebPage\",\"@id\":\"https:\/\/bleegame.com\/es\/producto\/\",\"url\":\"https:\/\/bleegame.com\/es\/producto\/\",\"name\":\"Producto\"}},{\"@type\":\"ListItem\",\"position\":2,\"item\":{\"@type\":\"WebPage\",\"@id\":\"https:\/\/bleegame.com\/es\/producto\/translucent-ball-sanwa-original-japan-arcade-joystick-2\/\",\"url\":\"https:\/\/bleegame.com\/es\/producto\/translucent-ball-sanwa-original-japan-arcade-joystick-2\/\",\"name\":\"Bola transl\\u00facida Sanwa Original Japan Arcade Joystick\"}}]}]}<\/script>\n<!-- \/ Yoast SEO Premium plugin. -->","_links":{"self":[{"href":"https:\/\/bleegame.com\/es\/wp-json\/wp\/v2\/product\/6722","targetHints":{"allow":["GET"]}}],"collection":[{"href":"https:\/\/bleegame.com\/es\/wp-json\/wp\/v2\/product"}],"about":[{"href":"https:\/\/bleegame.com\/es\/wp-json\/wp\/v2\/types\/product"}],"version-history":[{"count":0,"href":"https:\/\/bleegame.com\/es\/wp-json\/wp\/v2\/product\/6722\/revisions"}],"wp:featuredmedia":[{"embeddable":true,"href":"https:\/\/bleegame.com\/es\/wp-json\/wp\/v2\/media\/7382"}],"wp:attachment":[{"href":"https:\/\/bleegame.com\/es\/wp-json\/wp\/v2\/media?parent=6722"}],"wp:term":[{"taxonomy":"product_cat","embeddable":true,"href":"https:\/\/bleegame.com\/es\/wp-json\/wp\/v2\/product_cat?post=6722"},{"taxonomy":"product_tag","embeddable":true,"href":"https:\/\/bleegame.com\/es\/wp-json\/wp\/v2\/product_tag?post=6722"}],"curies":[{"name":"wp","href":"https:\/\/api.w.org\/{rel}","templated":true}]}}