{"id":6727,"date":"2022-07-26T02:06:43","date_gmt":"2022-07-26T02:06:43","guid":{"rendered":"https:\/\/bleegame.com\/product\/fuente-de-alimentacion-conmutada-arcade-de-6a-24v\/"},"modified":"2022-07-26T02:06:43","modified_gmt":"2022-07-26T02:06:43","slug":"fuente-de-alimentacion-de-conmutacion-6a-24v-arcade","status":"publish","type":"product","link":"https:\/\/bleegame.com\/es\/producto\/fuente-de-alimentacion-de-conmutacion-6a-24v-arcade\/","title":{"rendered":"Fuente de alimentaci\u00f3n conmutada Arcade de 6A\/+24V"},"content":{"rendered":"<div class=\"special-heading-border\">\n<div class=\"special-heading-inner-border\"><\/div>\n<\/div>\n<div class=\"hr hr-custom hr-center hr-icon-no avia-builder-el-12 el_after_av_heading el_before_av_textblock \"><\/div>\n<section class=\"av_textblock_section \">\n<div class=\"avia_textblock \">\n<table width=\"456\">\n<tbody>\n<tr>\n<td width=\"222\">Rango de tensi\u00f3n de entrada de CA<\/td>\n<td width=\"234\">85 130VAC 175V 260VAC<\/td>\n<\/tr>\n<tr>\n<td>Frecuencia de entrada<\/td>\n<td>4 7 63Hz<\/td>\n<\/tr>\n<tr>\n<td>Corriente de irrupci\u00f3n<\/td>\n<td>arranque en fr\u00edo, 15A\/115V. 30A\/230V<\/td>\n<\/tr>\n<tr>\n<td>Corriente de fuga de entrada<\/td>\n<td>0,5mA\/ 230VAC<\/td>\n<\/tr>\n<tr>\n<td>Regulaci\u00f3n de la l\u00ednea<\/td>\n<td>0.5<\/td>\n<\/tr>\n<tr>\n<td>Rango de ajuste de la tensi\u00f3n de salida<\/td>\n<td>10<\/td>\n<\/tr>\n<tr>\n<td>Protecci\u00f3n contra sobrecargas de salida<\/td>\n<td>110 150<\/td>\n<\/tr>\n<tr>\n<td>Protecci\u00f3n contra sobretensi\u00f3n de salida<\/td>\n<td>115 150<\/td>\n<\/tr>\n<tr>\n<td>Tensi\u00f3n soportada<\/td>\n<td>I\/P-O\/P: 3,0KVAC\/1min<\/td>\n<\/tr>\n<tr>\n<td><\/td>\n<td>I\/P-F\/G: 1,5KVAC\/1min<\/td>\n<\/tr>\n<tr>\n<td><\/td>\n<td>O\/P-F\/G: 0,5KVAC\/1min<\/td>\n<\/tr>\n<tr>\n<td>Tiempo de subida<\/td>\n<td>50ms@ carga completa (t\u00edpico)<\/td>\n<\/tr>\n<tr>\n<td>Tiempo de espera<\/td>\n<td>20ms@ carga completa (t\u00edpico)<\/td>\n<\/tr>\n<tr>\n<td>Tama\u00f1o<\/td>\n<td>150W L185 W50 H128(mm)<\/td>\n<\/tr>\n<\/tbody>\n<\/table>\n<p>Caracter\u00edstica:<\/p>\n<p>1.Prometemos que viene con -5V, de alta calidad y duradero<br \/>\n2.Entrada AC : AC 110V &#8211; 220V, Salida DC: +5V\/16A, +12V\/4A, -5V\/1A<br \/>\nFuente de alimentaci\u00f3n de 3.110 W.<br \/>\n4.LED indicador de encendido y filtro EMI incorporado<br \/>\n5.Nos comprometemos a ofrecer productos de alta calidad y el mejor servicio&amp;Sustituci\u00f3n gratuita incondicional o devoluci\u00f3n del dinero<\/p>\n<\/div>\n<\/section>\n<div class=\"av-special-heading av-special-heading-h3 blockquote modern-quote avia-builder-el-14 el_after_av_textblock el_before_av_hr \" style=\"padding-bottom: 10px;\">\n<h3 class=\"av-special-heading-tag \">V\u00eddeo<\/h3>\n<div class=\"special-heading-border\">\n<div class=\"special-heading-inner-border\"><\/div>\n<\/div>\n<\/div>\n<div class=\"hr hr-custom hr-center hr-icon-no avia-builder-el-15 el_after_av_heading el_before_av_video \"><\/div>\n<div class=\"avia-video avia-video-16-9 av-lazyload-immediate av-lazyload-video-embed \" data-original_url=\"https:\/\/youtu.be\/6Ryg7PKIWDg\">\n<div class=\"avia-iframe-wrap\"><iframe title=\"Fuente de alimentaci\u00f3n conmutada Arcade de 6A\/+24V\" src=\"https:\/\/www.youtube.com\/embed\/6Ryg7PKIWDg?feature=oembed&amp;autoplay=0&amp;loop=0&amp;controls=1&amp;mute=0\" width=\"1333\" height=\"1000\" frameborder=\"0\" allowfullscreen=\"allowfullscreen\"><\/iframe><\/div>\n<p>&nbsp;<\/p>\n<div class=\"av-click-to-play-overlay\">\n<div class=\"avia_playpause_icon\"><\/div>\n<\/div>\n<\/div>\n<div class=\"av-special-heading av-special-heading-h3 blockquote modern-quote avia-builder-el-17 el_after_av_video el_before_av_hr \" style=\"padding-bottom: 10px;\">\n<h3 class=\"av-special-heading-tag \"><\/h3>\n<\/div>\n","protected":false},"excerpt":{"rendered":"<p>BLEE se centra en la fabricaci\u00f3n de accesorios de juegos de arcade, fabricamos y vendemos todo tipo de accesorios de juegos de arcade de alta calidad, somos una empresa de marca que ha estado operando durante muchos a\u00f1os, teniendo una buena reputaci\u00f3n y un gran grupo de clientes. Si est\u00e1 interesado en el juego de arcade y necesita comprar accesorios para juegos de arcade, p\u00f3ngase en contacto con nosotros.<\/p>\n","protected":false},"featured_media":5429,"template":"","meta":{"om_disable_all_campaigns":false,"_monsterinsights_skip_tracking":false,"_monsterinsights_sitenote_active":false,"_monsterinsights_sitenote_note":"","_monsterinsights_sitenote_category":0,"_uf_show_specific_survey":0,"_uf_disable_surveys":false},"product_cat":[317],"product_tag":[],"class_list":["post-6727","product","type-product","status-publish","has-post-thumbnail","hentry","product_cat-fuente-de-alimentacion-es"],"yoast_head":"<!-- This site is optimized with the Yoast SEO Premium plugin v15.5 - https:\/\/yoast.com\/wordpress\/plugins\/seo\/ -->\n<title>Fuente de alimentaci\u00f3n conmutada Arcade de 6A\/+24V - Bleegame<\/title>\n<meta name=\"robots\" content=\"index, follow, max-snippet:-1, max-image-preview:large, max-video-preview:-1\" \/>\n<link rel=\"canonical\" href=\"https:\/\/bleegame.com\/es\/producto\/fuente-de-alimentacion-de-conmutacion-6a-24v-arcade\/\" \/>\n<meta property=\"og:locale\" content=\"es_ES\" \/>\n<meta property=\"og:type\" content=\"article\" \/>\n<meta property=\"og:title\" content=\"Fuente de alimentaci\u00f3n conmutada Arcade de 6A\/+24V - Bleegame\" \/>\n<meta property=\"og:description\" content=\"BLEE se centra en la fabricaci\u00f3n de accesorios de juegos de arcade, fabricamos y vendemos todo tipo de accesorios de juegos de arcade de alta calidad, somos una empresa de marca que ha estado operando durante muchos a\u00f1os, teniendo una buena reputaci\u00f3n y un gran grupo de clientes. Si est\u00e1 interesado en el juego de arcade y necesita comprar accesorios para juegos de arcade, p\u00f3ngase en contacto con nosotros.\" \/>\n<meta property=\"og:url\" content=\"https:\/\/bleegame.com\/es\/producto\/fuente-de-alimentacion-de-conmutacion-6a-24v-arcade\/\" \/>\n<meta property=\"og:site_name\" content=\"Bleegame\" \/>\n<meta name=\"twitter:card\" content=\"summary_large_image\" \/>\n<meta name=\"twitter:label1\" content=\"Tiempo de lectura\">\n\t<meta name=\"twitter:data1\" content=\"1 minuto\">\n<script type=\"application\/ld+json\" class=\"yoast-schema-graph\">{\"@context\":\"https:\/\/schema.org\",\"@graph\":[{\"@type\":\"WebSite\",\"@id\":\"https:\/\/bleegame.com\/es\/#website\",\"url\":\"https:\/\/bleegame.com\/es\/\",\"name\":\"Bleegame\",\"description\":\"One-stop Amusement Coin Operated Games  Machine procurement center\",\"potentialAction\":[{\"@type\":\"SearchAction\",\"target\":\"https:\/\/bleegame.com\/es\/?s={search_term_string}\",\"query-input\":\"required name=search_term_string\"}],\"inLanguage\":\"es\"},{\"@type\":\"ImageObject\",\"@id\":\"https:\/\/bleegame.com\/es\/producto\/fuente-de-alimentacion-de-conmutacion-6a-24v-arcade\/#primaryimage\",\"inLanguage\":\"es\",\"url\":\"https:\/\/bleegame.com\/wp-content\/uploads\/2022\/07\/logo-4.jpg\",\"width\":800,\"height\":800},{\"@type\":\"WebPage\",\"@id\":\"https:\/\/bleegame.com\/es\/producto\/fuente-de-alimentacion-de-conmutacion-6a-24v-arcade\/#webpage\",\"url\":\"https:\/\/bleegame.com\/es\/producto\/fuente-de-alimentacion-de-conmutacion-6a-24v-arcade\/\",\"name\":\"Fuente de alimentaci\\u00f3n conmutada Arcade de 6A\/+24V - Bleegame\",\"isPartOf\":{\"@id\":\"https:\/\/bleegame.com\/es\/#website\"},\"primaryImageOfPage\":{\"@id\":\"https:\/\/bleegame.com\/es\/producto\/fuente-de-alimentacion-de-conmutacion-6a-24v-arcade\/#primaryimage\"},\"datePublished\":\"2022-07-26T02:06:43+00:00\",\"dateModified\":\"2022-07-26T02:06:43+00:00\",\"breadcrumb\":{\"@id\":\"https:\/\/bleegame.com\/es\/producto\/fuente-de-alimentacion-de-conmutacion-6a-24v-arcade\/#breadcrumb\"},\"inLanguage\":\"es\",\"potentialAction\":[{\"@type\":\"ReadAction\",\"target\":[\"https:\/\/bleegame.com\/es\/producto\/fuente-de-alimentacion-de-conmutacion-6a-24v-arcade\/\"]}]},{\"@type\":\"BreadcrumbList\",\"@id\":\"https:\/\/bleegame.com\/es\/producto\/fuente-de-alimentacion-de-conmutacion-6a-24v-arcade\/#breadcrumb\",\"itemListElement\":[{\"@type\":\"ListItem\",\"position\":1,\"item\":{\"@type\":\"WebPage\",\"@id\":\"https:\/\/bleegame.com\/es\/producto\/\",\"url\":\"https:\/\/bleegame.com\/es\/producto\/\",\"name\":\"Producto\"}},{\"@type\":\"ListItem\",\"position\":2,\"item\":{\"@type\":\"WebPage\",\"@id\":\"https:\/\/bleegame.com\/es\/producto\/fuente-de-alimentacion-de-conmutacion-6a-24v-arcade\/\",\"url\":\"https:\/\/bleegame.com\/es\/producto\/fuente-de-alimentacion-de-conmutacion-6a-24v-arcade\/\",\"name\":\"Fuente de alimentaci\\u00f3n conmutada Arcade de 6A\/+24V\"}}]}]}<\/script>\n<!-- \/ Yoast SEO Premium plugin. -->","_links":{"self":[{"href":"https:\/\/bleegame.com\/es\/wp-json\/wp\/v2\/product\/6727","targetHints":{"allow":["GET"]}}],"collection":[{"href":"https:\/\/bleegame.com\/es\/wp-json\/wp\/v2\/product"}],"about":[{"href":"https:\/\/bleegame.com\/es\/wp-json\/wp\/v2\/types\/product"}],"version-history":[{"count":0,"href":"https:\/\/bleegame.com\/es\/wp-json\/wp\/v2\/product\/6727\/revisions"}],"wp:featuredmedia":[{"embeddable":true,"href":"https:\/\/bleegame.com\/es\/wp-json\/wp\/v2\/media\/5429"}],"wp:attachment":[{"href":"https:\/\/bleegame.com\/es\/wp-json\/wp\/v2\/media?parent=6727"}],"wp:term":[{"taxonomy":"product_cat","embeddable":true,"href":"https:\/\/bleegame.com\/es\/wp-json\/wp\/v2\/product_cat?post=6727"},{"taxonomy":"product_tag","embeddable":true,"href":"https:\/\/bleegame.com\/es\/wp-json\/wp\/v2\/product_tag?post=6727"}],"curies":[{"name":"wp","href":"https:\/\/api.w.org\/{rel}","templated":true}]}}