{"id":6728,"date":"2022-07-26T02:06:53","date_gmt":"2022-07-26T02:06:53","guid":{"rendered":"https:\/\/bleegame.com\/product\/altavoz-de-4-pulgadas-8-ohmios-5w-para-maquina-arcade\/"},"modified":"2022-07-26T02:06:53","modified_gmt":"2022-07-26T02:06:53","slug":"altavoz-de-4-pulgadas-y-8-ohmios-de-5-w-para-maquinas-de-arcade","status":"publish","type":"product","link":"https:\/\/bleegame.com\/es\/producto\/altavoz-de-4-pulgadas-y-8-ohmios-de-5-w-para-maquinas-de-arcade\/","title":{"rendered":"Altavoz de 4 pulgadas 8 ohmios 5W para m\u00e1quina Arcade"},"content":{"rendered":"<div class=\"special-heading-border\">\n<div class=\"special-heading-inner-border\"><\/div>\n<\/div>\n<section class=\"av_textblock_section \">\n<div class=\"avia_textblock \">\n<p>Sobre este art\u00edculo.<br \/>\nAltavoces redondos est\u00e1ndar de 8 ohmios y 4\u2033 que se encuentran en muchos gabinetes de videojuegos (incluidos los gabinetes Jamma Board y MAME)&#8230;<br \/>\nTama\u00f1o del altavoz &#8211; 4 pulgadas (101,6 mm).<br \/>\nImpedancia &#8211; 8 Ohm.<br \/>\nMax. Potencia nominal &#8211; 5,0 vatios.<br \/>\nTama\u00f1o del terminal de conexi\u00f3n &#8211; .187\u2033.<\/p>\n<p>Altavoces redondos est\u00e1ndar de 8 ohmios y 4\u2033 que se encuentran en muchos videojuegos<br \/>\ngabinetes (incluyendo gabinetes Jamma Board y MAME).<br \/>\nTama\u00f1o del altavoz &#8211; 4 pulgadas (101,6 mm)<br \/>\nImpedancia &#8211; 8 Ohm<br \/>\nTama\u00f1o del terminal de conexi\u00f3n &#8211; .187\u2033.<\/p>\n<\/div>\n<\/section>\n<div class=\"av-special-heading av-special-heading-h3 blockquote modern-quote avia-builder-el-14 el_after_av_textblock el_before_av_hr \" style=\"padding-bottom: 10px;\">\n<h3 class=\"av-special-heading-tag \"><\/h3>\n<\/div>\n","protected":false},"excerpt":{"rendered":"<p>BLEE se centra en la fabricaci\u00f3n de accesorios de juegos de arcade, fabricamos y vendemos todo tipo de accesorios de juegos de arcade de alta calidad, somos una empresa de marca que ha estado operando durante muchos a\u00f1os, teniendo una buena reputaci\u00f3n y un gran grupo de clientes. Si est\u00e1 interesado en el juego de arcade y necesita comprar accesorios para juegos de arcade, p\u00f3ngase en contacto con nosotros.<\/p>\n","protected":false},"featured_media":5498,"template":"","meta":{"om_disable_all_campaigns":false,"_monsterinsights_skip_tracking":false,"_monsterinsights_sitenote_active":false,"_monsterinsights_sitenote_note":"","_monsterinsights_sitenote_category":0,"_uf_show_specific_survey":0,"_uf_disable_surveys":false},"product_cat":[307],"product_tag":[],"class_list":["post-6728","product","type-product","status-publish","has-post-thumbnail","hentry","product_cat-altavoz"],"yoast_head":"<!-- This site is optimized with the Yoast SEO Premium plugin v15.5 - https:\/\/yoast.com\/wordpress\/plugins\/seo\/ -->\n<title>Altavoz de 4 pulgadas 8 ohmios 5W para m\u00e1quina Arcade - Bleegame<\/title>\n<meta name=\"robots\" content=\"index, follow, max-snippet:-1, max-image-preview:large, max-video-preview:-1\" \/>\n<link rel=\"canonical\" href=\"https:\/\/bleegame.com\/es\/producto\/altavoz-de-4-pulgadas-y-8-ohmios-de-5-w-para-maquinas-de-arcade\/\" \/>\n<meta property=\"og:locale\" content=\"es_ES\" \/>\n<meta property=\"og:type\" content=\"article\" \/>\n<meta property=\"og:title\" content=\"Altavoz de 4 pulgadas 8 ohmios 5W para m\u00e1quina Arcade - Bleegame\" \/>\n<meta property=\"og:description\" content=\"BLEE se centra en la fabricaci\u00f3n de accesorios de juegos de arcade, fabricamos y vendemos todo tipo de accesorios de juegos de arcade de alta calidad, somos una empresa de marca que ha estado operando durante muchos a\u00f1os, teniendo una buena reputaci\u00f3n y un gran grupo de clientes. Si est\u00e1 interesado en el juego de arcade y necesita comprar accesorios para juegos de arcade, p\u00f3ngase en contacto con nosotros.\" \/>\n<meta property=\"og:url\" content=\"https:\/\/bleegame.com\/es\/producto\/altavoz-de-4-pulgadas-y-8-ohmios-de-5-w-para-maquinas-de-arcade\/\" \/>\n<meta property=\"og:site_name\" content=\"Bleegame\" \/>\n<meta name=\"twitter:card\" content=\"summary_large_image\" \/>\n<meta name=\"twitter:label1\" content=\"Tiempo de lectura\">\n\t<meta name=\"twitter:data1\" content=\"0 minutos\">\n<script type=\"application\/ld+json\" class=\"yoast-schema-graph\">{\"@context\":\"https:\/\/schema.org\",\"@graph\":[{\"@type\":\"WebSite\",\"@id\":\"https:\/\/bleegame.com\/es\/#website\",\"url\":\"https:\/\/bleegame.com\/es\/\",\"name\":\"Bleegame\",\"description\":\"One-stop Amusement Coin Operated Games  Machine procurement center\",\"potentialAction\":[{\"@type\":\"SearchAction\",\"target\":\"https:\/\/bleegame.com\/es\/?s={search_term_string}\",\"query-input\":\"required name=search_term_string\"}],\"inLanguage\":\"es\"},{\"@type\":\"ImageObject\",\"@id\":\"https:\/\/bleegame.com\/es\/producto\/altavoz-de-4-pulgadas-y-8-ohmios-de-5-w-para-maquinas-de-arcade\/#primaryimage\",\"inLanguage\":\"es\",\"url\":\"https:\/\/bleegame.com\/wp-content\/uploads\/2022\/07\/1-66-1.jpg\",\"width\":800,\"height\":800},{\"@type\":\"WebPage\",\"@id\":\"https:\/\/bleegame.com\/es\/producto\/altavoz-de-4-pulgadas-y-8-ohmios-de-5-w-para-maquinas-de-arcade\/#webpage\",\"url\":\"https:\/\/bleegame.com\/es\/producto\/altavoz-de-4-pulgadas-y-8-ohmios-de-5-w-para-maquinas-de-arcade\/\",\"name\":\"Altavoz de 4 pulgadas 8 ohmios 5W para m\\u00e1quina Arcade - Bleegame\",\"isPartOf\":{\"@id\":\"https:\/\/bleegame.com\/es\/#website\"},\"primaryImageOfPage\":{\"@id\":\"https:\/\/bleegame.com\/es\/producto\/altavoz-de-4-pulgadas-y-8-ohmios-de-5-w-para-maquinas-de-arcade\/#primaryimage\"},\"datePublished\":\"2022-07-26T02:06:53+00:00\",\"dateModified\":\"2022-07-26T02:06:53+00:00\",\"breadcrumb\":{\"@id\":\"https:\/\/bleegame.com\/es\/producto\/altavoz-de-4-pulgadas-y-8-ohmios-de-5-w-para-maquinas-de-arcade\/#breadcrumb\"},\"inLanguage\":\"es\",\"potentialAction\":[{\"@type\":\"ReadAction\",\"target\":[\"https:\/\/bleegame.com\/es\/producto\/altavoz-de-4-pulgadas-y-8-ohmios-de-5-w-para-maquinas-de-arcade\/\"]}]},{\"@type\":\"BreadcrumbList\",\"@id\":\"https:\/\/bleegame.com\/es\/producto\/altavoz-de-4-pulgadas-y-8-ohmios-de-5-w-para-maquinas-de-arcade\/#breadcrumb\",\"itemListElement\":[{\"@type\":\"ListItem\",\"position\":1,\"item\":{\"@type\":\"WebPage\",\"@id\":\"https:\/\/bleegame.com\/es\/producto\/\",\"url\":\"https:\/\/bleegame.com\/es\/producto\/\",\"name\":\"Producto\"}},{\"@type\":\"ListItem\",\"position\":2,\"item\":{\"@type\":\"WebPage\",\"@id\":\"https:\/\/bleegame.com\/es\/producto\/altavoz-de-4-pulgadas-y-8-ohmios-de-5-w-para-maquinas-de-arcade\/\",\"url\":\"https:\/\/bleegame.com\/es\/producto\/altavoz-de-4-pulgadas-y-8-ohmios-de-5-w-para-maquinas-de-arcade\/\",\"name\":\"Altavoz de 4 pulgadas 8 ohmios 5W para m\\u00e1quina Arcade\"}}]}]}<\/script>\n<!-- \/ Yoast SEO Premium plugin. -->","_links":{"self":[{"href":"https:\/\/bleegame.com\/es\/wp-json\/wp\/v2\/product\/6728","targetHints":{"allow":["GET"]}}],"collection":[{"href":"https:\/\/bleegame.com\/es\/wp-json\/wp\/v2\/product"}],"about":[{"href":"https:\/\/bleegame.com\/es\/wp-json\/wp\/v2\/types\/product"}],"version-history":[{"count":0,"href":"https:\/\/bleegame.com\/es\/wp-json\/wp\/v2\/product\/6728\/revisions"}],"wp:featuredmedia":[{"embeddable":true,"href":"https:\/\/bleegame.com\/es\/wp-json\/wp\/v2\/media\/5498"}],"wp:attachment":[{"href":"https:\/\/bleegame.com\/es\/wp-json\/wp\/v2\/media?parent=6728"}],"wp:term":[{"taxonomy":"product_cat","embeddable":true,"href":"https:\/\/bleegame.com\/es\/wp-json\/wp\/v2\/product_cat?post=6728"},{"taxonomy":"product_tag","embeddable":true,"href":"https:\/\/bleegame.com\/es\/wp-json\/wp\/v2\/product_tag?post=6728"}],"curies":[{"name":"wp","href":"https:\/\/api.w.org\/{rel}","templated":true}]}}