{"id":6745,"date":"2022-07-26T02:06:34","date_gmt":"2022-07-26T02:06:34","guid":{"rendered":"https:\/\/bleegame.com\/product\/fuente-de-alimentacion-conmutada-para-ordenadores\/"},"modified":"2022-07-26T02:06:34","modified_gmt":"2022-07-26T02:06:34","slug":"fuente-de-alimentacion-para-ordenadores","status":"publish","type":"product","link":"https:\/\/bleegame.com\/es\/producto\/fuente-de-alimentacion-para-ordenadores\/","title":{"rendered":"Fuente de alimentaci\u00f3n conmutada para ordenadores"},"content":{"rendered":"<div class=\"special-heading-border\">\n<div class=\"special-heading-inner-border\"><\/div>\n<\/div>\n<div class=\"hr hr-custom hr-center hr-icon-no avia-builder-el-12 el_after_av_heading el_before_av_textblock \"><\/div>\n<section class=\"av_textblock_section \">\n<div class=\"avia_textblock \">\n<p>Especificaciones:<br \/>\nMaterial: carcasa de aleaci\u00f3n de aluminio + cable de cobre<br \/>\nColor: Negro<br \/>\nTama\u00f1o del producto: 15x14x8.5cm\/5.9\u2033x5.5\u2033x3.3\u2033<br \/>\nDi\u00e1metro del abanico: 12cm\/4.7\u2033.<br \/>\nLongitud del cable: Aproximadamente 140 cm\/55,1\u2033.<br \/>\nL\u00ednea de salida de energ\u00eda: Alrededor de 50cm\/19.7\u2033<br \/>\nTipo de PFC: PFC activo<br \/>\nFuente de alimentaci\u00f3n est\u00e1ndar: ATX 12V V2.3<br \/>\nTensi\u00f3n de entrada: 110V-230V<br \/>\nTensi\u00f3n de salida: 12V 220A<br \/>\nPotencia nominal de salida: 650W<br \/>\nEficiencia: 80%.<\/p>\n<p>Caracter\u00edsticas:<br \/>\n&#8211; Cumple con ATX 12V V2.3<br \/>\n&#8211; Control autom\u00e1tico de la velocidad del ventilador mediante el sensor t\u00e9rmico de la fuente de alimentaci\u00f3n<br \/>\n&#8211; Conector 20+4PIN para M\/B<br \/>\n&#8211; Conector ATAT para disco duro<br \/>\n&#8211; La fuente de alimentaci\u00f3n PFC activa tiene las ventajas de una alta fiabilidad<br \/>\n&#8211; Hasta un 85% de tasa de conversi\u00f3n, m\u00e1s energ\u00e9tica y ecol\u00f3gica<br \/>\n&#8211; Preparado para SLi y compatible con intel y AMD Dual y Multi core<br \/>\n&#8211; S\u00faper silencioso con control inteligente del ventilador thecohnology<br \/>\n&#8211; 100% Hi-pot y burn in probado<br \/>\n&#8211; La salida no var\u00eda con las fluctuaciones de la tensi\u00f3n de entrada, por lo que se puede obtener un alto grado de estabilidad de la tensi\u00f3n de salida para la protecci\u00f3n del ordenador<\/p>\n<\/div>\n<\/section>\n<div class=\"av-special-heading av-special-heading-h3 blockquote modern-quote avia-builder-el-14 el_after_av_textblock el_before_av_hr \" style=\"padding-bottom: 10px;\">\n<h3 class=\"av-special-heading-tag \">V\u00eddeo<\/h3>\n<div class=\"special-heading-border\">\n<div class=\"special-heading-inner-border\"><\/div>\n<\/div>\n<\/div>\n<div class=\"hr hr-custom hr-center hr-icon-no avia-builder-el-15 el_after_av_heading el_before_av_video \"><\/div>\n<div class=\"avia-video avia-video-16-9 av-lazyload-immediate av-lazyload-video-embed \" data-original_url=\"https:\/\/youtu.be\/PXDWKqTAPS8\">\n<div class=\"avia-iframe-wrap\"><iframe title=\"???????\u0535?\u0534MD AT300??P4??10M??\" src=\"https:\/\/www.youtube.com\/embed\/PXDWKqTAPS8?feature=oembed&amp;autoplay=0&amp;loop=0&amp;controls=1&amp;mute=0\" width=\"1333\" height=\"1000\" frameborder=\"0\" allowfullscreen=\"allowfullscreen\"><\/iframe><\/div>\n<p>&nbsp;<\/p>\n<div class=\"av-click-to-play-overlay\">\n<div class=\"avia_playpause_icon\"><\/div>\n<\/div>\n<\/div>\n<div class=\"av-special-heading av-special-heading-h3 blockquote modern-quote avia-builder-el-17 el_after_av_video el_before_av_hr \" style=\"padding-bottom: 10px;\">\n<h3 class=\"av-special-heading-tag \"><\/h3>\n<\/div>\n","protected":false},"excerpt":{"rendered":"<p>BLEE se centra en la fabricaci\u00f3n de accesorios de juegos de arcade, fabricamos y vendemos todo tipo de accesorios de juegos de arcade de alta calidad, somos una empresa de marca que ha estado operando durante muchos a\u00f1os, teniendo una buena reputaci\u00f3n y un gran grupo de clientes. Si est\u00e1 interesado en el juego de arcade y necesita comprar accesorios para juegos de arcade, p\u00f3ngase en contacto con nosotros.<\/p>\n","protected":false},"featured_media":5283,"template":"","meta":{"om_disable_all_campaigns":false,"_monsterinsights_skip_tracking":false,"_monsterinsights_sitenote_active":false,"_monsterinsights_sitenote_note":"","_monsterinsights_sitenote_category":0,"_uf_show_specific_survey":0,"_uf_disable_surveys":false},"product_cat":[317],"product_tag":[],"class_list":["post-6745","product","type-product","status-publish","has-post-thumbnail","hentry","product_cat-fuente-de-alimentacion-es"],"yoast_head":"<!-- This site is optimized with the Yoast SEO Premium plugin v15.5 - https:\/\/yoast.com\/wordpress\/plugins\/seo\/ -->\n<title>Fuente de alimentaci\u00f3n conmutada para ordenadores - Bleegame<\/title>\n<meta name=\"robots\" content=\"index, follow, max-snippet:-1, max-image-preview:large, max-video-preview:-1\" \/>\n<link rel=\"canonical\" href=\"https:\/\/bleegame.com\/es\/producto\/fuente-de-alimentacion-para-ordenadores\/\" \/>\n<meta property=\"og:locale\" content=\"es_ES\" \/>\n<meta property=\"og:type\" content=\"article\" \/>\n<meta property=\"og:title\" content=\"Fuente de alimentaci\u00f3n conmutada para ordenadores - Bleegame\" \/>\n<meta property=\"og:description\" content=\"BLEE se centra en la fabricaci\u00f3n de accesorios de juegos de arcade, fabricamos y vendemos todo tipo de accesorios de juegos de arcade de alta calidad, somos una empresa de marca que ha estado operando durante muchos a\u00f1os, teniendo una buena reputaci\u00f3n y un gran grupo de clientes. Si est\u00e1 interesado en el juego de arcade y necesita comprar accesorios para juegos de arcade, p\u00f3ngase en contacto con nosotros.\" \/>\n<meta property=\"og:url\" content=\"https:\/\/bleegame.com\/es\/producto\/fuente-de-alimentacion-para-ordenadores\/\" \/>\n<meta property=\"og:site_name\" content=\"Bleegame\" \/>\n<meta name=\"twitter:card\" content=\"summary_large_image\" \/>\n<meta name=\"twitter:label1\" content=\"Tiempo de lectura\">\n\t<meta name=\"twitter:data1\" content=\"1 minuto\">\n<script type=\"application\/ld+json\" class=\"yoast-schema-graph\">{\"@context\":\"https:\/\/schema.org\",\"@graph\":[{\"@type\":\"WebSite\",\"@id\":\"https:\/\/bleegame.com\/es\/#website\",\"url\":\"https:\/\/bleegame.com\/es\/\",\"name\":\"Bleegame\",\"description\":\"One-stop Amusement Coin Operated Games  Machine procurement center\",\"potentialAction\":[{\"@type\":\"SearchAction\",\"target\":\"https:\/\/bleegame.com\/es\/?s={search_term_string}\",\"query-input\":\"required name=search_term_string\"}],\"inLanguage\":\"es\"},{\"@type\":\"ImageObject\",\"@id\":\"https:\/\/bleegame.com\/es\/producto\/fuente-de-alimentacion-para-ordenadores\/#primaryimage\",\"inLanguage\":\"es\",\"url\":\"https:\/\/bleegame.com\/wp-content\/uploads\/2022\/07\/03-3-1.jpg\",\"width\":800,\"height\":800},{\"@type\":\"WebPage\",\"@id\":\"https:\/\/bleegame.com\/es\/producto\/fuente-de-alimentacion-para-ordenadores\/#webpage\",\"url\":\"https:\/\/bleegame.com\/es\/producto\/fuente-de-alimentacion-para-ordenadores\/\",\"name\":\"Fuente de alimentaci\\u00f3n conmutada para ordenadores - Bleegame\",\"isPartOf\":{\"@id\":\"https:\/\/bleegame.com\/es\/#website\"},\"primaryImageOfPage\":{\"@id\":\"https:\/\/bleegame.com\/es\/producto\/fuente-de-alimentacion-para-ordenadores\/#primaryimage\"},\"datePublished\":\"2022-07-26T02:06:34+00:00\",\"dateModified\":\"2022-07-26T02:06:34+00:00\",\"breadcrumb\":{\"@id\":\"https:\/\/bleegame.com\/es\/producto\/fuente-de-alimentacion-para-ordenadores\/#breadcrumb\"},\"inLanguage\":\"es\",\"potentialAction\":[{\"@type\":\"ReadAction\",\"target\":[\"https:\/\/bleegame.com\/es\/producto\/fuente-de-alimentacion-para-ordenadores\/\"]}]},{\"@type\":\"BreadcrumbList\",\"@id\":\"https:\/\/bleegame.com\/es\/producto\/fuente-de-alimentacion-para-ordenadores\/#breadcrumb\",\"itemListElement\":[{\"@type\":\"ListItem\",\"position\":1,\"item\":{\"@type\":\"WebPage\",\"@id\":\"https:\/\/bleegame.com\/es\/producto\/\",\"url\":\"https:\/\/bleegame.com\/es\/producto\/\",\"name\":\"Producto\"}},{\"@type\":\"ListItem\",\"position\":2,\"item\":{\"@type\":\"WebPage\",\"@id\":\"https:\/\/bleegame.com\/es\/producto\/fuente-de-alimentacion-para-ordenadores\/\",\"url\":\"https:\/\/bleegame.com\/es\/producto\/fuente-de-alimentacion-para-ordenadores\/\",\"name\":\"Fuente de alimentaci\\u00f3n conmutada para ordenadores\"}}]}]}<\/script>\n<!-- \/ Yoast SEO Premium plugin. -->","_links":{"self":[{"href":"https:\/\/bleegame.com\/es\/wp-json\/wp\/v2\/product\/6745","targetHints":{"allow":["GET"]}}],"collection":[{"href":"https:\/\/bleegame.com\/es\/wp-json\/wp\/v2\/product"}],"about":[{"href":"https:\/\/bleegame.com\/es\/wp-json\/wp\/v2\/types\/product"}],"version-history":[{"count":0,"href":"https:\/\/bleegame.com\/es\/wp-json\/wp\/v2\/product\/6745\/revisions"}],"wp:featuredmedia":[{"embeddable":true,"href":"https:\/\/bleegame.com\/es\/wp-json\/wp\/v2\/media\/5283"}],"wp:attachment":[{"href":"https:\/\/bleegame.com\/es\/wp-json\/wp\/v2\/media?parent=6745"}],"wp:term":[{"taxonomy":"product_cat","embeddable":true,"href":"https:\/\/bleegame.com\/es\/wp-json\/wp\/v2\/product_cat?post=6745"},{"taxonomy":"product_tag","embeddable":true,"href":"https:\/\/bleegame.com\/es\/wp-json\/wp\/v2\/product_tag?post=6745"}],"curies":[{"name":"wp","href":"https:\/\/api.w.org\/{rel}","templated":true}]}}