{"id":6747,"date":"2022-07-26T02:06:37","date_gmt":"2022-07-26T02:06:37","guid":{"rendered":"https:\/\/bleegame.com\/product\/interruptor-de-la-fuente-de-alimentacion-de-arcade\/"},"modified":"2022-07-26T02:06:37","modified_gmt":"2022-07-26T02:06:37","slug":"interruptor-de-alimentacion-arcade","status":"publish","type":"product","link":"https:\/\/bleegame.com\/es\/producto\/interruptor-de-alimentacion-arcade\/","title":{"rendered":"Interruptor de la fuente de alimentaci\u00f3n de Arcade"},"content":{"rendered":"<div class=\"special-heading-border\">\n<div class=\"special-heading-inner-border\"><\/div>\n<\/div>\n<div class=\"hr hr-custom hr-center hr-icon-no avia-builder-el-12 el_after_av_heading el_before_av_textblock \"><\/div>\n<section class=\"av_textblock_section \">\n<div class=\"avia_textblock \">\n<p>*Entrada: AC 110\/220V 15%; Salida: DC 12V \/15A , Doble voltaje de entrada: AC 110V\/220V. Hay un interruptor, elija el voltaje adecuado antes de usarlo. Por favor, ponga el interruptor en 110V para EE.UU.<br \/>\n*Ampliamente utilizado en la automatizaci\u00f3n industrial, pantalla LED, CCTV, radio, proyecto de ordenador, luces de tira LED, impresora 3D, etc.<br \/>\n*La protecci\u00f3n contra cortocircuitos, la protecci\u00f3n contra sobrecargas y la protecci\u00f3n contra sobretensiones garantizan la seguridad del uso de esta fuente de alimentaci\u00f3n<br \/>\n*El cuerpo cerrado de metal es bueno para la disipaci\u00f3n del calor, lo que puede prolongar la vida \u00fatil de la fuente de alimentaci\u00f3n.<br \/>\n*Prometemos ofrecer productos de alta calidad y el mejor servicio, por favor cont\u00e1ctenos si tiene alg\u00fan problema.<\/p>\n<\/div>\n<\/section>\n<div class=\"av-special-heading av-special-heading-h3 blockquote modern-quote avia-builder-el-14 el_after_av_textblock el_before_av_hr \" style=\"padding-bottom: 10px;\">\n<h3 class=\"av-special-heading-tag \"><\/h3>\n<\/div>\n","protected":false},"excerpt":{"rendered":"<p>BLEE se centra en la fabricaci\u00f3n de accesorios de juegos de arcade, fabricamos y vendemos todo tipo de accesorios de juegos de arcade de alta calidad, somos una empresa de marca que ha estado operando durante muchos a\u00f1os, teniendo una buena reputaci\u00f3n y un gran grupo de clientes. Si est\u00e1 interesado en el juego de arcade y necesita comprar accesorios para juegos de arcade, p\u00f3ngase en contacto con nosotros.<\/p>\n","protected":false},"featured_media":5425,"template":"","meta":{"om_disable_all_campaigns":false,"_monsterinsights_skip_tracking":false,"_monsterinsights_sitenote_active":false,"_monsterinsights_sitenote_note":"","_monsterinsights_sitenote_category":0,"_uf_show_specific_survey":0,"_uf_disable_surveys":false},"product_cat":[317],"product_tag":[],"class_list":["post-6747","product","type-product","status-publish","has-post-thumbnail","hentry","product_cat-fuente-de-alimentacion-es"],"yoast_head":"<!-- This site is optimized with the Yoast SEO Premium plugin v15.5 - https:\/\/yoast.com\/wordpress\/plugins\/seo\/ -->\n<title>Interruptor de la fuente de alimentaci\u00f3n de Arcade - Bleegame<\/title>\n<meta name=\"robots\" content=\"index, follow, max-snippet:-1, max-image-preview:large, max-video-preview:-1\" \/>\n<link rel=\"canonical\" href=\"https:\/\/bleegame.com\/es\/producto\/interruptor-de-alimentacion-arcade\/\" \/>\n<meta property=\"og:locale\" content=\"es_ES\" \/>\n<meta property=\"og:type\" content=\"article\" \/>\n<meta property=\"og:title\" content=\"Interruptor de la fuente de alimentaci\u00f3n de Arcade - Bleegame\" \/>\n<meta property=\"og:description\" content=\"BLEE se centra en la fabricaci\u00f3n de accesorios de juegos de arcade, fabricamos y vendemos todo tipo de accesorios de juegos de arcade de alta calidad, somos una empresa de marca que ha estado operando durante muchos a\u00f1os, teniendo una buena reputaci\u00f3n y un gran grupo de clientes. Si est\u00e1 interesado en el juego de arcade y necesita comprar accesorios para juegos de arcade, p\u00f3ngase en contacto con nosotros.\" \/>\n<meta property=\"og:url\" content=\"https:\/\/bleegame.com\/es\/producto\/interruptor-de-alimentacion-arcade\/\" \/>\n<meta property=\"og:site_name\" content=\"Bleegame\" \/>\n<meta name=\"twitter:card\" content=\"summary_large_image\" \/>\n<meta name=\"twitter:label1\" content=\"Tiempo de lectura\">\n\t<meta name=\"twitter:data1\" content=\"1 minuto\">\n<script type=\"application\/ld+json\" class=\"yoast-schema-graph\">{\"@context\":\"https:\/\/schema.org\",\"@graph\":[{\"@type\":\"WebSite\",\"@id\":\"https:\/\/bleegame.com\/es\/#website\",\"url\":\"https:\/\/bleegame.com\/es\/\",\"name\":\"Bleegame\",\"description\":\"One-stop Amusement Coin Operated Games  Machine procurement center\",\"potentialAction\":[{\"@type\":\"SearchAction\",\"target\":\"https:\/\/bleegame.com\/es\/?s={search_term_string}\",\"query-input\":\"required name=search_term_string\"}],\"inLanguage\":\"es\"},{\"@type\":\"ImageObject\",\"@id\":\"https:\/\/bleegame.com\/es\/producto\/interruptor-de-alimentacion-arcade\/#primaryimage\",\"inLanguage\":\"es\",\"url\":\"https:\/\/bleegame.com\/wp-content\/uploads\/2022\/07\/2-21-1.jpg\",\"width\":800,\"height\":800},{\"@type\":\"WebPage\",\"@id\":\"https:\/\/bleegame.com\/es\/producto\/interruptor-de-alimentacion-arcade\/#webpage\",\"url\":\"https:\/\/bleegame.com\/es\/producto\/interruptor-de-alimentacion-arcade\/\",\"name\":\"Interruptor de la fuente de alimentaci\\u00f3n de Arcade - Bleegame\",\"isPartOf\":{\"@id\":\"https:\/\/bleegame.com\/es\/#website\"},\"primaryImageOfPage\":{\"@id\":\"https:\/\/bleegame.com\/es\/producto\/interruptor-de-alimentacion-arcade\/#primaryimage\"},\"datePublished\":\"2022-07-26T02:06:37+00:00\",\"dateModified\":\"2022-07-26T02:06:37+00:00\",\"breadcrumb\":{\"@id\":\"https:\/\/bleegame.com\/es\/producto\/interruptor-de-alimentacion-arcade\/#breadcrumb\"},\"inLanguage\":\"es\",\"potentialAction\":[{\"@type\":\"ReadAction\",\"target\":[\"https:\/\/bleegame.com\/es\/producto\/interruptor-de-alimentacion-arcade\/\"]}]},{\"@type\":\"BreadcrumbList\",\"@id\":\"https:\/\/bleegame.com\/es\/producto\/interruptor-de-alimentacion-arcade\/#breadcrumb\",\"itemListElement\":[{\"@type\":\"ListItem\",\"position\":1,\"item\":{\"@type\":\"WebPage\",\"@id\":\"https:\/\/bleegame.com\/es\/producto\/\",\"url\":\"https:\/\/bleegame.com\/es\/producto\/\",\"name\":\"Producto\"}},{\"@type\":\"ListItem\",\"position\":2,\"item\":{\"@type\":\"WebPage\",\"@id\":\"https:\/\/bleegame.com\/es\/producto\/interruptor-de-alimentacion-arcade\/\",\"url\":\"https:\/\/bleegame.com\/es\/producto\/interruptor-de-alimentacion-arcade\/\",\"name\":\"Interruptor de la fuente de alimentaci\\u00f3n de Arcade\"}}]}]}<\/script>\n<!-- \/ Yoast SEO Premium plugin. -->","_links":{"self":[{"href":"https:\/\/bleegame.com\/es\/wp-json\/wp\/v2\/product\/6747","targetHints":{"allow":["GET"]}}],"collection":[{"href":"https:\/\/bleegame.com\/es\/wp-json\/wp\/v2\/product"}],"about":[{"href":"https:\/\/bleegame.com\/es\/wp-json\/wp\/v2\/types\/product"}],"version-history":[{"count":0,"href":"https:\/\/bleegame.com\/es\/wp-json\/wp\/v2\/product\/6747\/revisions"}],"wp:featuredmedia":[{"embeddable":true,"href":"https:\/\/bleegame.com\/es\/wp-json\/wp\/v2\/media\/5425"}],"wp:attachment":[{"href":"https:\/\/bleegame.com\/es\/wp-json\/wp\/v2\/media?parent=6747"}],"wp:term":[{"taxonomy":"product_cat","embeddable":true,"href":"https:\/\/bleegame.com\/es\/wp-json\/wp\/v2\/product_cat?post=6747"},{"taxonomy":"product_tag","embeddable":true,"href":"https:\/\/bleegame.com\/es\/wp-json\/wp\/v2\/product_tag?post=6747"}],"curies":[{"name":"wp","href":"https:\/\/api.w.org\/{rel}","templated":true}]}}