{"id":6749,"date":"2022-07-26T02:06:44","date_gmt":"2022-07-26T02:06:44","guid":{"rendered":"https:\/\/bleegame.com\/product\/boton-arcade-original-sanwa-de-24mm-estilo-snap-in\/"},"modified":"2022-07-26T02:06:44","modified_gmt":"2022-07-26T02:06:44","slug":"original-sanwa-24mm-snap-in-style-arcade-button-2","status":"publish","type":"product","link":"https:\/\/bleegame.com\/es\/producto\/original-sanwa-24mm-snap-in-style-arcade-button-2\/","title":{"rendered":"Bot\u00f3n arcade original sanwa de 24mm estilo snap-in"},"content":{"rendered":"<div class=\"special-heading-border\">\n<div class=\"special-heading-inner-border\"><\/div>\n<\/div>\n<\/div>\n<div style=\"  margin-top:; margin-bottom:;\" class=\"hr hr-custom hr-center hr-icon-no avia-builder-el-13 el_after_av_heading el_before_av_textblock \"><span class=\"hr-inner inner-border-av-border-thin\" style=\"  width:1550px;\"><span class=\"hr-inner-style\"><\/span><\/span><\/div>\n<section class=\"av_textblock_section \" itemscope=\"itemscope\" itemtype=\"https:\/\/schema.org\/CreativeWork\">\n<div class=\"avia_textblock \" itemprop=\"text\">\n<p>El bot\u00f3n arcade de 24mm de estilo snap-in y cuenta con un microinterruptor incorporado con terminales de 2,8mm. Estos botones de arcade de alta calidad se importan directamente de Sanwa Denshi Co en Jap\u00f3n. Este pulsador es ideal para el montaje en paneles de control met\u00e1licos, con un grosor de aprox. 2 &#8211; 4mm. Cada bot\u00f3n tiene una pinza de pl\u00e1stico a cada lado que se bloquea cuando se monta en un panel de control o en un palo de combate.<\/p>\n<p><strong>Caracter\u00edsticas del producto:<\/strong><br \/>\u00a1Microinterruptores incluidos en el interior del Bot\u00f3n!<br \/>\u00a1botones de calidad arcade!<br \/>se adapta a la mayor\u00eda de los joysticks Hori y MadCatz<br \/>Fiabilidad del microinterruptor probada hasta 10.000.000 de ciclos<\/p>\n<p><strong>Modelo compatible:<\/strong><br \/>Raspberry Pi 1\/2\/3 Retropie Arcade DIY Projects ,MAME DIY Projects ,USB MAME Cabinet Arcade DIY Projects , Mini Arcade Machines, Family Professional Classic Video Game Console , Fighting Stick Super Street Fighter Joystick , Mini Table Top Arcade Machine &amp; PC Controller Computer Game etc.<\/p>\n<p><strong>Informaci\u00f3n sobre el cableado:<\/strong><br \/>Este bot\u00f3n requiere cables engarzados de 2,8 mm para su conexi\u00f3n.<br \/>1 hilo para la conexi\u00f3n a tierra (CO) y 1 hilo para la conexi\u00f3n de se\u00f1al (NO)<\/p>\n<\/div>\n<\/section>\n<div style=\"padding-bottom:10px;  \" class=\"av-special-heading av-special-heading-h3 blockquote modern-quote avia-builder-el-15 el_after_av_textblock el_before_av_hr \">\n<h3 class=\"av-special-heading-tag \" itemprop=\"headline\">V\u00eddeo<\/h3>\n<div class=\"special-heading-border\">\n<div class=\"special-heading-inner-border\"><\/div>\n<\/div>\n<\/div>\n<div style=\"  margin-top:; margin-bottom:;\" class=\"hr hr-custom hr-center hr-icon-no avia-builder-el-16 el_after_av_heading el_before_av_video \"><span class=\"hr-inner inner-border-av-border-thin\" style=\"  width:1550px;\"><span class=\"hr-inner-style\"><\/span><\/span><\/div>\n<div class=\"avia-video avia-video-16-9 av-lazyload-immediate av-lazyload-video-embed \" itemprop=\"video\" itemtype=\"https:\/\/schema.org\/VideoObject\" data-original_url=\"https:\/\/www.youtube.com\/watch?v=MZWEgzdrJiw\">\n<div class=\"avia-iframe-wrap\"><iframe title=\"\u052d\u05f024???\u0330?\u0165\" width=\"1333\" height=\"1000\" frameborder=\"0\" allow=\"accelerometer; autoplay; clipboard-write; encrypted-media; gyroscope; picture-in-picture\" allowfullscreen=\"\" src=\"https:\/\/www.youtube.com\/embed\/MZWEgzdrJiw?feature=oembed&amp;autoplay=0&amp;loop=0&amp;controls=1&amp;mute=0\"><\/iframe><\/div>\n<p><\/script><\/p>\n<div class=\"av-click-to-play-overlay\">\n<div class=\"avia_playpause_icon\"><\/div>\n<\/div>\n<\/div>\n<div style='padding-bottom:10px; ' class='av-special-heading av-special-heading-h3 blockquote modern-quote avia-builder-el-18 el_after_av_video el_before_av_hr '>\n<h3 class='av-special-heading-tag ' itemprop=\"headline\">\n","protected":false},"excerpt":{"rendered":"<p>Disponemos de una gama de botones de arcade, que son adecuados para diversos proyectos de m\u00e1quinas de arcade, uso comercial y proyectos acad\u00e9micos.<\/p>\n","protected":false},"featured_media":5466,"template":"","meta":{"om_disable_all_campaigns":false,"_monsterinsights_skip_tracking":false,"_monsterinsights_sitenote_active":false,"_monsterinsights_sitenote_note":"","_monsterinsights_sitenote_category":0,"_uf_show_specific_survey":0,"_uf_disable_surveys":false},"product_cat":[269,319],"product_tag":[],"class_list":["post-6749","product","type-product","status-publish","has-post-thumbnail","hentry","product_cat-botones-arcade","product_cat-botones-de-la-marca-sanwa"],"yoast_head":"<!-- This site is optimized with the Yoast SEO Premium plugin v15.5 - https:\/\/yoast.com\/wordpress\/plugins\/seo\/ -->\n<title>Bot\u00f3n arcade original sanwa de 24mm estilo snap-in - Bleegame<\/title>\n<meta name=\"robots\" content=\"index, follow, max-snippet:-1, max-image-preview:large, max-video-preview:-1\" \/>\n<link rel=\"canonical\" href=\"https:\/\/bleegame.com\/es\/producto\/original-sanwa-24mm-snap-in-style-arcade-button-2\/\" \/>\n<meta property=\"og:locale\" content=\"es_ES\" \/>\n<meta property=\"og:type\" content=\"article\" \/>\n<meta property=\"og:title\" content=\"Bot\u00f3n arcade original sanwa de 24mm estilo snap-in - Bleegame\" \/>\n<meta property=\"og:description\" content=\"Disponemos de una gama de botones de arcade, que son adecuados para diversos proyectos de m\u00e1quinas de arcade, uso comercial y proyectos acad\u00e9micos.\" \/>\n<meta property=\"og:url\" content=\"https:\/\/bleegame.com\/es\/producto\/original-sanwa-24mm-snap-in-style-arcade-button-2\/\" \/>\n<meta property=\"og:site_name\" content=\"Bleegame\" \/>\n<meta name=\"twitter:card\" content=\"summary_large_image\" \/>\n<meta name=\"twitter:label1\" content=\"Tiempo de lectura\">\n\t<meta name=\"twitter:data1\" content=\"1 minuto\">\n<script type=\"application\/ld+json\" class=\"yoast-schema-graph\">{\"@context\":\"https:\/\/schema.org\",\"@graph\":[{\"@type\":\"WebSite\",\"@id\":\"https:\/\/bleegame.com\/es\/#website\",\"url\":\"https:\/\/bleegame.com\/es\/\",\"name\":\"Bleegame\",\"description\":\"One-stop Amusement Coin Operated Games  Machine procurement center\",\"potentialAction\":[{\"@type\":\"SearchAction\",\"target\":\"https:\/\/bleegame.com\/es\/?s={search_term_string}\",\"query-input\":\"required name=search_term_string\"}],\"inLanguage\":\"es\"},{\"@type\":\"ImageObject\",\"@id\":\"https:\/\/bleegame.com\/es\/producto\/original-sanwa-24mm-snap-in-style-arcade-button-2\/#primaryimage\",\"inLanguage\":\"es\",\"url\":\"https:\/\/bleegame.com\/wp-content\/uploads\/2022\/07\/27-4-2.jpg\",\"width\":800,\"height\":800},{\"@type\":\"WebPage\",\"@id\":\"https:\/\/bleegame.com\/es\/producto\/original-sanwa-24mm-snap-in-style-arcade-button-2\/#webpage\",\"url\":\"https:\/\/bleegame.com\/es\/producto\/original-sanwa-24mm-snap-in-style-arcade-button-2\/\",\"name\":\"Bot\\u00f3n arcade original sanwa de 24mm estilo snap-in - Bleegame\",\"isPartOf\":{\"@id\":\"https:\/\/bleegame.com\/es\/#website\"},\"primaryImageOfPage\":{\"@id\":\"https:\/\/bleegame.com\/es\/producto\/original-sanwa-24mm-snap-in-style-arcade-button-2\/#primaryimage\"},\"datePublished\":\"2022-07-26T02:06:44+00:00\",\"dateModified\":\"2022-07-26T02:06:44+00:00\",\"breadcrumb\":{\"@id\":\"https:\/\/bleegame.com\/es\/producto\/original-sanwa-24mm-snap-in-style-arcade-button-2\/#breadcrumb\"},\"inLanguage\":\"es\",\"potentialAction\":[{\"@type\":\"ReadAction\",\"target\":[\"https:\/\/bleegame.com\/es\/producto\/original-sanwa-24mm-snap-in-style-arcade-button-2\/\"]}]},{\"@type\":\"BreadcrumbList\",\"@id\":\"https:\/\/bleegame.com\/es\/producto\/original-sanwa-24mm-snap-in-style-arcade-button-2\/#breadcrumb\",\"itemListElement\":[{\"@type\":\"ListItem\",\"position\":1,\"item\":{\"@type\":\"WebPage\",\"@id\":\"https:\/\/bleegame.com\/es\/producto\/\",\"url\":\"https:\/\/bleegame.com\/es\/producto\/\",\"name\":\"Producto\"}},{\"@type\":\"ListItem\",\"position\":2,\"item\":{\"@type\":\"WebPage\",\"@id\":\"https:\/\/bleegame.com\/es\/producto\/original-sanwa-24mm-snap-in-style-arcade-button-2\/\",\"url\":\"https:\/\/bleegame.com\/es\/producto\/original-sanwa-24mm-snap-in-style-arcade-button-2\/\",\"name\":\"Bot\\u00f3n arcade original sanwa de 24mm estilo snap-in\"}}]}]}<\/script>\n<!-- \/ Yoast SEO Premium plugin. -->","_links":{"self":[{"href":"https:\/\/bleegame.com\/es\/wp-json\/wp\/v2\/product\/6749","targetHints":{"allow":["GET"]}}],"collection":[{"href":"https:\/\/bleegame.com\/es\/wp-json\/wp\/v2\/product"}],"about":[{"href":"https:\/\/bleegame.com\/es\/wp-json\/wp\/v2\/types\/product"}],"version-history":[{"count":0,"href":"https:\/\/bleegame.com\/es\/wp-json\/wp\/v2\/product\/6749\/revisions"}],"wp:featuredmedia":[{"embeddable":true,"href":"https:\/\/bleegame.com\/es\/wp-json\/wp\/v2\/media\/5466"}],"wp:attachment":[{"href":"https:\/\/bleegame.com\/es\/wp-json\/wp\/v2\/media?parent=6749"}],"wp:term":[{"taxonomy":"product_cat","embeddable":true,"href":"https:\/\/bleegame.com\/es\/wp-json\/wp\/v2\/product_cat?post=6749"},{"taxonomy":"product_tag","embeddable":true,"href":"https:\/\/bleegame.com\/es\/wp-json\/wp\/v2\/product_tag?post=6749"}],"curies":[{"name":"wp","href":"https:\/\/api.w.org\/{rel}","templated":true}]}}