{"id":6753,"date":"2022-07-26T02:06:43","date_gmt":"2022-07-26T02:06:43","guid":{"rendered":"https:\/\/bleegame.com\/product\/pulsador-arcade-de-30-mm-con-micro-switch\/"},"modified":"2022-07-26T02:06:43","modified_gmt":"2022-07-26T02:06:43","slug":"boton-de-arcada-de-30-mm-con-microinterruptor","status":"publish","type":"product","link":"https:\/\/bleegame.com\/es\/producto\/boton-de-arcada-de-30-mm-con-microinterruptor\/","title":{"rendered":"Pulsador arcade de 30 mm con Micro Switch"},"content":{"rendered":"<div class=\"special-heading-border\">\n<div class=\"special-heading-inner-border\"><\/div>\n<\/div>\n<\/div>\n<div style=\"  margin-top:; margin-bottom:;\" class=\"hr hr-custom hr-center hr-icon-no avia-builder-el-13 el_after_av_heading el_before_av_textblock \"><span class=\"hr-inner inner-border-av-border-thin\" style=\"  width:1550px;\"><span class=\"hr-inner-style\"><\/span><\/span><\/div>\n<section class=\"av_textblock_section \" itemscope=\"itemscope\" itemtype=\"https:\/\/schema.org\/CreativeWork\">\n<div class=\"avia_textblock \" itemprop=\"text\">\n<ul class=\"a-unordered-list a-vertical a-spacing-mini\">\n<li><span class=\"a-list-item\">\u00a1Microinterruptores incluidos en el interior del Bot\u00f3n!<\/span><\/li>\n<li><span class=\"a-list-item\">\u00a1botones de calidad arcade!<\/span><\/li>\n<li><span class=\"a-list-item\">se adapta a la mayor\u00eda de los joysticks Hori y MadCatz<\/span><\/li>\n<li><span class=\"a-list-item\">Reemplazo perfecto para el pulsador Sanwa OBSF-30,OBSC-30,OBSN-30<\/span><\/li>\n<li><span class=\"a-list-item\">Fiabilidad del microinterruptor probada hasta 10.000.000 de ciclos<\/span><\/li>\n<\/ul>\n<p>Tambi\u00e9n puede utilizar estos botones para reemplazar todos los pulsadores SANWA 30MM.<\/p>\n<p>Producci\u00f3n de materias primas de alta calidad;<br \/>El m\u00e9todo de instalaci\u00f3n es el dise\u00f1o empotrado, no se necesita ning\u00fan anillo de bloqueo.<br \/>Cuando se pulsa el bot\u00f3n, se oye un sonido de tic-tac;<br \/>La vida \u00fatil del trasteador incorporado puede alcanzar los 5 millones de veces;<br \/>Disponible en rojo, amarillo, azul, verde, negro y blanco<br \/>Modelo compatible:<\/p>\n<p>MAME y Fight Stick, etc.<\/p>\n<p>Estado:Nuevo<\/p>\n<p>Modelo compatible: Raspberry Pi 1\/2\/3 Retropie Arcade DIY Projects ,MAME DIY Projects, USB MAME Cabinet Arcade DIY Projects , Mini Arcade Machines, Family Professional Classic Video Game Console , Fighting Stick Super Street Fighter Joystick , Mini Table Top Arcade Machine &amp; PC Controller Computer Game etc.<\/p>\n<\/div>\n<\/section>\n<div style=\"padding-bottom:10px;  \" class=\"av-special-heading av-special-heading-h3 blockquote modern-quote avia-builder-el-15 el_after_av_textblock el_before_av_hr \">\n<h3 class=\"av-special-heading-tag \" itemprop=\"headline\">V\u00eddeo<\/h3>\n<div class=\"special-heading-border\">\n<div class=\"special-heading-inner-border\"><\/div>\n<\/div>\n<\/div>\n<div style=\"  margin-top:; margin-bottom:;\" class=\"hr hr-custom hr-center hr-icon-no avia-builder-el-16 el_after_av_heading el_before_av_video \"><span class=\"hr-inner inner-border-av-border-thin\" style=\"  width:1550px;\"><span class=\"hr-inner-style\"><\/span><\/span><\/div>\n<div class=\"avia-video avia-video-16-9 av-lazyload-immediate av-lazyload-video-embed \" itemprop=\"video\" itemtype=\"https:\/\/schema.org\/VideoObject\" data-original_url=\"https:\/\/www.youtube.com\/watch?v=N0sxhH4hgIg\">\n<div class=\"avia-iframe-wrap\"><iframe title=\"?\u07f7????\u0330?\u0165 ????\u03a2??30mm\" width=\"1333\" height=\"1000\" frameborder=\"0\" allow=\"accelerometer; autoplay; clipboard-write; encrypted-media; gyroscope; picture-in-picture\" allowfullscreen=\"\" src=\"https:\/\/www.youtube.com\/embed\/N0sxhH4hgIg?feature=oembed&amp;autoplay=0&amp;loop=0&amp;controls=1&amp;mute=0\"><\/iframe><\/div>\n<p><\/script><\/p>\n<div class=\"av-click-to-play-overlay\">\n<div class=\"avia_playpause_icon\"><\/div>\n<\/div>\n<\/div>\n<div style='padding-bottom:10px; ' class='av-special-heading av-special-heading-h3 blockquote modern-quote avia-builder-el-18 el_after_av_video el_before_av_hr '>\n<h3 class='av-special-heading-tag ' itemprop=\"headline\">\n","protected":false},"excerpt":{"rendered":"<p>Disponemos de una gama de botones de arcade, que son adecuados para diversos proyectos de m\u00e1quinas de arcade, uso comercial y proyectos acad\u00e9micos.<\/p>\n","protected":false},"featured_media":7427,"template":"","meta":{"om_disable_all_campaigns":false,"_monsterinsights_skip_tracking":false,"_monsterinsights_sitenote_active":false,"_monsterinsights_sitenote_note":"","_monsterinsights_sitenote_category":0,"_uf_show_specific_survey":0,"_uf_disable_surveys":false},"product_cat":[269,319],"product_tag":[],"class_list":["post-6753","product","type-product","status-publish","has-post-thumbnail","hentry","product_cat-botones-arcade","product_cat-botones-de-la-marca-sanwa"],"yoast_head":"<!-- This site is optimized with the Yoast SEO Premium plugin v15.5 - https:\/\/yoast.com\/wordpress\/plugins\/seo\/ -->\n<title>Pulsador arcade de 30 mm con Micro Switch - Bleegame<\/title>\n<meta name=\"robots\" content=\"index, follow, max-snippet:-1, max-image-preview:large, max-video-preview:-1\" \/>\n<link rel=\"canonical\" href=\"https:\/\/bleegame.com\/es\/producto\/boton-de-arcada-de-30-mm-con-microinterruptor\/\" \/>\n<meta property=\"og:locale\" content=\"es_ES\" \/>\n<meta property=\"og:type\" content=\"article\" \/>\n<meta property=\"og:title\" content=\"Pulsador arcade de 30 mm con Micro Switch - Bleegame\" \/>\n<meta property=\"og:description\" content=\"Disponemos de una gama de botones de arcade, que son adecuados para diversos proyectos de m\u00e1quinas de arcade, uso comercial y proyectos acad\u00e9micos.\" \/>\n<meta property=\"og:url\" content=\"https:\/\/bleegame.com\/es\/producto\/boton-de-arcada-de-30-mm-con-microinterruptor\/\" \/>\n<meta property=\"og:site_name\" content=\"Bleegame\" \/>\n<meta name=\"twitter:card\" content=\"summary_large_image\" \/>\n<meta name=\"twitter:label1\" content=\"Tiempo de lectura\">\n\t<meta name=\"twitter:data1\" content=\"1 minuto\">\n<script type=\"application\/ld+json\" class=\"yoast-schema-graph\">{\"@context\":\"https:\/\/schema.org\",\"@graph\":[{\"@type\":\"WebSite\",\"@id\":\"https:\/\/bleegame.com\/es\/#website\",\"url\":\"https:\/\/bleegame.com\/es\/\",\"name\":\"Bleegame\",\"description\":\"One-stop Amusement Coin Operated Games  Machine procurement center\",\"potentialAction\":[{\"@type\":\"SearchAction\",\"target\":\"https:\/\/bleegame.com\/es\/?s={search_term_string}\",\"query-input\":\"required name=search_term_string\"}],\"inLanguage\":\"es\"},{\"@type\":\"ImageObject\",\"@id\":\"https:\/\/bleegame.com\/es\/producto\/boton-de-arcada-de-30-mm-con-microinterruptor\/#primaryimage\",\"inLanguage\":\"es\",\"url\":\"https:\/\/bleegame.com\/wp-content\/uploads\/2022\/07\/14-1-2.jpg\",\"width\":800,\"height\":800,\"caption\":\"button push arcade game\"},{\"@type\":\"WebPage\",\"@id\":\"https:\/\/bleegame.com\/es\/producto\/boton-de-arcada-de-30-mm-con-microinterruptor\/#webpage\",\"url\":\"https:\/\/bleegame.com\/es\/producto\/boton-de-arcada-de-30-mm-con-microinterruptor\/\",\"name\":\"Pulsador arcade de 30 mm con Micro Switch - Bleegame\",\"isPartOf\":{\"@id\":\"https:\/\/bleegame.com\/es\/#website\"},\"primaryImageOfPage\":{\"@id\":\"https:\/\/bleegame.com\/es\/producto\/boton-de-arcada-de-30-mm-con-microinterruptor\/#primaryimage\"},\"datePublished\":\"2022-07-26T02:06:43+00:00\",\"dateModified\":\"2022-07-26T02:06:43+00:00\",\"breadcrumb\":{\"@id\":\"https:\/\/bleegame.com\/es\/producto\/boton-de-arcada-de-30-mm-con-microinterruptor\/#breadcrumb\"},\"inLanguage\":\"es\",\"potentialAction\":[{\"@type\":\"ReadAction\",\"target\":[\"https:\/\/bleegame.com\/es\/producto\/boton-de-arcada-de-30-mm-con-microinterruptor\/\"]}]},{\"@type\":\"BreadcrumbList\",\"@id\":\"https:\/\/bleegame.com\/es\/producto\/boton-de-arcada-de-30-mm-con-microinterruptor\/#breadcrumb\",\"itemListElement\":[{\"@type\":\"ListItem\",\"position\":1,\"item\":{\"@type\":\"WebPage\",\"@id\":\"https:\/\/bleegame.com\/es\/producto\/\",\"url\":\"https:\/\/bleegame.com\/es\/producto\/\",\"name\":\"Producto\"}},{\"@type\":\"ListItem\",\"position\":2,\"item\":{\"@type\":\"WebPage\",\"@id\":\"https:\/\/bleegame.com\/es\/producto\/boton-de-arcada-de-30-mm-con-microinterruptor\/\",\"url\":\"https:\/\/bleegame.com\/es\/producto\/boton-de-arcada-de-30-mm-con-microinterruptor\/\",\"name\":\"Pulsador arcade de 30 mm con Micro Switch\"}}]}]}<\/script>\n<!-- \/ Yoast SEO Premium plugin. -->","_links":{"self":[{"href":"https:\/\/bleegame.com\/es\/wp-json\/wp\/v2\/product\/6753","targetHints":{"allow":["GET"]}}],"collection":[{"href":"https:\/\/bleegame.com\/es\/wp-json\/wp\/v2\/product"}],"about":[{"href":"https:\/\/bleegame.com\/es\/wp-json\/wp\/v2\/types\/product"}],"version-history":[{"count":0,"href":"https:\/\/bleegame.com\/es\/wp-json\/wp\/v2\/product\/6753\/revisions"}],"wp:featuredmedia":[{"embeddable":true,"href":"https:\/\/bleegame.com\/es\/wp-json\/wp\/v2\/media\/7427"}],"wp:attachment":[{"href":"https:\/\/bleegame.com\/es\/wp-json\/wp\/v2\/media?parent=6753"}],"wp:term":[{"taxonomy":"product_cat","embeddable":true,"href":"https:\/\/bleegame.com\/es\/wp-json\/wp\/v2\/product_cat?post=6753"},{"taxonomy":"product_tag","embeddable":true,"href":"https:\/\/bleegame.com\/es\/wp-json\/wp\/v2\/product_tag?post=6753"}],"curies":[{"name":"wp","href":"https:\/\/api.w.org\/{rel}","templated":true}]}}