{"id":6754,"date":"2022-07-26T02:06:51","date_gmt":"2022-07-26T02:06:51","guid":{"rendered":"https:\/\/bleegame.com\/product\/maquina-de-juegos-de-carreras-de-motos-para-ninos\/"},"modified":"2022-07-26T02:06:51","modified_gmt":"2022-07-26T02:06:51","slug":"videojuego-de-carreras-para-ninos","status":"publish","type":"product","link":"https:\/\/bleegame.com\/es\/producto\/videojuego-de-carreras-para-ninos\/","title":{"rendered":"M\u00e1quina de juegos de carreras de motos para ni\u00f1os"},"content":{"rendered":"<div class=\"special-heading-border\">\n<div class=\"special-heading-inner-border\"><\/div>\n<\/div>\n<\/div>\n<div style=\"  margin-top:; margin-bottom:;\" class=\"hr hr-custom hr-center hr-icon-no avia-builder-el-12 el_after_av_heading el_before_av_textblock \"><span class=\"hr-inner inner-border-av-border-thin\" style=\"  width:1550px;\"><span class=\"hr-inner-style\"><\/span><\/span><\/div>\n<section class=\"av_textblock_section \" itemscope=\"itemscope\" itemtype=\"https:\/\/schema.org\/CreativeWork\">\n<div class=\"avia_textblock \" itemprop=\"text\">\n<p>Esperamos que todos los jugadores puedan disfrutar en cada juego despu\u00e9s de usar nuestros productos de hardware, y tambi\u00e9n estamos deseando trabajar con jugadores entusiastas para crear nuevos equipos en el futuro. En bleegame, hay muchos tipos de productos. Si est\u00e1 interesado en nuestros productos, p\u00f3ngase en contacto con nosotros, estaremos encantados de contar con su atenci\u00f3n.<\/p>\n<p><strong>Caracter\u00edsticas del producto:<\/strong><br \/>* Contactos de microinterruptores chapados en oro (2,8 mm)<br \/>* LED de 5V incorporado<br \/>* Sin muelle de \u00e9mbolo &#8211; Baja fuerza de actuaci\u00f3n<br \/>* \u00c9mbolo convexo<br \/>* Bot\u00f3n de estilo atornillado con anillo de fijaci\u00f3n<br \/>* Dise\u00f1o integral compacto<br \/>* F\u00e1cil instalaci\u00f3n<br \/>* Adecuado para paneles de control de hasta 19 mm (3\/4 de pulgada)<\/p>\n<p><strong>Informaci\u00f3n sobre el cableado<\/strong><br \/>Microinterruptor:<br \/>Este bot\u00f3n requiere cables engarzados de 2,8 mm para su conexi\u00f3n.<br \/>1 cable para la conexi\u00f3n a tierra y 1 cable para la conexi\u00f3n de se\u00f1al<\/p>\n<p>LED:<br \/>El LED de 5V incorporado requiere cables engarzados de 2,8 mm.<br \/>1 cable para el positivo (+) y 1 cable para el negativo (-).<br \/>Un arn\u00e9s de cadena de 2,8 mm ser\u00e1 adecuado.<\/p>\n<p>Los cables de 2,8 mm precortados y el arn\u00e9s de cadena de 2,8 mm pueden adquirirse aqu\u00ed:<br \/>Alambres prensados de 1 metro de largo<br \/>Arn\u00e9s de cadena<\/p>\n<p><strong>Dimensiones de los botones:<\/strong><br \/>Agujero de montaje necesario: 28mm<br \/>Di\u00e1metro total del bot\u00f3n a trav\u00e9s del \u00e9mbolo: 33mm<br \/>Profundidad m\u00e1xima del bot\u00f3n desde la parte superior del \u00e9mbolo hasta la parte inferior del bot\u00f3n: 42mm<\/p>\n<\/div>\n<\/section>\n<div style=\"padding-bottom:10px;  \" class=\"av-special-heading av-special-heading-h3 blockquote modern-quote avia-builder-el-14 el_after_av_textblock el_before_av_hr \">\n<h3 class=\"av-special-heading-tag \" itemprop=\"headline\">V\u00eddeo<\/h3>\n<div class=\"special-heading-border\">\n<div class=\"special-heading-inner-border\"><\/div>\n<\/div>\n<\/div>\n<div style=\"  margin-top:; margin-bottom:;\" class=\"hr hr-custom hr-center hr-icon-no avia-builder-el-15 el_after_av_heading el_before_av_video \"><span class=\"hr-inner inner-border-av-border-thin\" style=\"  width:1550px;\"><span class=\"hr-inner-style\"><\/span><\/span><\/div>\n<div class=\"avia-video avia-video-16-9 av-lazyload-immediate av-lazyload-video-embed \" itemprop=\"video\" itemtype=\"https:\/\/schema.org\/VideoObject\" data-original_url=\"https:\/\/www.youtube.com\/watch?v=hw4sPFlnowA\">\n<div class=\"avia-iframe-wrap\"><iframe title=\"Blee Venta caliente de la m\u00e1quina de juego de carreras de motos para ni\u00f1os\" width=\"1333\" height=\"1000\" frameborder=\"0\" allow=\"accelerometer; autoplay; clipboard-write; encrypted-media; gyroscope; picture-in-picture\" allowfullscreen=\"\" src=\"https:\/\/www.youtube.com\/embed\/hw4sPFlnowA?feature=oembed&amp;autoplay=0&amp;loop=0&amp;controls=1&amp;mute=0\"><\/iframe><\/div>\n<p><\/script><\/p>\n<div class=\"av-click-to-play-overlay\">\n<div class=\"avia_playpause_icon\"><\/div>\n<\/div>\n<\/div>\n<div style='padding-bottom:10px; ' class='av-special-heading av-special-heading-h3 blockquote modern-quote avia-builder-el-17 el_after_av_video el_before_av_hr '>\n<h3 class='av-special-heading-tag ' itemprop=\"headline\">\n","protected":false},"excerpt":{"rendered":"<p>somos un fabricante profesional para el desarrollo y la producci\u00f3n de m\u00e1quinas de juego. Nos encanta la m\u00e1quina de juegos de azar, tambi\u00e9n prestamos mucha atenci\u00f3n a la m\u00e1quina de juegos de azar.<\/p>\n","protected":false},"featured_media":7331,"template":"","meta":{"om_disable_all_campaigns":false,"_monsterinsights_skip_tracking":false,"_monsterinsights_sitenote_active":false,"_monsterinsights_sitenote_note":"","_monsterinsights_sitenote_category":0,"_uf_show_specific_survey":0,"_uf_disable_surveys":false},"product_cat":[233],"product_tag":[],"class_list":["post-6754","product","type-product","status-publish","has-post-thumbnail","hentry","product_cat-maquina-de-juegos-de-carreras"],"yoast_head":"<!-- This site is optimized with the Yoast SEO Premium plugin v15.5 - https:\/\/yoast.com\/wordpress\/plugins\/seo\/ -->\n<title>M\u00e1quina de juegos de carreras de motos para ni\u00f1os - Bleegame<\/title>\n<meta name=\"robots\" content=\"index, follow, max-snippet:-1, max-image-preview:large, max-video-preview:-1\" \/>\n<link rel=\"canonical\" href=\"https:\/\/bleegame.com\/es\/producto\/videojuego-de-carreras-para-ninos\/\" \/>\n<meta property=\"og:locale\" content=\"es_ES\" \/>\n<meta property=\"og:type\" content=\"article\" \/>\n<meta property=\"og:title\" content=\"M\u00e1quina de juegos de carreras de motos para ni\u00f1os - Bleegame\" \/>\n<meta property=\"og:description\" content=\"somos un fabricante profesional para el desarrollo y la producci\u00f3n de m\u00e1quinas de juego. Nos encanta la m\u00e1quina de juegos de azar, tambi\u00e9n prestamos mucha atenci\u00f3n a la m\u00e1quina de juegos de azar.\" \/>\n<meta property=\"og:url\" content=\"https:\/\/bleegame.com\/es\/producto\/videojuego-de-carreras-para-ninos\/\" \/>\n<meta property=\"og:site_name\" content=\"Bleegame\" \/>\n<meta name=\"twitter:card\" content=\"summary_large_image\" \/>\n<meta name=\"twitter:label1\" content=\"Tiempo de lectura\">\n\t<meta name=\"twitter:data1\" content=\"1 minuto\">\n<script type=\"application\/ld+json\" class=\"yoast-schema-graph\">{\"@context\":\"https:\/\/schema.org\",\"@graph\":[{\"@type\":\"WebSite\",\"@id\":\"https:\/\/bleegame.com\/es\/#website\",\"url\":\"https:\/\/bleegame.com\/es\/\",\"name\":\"Bleegame\",\"description\":\"One-stop Amusement Coin Operated Games  Machine procurement center\",\"potentialAction\":[{\"@type\":\"SearchAction\",\"target\":\"https:\/\/bleegame.com\/es\/?s={search_term_string}\",\"query-input\":\"required name=search_term_string\"}],\"inLanguage\":\"es\"},{\"@type\":\"ImageObject\",\"@id\":\"https:\/\/bleegame.com\/es\/producto\/videojuego-de-carreras-para-ninos\/#primaryimage\",\"inLanguage\":\"es\",\"url\":\"https:\/\/bleegame.com\/wp-content\/uploads\/2022\/07\/04-39.jpg\",\"width\":800,\"height\":800,\"caption\":\"kids motorcycle simulator racing game machine\"},{\"@type\":\"WebPage\",\"@id\":\"https:\/\/bleegame.com\/es\/producto\/videojuego-de-carreras-para-ninos\/#webpage\",\"url\":\"https:\/\/bleegame.com\/es\/producto\/videojuego-de-carreras-para-ninos\/\",\"name\":\"M\\u00e1quina de juegos de carreras de motos para ni\\u00f1os - Bleegame\",\"isPartOf\":{\"@id\":\"https:\/\/bleegame.com\/es\/#website\"},\"primaryImageOfPage\":{\"@id\":\"https:\/\/bleegame.com\/es\/producto\/videojuego-de-carreras-para-ninos\/#primaryimage\"},\"datePublished\":\"2022-07-26T02:06:51+00:00\",\"dateModified\":\"2022-07-26T02:06:51+00:00\",\"breadcrumb\":{\"@id\":\"https:\/\/bleegame.com\/es\/producto\/videojuego-de-carreras-para-ninos\/#breadcrumb\"},\"inLanguage\":\"es\",\"potentialAction\":[{\"@type\":\"ReadAction\",\"target\":[\"https:\/\/bleegame.com\/es\/producto\/videojuego-de-carreras-para-ninos\/\"]}]},{\"@type\":\"BreadcrumbList\",\"@id\":\"https:\/\/bleegame.com\/es\/producto\/videojuego-de-carreras-para-ninos\/#breadcrumb\",\"itemListElement\":[{\"@type\":\"ListItem\",\"position\":1,\"item\":{\"@type\":\"WebPage\",\"@id\":\"https:\/\/bleegame.com\/es\/producto\/\",\"url\":\"https:\/\/bleegame.com\/es\/producto\/\",\"name\":\"Producto\"}},{\"@type\":\"ListItem\",\"position\":2,\"item\":{\"@type\":\"WebPage\",\"@id\":\"https:\/\/bleegame.com\/es\/producto\/videojuego-de-carreras-para-ninos\/\",\"url\":\"https:\/\/bleegame.com\/es\/producto\/videojuego-de-carreras-para-ninos\/\",\"name\":\"M\\u00e1quina de juegos de carreras de motos para ni\\u00f1os\"}}]}]}<\/script>\n<!-- \/ Yoast SEO Premium plugin. -->","_links":{"self":[{"href":"https:\/\/bleegame.com\/es\/wp-json\/wp\/v2\/product\/6754","targetHints":{"allow":["GET"]}}],"collection":[{"href":"https:\/\/bleegame.com\/es\/wp-json\/wp\/v2\/product"}],"about":[{"href":"https:\/\/bleegame.com\/es\/wp-json\/wp\/v2\/types\/product"}],"version-history":[{"count":0,"href":"https:\/\/bleegame.com\/es\/wp-json\/wp\/v2\/product\/6754\/revisions"}],"wp:featuredmedia":[{"embeddable":true,"href":"https:\/\/bleegame.com\/es\/wp-json\/wp\/v2\/media\/7331"}],"wp:attachment":[{"href":"https:\/\/bleegame.com\/es\/wp-json\/wp\/v2\/media?parent=6754"}],"wp:term":[{"taxonomy":"product_cat","embeddable":true,"href":"https:\/\/bleegame.com\/es\/wp-json\/wp\/v2\/product_cat?post=6754"},{"taxonomy":"product_tag","embeddable":true,"href":"https:\/\/bleegame.com\/es\/wp-json\/wp\/v2\/product_tag?post=6754"}],"curies":[{"name":"wp","href":"https:\/\/api.w.org\/{rel}","templated":true}]}}