{"id":6755,"date":"2022-07-26T02:06:36","date_gmt":"2022-07-26T02:06:36","guid":{"rendered":"https:\/\/bleegame.com\/product\/kit-de-juego-fuente-de-alimentacion-conmutada\/"},"modified":"2022-07-26T02:06:36","modified_gmt":"2022-07-26T02:06:36","slug":"game-kit-switching-power-supply-2","status":"publish","type":"product","link":"https:\/\/bleegame.com\/es\/producto\/game-kit-switching-power-supply-2\/","title":{"rendered":"kit de juego fuente de alimentaci\u00f3n conmutada"},"content":{"rendered":"<div class=\"special-heading-border\">\n<div class=\"special-heading-inner-border\"><\/div>\n<\/div>\n<div class=\"hr hr-custom hr-center hr-icon-no avia-builder-el-12 el_after_av_heading el_before_av_textblock \"><\/div>\n<section class=\"av_textblock_section \">\n<div class=\"avia_textblock \">\n<ul>\n<li>\n<div>Tensi\u00f3n de entrada: 110~220V AC<\/div>\n<\/li>\n<li>\n<div>Frecuencia de entrada: 50-60Hz<\/div>\n<\/li>\n<li>\n<div>Corriente de entrada: arranque en fr\u00edo, 4A a 220V<\/div>\n<\/li>\n<li>\n<div>Protecci\u00f3n contra sobrecargas: Modo de hipo de 105-150, recuperaci\u00f3n autom\u00e1tica<\/div>\n<\/li>\n<li>\n<div>Protecci\u00f3n contra sobretensiones: Tensi\u00f3n nominal de salida 115-135<\/div>\n<\/li>\n<li>\n<div>Tiempo de preparaci\u00f3n, subida y mantenimiento: 200ms, 50ms, 20ms<\/div>\n<\/li>\n<li>\n<div>Tensi\u00f3n soportada: I\/P-O\/P, I\/P-FG:1,5KV, 1minuto<\/div>\n<\/li>\n<li>\n<div>Temperatura de trabajo: 0-50c @ 100%, -10c@ 80%, 60c @ 60% de carga.<\/div>\n<\/li>\n<li>\n<div>Normas de seguridad: UL1950, EN60950, CB, CE<\/div>\n<\/li>\n<li>\n<div>Conexi\u00f3n: bloque de terminales de 8P\/9,5mm de paso con tapa<\/div>\n<\/li>\n<li>Enchufe del cable de alimentaci\u00f3n: EU\/AU\/US\/UK<\/li>\n<li>\n<div>Peso neto: 1,2 kg<\/div>\n<\/li>\n<\/ul>\n<\/div>\n<\/section>\n<div class=\"av-special-heading av-special-heading-h3 blockquote modern-quote avia-builder-el-14 el_after_av_textblock el_before_av_hr \" style=\"padding-bottom: 10px;\">\n<h3 class=\"av-special-heading-tag \"><\/h3>\n<\/div>\n","protected":false},"excerpt":{"rendered":"<p>BLEE se centra en la fabricaci\u00f3n de accesorios de juegos de arcade, fabricamos y vendemos todo tipo de accesorios de juegos de arcade de alta calidad, somos una empresa de marca que ha estado operando durante muchos a\u00f1os, teniendo una buena reputaci\u00f3n y un gran grupo de clientes. Si est\u00e1 interesado en el juego de arcade y necesita comprar accesorios para juegos de arcade, p\u00f3ngase en contacto con nosotros.<\/p>\n","protected":false},"featured_media":5424,"template":"","meta":{"om_disable_all_campaigns":false,"_monsterinsights_skip_tracking":false,"_monsterinsights_sitenote_active":false,"_monsterinsights_sitenote_note":"","_monsterinsights_sitenote_category":0,"_uf_show_specific_survey":0,"_uf_disable_surveys":false},"product_cat":[317],"product_tag":[],"class_list":["post-6755","product","type-product","status-publish","has-post-thumbnail","hentry","product_cat-fuente-de-alimentacion-es"],"yoast_head":"<!-- This site is optimized with the Yoast SEO Premium plugin v15.5 - https:\/\/yoast.com\/wordpress\/plugins\/seo\/ -->\n<title>kit de juego fuente de alimentaci\u00f3n conmutada - Bleegame<\/title>\n<meta name=\"robots\" content=\"index, follow, max-snippet:-1, max-image-preview:large, max-video-preview:-1\" \/>\n<link rel=\"canonical\" href=\"https:\/\/bleegame.com\/es\/producto\/game-kit-switching-power-supply-2\/\" \/>\n<meta property=\"og:locale\" content=\"es_ES\" \/>\n<meta property=\"og:type\" content=\"article\" \/>\n<meta property=\"og:title\" content=\"kit de juego fuente de alimentaci\u00f3n conmutada - Bleegame\" \/>\n<meta property=\"og:description\" content=\"BLEE se centra en la fabricaci\u00f3n de accesorios de juegos de arcade, fabricamos y vendemos todo tipo de accesorios de juegos de arcade de alta calidad, somos una empresa de marca que ha estado operando durante muchos a\u00f1os, teniendo una buena reputaci\u00f3n y un gran grupo de clientes. Si est\u00e1 interesado en el juego de arcade y necesita comprar accesorios para juegos de arcade, p\u00f3ngase en contacto con nosotros.\" \/>\n<meta property=\"og:url\" content=\"https:\/\/bleegame.com\/es\/producto\/game-kit-switching-power-supply-2\/\" \/>\n<meta property=\"og:site_name\" content=\"Bleegame\" \/>\n<meta name=\"twitter:card\" content=\"summary_large_image\" \/>\n<meta name=\"twitter:label1\" content=\"Tiempo de lectura\">\n\t<meta name=\"twitter:data1\" content=\"0 minutos\">\n<script type=\"application\/ld+json\" class=\"yoast-schema-graph\">{\"@context\":\"https:\/\/schema.org\",\"@graph\":[{\"@type\":\"WebSite\",\"@id\":\"https:\/\/bleegame.com\/es\/#website\",\"url\":\"https:\/\/bleegame.com\/es\/\",\"name\":\"Bleegame\",\"description\":\"One-stop Amusement Coin Operated Games  Machine procurement center\",\"potentialAction\":[{\"@type\":\"SearchAction\",\"target\":\"https:\/\/bleegame.com\/es\/?s={search_term_string}\",\"query-input\":\"required name=search_term_string\"}],\"inLanguage\":\"es\"},{\"@type\":\"ImageObject\",\"@id\":\"https:\/\/bleegame.com\/es\/producto\/game-kit-switching-power-supply-2\/#primaryimage\",\"inLanguage\":\"es\",\"url\":\"https:\/\/bleegame.com\/wp-content\/uploads\/2022\/07\/3-22-1.jpg\",\"width\":800,\"height\":800},{\"@type\":\"WebPage\",\"@id\":\"https:\/\/bleegame.com\/es\/producto\/game-kit-switching-power-supply-2\/#webpage\",\"url\":\"https:\/\/bleegame.com\/es\/producto\/game-kit-switching-power-supply-2\/\",\"name\":\"kit de juego fuente de alimentaci\\u00f3n conmutada - Bleegame\",\"isPartOf\":{\"@id\":\"https:\/\/bleegame.com\/es\/#website\"},\"primaryImageOfPage\":{\"@id\":\"https:\/\/bleegame.com\/es\/producto\/game-kit-switching-power-supply-2\/#primaryimage\"},\"datePublished\":\"2022-07-26T02:06:36+00:00\",\"dateModified\":\"2022-07-26T02:06:36+00:00\",\"breadcrumb\":{\"@id\":\"https:\/\/bleegame.com\/es\/producto\/game-kit-switching-power-supply-2\/#breadcrumb\"},\"inLanguage\":\"es\",\"potentialAction\":[{\"@type\":\"ReadAction\",\"target\":[\"https:\/\/bleegame.com\/es\/producto\/game-kit-switching-power-supply-2\/\"]}]},{\"@type\":\"BreadcrumbList\",\"@id\":\"https:\/\/bleegame.com\/es\/producto\/game-kit-switching-power-supply-2\/#breadcrumb\",\"itemListElement\":[{\"@type\":\"ListItem\",\"position\":1,\"item\":{\"@type\":\"WebPage\",\"@id\":\"https:\/\/bleegame.com\/es\/producto\/\",\"url\":\"https:\/\/bleegame.com\/es\/producto\/\",\"name\":\"Producto\"}},{\"@type\":\"ListItem\",\"position\":2,\"item\":{\"@type\":\"WebPage\",\"@id\":\"https:\/\/bleegame.com\/es\/producto\/game-kit-switching-power-supply-2\/\",\"url\":\"https:\/\/bleegame.com\/es\/producto\/game-kit-switching-power-supply-2\/\",\"name\":\"kit de juego fuente de alimentaci\\u00f3n conmutada\"}}]}]}<\/script>\n<!-- \/ Yoast SEO Premium plugin. -->","_links":{"self":[{"href":"https:\/\/bleegame.com\/es\/wp-json\/wp\/v2\/product\/6755","targetHints":{"allow":["GET"]}}],"collection":[{"href":"https:\/\/bleegame.com\/es\/wp-json\/wp\/v2\/product"}],"about":[{"href":"https:\/\/bleegame.com\/es\/wp-json\/wp\/v2\/types\/product"}],"version-history":[{"count":0,"href":"https:\/\/bleegame.com\/es\/wp-json\/wp\/v2\/product\/6755\/revisions"}],"wp:featuredmedia":[{"embeddable":true,"href":"https:\/\/bleegame.com\/es\/wp-json\/wp\/v2\/media\/5424"}],"wp:attachment":[{"href":"https:\/\/bleegame.com\/es\/wp-json\/wp\/v2\/media?parent=6755"}],"wp:term":[{"taxonomy":"product_cat","embeddable":true,"href":"https:\/\/bleegame.com\/es\/wp-json\/wp\/v2\/product_cat?post=6755"},{"taxonomy":"product_tag","embeddable":true,"href":"https:\/\/bleegame.com\/es\/wp-json\/wp\/v2\/product_tag?post=6755"}],"curies":[{"name":"wp","href":"https:\/\/api.w.org\/{rel}","templated":true}]}}