{"id":6765,"date":"2022-07-26T02:06:43","date_gmt":"2022-07-26T02:06:43","guid":{"rendered":"https:\/\/bleegame.com\/product\/sanwa-30mm-snap-in-boton-arcade-iluminado\/"},"modified":"2022-07-26T02:06:43","modified_gmt":"2022-07-26T02:06:43","slug":"sanwa-30mm-snap-in-illuminated-arcade-button-2","status":"publish","type":"product","link":"https:\/\/bleegame.com\/es\/producto\/sanwa-30mm-snap-in-illuminated-arcade-button-2\/","title":{"rendered":"Sanwa 30mm Snap In Bot\u00f3n Arcade Iluminado"},"content":{"rendered":"<div class=\"special-heading-border\">\n<div class=\"special-heading-inner-border\"><\/div>\n<\/div>\n<\/div>\n<div style=\"  margin-top:; margin-bottom:;\" class=\"hr hr-custom hr-center hr-icon-no avia-builder-el-13 el_after_av_heading el_before_av_textblock \"><span class=\"hr-inner inner-border-av-border-thin\" style=\"  width:1550px;\"><span class=\"hr-inner-style\"><\/span><\/span><\/div>\n<section class=\"av_textblock_section \" itemscope=\"itemscope\" itemtype=\"https:\/\/schema.org\/CreativeWork\">\n<div class=\"avia_textblock \" itemprop=\"text\">\n<p>En primer lugar, tienen un aspecto fant\u00e1stico, los 6 colores tienen un aspecto cristalino y brillante. Aunque no tienen LEDs incorporados, estamos seguros de que pegando un LED difuso en el cuerpo se iluminar\u00eda muy bien. Tambi\u00e9n son m\u00e1s cortos que los mandos de arcade baratos, y encajan en su sitio, por lo que s\u00f3lo necesitas 1,5\u2033 de profundidad (1,25\u2033 si doblas los contactos). La acci\u00f3n de los botones es suave, sin un clic fuerte, pero definitivamente se puede sentir cuando se presiona el bot\u00f3n.<\/p>\n<p>Este bot\u00f3n es ideal para el montaje en paneles de control met\u00e1licos, con un grosor de hasta 3,7 mm como m\u00e1ximo, y se monta en un orificio de montaje de 30 mm. Cada bot\u00f3n tiene una pinza de pl\u00e1stico a cada lado que se bloquea cuando se monta en un panel de control met\u00e1lico o en un palo de lucha.<\/p>\n<p>Caracter\u00edsticas del producto:<br \/>* Acabado fresco y transl\u00facido<br \/>* Inserto de disco de goma para reducir significativamente el sonido de clic<br \/>* Elecci\u00f3n de colores vivos<br \/>* La tapa del objetivo se puede quitar para a\u00f1adir obras de arte<br \/>* Alta calidad<br \/>* Durable<\/p>\n<p>Di\u00e1metro del orificio de montaje: 30mm ? 0.1<br \/>Espesor de la placa de montaje: 2-4mm MAX<br \/>Microinterruptor incorporado: SW-68<\/p>\n<p>Informaci\u00f3n sobre el cableado:<br \/>Este bot\u00f3n requiere cables engarzados de 2,8 mm para su conexi\u00f3n.<br \/>1 hilo para la conexi\u00f3n a tierra (CO) y 1 hilo para la conexi\u00f3n de se\u00f1al (NO)<\/p>\n<\/div>\n<\/section>\n<div style=\"padding-bottom:10px;  \" class=\"av-special-heading av-special-heading-h3 blockquote modern-quote avia-builder-el-15 el_after_av_textblock el_before_av_hr \">\n<h3 class=\"av-special-heading-tag \" itemprop=\"headline\">V\u00eddeo<\/h3>\n<div class=\"special-heading-border\">\n<div class=\"special-heading-inner-border\"><\/div>\n<\/div>\n<\/div>\n<div style=\"  margin-top:; margin-bottom:;\" class=\"hr hr-custom hr-center hr-icon-no avia-builder-el-16 el_after_av_heading el_before_av_video \"><span class=\"hr-inner inner-border-av-border-thin\" style=\"  width:1550px;\"><span class=\"hr-inner-style\"><\/span><\/span><\/div>\n<div class=\"avia-video avia-video-16-9 av-lazyload-immediate av-lazyload-video-embed \" itemprop=\"video\" itemtype=\"https:\/\/schema.org\/VideoObject\" data-original_url=\"https:\/\/www.youtube.com\/watch?v=7rrpAj2b6TI\">\n<div class=\"avia-iframe-wrap\"><iframe title=\"?\u07f7????\u0330?\u0165 \u052d\u05f0\u03a2??30mm\" width=\"1333\" height=\"1000\" frameborder=\"0\" allow=\"accelerometer; autoplay; clipboard-write; encrypted-media; gyroscope; picture-in-picture\" allowfullscreen=\"\" src=\"https:\/\/www.youtube.com\/embed\/7rrpAj2b6TI?feature=oembed&amp;autoplay=0&amp;loop=0&amp;controls=1&amp;mute=0\"><\/iframe><\/div>\n<p><\/script><\/p>\n<div class=\"av-click-to-play-overlay\">\n<div class=\"avia_playpause_icon\"><\/div>\n<\/div>\n<\/div>\n<div style='padding-bottom:10px; ' class='av-special-heading av-special-heading-h3 blockquote modern-quote avia-builder-el-18 el_after_av_video el_before_av_hr '>\n<h3 class='av-special-heading-tag ' itemprop=\"headline\">\n","protected":false},"excerpt":{"rendered":"<p>Disponemos de una gama de botones de arcade, que son adecuados para diversos proyectos de m\u00e1quinas de arcade, uso comercial y proyectos acad\u00e9micos.<\/p>\n","protected":false},"featured_media":7436,"template":"","meta":{"om_disable_all_campaigns":false,"_monsterinsights_skip_tracking":false,"_monsterinsights_sitenote_active":false,"_monsterinsights_sitenote_note":"","_monsterinsights_sitenote_category":0,"_uf_show_specific_survey":0,"_uf_disable_surveys":false},"product_cat":[269,319],"product_tag":[],"class_list":["post-6765","product","type-product","status-publish","has-post-thumbnail","hentry","product_cat-botones-arcade","product_cat-botones-de-la-marca-sanwa"],"yoast_head":"<!-- This site is optimized with the Yoast SEO Premium plugin v15.5 - https:\/\/yoast.com\/wordpress\/plugins\/seo\/ -->\n<title>Sanwa 30mm Snap In Bot\u00f3n Arcade Iluminado - Bleegame<\/title>\n<meta name=\"robots\" content=\"index, follow, max-snippet:-1, max-image-preview:large, max-video-preview:-1\" \/>\n<link rel=\"canonical\" href=\"https:\/\/bleegame.com\/es\/producto\/sanwa-30mm-snap-in-illuminated-arcade-button-2\/\" \/>\n<meta property=\"og:locale\" content=\"es_ES\" \/>\n<meta property=\"og:type\" content=\"article\" \/>\n<meta property=\"og:title\" content=\"Sanwa 30mm Snap In Bot\u00f3n Arcade Iluminado - Bleegame\" \/>\n<meta property=\"og:description\" content=\"Disponemos de una gama de botones de arcade, que son adecuados para diversos proyectos de m\u00e1quinas de arcade, uso comercial y proyectos acad\u00e9micos.\" \/>\n<meta property=\"og:url\" content=\"https:\/\/bleegame.com\/es\/producto\/sanwa-30mm-snap-in-illuminated-arcade-button-2\/\" \/>\n<meta property=\"og:site_name\" content=\"Bleegame\" \/>\n<meta name=\"twitter:card\" content=\"summary_large_image\" \/>\n<meta name=\"twitter:label1\" content=\"Tiempo de lectura\">\n\t<meta name=\"twitter:data1\" content=\"1 minuto\">\n<script type=\"application\/ld+json\" class=\"yoast-schema-graph\">{\"@context\":\"https:\/\/schema.org\",\"@graph\":[{\"@type\":\"WebSite\",\"@id\":\"https:\/\/bleegame.com\/es\/#website\",\"url\":\"https:\/\/bleegame.com\/es\/\",\"name\":\"Bleegame\",\"description\":\"One-stop Amusement Coin Operated Games  Machine procurement center\",\"potentialAction\":[{\"@type\":\"SearchAction\",\"target\":\"https:\/\/bleegame.com\/es\/?s={search_term_string}\",\"query-input\":\"required name=search_term_string\"}],\"inLanguage\":\"es\"},{\"@type\":\"ImageObject\",\"@id\":\"https:\/\/bleegame.com\/es\/producto\/sanwa-30mm-snap-in-illuminated-arcade-button-2\/#primaryimage\",\"inLanguage\":\"es\",\"url\":\"https:\/\/bleegame.com\/wp-content\/uploads\/2022\/07\/8-60.jpg\",\"width\":800,\"height\":800,\"caption\":\"arcade button kit\"},{\"@type\":\"WebPage\",\"@id\":\"https:\/\/bleegame.com\/es\/producto\/sanwa-30mm-snap-in-illuminated-arcade-button-2\/#webpage\",\"url\":\"https:\/\/bleegame.com\/es\/producto\/sanwa-30mm-snap-in-illuminated-arcade-button-2\/\",\"name\":\"Sanwa 30mm Snap In Bot\\u00f3n Arcade Iluminado - Bleegame\",\"isPartOf\":{\"@id\":\"https:\/\/bleegame.com\/es\/#website\"},\"primaryImageOfPage\":{\"@id\":\"https:\/\/bleegame.com\/es\/producto\/sanwa-30mm-snap-in-illuminated-arcade-button-2\/#primaryimage\"},\"datePublished\":\"2022-07-26T02:06:43+00:00\",\"dateModified\":\"2022-07-26T02:06:43+00:00\",\"breadcrumb\":{\"@id\":\"https:\/\/bleegame.com\/es\/producto\/sanwa-30mm-snap-in-illuminated-arcade-button-2\/#breadcrumb\"},\"inLanguage\":\"es\",\"potentialAction\":[{\"@type\":\"ReadAction\",\"target\":[\"https:\/\/bleegame.com\/es\/producto\/sanwa-30mm-snap-in-illuminated-arcade-button-2\/\"]}]},{\"@type\":\"BreadcrumbList\",\"@id\":\"https:\/\/bleegame.com\/es\/producto\/sanwa-30mm-snap-in-illuminated-arcade-button-2\/#breadcrumb\",\"itemListElement\":[{\"@type\":\"ListItem\",\"position\":1,\"item\":{\"@type\":\"WebPage\",\"@id\":\"https:\/\/bleegame.com\/es\/producto\/\",\"url\":\"https:\/\/bleegame.com\/es\/producto\/\",\"name\":\"Producto\"}},{\"@type\":\"ListItem\",\"position\":2,\"item\":{\"@type\":\"WebPage\",\"@id\":\"https:\/\/bleegame.com\/es\/producto\/sanwa-30mm-snap-in-illuminated-arcade-button-2\/\",\"url\":\"https:\/\/bleegame.com\/es\/producto\/sanwa-30mm-snap-in-illuminated-arcade-button-2\/\",\"name\":\"Sanwa 30mm Snap In Bot\\u00f3n Arcade Iluminado\"}}]}]}<\/script>\n<!-- \/ Yoast SEO Premium plugin. -->","_links":{"self":[{"href":"https:\/\/bleegame.com\/es\/wp-json\/wp\/v2\/product\/6765","targetHints":{"allow":["GET"]}}],"collection":[{"href":"https:\/\/bleegame.com\/es\/wp-json\/wp\/v2\/product"}],"about":[{"href":"https:\/\/bleegame.com\/es\/wp-json\/wp\/v2\/types\/product"}],"version-history":[{"count":0,"href":"https:\/\/bleegame.com\/es\/wp-json\/wp\/v2\/product\/6765\/revisions"}],"wp:featuredmedia":[{"embeddable":true,"href":"https:\/\/bleegame.com\/es\/wp-json\/wp\/v2\/media\/7436"}],"wp:attachment":[{"href":"https:\/\/bleegame.com\/es\/wp-json\/wp\/v2\/media?parent=6765"}],"wp:term":[{"taxonomy":"product_cat","embeddable":true,"href":"https:\/\/bleegame.com\/es\/wp-json\/wp\/v2\/product_cat?post=6765"},{"taxonomy":"product_tag","embeddable":true,"href":"https:\/\/bleegame.com\/es\/wp-json\/wp\/v2\/product_tag?post=6765"}],"curies":[{"name":"wp","href":"https:\/\/api.w.org\/{rel}","templated":true}]}}