{"id":6768,"date":"2022-07-26T02:06:33","date_gmt":"2022-07-26T02:06:33","guid":{"rendered":"https:\/\/bleegame.com\/product\/consola-de-juegos-de-doble-palo-de-metal-ultra-delgada\/"},"modified":"2022-07-26T02:06:33","modified_gmt":"2022-07-26T02:06:33","slug":"consola-de-juegos-ultraplana-y-metalica-de-doble-palanca","status":"publish","type":"product","link":"https:\/\/bleegame.com\/es\/producto\/consola-de-juegos-ultraplana-y-metalica-de-doble-palanca\/","title":{"rendered":"Consola de juegos de doble palo de metal ultra delgada"},"content":{"rendered":"<div class=\"special-heading-border\">\n<div class=\"special-heading-inner-border\"><\/div>\n<\/div>\n<div class=\"hr hr-custom hr-center hr-icon-no avia-builder-el-12 el_after_av_heading el_before_av_textblock \"><\/div>\n<section class=\"av_textblock_section \">\n<div class=\"avia_textblock \">\n<p>Tanto si prefieres jugar a Mortal Kombat como a Ms. Pacman despu\u00e9s del cine el viernes por la noche, estas m\u00e1quinas recreativas te mantendr\u00e1n a ti y a los tuyos entretenidos durante varias horas largas cualquier d\u00eda de la semana. Y si no te gustan mucho los videojuegos, hemos incluido algunos juegos de arcade m\u00e1s modernos, como los de rodar y anotar y los de baloncesto dual, para que te levantes del sof\u00e1.<\/p>\n<p>La nueva caja de pandora viene con m\u00e1s de 2600 cl\u00e1sico juego de arcade, el juego despu\u00e9s de una serie de hardware y software del personal de desarrollo de la tecnolog\u00eda para optimizar el dise\u00f1o, ya trav\u00e9s del alto nivel de enthusuasts jugadores de prueba para asegurar que el juego aut\u00e9ntico.<\/p>\n<ul>\n<li>La salida de pantalla de la caja de Pandora soporta la salida de v\u00eddeo de alta definici\u00f3n 1280 x 720 hdmi y la salida de v\u00eddeo de alta definici\u00f3n 1280 x 720 vga, ya no tiene que preocuparse de que la televisi\u00f3n dom\u00e9stica s\u00f3lo soporte una interfaz y tenga que comprar un convertidor de v\u00eddeo adicional.<\/li>\n<li>La placa base de la caja de Pandora incluye la funci\u00f3n de suspensi\u00f3n del juego, en cualquier momento esperando su regreso.<\/li>\n<li>Construido en el chip de control de la manija, la operaci\u00f3n de apoyo xbox360\/ps3\/pc.<\/li>\n<li>Soporta 2 jugadores, excelente dise\u00f1o de ingenier\u00eda, experiencia interactiva real. Sensaci\u00f3n de juego arcade real, joystick arcade real y pulsadores.<\/li>\n<\/ul>\n<p><strong>Descripci\u00f3n:<\/strong><br \/>\nExcelente dise\u00f1o de ingenier\u00eda, experiencia interactiva real.<br \/>\nSoporte para 2 jugadores.<br \/>\n2600 tipos de juego En 1 compilaci\u00f3n de juegos cl\u00e1sicos en HD.<br \/>\nCon salida de se\u00f1al de v\u00eddeo dual VGA + HIDMI.<br \/>\nCubierta totalmente met\u00e1lica, panel acr\u00edlico con luz.<br \/>\nAbsolutamente seguro y fiable.<br \/>\nIncluyendo la funci\u00f3n de suspensi\u00f3n del juego.<\/p>\n<p><strong>Especificaci\u00f3n:<\/strong><br \/>\nColor: personalizado<br \/>\nTama\u00f1o: 640x225x65mm<br \/>\nMaterial: Metal+Pl\u00e1stico<br \/>\nInterfaz de usuario: VGA HDMI USB<br \/>\nPotencia: 100W<br \/>\nTensi\u00f3n 110V<br \/>\nApto para: TV LCD\/Ordenador de sobremesa\/PC Juego<\/p>\n<p><strong>El paquete incluye:<\/strong><br \/>\n1x Arcade Gamepad<br \/>\n2 botones<br \/>\n1 adaptador de 12 V<br \/>\n1x Cable de datos VGA de 3 metros<br \/>\n1x Cable de datos HDMI de 3 metros<br \/>\n1x Manual en ingl\u00e9s<\/p>\n<\/div>\n<\/section>\n<div class=\"av-special-heading av-special-heading-h3 blockquote modern-quote avia-builder-el-14 el_after_av_textblock el_before_av_hr \" style=\"padding-bottom: 10px;\">\n<h3 class=\"av-special-heading-tag \"><\/h3>\n<\/div>\n","protected":false},"excerpt":{"rendered":"<p>Disfruta de todos los juegos con los que creciste. Esta m\u00e1quina tiene casi todos los juegos cl\u00e1sicos de arcade de los a\u00f1os 80 y 90. Conecta y juega a juegos como Street Fighter, Metal Slug Series, Golden Tee, los Simpsons y muchos m\u00e1s.<\/p>\n","protected":false},"featured_media":7477,"template":"","meta":{"om_disable_all_campaigns":false,"_monsterinsights_skip_tracking":false,"_monsterinsights_sitenote_active":false,"_monsterinsights_sitenote_note":"","_monsterinsights_sitenote_category":0,"_uf_show_specific_survey":0,"_uf_disable_surveys":false},"product_cat":[322,321],"product_tag":[],"class_list":["post-6768","product","type-product","status-publish","has-post-thumbnail","hentry","product_cat-consola-de-juegos-pandora","product_cat-maquina-arcade-retro"],"yoast_head":"<!-- This site is optimized with the Yoast SEO Premium plugin v15.5 - https:\/\/yoast.com\/wordpress\/plugins\/seo\/ -->\n<title>Consola de juegos de doble palo de metal ultra delgada - Bleegame<\/title>\n<meta name=\"robots\" content=\"index, follow, max-snippet:-1, max-image-preview:large, max-video-preview:-1\" \/>\n<link rel=\"canonical\" href=\"https:\/\/bleegame.com\/es\/producto\/consola-de-juegos-ultraplana-y-metalica-de-doble-palanca\/\" \/>\n<meta property=\"og:locale\" content=\"es_ES\" \/>\n<meta property=\"og:type\" content=\"article\" \/>\n<meta property=\"og:title\" content=\"Consola de juegos de doble palo de metal ultra delgada - Bleegame\" \/>\n<meta property=\"og:description\" content=\"Disfruta de todos los juegos con los que creciste. Esta m\u00e1quina tiene casi todos los juegos cl\u00e1sicos de arcade de los a\u00f1os 80 y 90. Conecta y juega a juegos como Street Fighter, Metal Slug Series, Golden Tee, los Simpsons y muchos m\u00e1s.\" \/>\n<meta property=\"og:url\" content=\"https:\/\/bleegame.com\/es\/producto\/consola-de-juegos-ultraplana-y-metalica-de-doble-palanca\/\" \/>\n<meta property=\"og:site_name\" content=\"Bleegame\" \/>\n<meta name=\"twitter:card\" content=\"summary_large_image\" \/>\n<meta name=\"twitter:label1\" content=\"Tiempo de lectura\">\n\t<meta name=\"twitter:data1\" content=\"2 minutos\">\n<script type=\"application\/ld+json\" class=\"yoast-schema-graph\">{\"@context\":\"https:\/\/schema.org\",\"@graph\":[{\"@type\":\"WebSite\",\"@id\":\"https:\/\/bleegame.com\/es\/#website\",\"url\":\"https:\/\/bleegame.com\/es\/\",\"name\":\"Bleegame\",\"description\":\"One-stop Amusement Coin Operated Games  Machine procurement center\",\"potentialAction\":[{\"@type\":\"SearchAction\",\"target\":\"https:\/\/bleegame.com\/es\/?s={search_term_string}\",\"query-input\":\"required name=search_term_string\"}],\"inLanguage\":\"es\"},{\"@type\":\"ImageObject\",\"@id\":\"https:\/\/bleegame.com\/es\/producto\/consola-de-juegos-ultraplana-y-metalica-de-doble-palanca\/#primaryimage\",\"inLanguage\":\"es\",\"url\":\"https:\/\/bleegame.com\/wp-content\/uploads\/2022\/07\/6-89.jpg\",\"width\":800,\"height\":800,\"caption\":\"pandora arcade game console\"},{\"@type\":\"WebPage\",\"@id\":\"https:\/\/bleegame.com\/es\/producto\/consola-de-juegos-ultraplana-y-metalica-de-doble-palanca\/#webpage\",\"url\":\"https:\/\/bleegame.com\/es\/producto\/consola-de-juegos-ultraplana-y-metalica-de-doble-palanca\/\",\"name\":\"Consola de juegos de doble palo de metal ultra delgada - Bleegame\",\"isPartOf\":{\"@id\":\"https:\/\/bleegame.com\/es\/#website\"},\"primaryImageOfPage\":{\"@id\":\"https:\/\/bleegame.com\/es\/producto\/consola-de-juegos-ultraplana-y-metalica-de-doble-palanca\/#primaryimage\"},\"datePublished\":\"2022-07-26T02:06:33+00:00\",\"dateModified\":\"2022-07-26T02:06:33+00:00\",\"breadcrumb\":{\"@id\":\"https:\/\/bleegame.com\/es\/producto\/consola-de-juegos-ultraplana-y-metalica-de-doble-palanca\/#breadcrumb\"},\"inLanguage\":\"es\",\"potentialAction\":[{\"@type\":\"ReadAction\",\"target\":[\"https:\/\/bleegame.com\/es\/producto\/consola-de-juegos-ultraplana-y-metalica-de-doble-palanca\/\"]}]},{\"@type\":\"BreadcrumbList\",\"@id\":\"https:\/\/bleegame.com\/es\/producto\/consola-de-juegos-ultraplana-y-metalica-de-doble-palanca\/#breadcrumb\",\"itemListElement\":[{\"@type\":\"ListItem\",\"position\":1,\"item\":{\"@type\":\"WebPage\",\"@id\":\"https:\/\/bleegame.com\/es\/producto\/\",\"url\":\"https:\/\/bleegame.com\/es\/producto\/\",\"name\":\"Producto\"}},{\"@type\":\"ListItem\",\"position\":2,\"item\":{\"@type\":\"WebPage\",\"@id\":\"https:\/\/bleegame.com\/es\/producto\/consola-de-juegos-ultraplana-y-metalica-de-doble-palanca\/\",\"url\":\"https:\/\/bleegame.com\/es\/producto\/consola-de-juegos-ultraplana-y-metalica-de-doble-palanca\/\",\"name\":\"Consola de juegos de doble palo de metal ultra delgada\"}}]}]}<\/script>\n<!-- \/ Yoast SEO Premium plugin. -->","_links":{"self":[{"href":"https:\/\/bleegame.com\/es\/wp-json\/wp\/v2\/product\/6768","targetHints":{"allow":["GET"]}}],"collection":[{"href":"https:\/\/bleegame.com\/es\/wp-json\/wp\/v2\/product"}],"about":[{"href":"https:\/\/bleegame.com\/es\/wp-json\/wp\/v2\/types\/product"}],"version-history":[{"count":0,"href":"https:\/\/bleegame.com\/es\/wp-json\/wp\/v2\/product\/6768\/revisions"}],"wp:featuredmedia":[{"embeddable":true,"href":"https:\/\/bleegame.com\/es\/wp-json\/wp\/v2\/media\/7477"}],"wp:attachment":[{"href":"https:\/\/bleegame.com\/es\/wp-json\/wp\/v2\/media?parent=6768"}],"wp:term":[{"taxonomy":"product_cat","embeddable":true,"href":"https:\/\/bleegame.com\/es\/wp-json\/wp\/v2\/product_cat?post=6768"},{"taxonomy":"product_tag","embeddable":true,"href":"https:\/\/bleegame.com\/es\/wp-json\/wp\/v2\/product_tag?post=6768"}],"curies":[{"name":"wp","href":"https:\/\/api.w.org\/{rel}","templated":true}]}}