{"id":6769,"date":"2022-07-26T02:06:32","date_gmt":"2022-07-26T02:06:32","guid":{"rendered":"https:\/\/bleegame.com\/product\/2199-juegos-multijugador-joystick-y-botones-consola-arcade\/"},"modified":"2022-07-26T02:06:32","modified_gmt":"2022-07-26T02:06:32","slug":"2199-juegos-multijugador-joystick-y-botones-arcade-consola","status":"publish","type":"product","link":"https:\/\/bleegame.com\/es\/producto\/2199-juegos-multijugador-joystick-y-botones-arcade-consola\/","title":{"rendered":"2199 juegos Multijugador Joystick y Botones Consola Arcade"},"content":{"rendered":"<div class=\"special-heading-border\">\n<div class=\"special-heading-inner-border\"><\/div>\n<\/div>\n<\/div>\n<div style=\"  margin-top:; margin-bottom:;\" class=\"hr hr-custom hr-center hr-icon-no avia-builder-el-12 el_after_av_heading el_before_av_textblock \"><span class=\"hr-inner inner-border-av-border-thin\" style=\"  width:1550px;\"><span class=\"hr-inner-style\"><\/span><\/span><\/div>\n<section class=\"av_textblock_section \" itemscope=\"itemscope\" itemtype=\"https:\/\/schema.org\/CreativeWork\">\n<div class=\"avia_textblock \" itemprop=\"text\">\n<p><strong>[Newest System Version]:<\/strong> Pandora&#8217;s Box 9D viene con 2199 juegos de arcade que te har\u00e1n recordar tu infancia con tu amigo, tu familia y cualquier persona. Tiene una Cpu Gpu m\u00e1s r\u00e1pida con ventilador de refrigeraci\u00f3n. No es necesario descargar, no es necesario reiniciar y te traer\u00e1 la sensaci\u00f3n de un verdadero juego de arcade.<br \/><strong>[Full HD &#038; Perfect Color Saturation]:<\/strong> Las salidas HDMI y VGA permiten conectar la mayor\u00eda de los dispositivos (monitor de PC, TV, proyector, etc.). Con im\u00e1genes de alta definici\u00f3n y una gran calidad de sonido, una buena experiencia de control del juego, as\u00ed como un rendimiento estable. La resoluci\u00f3n de salida de la Caja de Pandora 9D es un 48% m\u00e1s clara que la de otras versiones de la Caja de Pandora. F\u00e1cil de usar, plug and play, con manual en ingl\u00e9s.<br \/><strong>[Family Aarcade System]:<\/strong> Pandora&#8217;s Box 9D utiliza un sistema de arcade familiar que podr\u00eda llevarle f\u00e1cilmente a un mundo de arcade propio. Admite que dos jugadores disfruten de los juegos al mismo tiempo, lo que podr\u00eda dar a los usuarios una experiencia arcade real.<br \/><strong>[Favourite List and Customize Classification]:<\/strong> Con la funci\u00f3n de lista de favoritos, puedes a\u00f1adir tus juegos favoritos a la \u00ablista de juegos favoritos\u00bb que se muestra en la p\u00e1gina de inicio, para que puedas encontrarlos m\u00e1s r\u00e1pidamente y ahorrar m\u00e1s tiempo para jugar a tus juegos deseados. Puede seleccionar los juegos seg\u00fan el tipo de juegos, como los de lucha, disparos, acci\u00f3n, deportes, tipo rompecabezas, etc., as\u00ed como el orden alfab\u00e9tico de la letra may\u00fascula del nombre del juego.<\/p>\n<p><strong>Caracter\u00edsticas:<\/strong><br \/>2199 Juegos<\/p>\n<p>La caja de Pandora 9D tiene REALMENTE 2199 juegos retro, y hay algunos juegos que tienen diferentes versiones de juego. Le recomendamos que se ponga en contacto con nosotros para conocer la lista completa de juegos antes de hacer un pedido.<\/p>\n<p>La interfaz m\u00e1s nueva<br \/>Con la interfaz m\u00e1s nueva, la salida de 1280\u00d7720 HDMI y VGA de definici\u00f3n completa, los usuarios pueden tener una mejor experiencia.<\/p>\n<p>Alta calidad y mayor estabilidad<br \/>El stick arcade tiene un buen peso, se ilumina de diferentes colores y se siente bastante s\u00f3lido y el sonido se reproduce a trav\u00e9s de la consola y el cable HDMI y se puede optar por utilizar el sonido de la consola si se necesita mantener el volumen bajo.La caja de Pandora 9D se configura con la funci\u00f3n de pausa del juego y su sistema es m\u00e1s estable que la versi\u00f3n anterior.<\/p>\n<p>Lista de juegos inteligentes<br \/>Puedes a\u00f1adir tus juegos favoritos a la \u00abLista de juegos favoritos\u00bb que aparece en la p\u00e1gina de inicio, para encontrarlos m\u00e1s r\u00e1pidamente. Adem\u00e1s, la lista de juegos est\u00e1 ordenada alfab\u00e9ticamente, (si no puedes a\u00f1adir juegos a la \u00ablista de juegos favoritos\u00bb, no dudes en hablar con nosotros).<\/p>\n<p>Personalizar la funci\u00f3n de los botones<br \/>Para ofrecer a los usuarios una mejor experiencia de juego, hemos introducido esta funci\u00f3n de personalizaci\u00f3n de botones. Los jugadores pueden ajustar la definici\u00f3n\/el orden de los botones para lo que quieran.<\/p>\n<p>Se utiliza como joystick<br \/>Puedes conectar la videoconsola y el PC como un joystick externo.<\/p>\n<p>Paquete incluido:<br \/>1x Consola de juegos Arcade<br \/>2 botones de repuesto<br \/>1 adaptador de corriente de 12 V<br \/>1x Cable VGAcuando se encuentra con el problema.<\/p>\n<\/div>\n<\/section>\n<div style=\"padding-bottom:10px;  \" class=\"av-special-heading av-special-heading-h3 blockquote modern-quote avia-builder-el-14 el_after_av_textblock el_before_av_hr \">\n<h3 class=\"av-special-heading-tag \" itemprop=\"headline\">V\u00eddeo<\/h3>\n<div class=\"special-heading-border\">\n<div class=\"special-heading-inner-border\"><\/div>\n<\/div>\n<\/div>\n<div style=\"  margin-top:; margin-bottom:;\" class=\"hr hr-custom hr-center hr-icon-no avia-builder-el-15 el_after_av_heading el_before_av_video \"><span class=\"hr-inner inner-border-av-border-thin\" style=\"  width:1550px;\"><span class=\"hr-inner-style\"><\/span><\/span><\/div>\n<div class=\"avia-video avia-video-16-9 av-lazyload-immediate av-lazyload-video-embed \" itemprop=\"video\" itemtype=\"https:\/\/schema.org\/VideoObject\" data-original_url=\"https:\/\/youtu.be\/j5i4KM2Ktg4\">\n<div class=\"avia-iframe-wrap\"><iframe title=\"2199 juegos Multijugador Joystick y Botones Consola Arcade\" width=\"1500\" height=\"844\" frameborder=\"0\" allow=\"accelerometer; autoplay; clipboard-write; encrypted-media; gyroscope; picture-in-picture\" allowfullscreen=\"\" src=\"https:\/\/www.youtube.com\/embed\/j5i4KM2Ktg4?feature=oembed&amp;autoplay=0&amp;loop=0&amp;controls=1&amp;mute=0\"><\/iframe><\/div>\n<p><\/script><\/p>\n<div class=\"av-click-to-play-overlay\">\n<div class=\"avia_playpause_icon\"><\/div>\n<\/div>\n<\/div>\n<div style='padding-bottom:10px; ' class='av-special-heading av-special-heading-h3 blockquote modern-quote avia-builder-el-17 el_after_av_video el_before_av_hr '>\n<h3 class='av-special-heading-tag ' itemprop=\"headline\">\n","protected":false},"excerpt":{"rendered":"<p>Vendemos una amplia gama de placas de juegos de arcade, PCB y kits de conversi\u00f3n para gabinetes de arcade que son el alma de un juego. La mayor\u00eda de las placas que vendemos han sido probadas y funcionan.Actualice su m\u00e1quina arcade con los \u00faltimos juegos y hardware con una de nuestras placas de juegos arcade o kits de conversi\u00f3n.<\/p>\n","protected":false},"featured_media":7549,"template":"","meta":{"om_disable_all_campaigns":false,"_monsterinsights_skip_tracking":false,"_monsterinsights_sitenote_active":false,"_monsterinsights_sitenote_note":"","_monsterinsights_sitenote_category":0,"_uf_show_specific_survey":0,"_uf_disable_surveys":false},"product_cat":[322,321],"product_tag":[],"class_list":["post-6769","product","type-product","status-publish","has-post-thumbnail","hentry","product_cat-consola-de-juegos-pandora","product_cat-maquina-arcade-retro"],"yoast_head":"<!-- This site is optimized with the Yoast SEO Premium plugin v15.5 - https:\/\/yoast.com\/wordpress\/plugins\/seo\/ -->\n<title>2199 juegos Multijugador Joystick y Botones Consola Arcade - Bleegame<\/title>\n<meta name=\"robots\" content=\"index, follow, max-snippet:-1, max-image-preview:large, max-video-preview:-1\" \/>\n<link rel=\"canonical\" href=\"https:\/\/bleegame.com\/es\/producto\/2199-juegos-multijugador-joystick-y-botones-arcade-consola\/\" \/>\n<meta property=\"og:locale\" content=\"es_ES\" \/>\n<meta property=\"og:type\" content=\"article\" \/>\n<meta property=\"og:title\" content=\"2199 juegos Multijugador Joystick y Botones Consola Arcade - Bleegame\" \/>\n<meta property=\"og:description\" content=\"Vendemos una amplia gama de placas de juegos de arcade, PCB y kits de conversi\u00f3n para gabinetes de arcade que son el alma de un juego. La mayor\u00eda de las placas que vendemos han sido probadas y funcionan.Actualice su m\u00e1quina arcade con los \u00faltimos juegos y hardware con una de nuestras placas de juegos arcade o kits de conversi\u00f3n.\" \/>\n<meta property=\"og:url\" content=\"https:\/\/bleegame.com\/es\/producto\/2199-juegos-multijugador-joystick-y-botones-arcade-consola\/\" \/>\n<meta property=\"og:site_name\" content=\"Bleegame\" \/>\n<meta name=\"twitter:card\" content=\"summary_large_image\" \/>\n<meta name=\"twitter:label1\" content=\"Tiempo de lectura\">\n\t<meta name=\"twitter:data1\" content=\"2 minutos\">\n<script type=\"application\/ld+json\" class=\"yoast-schema-graph\">{\"@context\":\"https:\/\/schema.org\",\"@graph\":[{\"@type\":\"WebSite\",\"@id\":\"https:\/\/bleegame.com\/es\/#website\",\"url\":\"https:\/\/bleegame.com\/es\/\",\"name\":\"Bleegame\",\"description\":\"One-stop Amusement Coin Operated Games  Machine procurement center\",\"potentialAction\":[{\"@type\":\"SearchAction\",\"target\":\"https:\/\/bleegame.com\/es\/?s={search_term_string}\",\"query-input\":\"required name=search_term_string\"}],\"inLanguage\":\"es\"},{\"@type\":\"ImageObject\",\"@id\":\"https:\/\/bleegame.com\/es\/producto\/2199-juegos-multijugador-joystick-y-botones-arcade-consola\/#primaryimage\",\"inLanguage\":\"es\",\"url\":\"https:\/\/bleegame.com\/wp-content\/uploads\/2022\/07\/4Jb-3.jpg\",\"width\":800,\"height\":800,\"caption\":\"game console arcade\"},{\"@type\":\"WebPage\",\"@id\":\"https:\/\/bleegame.com\/es\/producto\/2199-juegos-multijugador-joystick-y-botones-arcade-consola\/#webpage\",\"url\":\"https:\/\/bleegame.com\/es\/producto\/2199-juegos-multijugador-joystick-y-botones-arcade-consola\/\",\"name\":\"2199 juegos Multijugador Joystick y Botones Consola Arcade - Bleegame\",\"isPartOf\":{\"@id\":\"https:\/\/bleegame.com\/es\/#website\"},\"primaryImageOfPage\":{\"@id\":\"https:\/\/bleegame.com\/es\/producto\/2199-juegos-multijugador-joystick-y-botones-arcade-consola\/#primaryimage\"},\"datePublished\":\"2022-07-26T02:06:32+00:00\",\"dateModified\":\"2022-07-26T02:06:32+00:00\",\"breadcrumb\":{\"@id\":\"https:\/\/bleegame.com\/es\/producto\/2199-juegos-multijugador-joystick-y-botones-arcade-consola\/#breadcrumb\"},\"inLanguage\":\"es\",\"potentialAction\":[{\"@type\":\"ReadAction\",\"target\":[\"https:\/\/bleegame.com\/es\/producto\/2199-juegos-multijugador-joystick-y-botones-arcade-consola\/\"]}]},{\"@type\":\"BreadcrumbList\",\"@id\":\"https:\/\/bleegame.com\/es\/producto\/2199-juegos-multijugador-joystick-y-botones-arcade-consola\/#breadcrumb\",\"itemListElement\":[{\"@type\":\"ListItem\",\"position\":1,\"item\":{\"@type\":\"WebPage\",\"@id\":\"https:\/\/bleegame.com\/es\/producto\/\",\"url\":\"https:\/\/bleegame.com\/es\/producto\/\",\"name\":\"Producto\"}},{\"@type\":\"ListItem\",\"position\":2,\"item\":{\"@type\":\"WebPage\",\"@id\":\"https:\/\/bleegame.com\/es\/producto\/2199-juegos-multijugador-joystick-y-botones-arcade-consola\/\",\"url\":\"https:\/\/bleegame.com\/es\/producto\/2199-juegos-multijugador-joystick-y-botones-arcade-consola\/\",\"name\":\"2199 juegos Multijugador Joystick y Botones Consola Arcade\"}}]}]}<\/script>\n<!-- \/ Yoast SEO Premium plugin. -->","_links":{"self":[{"href":"https:\/\/bleegame.com\/es\/wp-json\/wp\/v2\/product\/6769","targetHints":{"allow":["GET"]}}],"collection":[{"href":"https:\/\/bleegame.com\/es\/wp-json\/wp\/v2\/product"}],"about":[{"href":"https:\/\/bleegame.com\/es\/wp-json\/wp\/v2\/types\/product"}],"version-history":[{"count":0,"href":"https:\/\/bleegame.com\/es\/wp-json\/wp\/v2\/product\/6769\/revisions"}],"wp:featuredmedia":[{"embeddable":true,"href":"https:\/\/bleegame.com\/es\/wp-json\/wp\/v2\/media\/7549"}],"wp:attachment":[{"href":"https:\/\/bleegame.com\/es\/wp-json\/wp\/v2\/media?parent=6769"}],"wp:term":[{"taxonomy":"product_cat","embeddable":true,"href":"https:\/\/bleegame.com\/es\/wp-json\/wp\/v2\/product_cat?post=6769"},{"taxonomy":"product_tag","embeddable":true,"href":"https:\/\/bleegame.com\/es\/wp-json\/wp\/v2\/product_tag?post=6769"}],"curies":[{"name":"wp","href":"https:\/\/api.w.org\/{rel}","templated":true}]}}