{"id":6772,"date":"2022-07-26T02:06:26","date_gmt":"2022-07-26T02:06:26","guid":{"rendered":"https:\/\/bleegame.com\/product\/3000-516-en-1-consola-trackball-dx-de-pandora\/"},"modified":"2022-07-26T02:06:26","modified_gmt":"2022-07-26T02:06:26","slug":"3000-516-in-1-pandora-dx-trackball-console-2","status":"publish","type":"product","link":"https:\/\/bleegame.com\/es\/producto\/3000-516-in-1-pandora-dx-trackball-console-2\/","title":{"rendered":"3000\/516 en 1 Consola Trackball DX de pandora"},"content":{"rendered":"<div class=\"special-heading-border\">\n<div class=\"special-heading-inner-border\"><\/div>\n<\/div>\n<div class=\"hr hr-custom hr-center hr-icon-no avia-builder-el-12 el_after_av_heading el_before_av_textblock \"><\/div>\n<section class=\"av_textblock_section \">\n<div class=\"avia_textblock \">\n<p>Consola Pandora Box DX 3000 en 1. Ahora puedes a\u00f1adir f\u00e1cilmente FBA MAME PS1 SFC SNES FC MD<\/p>\n<p>C Consola arcade de calidad con una base de metal pesado completa<br \/>\nC Conexi\u00f3n a cualquier TV\/Monitor mediante cable HDMI o VGA (incluido)<br \/>\nC Pandoras Box DX preinstalado con 3000 juegos<br \/>\nC Joysticks y botones de alta calidad para 1 o 2 jugadores<br \/>\nC Tiempos de carga r\u00e1pidos<br \/>\nC Amplio men\u00fa con vistas al juego<br \/>\nC Modo de monedas o juego libre<br \/>\nC Salida est\u00e1ndar o de alta resoluci\u00f3n<br \/>\nC Dise\u00f1o de rejilla profesional<br \/>\nC Emulaci\u00f3n perfecta de arcade<\/p>\n<p>Caracter\u00edsticas:<\/p>\n<p>1.\u00a1Cambio de 3000 horizontal a 516 vertical!!<br \/>\n2.Los archivos del juego ya est\u00e1n instalados, no es necesario descargarlos<br \/>\n3.Support juegos 3d, 34 juegos 3d, el usuario puede a\u00f1adir m\u00e1s)<br \/>\n4.Soporta a\u00f1adir el juego FBA\/MAME\/PS1\/SFC\/SNES\/FC Mega Drive<br \/>\n5.Soporta juegos 3P\/4P (103 juegos 3p\/4p incluidos)<br \/>\n6.Resoluci\u00f3n:1280 x 720p\/ 640 x 480p<br \/>\n7.Funci\u00f3n de pausa: se puede pausar el modo libre y el modo moneda<br \/>\n8.Funci\u00f3n de guardar el progreso del juego<br \/>\n9.R\u00e9cord de puntuaci\u00f3n<br \/>\n10.A\u00f1adir la funci\u00f3n de l\u00ednea de escaneo (la p\u00e1gina de ajuste puede elegir abrir)<br \/>\n11.Cambio de idioma: ingl\u00e9s\/ coreano\/ espa\u00f1ol<br \/>\n12.Interfaz USB (utiliza el disco U para a\u00f1adir juegos)<br \/>\n13.Funci\u00f3n de clasificaci\u00f3n de juegos<br \/>\n14.Funci\u00f3n de interruptor de pel\u00edcula de inicio<br \/>\n15.Funci\u00f3n de conmutaci\u00f3n de altavoces incorporada<br \/>\n16.Funci\u00f3n de disparo continuo<br \/>\n17.Salida HDMI VGA (cuando se insertan HDMI y VGA al mismo tiempo, s\u00f3lo sale la se\u00f1al HDMI)<br \/>\n18.Funci\u00f3n personalizada de los botones (soporte para establecer la secuencia de 8 botones, establecer cualquier n\u00famero de botones para guardar)<\/p>\n<p><noscript><img fetchpriority=\"high\" decoding=\"async\" class=\"alignnone size-full wp-image-16628\" src=\"https:\/\/www.bleegame.com\/wp-content\/uploads\/2022\/02\/track-console.jpg\" alt=\"\" width=\"750\" height=\"546\" srcset=\"https:\/\/www.bleegame.com\/wp-content\/uploads\/2022\/02\/track-console.jpg 750w, https:\/\/www.bleegame.com\/wp-content\/uploads\/2022\/02\/track-console-300x218.jpg 300w, https:\/\/www.bleegame.com\/wp-content\/uploads\/2022\/02\/track-console-705x513.jpg 705w\" sizes=\"(max-width: 750px) 100vw, 750px\"><\/noscript><\/p>\n<\/div>\n<\/section>\n<div class=\"av-special-heading av-special-heading-h3 blockquote modern-quote avia-builder-el-14 el_after_av_textblock el_before_av_hr \" style=\"padding-bottom: 10px;\">\n<h3 class=\"av-special-heading-tag \">V\u00eddeo<\/h3>\n<div class=\"special-heading-border\">\n<div class=\"special-heading-inner-border\"><\/div>\n<\/div>\n<\/div>\n<div class=\"hr hr-custom hr-center hr-icon-no avia-builder-el-15 el_after_av_heading el_before_av_video \"><\/div>\n<div class=\"avia-video avia-video-16-9 av-lazyload-immediate av-lazyload-video-embed \" data-original_url=\"https:\/\/www.youtube.com\/watch?v=zHVHEAy9qyE&amp;feature=emb_imp_woyt\">\n<div class=\"avia-iframe-wrap\"><iframe title=\"Caja de juegos Pandora Dx Arcade Jamma Pcb 3000 en 1 Juego Con Control de Trackball\" src=\"https:\/\/www.youtube.com\/embed\/zHVHEAy9qyE?feature=oembed&amp;autoplay=0&amp;loop=0&amp;controls=1&amp;mute=0\" width=\"1500\" height=\"844\" frameborder=\"0\" allowfullscreen=\"allowfullscreen\"><\/iframe><\/div>\n<p>&nbsp;<\/p>\n<div class=\"av-click-to-play-overlay\">\n<div class=\"avia_playpause_icon\"><\/div>\n<\/div>\n<\/div>\n<div class=\"av-special-heading av-special-heading-h3 blockquote modern-quote avia-builder-el-17 el_after_av_video el_before_av_hr \" style=\"padding-bottom: 10px;\">\n<h3 class=\"av-special-heading-tag \"><\/h3>\n<\/div>\n","protected":false},"excerpt":{"rendered":"<p>Vendemos una amplia gama de placas de juegos de arcade, PCB y kits de conversi\u00f3n para gabinetes de arcade que son el alma de un juego. La mayor\u00eda de las placas que vendemos han sido probadas y funcionan.Actualice su m\u00e1quina arcade con los \u00faltimos juegos y hardware con una de nuestras placas de juegos arcade o kits de conversi\u00f3n.<\/p>\n","protected":false},"featured_media":5654,"template":"","meta":{"om_disable_all_campaigns":false,"_monsterinsights_skip_tracking":false,"_monsterinsights_sitenote_active":false,"_monsterinsights_sitenote_note":"","_monsterinsights_sitenote_category":0,"_uf_show_specific_survey":0,"_uf_disable_surveys":false},"product_cat":[322,321],"product_tag":[],"class_list":["post-6772","product","type-product","status-publish","has-post-thumbnail","hentry","product_cat-consola-de-juegos-pandora","product_cat-maquina-arcade-retro"],"yoast_head":"<!-- This site is optimized with the Yoast SEO Premium plugin v15.5 - https:\/\/yoast.com\/wordpress\/plugins\/seo\/ -->\n<title>3000\/516 en 1 Consola Trackball DX de pandora - Bleegame<\/title>\n<meta name=\"robots\" content=\"index, follow, max-snippet:-1, max-image-preview:large, max-video-preview:-1\" \/>\n<link rel=\"canonical\" href=\"https:\/\/bleegame.com\/es\/producto\/3000-516-in-1-pandora-dx-trackball-console-2\/\" \/>\n<meta property=\"og:locale\" content=\"es_ES\" \/>\n<meta property=\"og:type\" content=\"article\" \/>\n<meta property=\"og:title\" content=\"3000\/516 en 1 Consola Trackball DX de pandora - Bleegame\" \/>\n<meta property=\"og:description\" content=\"Vendemos una amplia gama de placas de juegos de arcade, PCB y kits de conversi\u00f3n para gabinetes de arcade que son el alma de un juego. La mayor\u00eda de las placas que vendemos han sido probadas y funcionan.Actualice su m\u00e1quina arcade con los \u00faltimos juegos y hardware con una de nuestras placas de juegos arcade o kits de conversi\u00f3n.\" \/>\n<meta property=\"og:url\" content=\"https:\/\/bleegame.com\/es\/producto\/3000-516-in-1-pandora-dx-trackball-console-2\/\" \/>\n<meta property=\"og:site_name\" content=\"Bleegame\" \/>\n<meta property=\"og:image\" content=\"https:\/\/www.bleegame.com\/wp-content\/uploads\/2022\/02\/track-console.jpg\" \/>\n<meta name=\"twitter:card\" content=\"summary_large_image\" \/>\n<meta name=\"twitter:label1\" content=\"Tiempo de lectura\">\n\t<meta name=\"twitter:data1\" content=\"1 minuto\">\n<script type=\"application\/ld+json\" class=\"yoast-schema-graph\">{\"@context\":\"https:\/\/schema.org\",\"@graph\":[{\"@type\":\"WebSite\",\"@id\":\"https:\/\/bleegame.com\/es\/#website\",\"url\":\"https:\/\/bleegame.com\/es\/\",\"name\":\"Bleegame\",\"description\":\"One-stop Amusement Coin Operated Games  Machine procurement center\",\"potentialAction\":[{\"@type\":\"SearchAction\",\"target\":\"https:\/\/bleegame.com\/es\/?s={search_term_string}\",\"query-input\":\"required name=search_term_string\"}],\"inLanguage\":\"es\"},{\"@type\":\"ImageObject\",\"@id\":\"https:\/\/bleegame.com\/es\/producto\/3000-516-in-1-pandora-dx-trackball-console-2\/#primaryimage\",\"inLanguage\":\"es\",\"url\":\"https:\/\/bleegame.com\/wp-content\/uploads\/2022\/07\/zhutu3-1.jpg\",\"width\":800,\"height\":800},{\"@type\":\"WebPage\",\"@id\":\"https:\/\/bleegame.com\/es\/producto\/3000-516-in-1-pandora-dx-trackball-console-2\/#webpage\",\"url\":\"https:\/\/bleegame.com\/es\/producto\/3000-516-in-1-pandora-dx-trackball-console-2\/\",\"name\":\"3000\/516 en 1 Consola Trackball DX de pandora - Bleegame\",\"isPartOf\":{\"@id\":\"https:\/\/bleegame.com\/es\/#website\"},\"primaryImageOfPage\":{\"@id\":\"https:\/\/bleegame.com\/es\/producto\/3000-516-in-1-pandora-dx-trackball-console-2\/#primaryimage\"},\"datePublished\":\"2022-07-26T02:06:26+00:00\",\"dateModified\":\"2022-07-26T02:06:26+00:00\",\"breadcrumb\":{\"@id\":\"https:\/\/bleegame.com\/es\/producto\/3000-516-in-1-pandora-dx-trackball-console-2\/#breadcrumb\"},\"inLanguage\":\"es\",\"potentialAction\":[{\"@type\":\"ReadAction\",\"target\":[\"https:\/\/bleegame.com\/es\/producto\/3000-516-in-1-pandora-dx-trackball-console-2\/\"]}]},{\"@type\":\"BreadcrumbList\",\"@id\":\"https:\/\/bleegame.com\/es\/producto\/3000-516-in-1-pandora-dx-trackball-console-2\/#breadcrumb\",\"itemListElement\":[{\"@type\":\"ListItem\",\"position\":1,\"item\":{\"@type\":\"WebPage\",\"@id\":\"https:\/\/bleegame.com\/es\/producto\/\",\"url\":\"https:\/\/bleegame.com\/es\/producto\/\",\"name\":\"Producto\"}},{\"@type\":\"ListItem\",\"position\":2,\"item\":{\"@type\":\"WebPage\",\"@id\":\"https:\/\/bleegame.com\/es\/producto\/3000-516-in-1-pandora-dx-trackball-console-2\/\",\"url\":\"https:\/\/bleegame.com\/es\/producto\/3000-516-in-1-pandora-dx-trackball-console-2\/\",\"name\":\"3000\/516 en 1 Consola Trackball DX de pandora\"}}]}]}<\/script>\n<!-- \/ Yoast SEO Premium plugin. -->","_links":{"self":[{"href":"https:\/\/bleegame.com\/es\/wp-json\/wp\/v2\/product\/6772","targetHints":{"allow":["GET"]}}],"collection":[{"href":"https:\/\/bleegame.com\/es\/wp-json\/wp\/v2\/product"}],"about":[{"href":"https:\/\/bleegame.com\/es\/wp-json\/wp\/v2\/types\/product"}],"version-history":[{"count":0,"href":"https:\/\/bleegame.com\/es\/wp-json\/wp\/v2\/product\/6772\/revisions"}],"wp:featuredmedia":[{"embeddable":true,"href":"https:\/\/bleegame.com\/es\/wp-json\/wp\/v2\/media\/5654"}],"wp:attachment":[{"href":"https:\/\/bleegame.com\/es\/wp-json\/wp\/v2\/media?parent=6772"}],"wp:term":[{"taxonomy":"product_cat","embeddable":true,"href":"https:\/\/bleegame.com\/es\/wp-json\/wp\/v2\/product_cat?post=6772"},{"taxonomy":"product_tag","embeddable":true,"href":"https:\/\/bleegame.com\/es\/wp-json\/wp\/v2\/product_tag?post=6772"}],"curies":[{"name":"wp","href":"https:\/\/api.w.org\/{rel}","templated":true}]}}