{"id":6773,"date":"2022-07-26T02:06:33","date_gmt":"2022-07-26T02:06:33","guid":{"rendered":"https:\/\/bleegame.com\/product\/jugador-1p-2p-boton-arcade-iluminado-cromado\/"},"modified":"2022-07-26T02:06:33","modified_gmt":"2022-07-26T02:06:33","slug":"1p-2p-player-chrome-illuminated-arcade-button-2-2","status":"publish","type":"product","link":"https:\/\/bleegame.com\/es\/producto\/1p-2p-player-chrome-illuminated-arcade-button-2-2\/","title":{"rendered":"Jugador 1P\/2P Bot\u00f3n Arcade Iluminado Cromado"},"content":{"rendered":"<div class=\"special-heading-border\">\n<div class=\"special-heading-inner-border\"><\/div>\n<\/div>\n<\/div>\n<div style=\"  margin-top:; margin-bottom:;\" class=\"hr hr-custom hr-center hr-icon-no avia-builder-el-13 el_after_av_heading el_before_av_textblock \"><span class=\"hr-inner inner-border-av-border-thin\" style=\"  width:1550px;\"><span class=\"hr-inner-style\"><\/span><\/span><\/div>\n<section class=\"av_textblock_section \" itemscope=\"itemscope\" itemtype=\"https:\/\/schema.org\/CreativeWork\">\n<div class=\"avia_textblock \" itemprop=\"text\">\n<p>D\u00e9le a su proyecto de arcade el factor sorpresa con este bot\u00f3n de arcade iluminado transl\u00facido de 30 mm con microinterruptor. Cada bot\u00f3n viene completo con un anillo de fijaci\u00f3n, un portabombillas, un espaciador, un microinterruptor y un LED de 12 V. Este bot\u00f3n encaja en un orificio de montaje est\u00e1ndar de 28-30 mm y cuenta con un borde de bajo perfil que est\u00e1 a s\u00f3lo 3,8 mm por encima de la superficie del panel cuando se monta.<\/p>\n<p><strong>Caracter\u00edsticas del producto:<\/strong><br \/>Agujero de montaje requerido: 24mm &#8211; 28mm<br \/>Di\u00e1metro total del bot\u00f3n a trav\u00e9s del \u00e9mbolo: 32mm<br \/>Profundidad m\u00e1xima del bot\u00f3n desde la parte superior del \u00e9mbolo hasta la parte inferior del microinterruptor: 65 mm<br \/>Fiabilidad del microinterruptor probada hasta 10.000.000 de ciclos<\/p>\n<p><strong>\u00bfQu\u00e9 incluye?<\/strong><br \/>1 x Bot\u00f3n cromado Ultralux<br \/>1 x Anillo de fijaci\u00f3n<br \/>1 x Portabombillas de bayoneta (terminales de 6,3 mm)<\/p>\n<p><strong>Informaci\u00f3n sobre el cableado:<\/strong><br \/>Estos botones requieren cables engarzados de 4,8 mm para su conexi\u00f3n.<br \/>1 hilo para la conexi\u00f3n a tierra (CO) y 1 hilo para la conexi\u00f3n de se\u00f1al (NO).<br \/>Estos botones requieren cables engarzados de 6,3 mm para su iluminaci\u00f3n.<br \/>1 cable para la conexi\u00f3n positiva y 1 cable para la conexi\u00f3n negativa<\/p>\n<\/div>\n<\/section>\n<div style=\"padding-bottom:10px;  \" class=\"av-special-heading av-special-heading-h3 blockquote modern-quote avia-builder-el-15 el_after_av_textblock el_before_av_hr \">\n<h3 class=\"av-special-heading-tag \" itemprop=\"headline\">V\u00eddeo<\/h3>\n<div class=\"special-heading-border\">\n<div class=\"special-heading-inner-border\"><\/div>\n<\/div>\n<\/div>\n<div style=\"  margin-top:; margin-bottom:;\" class=\"hr hr-custom hr-center hr-icon-no avia-builder-el-16 el_after_av_heading el_before_av_video \"><span class=\"hr-inner inner-border-av-border-thin\" style=\"  width:1550px;\"><span class=\"hr-inner-style\"><\/span><\/span><\/div>\n<div class=\"avia-video avia-video-16-9 av-lazyload-immediate av-lazyload-video-embed \" itemprop=\"video\" itemtype=\"https:\/\/schema.org\/VideoObject\" data-original_url=\"https:\/\/www.youtube.com\/watch?v=1YDKQagyJDo\">\n<div class=\"avia-iframe-wrap\"><iframe title=\"\u00bf\u00bf\u00bf\u00bf??? \u01b0? \u0165?\" width=\"1333\" height=\"1000\" frameborder=\"0\" allow=\"accelerometer; autoplay; clipboard-write; encrypted-media; gyroscope; picture-in-picture\" allowfullscreen=\"\" src=\"https:\/\/www.youtube.com\/embed\/1YDKQagyJDo?feature=oembed&amp;autoplay=0&amp;loop=0&amp;controls=1&amp;mute=0\"><\/iframe><\/div>\n<p><\/script><\/p>\n<div class=\"av-click-to-play-overlay\">\n<div class=\"avia_playpause_icon\"><\/div>\n<\/div>\n<\/div>\n<div style='padding-bottom:10px; ' class='av-special-heading av-special-heading-h3 blockquote modern-quote avia-builder-el-18 el_after_av_video el_before_av_hr '>\n<h3 class='av-special-heading-tag ' itemprop=\"headline\">\n","protected":false},"excerpt":{"rendered":"<p>Disponemos de una gama de botones de arcade, que son adecuados para diversos proyectos de m\u00e1quinas de arcade, uso comercial y proyectos acad\u00e9micos.<\/p>\n","protected":false},"featured_media":5623,"template":"","meta":{"om_disable_all_campaigns":false,"_monsterinsights_skip_tracking":false,"_monsterinsights_sitenote_active":false,"_monsterinsights_sitenote_note":"","_monsterinsights_sitenote_category":0,"_uf_show_specific_survey":0,"_uf_disable_surveys":false},"product_cat":[269,323],"product_tag":[],"class_list":["post-6773","product","type-product","status-publish","has-post-thumbnail","hentry","product_cat-botones-arcade","product_cat-botones-arcade-del-jugador"],"yoast_head":"<!-- This site is optimized with the Yoast SEO Premium plugin v15.5 - https:\/\/yoast.com\/wordpress\/plugins\/seo\/ -->\n<title>Jugador 1P\/2P Bot\u00f3n Arcade Iluminado Cromado - Bleegame<\/title>\n<meta name=\"robots\" content=\"index, follow, max-snippet:-1, max-image-preview:large, max-video-preview:-1\" \/>\n<link rel=\"canonical\" href=\"https:\/\/bleegame.com\/es\/producto\/1p-2p-player-chrome-illuminated-arcade-button-2-2\/\" \/>\n<meta property=\"og:locale\" content=\"es_ES\" \/>\n<meta property=\"og:type\" content=\"article\" \/>\n<meta property=\"og:title\" content=\"Jugador 1P\/2P Bot\u00f3n Arcade Iluminado Cromado - Bleegame\" \/>\n<meta property=\"og:description\" content=\"Disponemos de una gama de botones de arcade, que son adecuados para diversos proyectos de m\u00e1quinas de arcade, uso comercial y proyectos acad\u00e9micos.\" \/>\n<meta property=\"og:url\" content=\"https:\/\/bleegame.com\/es\/producto\/1p-2p-player-chrome-illuminated-arcade-button-2-2\/\" \/>\n<meta property=\"og:site_name\" content=\"Bleegame\" \/>\n<meta name=\"twitter:card\" content=\"summary_large_image\" \/>\n<meta name=\"twitter:label1\" content=\"Tiempo de lectura\">\n\t<meta name=\"twitter:data1\" content=\"1 minuto\">\n<script type=\"application\/ld+json\" class=\"yoast-schema-graph\">{\"@context\":\"https:\/\/schema.org\",\"@graph\":[{\"@type\":\"WebSite\",\"@id\":\"https:\/\/bleegame.com\/es\/#website\",\"url\":\"https:\/\/bleegame.com\/es\/\",\"name\":\"Bleegame\",\"description\":\"One-stop Amusement Coin Operated Games  Machine procurement center\",\"potentialAction\":[{\"@type\":\"SearchAction\",\"target\":\"https:\/\/bleegame.com\/es\/?s={search_term_string}\",\"query-input\":\"required name=search_term_string\"}],\"inLanguage\":\"es\"},{\"@type\":\"ImageObject\",\"@id\":\"https:\/\/bleegame.com\/es\/producto\/1p-2p-player-chrome-illuminated-arcade-button-2-2\/#primaryimage\",\"inLanguage\":\"es\",\"url\":\"https:\/\/bleegame.com\/wp-content\/uploads\/2022\/07\/17-7-1.jpg\",\"width\":800,\"height\":800},{\"@type\":\"WebPage\",\"@id\":\"https:\/\/bleegame.com\/es\/producto\/1p-2p-player-chrome-illuminated-arcade-button-2-2\/#webpage\",\"url\":\"https:\/\/bleegame.com\/es\/producto\/1p-2p-player-chrome-illuminated-arcade-button-2-2\/\",\"name\":\"Jugador 1P\/2P Bot\\u00f3n Arcade Iluminado Cromado - Bleegame\",\"isPartOf\":{\"@id\":\"https:\/\/bleegame.com\/es\/#website\"},\"primaryImageOfPage\":{\"@id\":\"https:\/\/bleegame.com\/es\/producto\/1p-2p-player-chrome-illuminated-arcade-button-2-2\/#primaryimage\"},\"datePublished\":\"2022-07-26T02:06:33+00:00\",\"dateModified\":\"2022-07-26T02:06:33+00:00\",\"breadcrumb\":{\"@id\":\"https:\/\/bleegame.com\/es\/producto\/1p-2p-player-chrome-illuminated-arcade-button-2-2\/#breadcrumb\"},\"inLanguage\":\"es\",\"potentialAction\":[{\"@type\":\"ReadAction\",\"target\":[\"https:\/\/bleegame.com\/es\/producto\/1p-2p-player-chrome-illuminated-arcade-button-2-2\/\"]}]},{\"@type\":\"BreadcrumbList\",\"@id\":\"https:\/\/bleegame.com\/es\/producto\/1p-2p-player-chrome-illuminated-arcade-button-2-2\/#breadcrumb\",\"itemListElement\":[{\"@type\":\"ListItem\",\"position\":1,\"item\":{\"@type\":\"WebPage\",\"@id\":\"https:\/\/bleegame.com\/es\/producto\/\",\"url\":\"https:\/\/bleegame.com\/es\/producto\/\",\"name\":\"Producto\"}},{\"@type\":\"ListItem\",\"position\":2,\"item\":{\"@type\":\"WebPage\",\"@id\":\"https:\/\/bleegame.com\/es\/producto\/1p-2p-player-chrome-illuminated-arcade-button-2-2\/\",\"url\":\"https:\/\/bleegame.com\/es\/producto\/1p-2p-player-chrome-illuminated-arcade-button-2-2\/\",\"name\":\"Jugador 1P\/2P Bot\\u00f3n Arcade Iluminado Cromado\"}}]}]}<\/script>\n<!-- \/ Yoast SEO Premium plugin. -->","_links":{"self":[{"href":"https:\/\/bleegame.com\/es\/wp-json\/wp\/v2\/product\/6773","targetHints":{"allow":["GET"]}}],"collection":[{"href":"https:\/\/bleegame.com\/es\/wp-json\/wp\/v2\/product"}],"about":[{"href":"https:\/\/bleegame.com\/es\/wp-json\/wp\/v2\/types\/product"}],"version-history":[{"count":0,"href":"https:\/\/bleegame.com\/es\/wp-json\/wp\/v2\/product\/6773\/revisions"}],"wp:featuredmedia":[{"embeddable":true,"href":"https:\/\/bleegame.com\/es\/wp-json\/wp\/v2\/media\/5623"}],"wp:attachment":[{"href":"https:\/\/bleegame.com\/es\/wp-json\/wp\/v2\/media?parent=6773"}],"wp:term":[{"taxonomy":"product_cat","embeddable":true,"href":"https:\/\/bleegame.com\/es\/wp-json\/wp\/v2\/product_cat?post=6773"},{"taxonomy":"product_tag","embeddable":true,"href":"https:\/\/bleegame.com\/es\/wp-json\/wp\/v2\/product_tag?post=6773"}],"curies":[{"name":"wp","href":"https:\/\/api.w.org\/{rel}","templated":true}]}}