{"id":6774,"date":"2022-07-26T02:06:18","date_gmt":"2022-07-26T02:06:18","guid":{"rendered":"https:\/\/bleegame.com\/product\/3188-juegos-version-familiar-pandora-12-tablero-de-juego\/"},"modified":"2022-07-26T02:06:18","modified_gmt":"2022-07-26T02:06:18","slug":"3188-juegos-version-familia-pandora-12-juego-tablero","status":"publish","type":"product","link":"https:\/\/bleegame.com\/es\/producto\/3188-juegos-version-familia-pandora-12-juego-tablero\/","title":{"rendered":"3188 juegos versi\u00f3n familiar pandora 12 tablero de juego"},"content":{"rendered":"<div class=\"special-heading-border\">\n<div class=\"special-heading-inner-border\"><\/div>\n<\/div>\n<\/div>\n<div style=\"  margin-top:; margin-bottom:;\" class=\"hr hr-custom hr-center hr-icon-no avia-builder-el-12 el_after_av_heading el_before_av_textblock \"><span class=\"hr-inner inner-border-av-border-thin\" style=\"  width:1550px;\"><span class=\"hr-inner-style\"><\/span><\/span><\/div>\n<section class=\"av_textblock_section \" itemscope=\"itemscope\" itemtype=\"https:\/\/schema.org\/CreativeWork\">\n<div class=\"avia_textblock \" itemprop=\"text\">\n<p><strong>Caracter\u00edstica del producto:<\/strong><\/p>\n<ul>\n<li>Con el fin de garantizar el juego originalmente y para fortalecer la sensaci\u00f3n de funcionamiento de la r\u00e1pida y precisa.Mainboard viene con un cl\u00e1sico retro de todos los juegos de arcade. El juego est\u00e1 optimizado por varios desarrolladores de tecnolog\u00eda de hardware y software y ha pasado por la prueba de jugadores entusiastas de alto nivel.<\/li>\n<li>Este producto con calidad de imagen de optimizaci\u00f3n, es para cumplir con la era de alta definici\u00f3n de los requisitos de calidad.<\/li>\n<li>La salida de pantalla de la placa base tambi\u00e9n admite la salida de v\u00eddeo HD HDMI y la salida de v\u00eddeo de alta definici\u00f3n VGA, sin necesidad de adquirir un convertidor de v\u00eddeo adicional.<\/li>\n<li>La placa base tiene una tecla para suspender la funci\u00f3n<br \/>Chip de control incorporado, soporta la operaci\u00f3n de ps3\/pc(ordenador)\/XBOX360<\/li>\n<li>Consola con 8 +6 teclas, satisface plenamente las necesidades de todos los juegos.Una variedad de configuraci\u00f3n de los botones para su elecci\u00f3n, como la instalaci\u00f3n opcional del bot\u00f3n triple original y el balanc\u00edn triple original.<\/li>\n<\/ul>\n<p><strong>Cambia la resoluci\u00f3n de la pantalla:<\/strong><br \/>Para satisfacer las necesidades de m\u00e1s jugadores, este producto soporta exclusivamente tres idiomas y resoluci\u00f3n de pantalla: 1280*720, 1024*768, 640*480.El idioma depende de la versi\u00f3n espec\u00edfica, y cambiar\u00e1 con la resoluci\u00f3n, La salida por defecto es 1024*768.El jugador puede mantener pulsado el bot\u00f3n de ajuste en la placa base antes de encender la alimentaci\u00f3n, y soltar el bot\u00f3n de ajuste 3 segundos despu\u00e9s de encender la alimentaci\u00f3n para cambiar a la siguiente resoluci\u00f3n.<\/p>\n<\/div>\n<\/section>\n<div style=\"padding-bottom:10px;  \" class=\"av-special-heading av-special-heading-h3 blockquote modern-quote avia-builder-el-14 el_after_av_textblock el_before_av_hr \">\n<h3 class=\"av-special-heading-tag \" itemprop=\"headline\">V\u00eddeo<\/h3>\n<div class=\"special-heading-border\">\n<div class=\"special-heading-inner-border\"><\/div>\n<\/div>\n<\/div>\n<div style=\"  margin-top:; margin-bottom:;\" class=\"hr hr-custom hr-center hr-icon-no avia-builder-el-15 el_after_av_heading el_before_av_video \"><span class=\"hr-inner inner-border-av-border-thin\" style=\"  width:1550px;\"><span class=\"hr-inner-style\"><\/span><\/span><\/div>\n<div class=\"avia-video avia-video-16-9 av-lazyload-immediate av-lazyload-video-embed \" itemprop=\"video\" itemtype=\"https:\/\/schema.org\/VideoObject\" data-original_url=\"https:\/\/www.youtube.com\/watch?v=bITlhRd4Rzs\">\n<div class=\"avia-iframe-wrap\"><iframe title=\"?\u00b9\u2c66??12 3188 ??\u0365??\u0328???\u04e3?10M??\" width=\"1333\" height=\"1000\" frameborder=\"0\" allow=\"accelerometer; autoplay; clipboard-write; encrypted-media; gyroscope; picture-in-picture\" allowfullscreen=\"\" src=\"https:\/\/www.youtube.com\/embed\/bITlhRd4Rzs?feature=oembed&amp;autoplay=0&amp;loop=0&amp;controls=1&amp;mute=0\"><\/iframe><\/div>\n<p><\/script><\/p>\n<div class=\"av-click-to-play-overlay\">\n<div class=\"avia_playpause_icon\"><\/div>\n<\/div>\n<\/div>\n<div style='padding-bottom:10px; ' class='av-special-heading av-special-heading-h3 blockquote modern-quote avia-builder-el-17 el_after_av_video el_before_av_hr '>\n<h3 class='av-special-heading-tag ' itemprop=\"headline\">\n","protected":false},"excerpt":{"rendered":"<p>Vendemos una amplia gama de placas de juegos de arcade, PCB y kits de conversi\u00f3n para gabinetes de arcade que son el alma de un juego. La mayor\u00eda de las placas que vendemos han sido probadas y funcionan.Actualice su m\u00e1quina arcade con los \u00faltimos juegos y hardware con una de nuestras placas de juegos arcade o kits de conversi\u00f3n.<\/p>\n","protected":false},"featured_media":7732,"template":"","meta":{"om_disable_all_campaigns":false,"_monsterinsights_skip_tracking":false,"_monsterinsights_sitenote_active":false,"_monsterinsights_sitenote_note":"","_monsterinsights_sitenote_category":0,"_uf_show_specific_survey":0,"_uf_disable_surveys":false},"product_cat":[242,234],"product_tag":[],"class_list":["post-6774","product","type-product","status-publish","has-post-thumbnail","hentry","product_cat-tablero-de-juego-de-pandora","product_cat-tablero-de-juego-multiple"],"yoast_head":"<!-- This site is optimized with the Yoast SEO Premium plugin v15.5 - https:\/\/yoast.com\/wordpress\/plugins\/seo\/ -->\n<title>3188 juegos versi\u00f3n familiar pandora 12 tablero de juego - Bleegame<\/title>\n<meta name=\"robots\" content=\"index, follow, max-snippet:-1, max-image-preview:large, max-video-preview:-1\" \/>\n<link rel=\"canonical\" href=\"https:\/\/bleegame.com\/es\/producto\/3188-juegos-version-familia-pandora-12-juego-tablero\/\" \/>\n<meta property=\"og:locale\" content=\"es_ES\" \/>\n<meta property=\"og:type\" content=\"article\" \/>\n<meta property=\"og:title\" content=\"3188 juegos versi\u00f3n familiar pandora 12 tablero de juego - Bleegame\" \/>\n<meta property=\"og:description\" content=\"Vendemos una amplia gama de placas de juegos de arcade, PCB y kits de conversi\u00f3n para gabinetes de arcade que son el alma de un juego. La mayor\u00eda de las placas que vendemos han sido probadas y funcionan.Actualice su m\u00e1quina arcade con los \u00faltimos juegos y hardware con una de nuestras placas de juegos arcade o kits de conversi\u00f3n.\" \/>\n<meta property=\"og:url\" content=\"https:\/\/bleegame.com\/es\/producto\/3188-juegos-version-familia-pandora-12-juego-tablero\/\" \/>\n<meta property=\"og:site_name\" content=\"Bleegame\" \/>\n<meta name=\"twitter:card\" content=\"summary_large_image\" \/>\n<meta name=\"twitter:label1\" content=\"Tiempo de lectura\">\n\t<meta name=\"twitter:data1\" content=\"1 minuto\">\n<script type=\"application\/ld+json\" class=\"yoast-schema-graph\">{\"@context\":\"https:\/\/schema.org\",\"@graph\":[{\"@type\":\"WebSite\",\"@id\":\"https:\/\/bleegame.com\/es\/#website\",\"url\":\"https:\/\/bleegame.com\/es\/\",\"name\":\"Bleegame\",\"description\":\"One-stop Amusement Coin Operated Games  Machine procurement center\",\"potentialAction\":[{\"@type\":\"SearchAction\",\"target\":\"https:\/\/bleegame.com\/es\/?s={search_term_string}\",\"query-input\":\"required name=search_term_string\"}],\"inLanguage\":\"es\"},{\"@type\":\"ImageObject\",\"@id\":\"https:\/\/bleegame.com\/es\/producto\/3188-juegos-version-familia-pandora-12-juego-tablero\/#primaryimage\",\"inLanguage\":\"es\",\"url\":\"https:\/\/bleegame.com\/wp-content\/uploads\/2022\/07\/04-44.jpg\",\"width\":800,\"height\":800},{\"@type\":\"WebPage\",\"@id\":\"https:\/\/bleegame.com\/es\/producto\/3188-juegos-version-familia-pandora-12-juego-tablero\/#webpage\",\"url\":\"https:\/\/bleegame.com\/es\/producto\/3188-juegos-version-familia-pandora-12-juego-tablero\/\",\"name\":\"3188 juegos versi\\u00f3n familiar pandora 12 tablero de juego - Bleegame\",\"isPartOf\":{\"@id\":\"https:\/\/bleegame.com\/es\/#website\"},\"primaryImageOfPage\":{\"@id\":\"https:\/\/bleegame.com\/es\/producto\/3188-juegos-version-familia-pandora-12-juego-tablero\/#primaryimage\"},\"datePublished\":\"2022-07-26T02:06:18+00:00\",\"dateModified\":\"2022-07-26T02:06:18+00:00\",\"breadcrumb\":{\"@id\":\"https:\/\/bleegame.com\/es\/producto\/3188-juegos-version-familia-pandora-12-juego-tablero\/#breadcrumb\"},\"inLanguage\":\"es\",\"potentialAction\":[{\"@type\":\"ReadAction\",\"target\":[\"https:\/\/bleegame.com\/es\/producto\/3188-juegos-version-familia-pandora-12-juego-tablero\/\"]}]},{\"@type\":\"BreadcrumbList\",\"@id\":\"https:\/\/bleegame.com\/es\/producto\/3188-juegos-version-familia-pandora-12-juego-tablero\/#breadcrumb\",\"itemListElement\":[{\"@type\":\"ListItem\",\"position\":1,\"item\":{\"@type\":\"WebPage\",\"@id\":\"https:\/\/bleegame.com\/es\/producto\/\",\"url\":\"https:\/\/bleegame.com\/es\/producto\/\",\"name\":\"Producto\"}},{\"@type\":\"ListItem\",\"position\":2,\"item\":{\"@type\":\"WebPage\",\"@id\":\"https:\/\/bleegame.com\/es\/producto\/3188-juegos-version-familia-pandora-12-juego-tablero\/\",\"url\":\"https:\/\/bleegame.com\/es\/producto\/3188-juegos-version-familia-pandora-12-juego-tablero\/\",\"name\":\"3188 juegos versi\\u00f3n familiar pandora 12 tablero de juego\"}}]}]}<\/script>\n<!-- \/ Yoast SEO Premium plugin. -->","_links":{"self":[{"href":"https:\/\/bleegame.com\/es\/wp-json\/wp\/v2\/product\/6774","targetHints":{"allow":["GET"]}}],"collection":[{"href":"https:\/\/bleegame.com\/es\/wp-json\/wp\/v2\/product"}],"about":[{"href":"https:\/\/bleegame.com\/es\/wp-json\/wp\/v2\/types\/product"}],"version-history":[{"count":0,"href":"https:\/\/bleegame.com\/es\/wp-json\/wp\/v2\/product\/6774\/revisions"}],"wp:featuredmedia":[{"embeddable":true,"href":"https:\/\/bleegame.com\/es\/wp-json\/wp\/v2\/media\/7732"}],"wp:attachment":[{"href":"https:\/\/bleegame.com\/es\/wp-json\/wp\/v2\/media?parent=6774"}],"wp:term":[{"taxonomy":"product_cat","embeddable":true,"href":"https:\/\/bleegame.com\/es\/wp-json\/wp\/v2\/product_cat?post=6774"},{"taxonomy":"product_tag","embeddable":true,"href":"https:\/\/bleegame.com\/es\/wp-json\/wp\/v2\/product_tag?post=6774"}],"curies":[{"name":"wp","href":"https:\/\/api.w.org\/{rel}","templated":true}]}}