{"id":6776,"date":"2022-07-26T02:06:30","date_gmt":"2022-07-26T02:06:30","guid":{"rendered":"https:\/\/bleegame.com\/product\/caja-de-pandoras-cx-consola-de-juego-arcade-2800-en-1\/"},"modified":"2022-07-26T02:06:30","modified_gmt":"2022-07-26T02:06:30","slug":"pandoras-box-cx-arcade-game-console-2800-in-1-2","status":"publish","type":"product","link":"https:\/\/bleegame.com\/es\/producto\/pandoras-box-cx-arcade-game-console-2800-in-1-2\/","title":{"rendered":"Caja de Pandoras cx Consola de Juego Arcade 2800 en 1"},"content":{"rendered":"<div class=\"special-heading-border\">\n<div class=\"special-heading-inner-border\"><\/div>\n<\/div>\n<div class=\"hr hr-custom hr-center hr-icon-no avia-builder-el-12 el_after_av_heading el_before_av_textblock \"><\/div>\n<section class=\"av_textblock_section \">\n<div class=\"avia_textblock \">\n<p>Descripci\u00f3n:<br \/>\n1.Caja de Pandora cx 2800 HD Juegos Arcade Cl\u00e1sicos. Miles de juegos de arcade cl\u00e1sicos y retro.<br \/>\n2.Support VGA y HDMI y USB de salida, adecuado para TV \/ PC \/ PS3 \/ Xbox 3.360 \/ pantalla \/ monitor \/ proyector y as\u00ed sucesivamente<br \/>\n4.Puedes conectarlo a tu pantalla o televisor mediante un cable VGA o un cable HDMI.<br \/>\n5.\u00a1Super f\u00e1cil de usar! \u00a1S\u00f3lo Plug &amp; Play!<br \/>\n6.Funci\u00f3n de pausa mejorada, puede pausar o salir de los juegos en cualquier momento.<br \/>\n7.Soporta la entrada de 100-240V, \u00a1soporte universal!<br \/>\n8.\u00a1Proporcionamos un adaptador de corriente universal para cada m\u00e1quina!<br \/>\n9.Dise\u00f1o de caja met\u00e1lica ultrafina; placa acr\u00edlica duradera; chipset de primera clase; componente de marca Hareware.<\/p>\n<p>Especificaci\u00f3n:<br \/>\nMaterial: Metal+Acr\u00edlico<br \/>\nInterfaz de usuario: VGA HDMI AUX USB<br \/>\nAdecuado para: TV\/PC\/PS3\/Xbox 360\/Pantalla\/Monitor\/Proyector, etc.<\/p>\n<p>Detalle del tama\u00f1o:<br \/>\nTama\u00f1o de la consola Arcade: 25,1\u2033(L) x 8,9\u2033(W) x 5,3\u2033(H)<br \/>\nTama\u00f1o del paquete: 28\u2033(L) x 10.8\u2033(W) x 6.5\u2033(H)<\/p>\n<p>Paquete:<br \/>\n1 x 2800 en 1 Consola de Juego Arcade<br \/>\n1 x Adaptador de CA de 12 V<br \/>\n1 cable VGA<br \/>\n1 cable HDMI<br \/>\n1 cable USB 2.0<br \/>\n2 Pulsadores de 30MM para el recambio<br \/>\n1 x Manual de usuario<\/p>\n<\/div>\n<\/section>\n<div class=\"av-special-heading av-special-heading-h3 blockquote modern-quote avia-builder-el-14 el_after_av_textblock el_before_av_hr \" style=\"padding-bottom: 10px;\">\n<h3 class=\"av-special-heading-tag \">V\u00eddeo<\/h3>\n<div class=\"special-heading-border\">\n<div class=\"special-heading-inner-border\"><\/div>\n<\/div>\n<\/div>\n<div class=\"hr hr-custom hr-center hr-icon-no avia-builder-el-15 el_after_av_heading el_before_av_video \"><\/div>\n<div class=\"avia-video avia-video-16-9 av-lazyload-immediate av-lazyload-video-embed \" data-original_url=\"https:\/\/www.youtube.com\/watch?v=MAjo963R2H4\">\n<div class=\"avia-iframe-wrap\"><iframe title=\"juego arcade consola street fighter juego\" src=\"https:\/\/www.youtube.com\/embed\/MAjo963R2H4?feature=oembed&amp;autoplay=0&amp;loop=0&amp;controls=1&amp;mute=0\" width=\"1500\" height=\"844\" frameborder=\"0\" allowfullscreen=\"allowfullscreen\"><\/iframe><\/div>\n<p>&nbsp;<\/p>\n<div class=\"av-click-to-play-overlay\">\n<div class=\"avia_playpause_icon\"><\/div>\n<\/div>\n<\/div>\n<div class=\"av-special-heading av-special-heading-h3 blockquote modern-quote avia-builder-el-17 el_after_av_video el_before_av_hr \" style=\"padding-bottom: 10px;\">\n<h3 class=\"av-special-heading-tag \"><\/h3>\n<\/div>\n","protected":false},"excerpt":{"rendered":"<p>Vendemos una amplia gama de placas de juegos de arcade, PCB y kits de conversi\u00f3n para gabinetes de arcade que son el alma de un juego. La mayor\u00eda de las placas que vendemos han sido probadas y funcionan.Actualice su m\u00e1quina arcade con los \u00faltimos juegos y hardware con una de nuestras placas de juegos arcade o kits de conversi\u00f3n.<\/p>\n","protected":false},"featured_media":7595,"template":"","meta":{"om_disable_all_campaigns":false,"_monsterinsights_skip_tracking":false,"_monsterinsights_sitenote_active":false,"_monsterinsights_sitenote_note":"","_monsterinsights_sitenote_category":0,"_uf_show_specific_survey":0,"_uf_disable_surveys":false},"product_cat":[322,321],"product_tag":[],"class_list":["post-6776","product","type-product","status-publish","has-post-thumbnail","hentry","product_cat-consola-de-juegos-pandora","product_cat-maquina-arcade-retro"],"yoast_head":"<!-- This site is optimized with the Yoast SEO Premium plugin v15.5 - https:\/\/yoast.com\/wordpress\/plugins\/seo\/ -->\n<title>Caja de Pandoras cx Consola de Juego Arcade 2800 en 1 - Bleegame<\/title>\n<meta name=\"robots\" content=\"index, follow, max-snippet:-1, max-image-preview:large, max-video-preview:-1\" \/>\n<link rel=\"canonical\" href=\"https:\/\/bleegame.com\/es\/producto\/pandoras-box-cx-arcade-game-console-2800-in-1-2\/\" \/>\n<meta property=\"og:locale\" content=\"es_ES\" \/>\n<meta property=\"og:type\" content=\"article\" \/>\n<meta property=\"og:title\" content=\"Caja de Pandoras cx Consola de Juego Arcade 2800 en 1 - Bleegame\" \/>\n<meta property=\"og:description\" content=\"Vendemos una amplia gama de placas de juegos de arcade, PCB y kits de conversi\u00f3n para gabinetes de arcade que son el alma de un juego. La mayor\u00eda de las placas que vendemos han sido probadas y funcionan.Actualice su m\u00e1quina arcade con los \u00faltimos juegos y hardware con una de nuestras placas de juegos arcade o kits de conversi\u00f3n.\" \/>\n<meta property=\"og:url\" content=\"https:\/\/bleegame.com\/es\/producto\/pandoras-box-cx-arcade-game-console-2800-in-1-2\/\" \/>\n<meta property=\"og:site_name\" content=\"Bleegame\" \/>\n<meta name=\"twitter:card\" content=\"summary_large_image\" \/>\n<meta name=\"twitter:label1\" content=\"Tiempo de lectura\">\n\t<meta name=\"twitter:data1\" content=\"1 minuto\">\n<script type=\"application\/ld+json\" class=\"yoast-schema-graph\">{\"@context\":\"https:\/\/schema.org\",\"@graph\":[{\"@type\":\"WebSite\",\"@id\":\"https:\/\/bleegame.com\/es\/#website\",\"url\":\"https:\/\/bleegame.com\/es\/\",\"name\":\"Bleegame\",\"description\":\"One-stop Amusement Coin Operated Games  Machine procurement center\",\"potentialAction\":[{\"@type\":\"SearchAction\",\"target\":\"https:\/\/bleegame.com\/es\/?s={search_term_string}\",\"query-input\":\"required name=search_term_string\"}],\"inLanguage\":\"es\"},{\"@type\":\"ImageObject\",\"@id\":\"https:\/\/bleegame.com\/es\/producto\/pandoras-box-cx-arcade-game-console-2800-in-1-2\/#primaryimage\",\"inLanguage\":\"es\",\"url\":\"https:\/\/bleegame.com\/wp-content\/uploads\/2022\/07\/3-155.jpg\",\"width\":800,\"height\":800,\"caption\":\"2 plays arcade console machine\"},{\"@type\":\"WebPage\",\"@id\":\"https:\/\/bleegame.com\/es\/producto\/pandoras-box-cx-arcade-game-console-2800-in-1-2\/#webpage\",\"url\":\"https:\/\/bleegame.com\/es\/producto\/pandoras-box-cx-arcade-game-console-2800-in-1-2\/\",\"name\":\"Caja de Pandoras cx Consola de Juego Arcade 2800 en 1 - Bleegame\",\"isPartOf\":{\"@id\":\"https:\/\/bleegame.com\/es\/#website\"},\"primaryImageOfPage\":{\"@id\":\"https:\/\/bleegame.com\/es\/producto\/pandoras-box-cx-arcade-game-console-2800-in-1-2\/#primaryimage\"},\"datePublished\":\"2022-07-26T02:06:30+00:00\",\"dateModified\":\"2022-07-26T02:06:30+00:00\",\"breadcrumb\":{\"@id\":\"https:\/\/bleegame.com\/es\/producto\/pandoras-box-cx-arcade-game-console-2800-in-1-2\/#breadcrumb\"},\"inLanguage\":\"es\",\"potentialAction\":[{\"@type\":\"ReadAction\",\"target\":[\"https:\/\/bleegame.com\/es\/producto\/pandoras-box-cx-arcade-game-console-2800-in-1-2\/\"]}]},{\"@type\":\"BreadcrumbList\",\"@id\":\"https:\/\/bleegame.com\/es\/producto\/pandoras-box-cx-arcade-game-console-2800-in-1-2\/#breadcrumb\",\"itemListElement\":[{\"@type\":\"ListItem\",\"position\":1,\"item\":{\"@type\":\"WebPage\",\"@id\":\"https:\/\/bleegame.com\/es\/producto\/\",\"url\":\"https:\/\/bleegame.com\/es\/producto\/\",\"name\":\"Producto\"}},{\"@type\":\"ListItem\",\"position\":2,\"item\":{\"@type\":\"WebPage\",\"@id\":\"https:\/\/bleegame.com\/es\/producto\/pandoras-box-cx-arcade-game-console-2800-in-1-2\/\",\"url\":\"https:\/\/bleegame.com\/es\/producto\/pandoras-box-cx-arcade-game-console-2800-in-1-2\/\",\"name\":\"Caja de Pandoras cx Consola de Juego Arcade 2800 en 1\"}}]}]}<\/script>\n<!-- \/ Yoast SEO Premium plugin. -->","_links":{"self":[{"href":"https:\/\/bleegame.com\/es\/wp-json\/wp\/v2\/product\/6776","targetHints":{"allow":["GET"]}}],"collection":[{"href":"https:\/\/bleegame.com\/es\/wp-json\/wp\/v2\/product"}],"about":[{"href":"https:\/\/bleegame.com\/es\/wp-json\/wp\/v2\/types\/product"}],"version-history":[{"count":0,"href":"https:\/\/bleegame.com\/es\/wp-json\/wp\/v2\/product\/6776\/revisions"}],"wp:featuredmedia":[{"embeddable":true,"href":"https:\/\/bleegame.com\/es\/wp-json\/wp\/v2\/media\/7595"}],"wp:attachment":[{"href":"https:\/\/bleegame.com\/es\/wp-json\/wp\/v2\/media?parent=6776"}],"wp:term":[{"taxonomy":"product_cat","embeddable":true,"href":"https:\/\/bleegame.com\/es\/wp-json\/wp\/v2\/product_cat?post=6776"},{"taxonomy":"product_tag","embeddable":true,"href":"https:\/\/bleegame.com\/es\/wp-json\/wp\/v2\/product_tag?post=6776"}],"curies":[{"name":"wp","href":"https:\/\/api.w.org\/{rel}","templated":true}]}}