{"id":6777,"date":"2022-07-26T02:06:13","date_gmt":"2022-07-26T02:06:13","guid":{"rendered":"https:\/\/bleegame.com\/product\/3390-en-1-juego-pandora-14-tablero-de-juego-arcade\/"},"modified":"2022-07-26T02:06:13","modified_gmt":"2022-07-26T02:06:13","slug":"3390-in-1-game-pandora-14-arcade-game-board-2","status":"publish","type":"product","link":"https:\/\/bleegame.com\/es\/producto\/3390-in-1-game-pandora-14-arcade-game-board-2\/","title":{"rendered":"3390 en 1 juego pandora 14 tablero de juego arcade"},"content":{"rendered":"<div class=\"special-heading-border\">\n<div class=\"special-heading-inner-border\"><\/div>\n<\/div>\n<\/div>\n<div style=\"  margin-top:; margin-bottom:;\" class=\"hr hr-custom hr-center hr-icon-no avia-builder-el-12 el_after_av_heading el_before_av_textblock \"><span class=\"hr-inner inner-border-av-border-thin\" style=\"  width:1550px;\"><span class=\"hr-inner-style\"><\/span><\/span><\/div>\n<section class=\"av_textblock_section \" itemscope=\"itemscope\" itemtype=\"https:\/\/schema.org\/CreativeWork\">\n<div class=\"avia_textblock \" itemprop=\"text\">\n<p>\u00bfLa caja de Pandora? Versi\u00f3n Arcade &#8211; Salida HDMi, CRT y VGA &#8211; 3390 Grandes Juegos.<\/p>\n<p>La placa JAMMA 3390 in 1 Pandora&#8217;s Box Arcade Version cuenta con una impresionante selecci\u00f3n de juegos cl\u00e1sicos de arcade, incluyendo varias versiones de Street Fighter, King of Fighters, Golden Axe, Gorf, Los Simpsons, Ghouls &#8216;N&#8217; Ghosts, Double Dragon, Wonder Boy, R-Type, 1942, Pac-Man, Ms Pac-Man, Donkey Kong, Phoenix, Space Harrier, Track &#8216;N&#8217; Field y muchos muchos m\u00e1s&#8230; Esta placa puede reproducirse en CRT, VGA y HDMi en los televisores modernos y tambi\u00e9n tiene algunas caracter\u00edsticas interesantes, como la posibilidad de guardar la puntuaci\u00f3n m\u00e1s alta, la configuraci\u00f3n del generador de l\u00edneas de escaneo, el modo de tiempo de juego y la configuraci\u00f3n de la dificultad\/n\u00famero de vidas. El tablero tambi\u00e9n se puede configurar para que funcione con monedas y se puede activar el modo de tiempo de juego a trav\u00e9s de los ajustes. Tambi\u00e9n puede ajustarse a juego libre si es necesario.<\/p>\n<p><strong>Caracter\u00edsticas del producto<\/strong><\/p>\n<ul>\n<li>Versi\u00f3n dom\u00e9stica y versi\u00f3n arcade dos en 1.La versi\u00f3n dom\u00e9stica soporta la funci\u00f3n de pausa, archivo, leer el archivo y jugar de nuevo la pr\u00f3xima vez. La versi\u00f3n Arcade tiene un modo de facturaci\u00f3n basado en el tiempo y un modo de facturaci\u00f3n basado en las monedas.<\/li>\n<li>Soporta la b\u00fasqueda r\u00e1pida, la clasificaci\u00f3n del emulador, la clase de juego y el juego reciente.<\/li>\n<li>\u00a1Soporta el modo de manejo dedicado al juego 3D para restaurar la experiencia de juego m\u00e1s realista!<\/li>\n<li>La m\u00e1quina de apoyo se convierte en el modo de gamepad, soporta dos jugadores en l\u00ednea, soporta cualquier ajuste de posici\u00f3n 1p de la manija, y soporta 4 gamepad al mismo tiempo.<\/li>\n<li>Soporta el cambio de idioma (chino simplificado, chino tradicional, ingl\u00e9s, coreano, japon\u00e9s, espa\u00f1ol&#8230; puede a\u00f1adir otros idiomas)<\/li>\n<li>Soporta m\u00faltiples emuladores descargados por el usuario final de forma independiente.<\/li>\n<li>Soporta la funci\u00f3n de disparo continuo, la personalizaci\u00f3n de los botones, la l\u00ednea de exploraci\u00f3n, el modo de visualizaci\u00f3n normal y el modo de juego HD.<\/li>\n<\/ul>\n<\/div>\n<\/section>\n<div style=\"padding-bottom:10px;  \" class=\"av-special-heading av-special-heading-h3 blockquote modern-quote avia-builder-el-14 el_after_av_textblock el_before_av_hr \">\n<h3 class=\"av-special-heading-tag \" itemprop=\"headline\">V\u00eddeo<\/h3>\n<div class=\"special-heading-border\">\n<div class=\"special-heading-inner-border\"><\/div>\n<\/div>\n<\/div>\n<div style=\"  margin-top:; margin-bottom:;\" class=\"hr hr-custom hr-center hr-icon-no avia-builder-el-15 el_after_av_heading el_before_av_video \"><span class=\"hr-inner inner-border-av-border-thin\" style=\"  width:1550px;\"><span class=\"hr-inner-style\"><\/span><\/span><\/div>\n<div class=\"avia-video avia-video-16-9 av-lazyload-immediate av-lazyload-video-embed \" itemprop=\"video\" itemtype=\"https:\/\/schema.org\/VideoObject\" data-original_url=\"https:\/\/www.youtube.com\/watch?v=OXtare42Mho\">\n<div class=\"avia-iframe-wrap\"><iframe title=\"?\u02f6??14 3390wifi ?\u05bb?????10M\" width=\"1333\" height=\"1000\" frameborder=\"0\" allow=\"accelerometer; autoplay; clipboard-write; encrypted-media; gyroscope; picture-in-picture\" allowfullscreen=\"\" src=\"https:\/\/www.youtube.com\/embed\/OXtare42Mho?feature=oembed&amp;autoplay=0&amp;loop=0&amp;controls=1&amp;mute=0\"><\/iframe><\/div>\n<p><\/script><\/p>\n<div class=\"av-click-to-play-overlay\">\n<div class=\"avia_playpause_icon\"><\/div>\n<\/div>\n<\/div>\n<div style='padding-bottom:10px; ' class='av-special-heading av-special-heading-h3 blockquote modern-quote avia-builder-el-17 el_after_av_video el_before_av_hr '>\n<h3 class='av-special-heading-tag ' itemprop=\"headline\">\n","protected":false},"excerpt":{"rendered":"<p>Vendemos una amplia gama de placas de juegos de arcade, PCB y kits de conversi\u00f3n para gabinetes de arcade que son el alma de un juego. La mayor\u00eda de las placas que vendemos han sido probadas y funcionan.Actualice su m\u00e1quina arcade con los \u00faltimos juegos y hardware con una de nuestras placas de juegos arcade o kits de conversi\u00f3n.<\/p>\n","protected":false},"featured_media":5408,"template":"","meta":{"om_disable_all_campaigns":false,"_monsterinsights_skip_tracking":false,"_monsterinsights_sitenote_active":false,"_monsterinsights_sitenote_note":"","_monsterinsights_sitenote_category":0,"_uf_show_specific_survey":0,"_uf_disable_surveys":false},"product_cat":[242,234],"product_tag":[],"class_list":["post-6777","product","type-product","status-publish","has-post-thumbnail","hentry","product_cat-tablero-de-juego-de-pandora","product_cat-tablero-de-juego-multiple"],"yoast_head":"<!-- This site is optimized with the Yoast SEO Premium plugin v15.5 - https:\/\/yoast.com\/wordpress\/plugins\/seo\/ -->\n<title>3390 en 1 juego pandora 14 tablero de juego arcade - Bleegame<\/title>\n<meta name=\"robots\" content=\"index, follow, max-snippet:-1, max-image-preview:large, max-video-preview:-1\" \/>\n<link rel=\"canonical\" href=\"https:\/\/bleegame.com\/es\/producto\/3390-in-1-game-pandora-14-arcade-game-board-2\/\" \/>\n<meta property=\"og:locale\" content=\"es_ES\" \/>\n<meta property=\"og:type\" content=\"article\" \/>\n<meta property=\"og:title\" content=\"3390 en 1 juego pandora 14 tablero de juego arcade - Bleegame\" \/>\n<meta property=\"og:description\" content=\"Vendemos una amplia gama de placas de juegos de arcade, PCB y kits de conversi\u00f3n para gabinetes de arcade que son el alma de un juego. La mayor\u00eda de las placas que vendemos han sido probadas y funcionan.Actualice su m\u00e1quina arcade con los \u00faltimos juegos y hardware con una de nuestras placas de juegos arcade o kits de conversi\u00f3n.\" \/>\n<meta property=\"og:url\" content=\"https:\/\/bleegame.com\/es\/producto\/3390-in-1-game-pandora-14-arcade-game-board-2\/\" \/>\n<meta property=\"og:site_name\" content=\"Bleegame\" \/>\n<meta name=\"twitter:card\" content=\"summary_large_image\" \/>\n<meta name=\"twitter:label1\" content=\"Tiempo de lectura\">\n\t<meta name=\"twitter:data1\" content=\"1 minuto\">\n<script type=\"application\/ld+json\" class=\"yoast-schema-graph\">{\"@context\":\"https:\/\/schema.org\",\"@graph\":[{\"@type\":\"WebSite\",\"@id\":\"https:\/\/bleegame.com\/es\/#website\",\"url\":\"https:\/\/bleegame.com\/es\/\",\"name\":\"Bleegame\",\"description\":\"One-stop Amusement Coin Operated Games  Machine procurement center\",\"potentialAction\":[{\"@type\":\"SearchAction\",\"target\":\"https:\/\/bleegame.com\/es\/?s={search_term_string}\",\"query-input\":\"required name=search_term_string\"}],\"inLanguage\":\"es\"},{\"@type\":\"ImageObject\",\"@id\":\"https:\/\/bleegame.com\/es\/producto\/3390-in-1-game-pandora-14-arcade-game-board-2\/#primaryimage\",\"inLanguage\":\"es\",\"url\":\"https:\/\/bleegame.com\/wp-content\/uploads\/2022\/07\/04-29-1.jpg\",\"width\":800,\"height\":800},{\"@type\":\"WebPage\",\"@id\":\"https:\/\/bleegame.com\/es\/producto\/3390-in-1-game-pandora-14-arcade-game-board-2\/#webpage\",\"url\":\"https:\/\/bleegame.com\/es\/producto\/3390-in-1-game-pandora-14-arcade-game-board-2\/\",\"name\":\"3390 en 1 juego pandora 14 tablero de juego arcade - Bleegame\",\"isPartOf\":{\"@id\":\"https:\/\/bleegame.com\/es\/#website\"},\"primaryImageOfPage\":{\"@id\":\"https:\/\/bleegame.com\/es\/producto\/3390-in-1-game-pandora-14-arcade-game-board-2\/#primaryimage\"},\"datePublished\":\"2022-07-26T02:06:13+00:00\",\"dateModified\":\"2022-07-26T02:06:13+00:00\",\"breadcrumb\":{\"@id\":\"https:\/\/bleegame.com\/es\/producto\/3390-in-1-game-pandora-14-arcade-game-board-2\/#breadcrumb\"},\"inLanguage\":\"es\",\"potentialAction\":[{\"@type\":\"ReadAction\",\"target\":[\"https:\/\/bleegame.com\/es\/producto\/3390-in-1-game-pandora-14-arcade-game-board-2\/\"]}]},{\"@type\":\"BreadcrumbList\",\"@id\":\"https:\/\/bleegame.com\/es\/producto\/3390-in-1-game-pandora-14-arcade-game-board-2\/#breadcrumb\",\"itemListElement\":[{\"@type\":\"ListItem\",\"position\":1,\"item\":{\"@type\":\"WebPage\",\"@id\":\"https:\/\/bleegame.com\/es\/producto\/\",\"url\":\"https:\/\/bleegame.com\/es\/producto\/\",\"name\":\"Producto\"}},{\"@type\":\"ListItem\",\"position\":2,\"item\":{\"@type\":\"WebPage\",\"@id\":\"https:\/\/bleegame.com\/es\/producto\/3390-in-1-game-pandora-14-arcade-game-board-2\/\",\"url\":\"https:\/\/bleegame.com\/es\/producto\/3390-in-1-game-pandora-14-arcade-game-board-2\/\",\"name\":\"3390 en 1 juego pandora 14 tablero de juego arcade\"}}]}]}<\/script>\n<!-- \/ Yoast SEO Premium plugin. -->","_links":{"self":[{"href":"https:\/\/bleegame.com\/es\/wp-json\/wp\/v2\/product\/6777","targetHints":{"allow":["GET"]}}],"collection":[{"href":"https:\/\/bleegame.com\/es\/wp-json\/wp\/v2\/product"}],"about":[{"href":"https:\/\/bleegame.com\/es\/wp-json\/wp\/v2\/types\/product"}],"version-history":[{"count":0,"href":"https:\/\/bleegame.com\/es\/wp-json\/wp\/v2\/product\/6777\/revisions"}],"wp:featuredmedia":[{"embeddable":true,"href":"https:\/\/bleegame.com\/es\/wp-json\/wp\/v2\/media\/5408"}],"wp:attachment":[{"href":"https:\/\/bleegame.com\/es\/wp-json\/wp\/v2\/media?parent=6777"}],"wp:term":[{"taxonomy":"product_cat","embeddable":true,"href":"https:\/\/bleegame.com\/es\/wp-json\/wp\/v2\/product_cat?post=6777"},{"taxonomy":"product_tag","embeddable":true,"href":"https:\/\/bleegame.com\/es\/wp-json\/wp\/v2\/product_tag?post=6777"}],"curies":[{"name":"wp","href":"https:\/\/api.w.org\/{rel}","templated":true}]}}