{"id":6779,"date":"2022-07-26T02:06:24","date_gmt":"2022-07-26T02:06:24","guid":{"rendered":"https:\/\/bleegame.com\/product\/autentico-1300-en-1-pandoras-box-6-arcade-version\/"},"modified":"2022-07-26T02:06:24","modified_gmt":"2022-07-26T02:06:24","slug":"genuine-1300-in-1-pandoras-box-6-arcade-version-2","status":"publish","type":"product","link":"https:\/\/bleegame.com\/es\/producto\/genuine-1300-in-1-pandoras-box-6-arcade-version-2\/","title":{"rendered":"Aut\u00e9ntico 1300 en 1 Pandoras Box 6 Arcade Version"},"content":{"rendered":"<div class=\"special-heading-border\">\n<div class=\"special-heading-inner-border\"><\/div>\n<\/div>\n<div class=\"hr hr-custom hr-center hr-icon-no avia-builder-el-12 el_after_av_heading el_before_av_textblock \"><\/div>\n<section class=\"av_textblock_section \">\n<div class=\"avia_textblock \">\n<p>Caja de Pandora 6 &#8211; Salida HDMi y VGA &#8211; 1300 grandes juegos.<\/p>\n<p>El tablero 1300 en 1 Pandora&#8217;s Box 6 JAMMA cuenta con una impresionante selecci\u00f3n de juegos cl\u00e1sicos de arcade, incluyendo varias versiones de Street Fighter, Mortal Kombat 4, King of Fighters, SNK v Capcom, Jackie Chan, Tekken 1 a 3, R-Type, Parodius DA, Scramble, Dodopachi, Donpachi, TMNT, Shinobi, Robocop, y muchos muchos m\u00e1s&#8230;<\/p>\n<p>La lista de juegos tambi\u00e9n cuenta con varias versiones de Street Fighter, como Street Fighter Alpha, Street Fighter 2 y Street Fighter 3 Third Strike, as\u00ed como m\u00faltiples versiones de Mortal Kombat y Tekken, por lo que es una gran opci\u00f3n para los amantes de los juegos de lucha. Tambi\u00e9n se incluyen varias versiones de Metal Slug. A continuaci\u00f3n encontrar\u00e1 la lista completa de juegos (1300 juegos en total). La Pandora&#8217;s Box 6 tiene salida VGA y HDMi en los televisores modernos y puede configurarse en modo moneda o juego libre.<\/p>\n<p><strong>Especificaci\u00f3n<\/strong><\/p>\n<table style=\"border-collapse: collapse; width: 559px; height: 663px;\" border=\"0\" width=\"559\" cellspacing=\"0\" cellpadding=\"0\">\n<tbody>\n<tr style=\"height: 15.75pt;\">\n<td class=\"et2\" style=\"height: 15.75pt; width: 107.25pt;\" width=\"143\" height=\"21\">Art\u00edculo<\/td>\n<td class=\"et2\" style=\"width: 100.50pt;\" width=\"134\">Descripci\u00f3n<\/td>\n<td style=\"width: 211.50pt;\" width=\"282\"><\/td>\n<\/tr>\n<tr style=\"height: 15.75pt;\">\n<td class=\"et3\" style=\"height: 83.75pt;\" rowspan=\"5\" height=\"111\">Configuraci\u00f3n del sistema<\/td>\n<td class=\"et2\">CPU<\/td>\n<td class=\"et2\">Cortex-A7 de cuatro n\u00facleos a 1,2 GHz<\/td>\n<\/tr>\n<tr style=\"height: 17.00pt;\">\n<td class=\"et2\">GPU<\/td>\n<td class=\"et2\">Mali400MP2@600MHz<\/td>\n<\/tr>\n<tr style=\"height: 17.00pt;\">\n<td class=\"et2\">RAM<\/td>\n<td class=\"et2\">DDR3\/1866 2GB<\/td>\n<\/tr>\n<tr style=\"height: 17.00pt;\">\n<td class=\"et2\">Sistema de almacenamiento<\/td>\n<td class=\"et2\">MicroSD(TF)512MB y 8GB de almacenamiento USB<\/td>\n<\/tr>\n<tr style=\"height: 17.00pt;\">\n<td class=\"et2\">Estonificaci\u00f3n ampliada<\/td>\n<td class=\"et2\">Almacenamiento USB de 8GB \/ 16GB \/ 64GB<\/td>\n<\/tr>\n<tr style=\"height: 48.00pt;\">\n<td class=\"et2\" style=\"height: 48.00pt;\" height=\"64\">Resoluci\u00f3n de apoyo<\/td>\n<td class=\"et4\" style=\"width: 312.00pt;\" colspan=\"2\" width=\"416\">Salida digital de alta definici\u00f3n 720P \/ 1024X768 \/ 640\u00d7480 \/<br \/>\n384\u00d7224(CRT)<\/td>\n<\/tr>\n<tr style=\"height: 17.00pt;\">\n<td class=\"et2\" style=\"height: 17.00pt;\" height=\"22\">E\/S<\/td>\n<td class=\"et3\" colspan=\"2\">1xHDMI<\/td>\n<\/tr>\n<tr style=\"height: 17.00pt;\">\n<td style=\"height: 17.00pt;\" height=\"22\"><\/td>\n<td class=\"et3\" colspan=\"2\">1x VGA<\/td>\n<\/tr>\n<tr style=\"height: 17.00pt;\">\n<td style=\"height: 17.00pt;\" height=\"22\"><\/td>\n<td class=\"et3\" colspan=\"2\">1 x 2X280 Jamma<\/td>\n<\/tr>\n<tr style=\"height: 17.00pt;\">\n<td style=\"height: 17.00pt;\" height=\"22\"><\/td>\n<td class=\"et3\" colspan=\"2\">1 puerto AUX de 3,5 mm<\/td>\n<\/tr>\n<tr style=\"height: 17.00pt;\">\n<td style=\"height: 17.00pt;\" height=\"22\"><\/td>\n<td class=\"et3\" colspan=\"2\">1 x puertos USB para disco usb<\/td>\n<\/tr>\n<tr style=\"height: 17.00pt;\">\n<td style=\"height: 17.00pt;\" height=\"22\"><\/td>\n<td class=\"et3\" colspan=\"2\">1 x Bot\u00f3n de ajuste<\/td>\n<\/tr>\n<tr style=\"height: 17.00pt;\">\n<td class=\"et2\" style=\"height: 17.00pt;\" height=\"22\">Entorno de trabajo<\/td>\n<td class=\"et3\" colspan=\"2\">C-45C,30%-90\/o Humedad<\/td>\n<\/tr>\n<tr style=\"height: 17.00pt;\">\n<td class=\"et2\" style=\"height: 17.00pt;\" height=\"22\">Dimensi\u00f3n<\/td>\n<td class=\"et3\" colspan=\"2\">175mm x 130mm x 40mm<\/td>\n<\/tr>\n<tr style=\"height: 17.00pt;\">\n<td class=\"et2\" style=\"height: 17.00pt;\" height=\"22\">Peso del paquete<\/td>\n<td class=\"et3\" colspan=\"2\">0,6Kg<\/td>\n<\/tr>\n<tr style=\"height: 17.00pt;\">\n<td class=\"et2\" style=\"height: 17.00pt;\" height=\"22\">Peso neto<\/td>\n<td class=\"et3\" colspan=\"2\">0,35Kg<\/td>\n<\/tr>\n<\/tbody>\n<\/table>\n<p><strong>Caracter\u00edsticas del producto:<\/strong><\/p>\n<ul>\n<li>El Pandoras Box Arcade Stick (PBAS) viene con los cl\u00e1sicos Juegos Arcade M\u00faltiples Retro. Hemos conseguido llevar estos juegos tras una serie de desarrollos tecnol\u00f3gicos de hardware y software gracias a nuestra rica experiencia para satisfacer las expectativas de los jugadores entusiastas de alto nivel.<\/li>\n<li>PBAS cuenta con una optimizaci\u00f3n de alta calidad con funci\u00f3n abierta para adaptarse a los requisitos de la era de las pantallas de alta definici\u00f3n.<\/li>\n<li>Soporta la funci\u00f3n de clasificaci\u00f3n de juegos que es conveniente para los jugadores para encontrar juegos de acuerdo con el g\u00e9nero de juego (como el g\u00e9nero de lucha) o el nombre del juego (como el nombre del juego que comienza con una letra). El mismo tipo de juego se puede organizar de forma unificada.<\/li>\n<li>Admite varios idiomas (chino simplificado \/ chino tradicional \/ ingl\u00e9s)<\/li>\n<li>Admite la salida de audio HDMI\/AUX de dos canales de alta calidad<\/li>\n<li>Admite la funci\u00f3n de disparo turbo, que permite disfrutar del m\u00e1ximo placer de la funci\u00f3n de disparo continuo<\/li>\n<li>Soporta la funci\u00f3n de pausa del juego incluso en el modo moneda, lo que le permite pausar\/reanudar su juego.<\/li>\n<li>Admite la funci\u00f3n de juegos ilimitados en un medio de almacenamiento externo para que los jugadores puedan a\u00f1adir f\u00e1cilmente sus propios juegos de FBA\/MAME\/PS1.<\/li>\n<li>Soporta la funci\u00f3n de reemplazar la imagen de fondo, resalta tu<\/li>\n<li>personalidad y crear tus propios mundos de juego<\/li>\n<li>Soporta bot\u00f3n personalizado, la posici\u00f3n del bot\u00f3n puede ser definida de acuerdo a sus necesidades.<\/li>\n<\/ul>\n<\/div>\n<\/section>\n<div class=\"av-special-heading av-special-heading-h3 blockquote modern-quote avia-builder-el-14 el_after_av_textblock el_before_av_hr \" style=\"padding-bottom: 10px;\">\n<h3 class=\"av-special-heading-tag \"><\/h3>\n<\/div>\n","protected":false},"excerpt":{"rendered":"<p>Vendemos una amplia gama de placas de juegos de arcade, PCB y kits de conversi\u00f3n para gabinetes de arcade que son el alma de un juego. La mayor\u00eda de las placas que vendemos han sido probadas y funcionan.Actualice su m\u00e1quina arcade con los \u00faltimos juegos y hardware con una de nuestras placas de juegos arcade o kits de conversi\u00f3n.<\/p>\n","protected":false},"featured_media":7700,"template":"","meta":{"om_disable_all_campaigns":false,"_monsterinsights_skip_tracking":false,"_monsterinsights_sitenote_active":false,"_monsterinsights_sitenote_note":"","_monsterinsights_sitenote_category":0,"_uf_show_specific_survey":0,"_uf_disable_surveys":false},"product_cat":[242,234],"product_tag":[],"class_list":["post-6779","product","type-product","status-publish","has-post-thumbnail","hentry","product_cat-tablero-de-juego-de-pandora","product_cat-tablero-de-juego-multiple"],"yoast_head":"<!-- This site is optimized with the Yoast SEO Premium plugin v15.5 - https:\/\/yoast.com\/wordpress\/plugins\/seo\/ -->\n<title>Aut\u00e9ntico 1300 en 1 Pandoras Box 6 Arcade Version - Bleegame<\/title>\n<meta name=\"robots\" content=\"index, follow, max-snippet:-1, max-image-preview:large, max-video-preview:-1\" \/>\n<link rel=\"canonical\" href=\"https:\/\/bleegame.com\/es\/producto\/genuine-1300-in-1-pandoras-box-6-arcade-version-2\/\" \/>\n<meta property=\"og:locale\" content=\"es_ES\" \/>\n<meta property=\"og:type\" content=\"article\" \/>\n<meta property=\"og:title\" content=\"Aut\u00e9ntico 1300 en 1 Pandoras Box 6 Arcade Version - Bleegame\" \/>\n<meta property=\"og:description\" content=\"Vendemos una amplia gama de placas de juegos de arcade, PCB y kits de conversi\u00f3n para gabinetes de arcade que son el alma de un juego. La mayor\u00eda de las placas que vendemos han sido probadas y funcionan.Actualice su m\u00e1quina arcade con los \u00faltimos juegos y hardware con una de nuestras placas de juegos arcade o kits de conversi\u00f3n.\" \/>\n<meta property=\"og:url\" content=\"https:\/\/bleegame.com\/es\/producto\/genuine-1300-in-1-pandoras-box-6-arcade-version-2\/\" \/>\n<meta property=\"og:site_name\" content=\"Bleegame\" \/>\n<meta name=\"twitter:card\" content=\"summary_large_image\" \/>\n<meta name=\"twitter:label1\" content=\"Tiempo de lectura\">\n\t<meta name=\"twitter:data1\" content=\"2 minutos\">\n<script type=\"application\/ld+json\" class=\"yoast-schema-graph\">{\"@context\":\"https:\/\/schema.org\",\"@graph\":[{\"@type\":\"WebSite\",\"@id\":\"https:\/\/bleegame.com\/es\/#website\",\"url\":\"https:\/\/bleegame.com\/es\/\",\"name\":\"Bleegame\",\"description\":\"One-stop Amusement Coin Operated Games  Machine procurement center\",\"potentialAction\":[{\"@type\":\"SearchAction\",\"target\":\"https:\/\/bleegame.com\/es\/?s={search_term_string}\",\"query-input\":\"required name=search_term_string\"}],\"inLanguage\":\"es\"},{\"@type\":\"ImageObject\",\"@id\":\"https:\/\/bleegame.com\/es\/producto\/genuine-1300-in-1-pandoras-box-6-arcade-version-2\/#primaryimage\",\"inLanguage\":\"es\",\"url\":\"https:\/\/bleegame.com\/wp-content\/uploads\/2022\/07\/5-134.jpg\",\"width\":800,\"height\":800},{\"@type\":\"WebPage\",\"@id\":\"https:\/\/bleegame.com\/es\/producto\/genuine-1300-in-1-pandoras-box-6-arcade-version-2\/#webpage\",\"url\":\"https:\/\/bleegame.com\/es\/producto\/genuine-1300-in-1-pandoras-box-6-arcade-version-2\/\",\"name\":\"Aut\\u00e9ntico 1300 en 1 Pandoras Box 6 Arcade Version - Bleegame\",\"isPartOf\":{\"@id\":\"https:\/\/bleegame.com\/es\/#website\"},\"primaryImageOfPage\":{\"@id\":\"https:\/\/bleegame.com\/es\/producto\/genuine-1300-in-1-pandoras-box-6-arcade-version-2\/#primaryimage\"},\"datePublished\":\"2022-07-26T02:06:24+00:00\",\"dateModified\":\"2022-07-26T02:06:24+00:00\",\"breadcrumb\":{\"@id\":\"https:\/\/bleegame.com\/es\/producto\/genuine-1300-in-1-pandoras-box-6-arcade-version-2\/#breadcrumb\"},\"inLanguage\":\"es\",\"potentialAction\":[{\"@type\":\"ReadAction\",\"target\":[\"https:\/\/bleegame.com\/es\/producto\/genuine-1300-in-1-pandoras-box-6-arcade-version-2\/\"]}]},{\"@type\":\"BreadcrumbList\",\"@id\":\"https:\/\/bleegame.com\/es\/producto\/genuine-1300-in-1-pandoras-box-6-arcade-version-2\/#breadcrumb\",\"itemListElement\":[{\"@type\":\"ListItem\",\"position\":1,\"item\":{\"@type\":\"WebPage\",\"@id\":\"https:\/\/bleegame.com\/es\/producto\/\",\"url\":\"https:\/\/bleegame.com\/es\/producto\/\",\"name\":\"Producto\"}},{\"@type\":\"ListItem\",\"position\":2,\"item\":{\"@type\":\"WebPage\",\"@id\":\"https:\/\/bleegame.com\/es\/producto\/genuine-1300-in-1-pandoras-box-6-arcade-version-2\/\",\"url\":\"https:\/\/bleegame.com\/es\/producto\/genuine-1300-in-1-pandoras-box-6-arcade-version-2\/\",\"name\":\"Aut\\u00e9ntico 1300 en 1 Pandoras Box 6 Arcade Version\"}}]}]}<\/script>\n<!-- \/ Yoast SEO Premium plugin. -->","_links":{"self":[{"href":"https:\/\/bleegame.com\/es\/wp-json\/wp\/v2\/product\/6779","targetHints":{"allow":["GET"]}}],"collection":[{"href":"https:\/\/bleegame.com\/es\/wp-json\/wp\/v2\/product"}],"about":[{"href":"https:\/\/bleegame.com\/es\/wp-json\/wp\/v2\/types\/product"}],"version-history":[{"count":0,"href":"https:\/\/bleegame.com\/es\/wp-json\/wp\/v2\/product\/6779\/revisions"}],"wp:featuredmedia":[{"embeddable":true,"href":"https:\/\/bleegame.com\/es\/wp-json\/wp\/v2\/media\/7700"}],"wp:attachment":[{"href":"https:\/\/bleegame.com\/es\/wp-json\/wp\/v2\/media?parent=6779"}],"wp:term":[{"taxonomy":"product_cat","embeddable":true,"href":"https:\/\/bleegame.com\/es\/wp-json\/wp\/v2\/product_cat?post=6779"},{"taxonomy":"product_tag","embeddable":true,"href":"https:\/\/bleegame.com\/es\/wp-json\/wp\/v2\/product_tag?post=6779"}],"curies":[{"name":"wp","href":"https:\/\/api.w.org\/{rel}","templated":true}]}}