{"id":6783,"date":"2022-07-26T02:06:29","date_gmt":"2022-07-26T02:06:29","guid":{"rendered":"https:\/\/bleegame.com\/product\/consola-de-juegos-arcade-de-8000-juegos-pandora\/"},"modified":"2022-07-26T02:06:29","modified_gmt":"2022-07-26T02:06:29","slug":"8000-juegos-arcade-consola","status":"publish","type":"product","link":"https:\/\/bleegame.com\/es\/producto\/8000-juegos-arcade-consola\/","title":{"rendered":"Consola de juegos Arcade de 8000 juegos Pandora"},"content":{"rendered":"<div class=\"special-heading-border\">\n<div class=\"special-heading-inner-border\"><\/div>\n<\/div>\n<div class=\"hr hr-custom hr-center hr-icon-no avia-builder-el-12 el_after_av_heading el_before_av_textblock \"><\/div>\n<section class=\"av_textblock_section \">\n<div class=\"avia_textblock \">\n<p>Tanto si prefieres jugar a Mortal Kombat como a Ms. Pacman despu\u00e9s del cine el viernes por la noche, estas m\u00e1quinas recreativas te mantendr\u00e1n a ti y a los tuyos entretenidos durante varias horas largas cualquier d\u00eda de la semana. Y si no te gustan mucho los videojuegos, hemos incluido algunos juegos de arcade m\u00e1s modernos, como los de rodar y anotar y los de baloncesto dual, para que te levantes del sof\u00e1.<\/p>\n<ul>\n<li>8000 juegos en 1: 3D Pandora Games tiene 7750 juegos arcade retro 2D cl\u00e1sicos y 250 juegos 3D.<\/li>\n<li>EL MEJOR SISTEMA DE PANDORA 3D: Funci\u00f3n Wifi mejorada para descargar juegos 2d o 3d adicionales; Buscar juegos con la primera letra en ingl\u00e9s; Guardar\/Leer juegos 2D; Pausar juegos; Ocultar juegos; Lista de favoritos; Juego multijugador en l\u00ednea; Botones personalizables; Clasificaci\u00f3n de juegos; Cambio de idioma con una tecla; Mejora de la imagen; Configuraci\u00f3n del juego, etc. Esta caja de pandora es m\u00e1s funcional que cualquier otra caja de pandora del mercado.<\/li>\n<li>PLUG AND PLAY: S\u00f3lo se conecta a las pantallas de TV\/Monitor HD y a los proyectores (admite una resoluci\u00f3n de 1280\u00d7720), puede disfrutar de los juegos con su familia o amigos. Integrada en nuestra mejor consola retro arcade, esta avanzada tecnolog\u00eda ofrece una experiencia de v\u00eddeo y audio incre\u00edble y de alta calidad.<\/li>\n<li>Potente funci\u00f3n Wifi: Soporta emuladores de MAME, FBA, FC, SFC, PCE, GBA, GBC, MD, PSP, PS, N64; Pulsa el bot\u00f3n de configuraci\u00f3n (cerca del puerto USB); B\u00e1jalo a la opci\u00f3n WIFI; luego con\u00e9ctate con el nombre y la contrase\u00f1a de tu wifi de casa; Vuelve a \u00abEntrar en el mercado de juegos\u00bb para elegir \u00abCHART \u00abo \u00abCATEGORY\u00bb o \u00abSEARCH\u00bb para descargar m\u00e1s juegos 2D\/3D.<\/li>\n<li>DISE\u00d1O CON RETROILUMINACI\u00d3N LED: Nuestro colorido panel superior acr\u00edlico con retroiluminaci\u00f3n LED es elegante y duradero. Joysticka y Buttons son precisos y s\u00f3lidos. El chasis ultradelgado y totalmente met\u00e1lico est\u00e1 refrigerado por ventilador y tiene un altavoz integrado para una gran experiencia de juego.<\/li>\n<\/ul>\n<table style=\"border-collapse: collapse; width: 675.02pt;\" border=\"0\" width=\"900\" cellspacing=\"0\" cellpadding=\"0\">\n<tbody>\n<tr style=\"height: 23.00pt;\">\n<td class=\"et3\" style=\"height: 23.00pt; width: 163.50pt;\" width=\"218\" height=\"30\">Resoluci\u00f3n<\/td>\n<td class=\"et4\" style=\"width: 511.50pt;\" width=\"682\">Gr\u00e1ficos HD de 1280x720P. Totalmente compatible con todas las pantallas de TV\/Monitor HD y proyectores.<\/td>\n<\/tr>\n<tr style=\"height: 23.00pt;\">\n<td class=\"et3\" style=\"height: 23.00pt;\" height=\"30\">Juegos de pausa<\/td>\n<td class=\"et4\" style=\"width: 511.50pt;\" width=\"682\">Detenga o inicie los juegos cuando quiera.<\/td>\n<\/tr>\n<tr style=\"height: 37.00pt;\">\n<td class=\"et3\" style=\"height: 37.00pt;\" height=\"49\">Guardar\/Leer juego 2D<\/td>\n<td class=\"et4\" style=\"width: 511.50pt;\" width=\"682\">Puedes guardar el juego en 2D al que est\u00e1s jugando en cualquier momento, y puedes continuar jugando la pr\u00f3xima vez (algunos juegos en 3D no son compatibles).<\/td>\n<\/tr>\n<tr style=\"height: 23.00pt;\">\n<td class=\"et3\" style=\"height: 23.00pt;\" height=\"30\">Juegos de ocultaci\u00f3n<\/td>\n<td class=\"et4\" style=\"width: 511.50pt;\" width=\"682\">Evita que los ni\u00f1os jueguen a juegos inapropiados.<\/td>\n<\/tr>\n<tr style=\"height: 33.00pt;\">\n<td class=\"et3\" style=\"height: 33.00pt;\" height=\"44\">Buscar juegos<\/td>\n<td class=\"et4\" style=\"width: 511.50pt;\" width=\"682\">Encuentra r\u00e1pidamente el juego al que quieres jugar, b\u00fasqueda en ingl\u00e9s\/japon\u00e9s\/espa\u00f1ol por la primera letra. B\u00fasqueda coreana por radical. B\u00fasqueda en chino por pinyin.<\/td>\n<\/tr>\n<tr style=\"height: 23.00pt;\">\n<td class=\"et3\" style=\"height: 23.00pt;\" height=\"30\">Mejora de la imagen<\/td>\n<td class=\"et4\" style=\"width: 511.50pt;\" width=\"682\">Los usuarios pueden seleccionar [HD] \/ [Scan Line] \/ [Normal] y otra calidad de imagen seg\u00fan sus necesidades individuales.<\/td>\n<\/tr>\n<tr style=\"height: 23.00pt;\">\n<td class=\"et3\" style=\"height: 23.00pt;\" height=\"30\">Lista de favoritos<\/td>\n<td class=\"et4\" style=\"width: 511.50pt;\" width=\"682\">Ir a la p\u00e1gina de configuraci\u00f3n &gt; Entrar en la configuraci\u00f3n del juego &gt; Editar la lista de favoritos &gt; Seleccionar el juego como favorito o no favorito.<\/td>\n<\/tr>\n<tr style=\"height: 36.00pt;\">\n<td class=\"et3\" style=\"height: 36.00pt;\" height=\"48\">Funci\u00f3n WIFI mejorada<\/td>\n<td class=\"et4\" style=\"width: 511.50pt;\" width=\"682\">Pulse el bot\u00f3n de configuraci\u00f3n (cerca del puerto USB); conecte el nombre y la contrase\u00f1a del wifi de su casa; luego vuelva a elegir \u00abEntrar en el mercado de juegos para descargar juegos extra 2d \/3d desde la propia m\u00e1quina.<\/td>\n<\/tr>\n<tr style=\"height: 32.00pt;\">\n<td class=\"et3\" style=\"height: 32.00pt;\" height=\"42\">Juego multijugador en l\u00ednea<\/td>\n<td class=\"et4\" style=\"width: 511.50pt;\" width=\"682\">Compra 2 gamepad y un hub USB (con\u00e9ctalo al puerto USB inferior) para disfrutar de 3\/4 personas que jueguen al mismo tiempo; o compra 2 cajas de pandora iguales para disfrutar de juegos de 3-4 jugadores.<\/td>\n<\/tr>\n<tr style=\"height: 23.00pt;\">\n<td class=\"et3\" style=\"height: 23.00pt;\" height=\"30\">Botones personalizables<\/td>\n<td class=\"et4\" style=\"width: 511.50pt;\" width=\"682\">Ajuste la definici\u00f3n \/ el orden de los botones para lo que quieran.<\/td>\n<\/tr>\n<tr style=\"height: 23.00pt;\">\n<td class=\"et3\" style=\"height: 23.00pt;\" height=\"30\">Modo de lenguaje<\/td>\n<td class=\"et4\" style=\"width: 511.50pt;\" width=\"682\">Se admite el ingl\u00e9s\/japon\u00e9s\/coreano\/espa\u00f1ol\/chino simplificado\/chino tradicional.<\/td>\n<\/tr>\n<tr style=\"height: 23.00pt;\">\n<td class=\"et3\" style=\"height: 23.00pt;\" height=\"30\">Emuladores m\u00faltiples<\/td>\n<td class=\"et4\" style=\"width: 511.50pt;\" width=\"682\">MAME\/FC\/SFC\/PCE\/GBA\/GBC\/MD\/PSP\/PS\/N64\/DC\/WSC\/FB A 13 emuladores compatibles.<\/td>\n<\/tr>\n<tr style=\"height: 23.00pt;\">\n<td class=\"et3\" style=\"height: 23.00pt;\" height=\"30\">Compatibilidad<\/td>\n<td class=\"et4\" style=\"width: 511.50pt;\" width=\"682\">TV\/PC\/Pantalla\/Monitor\/Proyector\/PS3<\/td>\n<\/tr>\n<tr style=\"height: 23.00pt;\">\n<td class=\"et3\" style=\"height: 23.00pt;\" height=\"30\">Necesidad de una lista de juegos<\/td>\n<td class=\"et4\" style=\"width: 511.50pt;\" width=\"682\">P\u00f3ngase en contacto con nosotros<\/td>\n<\/tr>\n<tr style=\"height: 23.00pt;\">\n<td class=\"et3\" style=\"height: 23.00pt;\" height=\"30\">Sistema de juego<\/td>\n<td class=\"et4\" style=\"width: 511.50pt;\" width=\"682\">Juegos 3D Pandora con funci\u00f3n wifi<\/td>\n<\/tr>\n<tr style=\"height: 23.00pt;\">\n<td class=\"et3\" style=\"height: 23.00pt;\" height=\"30\">Juegos Cantidades<\/td>\n<td class=\"et4\" style=\"width: 511.50pt;\" width=\"682\">250*Juegos 3D + 7750*Juegos 2D = 8000 Juegos<\/td>\n<\/tr>\n<\/tbody>\n<\/table>\n<p><strong>Contenido del paquete<\/strong><br \/>\n1 x Consola de juegos Arcade 3D Pandora Games<br \/>\n1 x Adaptador de CA de 12 voltios<br \/>\n1 cable VGA de 3 m<br \/>\n1 cable HDMI de 3 m<br \/>\n1 cable USB 2.0 de 3 metros<br \/>\n2 botones de control de repuesto de 30 mm (extras)<br \/>\n1 x Manual de usuario<\/p>\n<\/div>\n<\/section>\n<div class=\"av-special-heading av-special-heading-h3 blockquote modern-quote avia-builder-el-14 el_after_av_textblock el_before_av_hr \" style=\"padding-bottom: 10px;\">\n<h3 class=\"av-special-heading-tag \">V\u00eddeo<\/h3>\n<div class=\"special-heading-border\">\n<div class=\"special-heading-inner-border\"><\/div>\n<\/div>\n<\/div>\n<div class=\"hr hr-custom hr-center hr-icon-no avia-builder-el-15 el_after_av_heading el_before_av_video \"><\/div>\n<div class=\"avia-video avia-video-16-9 av-lazyload-immediate av-lazyload-video-embed \" data-original_url=\"https:\/\/www.youtube.com\/watch?v=3KKB7B4zPfI\">\n<div class=\"avia-iframe-wrap\"><iframe title=\"Caja de Pandora 4018 en 1 3D arcade - bleearcade\" src=\"https:\/\/www.youtube.com\/embed\/3KKB7B4zPfI?feature=oembed&amp;autoplay=0&amp;loop=0&amp;controls=1&amp;mute=0\" width=\"1500\" height=\"844\" frameborder=\"0\" allowfullscreen=\"allowfullscreen\"><\/iframe><\/div>\n<p>&nbsp;<\/p>\n<div class=\"av-click-to-play-overlay\">\n<div class=\"avia_playpause_icon\"><\/div>\n<\/div>\n<\/div>\n<div class=\"av-special-heading av-special-heading-h3 blockquote modern-quote avia-builder-el-17 el_after_av_video el_before_av_hr \" style=\"padding-bottom: 10px;\">\n<h3 class=\"av-special-heading-tag \"><\/h3>\n<\/div>\n","protected":false},"excerpt":{"rendered":"<p>Disfruta de todos los juegos con los que creciste. Esta m\u00e1quina tiene casi todos los juegos cl\u00e1sicos de arcade de los a\u00f1os 80 y 90. Conecta y juega a juegos como Street Fighter, Metal Slug Series, Golden Tee, los Simpsons y muchos m\u00e1s.<\/p>\n","protected":false},"featured_media":7628,"template":"","meta":{"om_disable_all_campaigns":false,"_monsterinsights_skip_tracking":false,"_monsterinsights_sitenote_active":false,"_monsterinsights_sitenote_note":"","_monsterinsights_sitenote_category":0,"_uf_show_specific_survey":0,"_uf_disable_surveys":false},"product_cat":[322,321],"product_tag":[],"class_list":["post-6783","product","type-product","status-publish","has-post-thumbnail","hentry","product_cat-consola-de-juegos-pandora","product_cat-maquina-arcade-retro"],"yoast_head":"<!-- This site is optimized with the Yoast SEO Premium plugin v15.5 - https:\/\/yoast.com\/wordpress\/plugins\/seo\/ -->\n<title>Consola de juegos Arcade de 8000 juegos Pandora - Bleegame<\/title>\n<meta name=\"robots\" content=\"index, follow, max-snippet:-1, max-image-preview:large, max-video-preview:-1\" \/>\n<link rel=\"canonical\" href=\"https:\/\/bleegame.com\/es\/producto\/8000-juegos-arcade-consola\/\" \/>\n<meta property=\"og:locale\" content=\"es_ES\" \/>\n<meta property=\"og:type\" content=\"article\" \/>\n<meta property=\"og:title\" content=\"Consola de juegos Arcade de 8000 juegos Pandora - Bleegame\" \/>\n<meta property=\"og:description\" content=\"Disfruta de todos los juegos con los que creciste. Esta m\u00e1quina tiene casi todos los juegos cl\u00e1sicos de arcade de los a\u00f1os 80 y 90. Conecta y juega a juegos como Street Fighter, Metal Slug Series, Golden Tee, los Simpsons y muchos m\u00e1s.\" \/>\n<meta property=\"og:url\" content=\"https:\/\/bleegame.com\/es\/producto\/8000-juegos-arcade-consola\/\" \/>\n<meta property=\"og:site_name\" content=\"Bleegame\" \/>\n<meta name=\"twitter:card\" content=\"summary_large_image\" \/>\n<meta name=\"twitter:label1\" content=\"Tiempo de lectura\">\n\t<meta name=\"twitter:data1\" content=\"3 minutos\">\n<script type=\"application\/ld+json\" class=\"yoast-schema-graph\">{\"@context\":\"https:\/\/schema.org\",\"@graph\":[{\"@type\":\"WebSite\",\"@id\":\"https:\/\/bleegame.com\/es\/#website\",\"url\":\"https:\/\/bleegame.com\/es\/\",\"name\":\"Bleegame\",\"description\":\"One-stop Amusement Coin Operated Games  Machine procurement center\",\"potentialAction\":[{\"@type\":\"SearchAction\",\"target\":\"https:\/\/bleegame.com\/es\/?s={search_term_string}\",\"query-input\":\"required name=search_term_string\"}],\"inLanguage\":\"es\"},{\"@type\":\"ImageObject\",\"@id\":\"https:\/\/bleegame.com\/es\/producto\/8000-juegos-arcade-consola\/#primaryimage\",\"inLanguage\":\"es\",\"url\":\"https:\/\/bleegame.com\/wp-content\/uploads\/2022\/07\/1-160.jpg\",\"width\":800,\"height\":800,\"caption\":\"arcade box game console for ps1\/nds\"},{\"@type\":\"WebPage\",\"@id\":\"https:\/\/bleegame.com\/es\/producto\/8000-juegos-arcade-consola\/#webpage\",\"url\":\"https:\/\/bleegame.com\/es\/producto\/8000-juegos-arcade-consola\/\",\"name\":\"Consola de juegos Arcade de 8000 juegos Pandora - Bleegame\",\"isPartOf\":{\"@id\":\"https:\/\/bleegame.com\/es\/#website\"},\"primaryImageOfPage\":{\"@id\":\"https:\/\/bleegame.com\/es\/producto\/8000-juegos-arcade-consola\/#primaryimage\"},\"datePublished\":\"2022-07-26T02:06:29+00:00\",\"dateModified\":\"2022-07-26T02:06:29+00:00\",\"breadcrumb\":{\"@id\":\"https:\/\/bleegame.com\/es\/producto\/8000-juegos-arcade-consola\/#breadcrumb\"},\"inLanguage\":\"es\",\"potentialAction\":[{\"@type\":\"ReadAction\",\"target\":[\"https:\/\/bleegame.com\/es\/producto\/8000-juegos-arcade-consola\/\"]}]},{\"@type\":\"BreadcrumbList\",\"@id\":\"https:\/\/bleegame.com\/es\/producto\/8000-juegos-arcade-consola\/#breadcrumb\",\"itemListElement\":[{\"@type\":\"ListItem\",\"position\":1,\"item\":{\"@type\":\"WebPage\",\"@id\":\"https:\/\/bleegame.com\/es\/producto\/\",\"url\":\"https:\/\/bleegame.com\/es\/producto\/\",\"name\":\"Producto\"}},{\"@type\":\"ListItem\",\"position\":2,\"item\":{\"@type\":\"WebPage\",\"@id\":\"https:\/\/bleegame.com\/es\/producto\/8000-juegos-arcade-consola\/\",\"url\":\"https:\/\/bleegame.com\/es\/producto\/8000-juegos-arcade-consola\/\",\"name\":\"Consola de juegos Arcade de 8000 juegos Pandora\"}}]}]}<\/script>\n<!-- \/ Yoast SEO Premium plugin. -->","_links":{"self":[{"href":"https:\/\/bleegame.com\/es\/wp-json\/wp\/v2\/product\/6783","targetHints":{"allow":["GET"]}}],"collection":[{"href":"https:\/\/bleegame.com\/es\/wp-json\/wp\/v2\/product"}],"about":[{"href":"https:\/\/bleegame.com\/es\/wp-json\/wp\/v2\/types\/product"}],"version-history":[{"count":0,"href":"https:\/\/bleegame.com\/es\/wp-json\/wp\/v2\/product\/6783\/revisions"}],"wp:featuredmedia":[{"embeddable":true,"href":"https:\/\/bleegame.com\/es\/wp-json\/wp\/v2\/media\/7628"}],"wp:attachment":[{"href":"https:\/\/bleegame.com\/es\/wp-json\/wp\/v2\/media?parent=6783"}],"wp:term":[{"taxonomy":"product_cat","embeddable":true,"href":"https:\/\/bleegame.com\/es\/wp-json\/wp\/v2\/product_cat?post=6783"},{"taxonomy":"product_tag","embeddable":true,"href":"https:\/\/bleegame.com\/es\/wp-json\/wp\/v2\/product_tag?post=6783"}],"curies":[{"name":"wp","href":"https:\/\/api.w.org\/{rel}","templated":true}]}}