{"id":6784,"date":"2022-07-26T02:06:13","date_gmt":"2022-07-26T02:06:13","guid":{"rendered":"https:\/\/bleegame.com\/product\/coctel-de-3-caras-3516-en-1-caja-de-pandora-dx-usb-trackball-kit\/"},"modified":"2022-07-26T02:06:13","modified_gmt":"2022-07-26T02:06:13","slug":"3-sided-cocktail-3516-in-1-pandora-box-dx-usb-trackball-kit-2","status":"publish","type":"product","link":"https:\/\/bleegame.com\/es\/producto\/3-sided-cocktail-3516-in-1-pandora-box-dx-usb-trackball-kit-2\/","title":{"rendered":"C\u00f3ctel de 3 caras 3516 en 1 Caja de Pandora dx USB Trackball Kit"},"content":{"rendered":"<div class=\"special-heading-border\">\n<div class=\"special-heading-inner-border\"><\/div>\n<\/div>\n<\/div>\n<div style=\"  margin-top:; margin-bottom:;\" class=\"hr hr-custom hr-center hr-icon-no avia-builder-el-12 el_after_av_heading el_before_av_textblock \"><span class=\"hr-inner inner-border-av-border-thin\" style=\"  width:1550px;\"><span class=\"hr-inner-style\"><\/span><\/span><\/div>\n<section class=\"av_textblock_section \" itemscope=\"itemscope\" itemtype=\"https:\/\/schema.org\/CreativeWork\">\n<div class=\"avia_textblock \" itemprop=\"text\">\n<ul class=\"a-unordered-list a-vertical a-spacing-mini\">\n<li><span class=\"a-list-item\">Soporta juegos 3P 4P, funci\u00f3n de guardar el progreso del juego, l\u00ednea de escaneo. Soporte para editar tus 99 juegos favoritos en la parte superior del men\u00fa del juego.<\/span><\/li>\n<li><span class=\"a-list-item\">Soporta el estado de guardado\/carga del juego. Admite el guardado autom\u00e1tico de la puntuaci\u00f3n m\u00e1s alta de la clasificaci\u00f3n del juego. Apoyar el juego reciente a la selecci\u00f3n y r\u00e1pidamente iniciar el juego reciente, la actualizaci\u00f3n del juego 3D a 34 juegos.<\/span><\/li>\n<li><span class=\"a-list-item\">No es necesario comprar un convertidor de v\u00eddeo adicional, esta placa base soporta m\u00faltiples puertos de salida, soporta la salida digital HD 720P a cualquier dispositivo de visualizaci\u00f3n de puerto HDMIl, y la salida VGA soporta la compatibilidad hacia abajo a los dispositivos de visualizaci\u00f3n de edad.<\/span><\/li>\n<li><span class=\"a-list-item\">Juegos ya instalados en el tablero, sin necesidad de descarga, soporte para a\u00f1adir formatos de juego.<\/span><\/li>\n<li><span class=\"a-list-item\">Soporta 3 jugadores o 4 jugadores para jugar al mismo tiempo, soporta un gamepad y dos gamepads conectan el juego por USB, m\u00e1s de 100 juegos para 3 jugadores o 4 jugadores.<\/span><\/li>\n<\/ul>\n<\/div>\n<\/section>\n<div style=\"padding-bottom:10px;  \" class=\"av-special-heading av-special-heading-h3 blockquote modern-quote avia-builder-el-14 el_after_av_textblock el_before_av_hr \">\n<h3 class=\"av-special-heading-tag \" itemprop=\"headline\">V\u00eddeo<\/h3>\n<div class=\"special-heading-border\">\n<div class=\"special-heading-inner-border\"><\/div>\n<\/div>\n<\/div>\n<div style=\"  margin-top:; margin-bottom:;\" class=\"hr hr-custom hr-center hr-icon-no avia-builder-el-15 el_after_av_heading el_before_av_video \"><span class=\"hr-inner inner-border-av-border-thin\" style=\"  width:1550px;\"><span class=\"hr-inner-style\"><\/span><\/span><\/div>\n<div class=\"avia-video avia-video-16-9 av-lazyload-immediate av-lazyload-video-embed \" itemprop=\"video\" itemtype=\"https:\/\/schema.org\/VideoObject\" data-original_url=\"https:\/\/www.youtube.com\/watch?v=9LRlEGNmfCw\">\n<div class=\"avia-iframe-wrap\"><iframe title=\"?\u02f6?????DX 3000??\u04bb ?\u05bb??\u68e810M??\" width=\"1333\" height=\"1000\" frameborder=\"0\" allow=\"accelerometer; autoplay; clipboard-write; encrypted-media; gyroscope; picture-in-picture\" allowfullscreen=\"\" src=\"https:\/\/www.youtube.com\/embed\/9LRlEGNmfCw?feature=oembed&amp;autoplay=0&amp;loop=0&amp;controls=1&amp;mute=0\"><\/iframe><\/div>\n<p><\/script><\/p>\n<div class=\"av-click-to-play-overlay\">\n<div class=\"avia_playpause_icon\"><\/div>\n<\/div>\n<\/div>\n<div style='padding-bottom:10px; ' class='av-special-heading av-special-heading-h3 blockquote modern-quote avia-builder-el-17 el_after_av_video el_before_av_hr '>\n<h3 class='av-special-heading-tag ' itemprop=\"headline\">\n","protected":false},"excerpt":{"rendered":"<p>Vendemos una amplia gama de placas de juegos de arcade, PCB y kits de conversi\u00f3n para gabinetes de arcade que son el alma de un juego. La mayor\u00eda de las placas que vendemos han sido probadas y funcionan.Actualice su m\u00e1quina arcade con los \u00faltimos juegos y hardware con una de nuestras placas de juegos arcade o kits de conversi\u00f3n.<\/p>\n","protected":false},"featured_media":5409,"template":"","meta":{"om_disable_all_campaigns":false,"_monsterinsights_skip_tracking":false,"_monsterinsights_sitenote_active":false,"_monsterinsights_sitenote_note":"","_monsterinsights_sitenote_category":0,"_uf_show_specific_survey":0,"_uf_disable_surveys":false},"product_cat":[242,234],"product_tag":[],"class_list":["post-6784","product","type-product","status-publish","has-post-thumbnail","hentry","product_cat-tablero-de-juego-de-pandora","product_cat-tablero-de-juego-multiple"],"yoast_head":"<!-- This site is optimized with the Yoast SEO Premium plugin v15.5 - https:\/\/yoast.com\/wordpress\/plugins\/seo\/ -->\n<title>C\u00f3ctel de 3 caras 3516 en 1 Caja de Pandora dx USB Trackball Kit - Bleegame<\/title>\n<meta name=\"robots\" content=\"index, follow, max-snippet:-1, max-image-preview:large, max-video-preview:-1\" \/>\n<link rel=\"canonical\" href=\"https:\/\/bleegame.com\/es\/producto\/3-sided-cocktail-3516-in-1-pandora-box-dx-usb-trackball-kit-2\/\" \/>\n<meta property=\"og:locale\" content=\"es_ES\" \/>\n<meta property=\"og:type\" content=\"article\" \/>\n<meta property=\"og:title\" content=\"C\u00f3ctel de 3 caras 3516 en 1 Caja de Pandora dx USB Trackball Kit - Bleegame\" \/>\n<meta property=\"og:description\" content=\"Vendemos una amplia gama de placas de juegos de arcade, PCB y kits de conversi\u00f3n para gabinetes de arcade que son el alma de un juego. La mayor\u00eda de las placas que vendemos han sido probadas y funcionan.Actualice su m\u00e1quina arcade con los \u00faltimos juegos y hardware con una de nuestras placas de juegos arcade o kits de conversi\u00f3n.\" \/>\n<meta property=\"og:url\" content=\"https:\/\/bleegame.com\/es\/producto\/3-sided-cocktail-3516-in-1-pandora-box-dx-usb-trackball-kit-2\/\" \/>\n<meta property=\"og:site_name\" content=\"Bleegame\" \/>\n<meta name=\"twitter:card\" content=\"summary_large_image\" \/>\n<meta name=\"twitter:label1\" content=\"Tiempo de lectura\">\n\t<meta name=\"twitter:data1\" content=\"1 minuto\">\n<script type=\"application\/ld+json\" class=\"yoast-schema-graph\">{\"@context\":\"https:\/\/schema.org\",\"@graph\":[{\"@type\":\"WebSite\",\"@id\":\"https:\/\/bleegame.com\/es\/#website\",\"url\":\"https:\/\/bleegame.com\/es\/\",\"name\":\"Bleegame\",\"description\":\"One-stop Amusement Coin Operated Games  Machine procurement center\",\"potentialAction\":[{\"@type\":\"SearchAction\",\"target\":\"https:\/\/bleegame.com\/es\/?s={search_term_string}\",\"query-input\":\"required name=search_term_string\"}],\"inLanguage\":\"es\"},{\"@type\":\"ImageObject\",\"@id\":\"https:\/\/bleegame.com\/es\/producto\/3-sided-cocktail-3516-in-1-pandora-box-dx-usb-trackball-kit-2\/#primaryimage\",\"inLanguage\":\"es\",\"url\":\"https:\/\/bleegame.com\/wp-content\/uploads\/2022\/07\/0559-1.jpg\",\"width\":800,\"height\":800},{\"@type\":\"WebPage\",\"@id\":\"https:\/\/bleegame.com\/es\/producto\/3-sided-cocktail-3516-in-1-pandora-box-dx-usb-trackball-kit-2\/#webpage\",\"url\":\"https:\/\/bleegame.com\/es\/producto\/3-sided-cocktail-3516-in-1-pandora-box-dx-usb-trackball-kit-2\/\",\"name\":\"C\\u00f3ctel de 3 caras 3516 en 1 Caja de Pandora dx USB Trackball Kit - Bleegame\",\"isPartOf\":{\"@id\":\"https:\/\/bleegame.com\/es\/#website\"},\"primaryImageOfPage\":{\"@id\":\"https:\/\/bleegame.com\/es\/producto\/3-sided-cocktail-3516-in-1-pandora-box-dx-usb-trackball-kit-2\/#primaryimage\"},\"datePublished\":\"2022-07-26T02:06:13+00:00\",\"dateModified\":\"2022-07-26T02:06:13+00:00\",\"breadcrumb\":{\"@id\":\"https:\/\/bleegame.com\/es\/producto\/3-sided-cocktail-3516-in-1-pandora-box-dx-usb-trackball-kit-2\/#breadcrumb\"},\"inLanguage\":\"es\",\"potentialAction\":[{\"@type\":\"ReadAction\",\"target\":[\"https:\/\/bleegame.com\/es\/producto\/3-sided-cocktail-3516-in-1-pandora-box-dx-usb-trackball-kit-2\/\"]}]},{\"@type\":\"BreadcrumbList\",\"@id\":\"https:\/\/bleegame.com\/es\/producto\/3-sided-cocktail-3516-in-1-pandora-box-dx-usb-trackball-kit-2\/#breadcrumb\",\"itemListElement\":[{\"@type\":\"ListItem\",\"position\":1,\"item\":{\"@type\":\"WebPage\",\"@id\":\"https:\/\/bleegame.com\/es\/producto\/\",\"url\":\"https:\/\/bleegame.com\/es\/producto\/\",\"name\":\"Producto\"}},{\"@type\":\"ListItem\",\"position\":2,\"item\":{\"@type\":\"WebPage\",\"@id\":\"https:\/\/bleegame.com\/es\/producto\/3-sided-cocktail-3516-in-1-pandora-box-dx-usb-trackball-kit-2\/\",\"url\":\"https:\/\/bleegame.com\/es\/producto\/3-sided-cocktail-3516-in-1-pandora-box-dx-usb-trackball-kit-2\/\",\"name\":\"C\\u00f3ctel de 3 caras 3516 en 1 Caja de Pandora dx USB Trackball Kit\"}}]}]}<\/script>\n<!-- \/ Yoast SEO Premium plugin. -->","_links":{"self":[{"href":"https:\/\/bleegame.com\/es\/wp-json\/wp\/v2\/product\/6784","targetHints":{"allow":["GET"]}}],"collection":[{"href":"https:\/\/bleegame.com\/es\/wp-json\/wp\/v2\/product"}],"about":[{"href":"https:\/\/bleegame.com\/es\/wp-json\/wp\/v2\/types\/product"}],"version-history":[{"count":0,"href":"https:\/\/bleegame.com\/es\/wp-json\/wp\/v2\/product\/6784\/revisions"}],"wp:featuredmedia":[{"embeddable":true,"href":"https:\/\/bleegame.com\/es\/wp-json\/wp\/v2\/media\/5409"}],"wp:attachment":[{"href":"https:\/\/bleegame.com\/es\/wp-json\/wp\/v2\/media?parent=6784"}],"wp:term":[{"taxonomy":"product_cat","embeddable":true,"href":"https:\/\/bleegame.com\/es\/wp-json\/wp\/v2\/product_cat?post=6784"},{"taxonomy":"product_tag","embeddable":true,"href":"https:\/\/bleegame.com\/es\/wp-json\/wp\/v2\/product_tag?post=6784"}],"curies":[{"name":"wp","href":"https:\/\/api.w.org\/{rel}","templated":true}]}}