{"id":6785,"date":"2022-07-26T02:06:29","date_gmt":"2022-07-26T02:06:29","guid":{"rendered":"https:\/\/bleegame.com\/product\/consola-de-la-caja-de-pandora-individual\/"},"modified":"2022-07-26T02:06:29","modified_gmt":"2022-07-26T02:06:29","slug":"consola-monopandora","status":"publish","type":"product","link":"https:\/\/bleegame.com\/es\/producto\/consola-monopandora\/","title":{"rendered":"Consola de la caja de Pandora individual"},"content":{"rendered":"<div class=\"special-heading-border\">\n<div class=\"special-heading-inner-border\"><\/div>\n<\/div>\n<div class=\"hr hr-custom hr-center hr-icon-no avia-builder-el-12 el_after_av_heading el_before_av_textblock \"><\/div>\n<section class=\"av_textblock_section \">\n<div class=\"avia_textblock \">\n<p>Tanto si prefieres jugar a Mortal Kombat como a Ms. Pacman despu\u00e9s del cine el viernes por la noche, estas m\u00e1quinas recreativas te mantendr\u00e1n a ti y a los tuyos entretenidos durante varias horas largas cualquier d\u00eda de la semana. Y si no te gustan mucho los videojuegos, hemos incluido algunos juegos de arcade m\u00e1s modernos, como los de rodar y anotar y los de baloncesto dual, para que te levantes del sof\u00e1.<\/p>\n<ul>\n<li>1280 x 720P FULL HD Pandora Box: Se puede conectar a la televisi\u00f3n, ordenadores, consolas de juegos, proyectores para jugar. Con una salida de 1280\u00d7720 HDMI\/VGA de m\u00e1xima definici\u00f3n, incorporada a nuestra m\u00e1s reciente consola retro arcade, esta tecnolog\u00eda de vanguardia ofrece una experiencia de v\u00eddeo y audio de gran calidad que te dejar\u00e1 sin aliento.<\/li>\n<li>\u00daltimo sistema 3D y actualizado: Nuestra caja de Pandora 3D viene con el \u00faltimo sistema 3D, ofrece 4018 juegos de arcade retro y 50 juegos de experiencia 3D, que despertar\u00e1n su memoria de la infancia; Con el sistema actualizado, la consola de juegos de arcade est\u00e1 funcionando m\u00e1s estable, m\u00e1s r\u00e1pido y m\u00e1s suave.<\/li>\n<li>Botones personalizados: Soporta VGA y HDMI y salida USB, adecuado para TV\/PC\/PS3\/Pantalla\/Monitor\/Proyector y as\u00ed sucesivamente. S\u00f3lo tiene que enchufar y usar. Los jugadores pueden ajustar la definici\u00f3n\/el orden de los botones para lo que quieran. Adem\u00e1s, 3D Pandora tambi\u00e9n admite partidas multijugador en l\u00ednea, hasta cuatro personas a la vez.<\/li>\n<li>Excelente y hermoso dise\u00f1o: El panel de acr\u00edlico y el chasis ultra delgado de metal con luz colorida, el dise\u00f1o de la moda hacen que esta caja se convierta en un regalo atractivo. Salida HDMI\/VGA, altavoces incorporados, sin necesidad de dispositivos de reproducci\u00f3n de audio adicionales, para una mejor experiencia de juego<\/li>\n<\/ul>\n<p><strong>Especificaci\u00f3n de la consola:<\/strong><br \/>\nMaterial: ABS<br \/>\nTipo de conector: HDMI VGA USB<br \/>\nEntrada: 110-220V 50\/60Hz<br \/>\nSalida: 12V 2A<br \/>\nTama\u00f1o: 30x 22 x 5cm<br \/>\nPeso del paquete: 5kgs Aprox (Durable)<\/p>\n<p><strong>Paquete incluido:<\/strong><br \/>\n1 x Consola de juego Arcade<br \/>\n1 x Botones<br \/>\n1 x Adaptador de corriente y cable<br \/>\n1 cable de datos VGA<br \/>\n1 cable de datos HDMI<br \/>\n1 cable de conexi\u00f3n 1p-2p<br \/>\n1 x Manual de usuario<\/p>\n<\/div>\n<\/section>\n<div class=\"av-special-heading av-special-heading-h3 blockquote modern-quote avia-builder-el-14 el_after_av_textblock el_before_av_hr \" style=\"padding-bottom: 10px;\">\n<h3 class=\"av-special-heading-tag \"><\/h3>\n<\/div>\n","protected":false},"excerpt":{"rendered":"<p>Disfruta de todos los juegos con los que creciste. Esta m\u00e1quina tiene casi todos los juegos cl\u00e1sicos de arcade de los a\u00f1os 80 y 90. Conecta y juega a juegos como Street Fighter, Metal Slug Series, Golden Tee, los Simpsons y muchos m\u00e1s.<\/p>\n","protected":false},"featured_media":7665,"template":"","meta":{"om_disable_all_campaigns":false,"_monsterinsights_skip_tracking":false,"_monsterinsights_sitenote_active":false,"_monsterinsights_sitenote_note":"","_monsterinsights_sitenote_category":0,"_uf_show_specific_survey":0,"_uf_disable_surveys":false},"product_cat":[322,321],"product_tag":[],"class_list":["post-6785","product","type-product","status-publish","has-post-thumbnail","hentry","product_cat-consola-de-juegos-pandora","product_cat-maquina-arcade-retro"],"yoast_head":"<!-- This site is optimized with the Yoast SEO Premium plugin v15.5 - https:\/\/yoast.com\/wordpress\/plugins\/seo\/ -->\n<title>Consola de la caja de Pandora individual - Bleegame<\/title>\n<meta name=\"robots\" content=\"index, follow, max-snippet:-1, max-image-preview:large, max-video-preview:-1\" \/>\n<link rel=\"canonical\" href=\"https:\/\/bleegame.com\/es\/producto\/consola-monopandora\/\" \/>\n<meta property=\"og:locale\" content=\"es_ES\" \/>\n<meta property=\"og:type\" content=\"article\" \/>\n<meta property=\"og:title\" content=\"Consola de la caja de Pandora individual - Bleegame\" \/>\n<meta property=\"og:description\" content=\"Disfruta de todos los juegos con los que creciste. Esta m\u00e1quina tiene casi todos los juegos cl\u00e1sicos de arcade de los a\u00f1os 80 y 90. Conecta y juega a juegos como Street Fighter, Metal Slug Series, Golden Tee, los Simpsons y muchos m\u00e1s.\" \/>\n<meta property=\"og:url\" content=\"https:\/\/bleegame.com\/es\/producto\/consola-monopandora\/\" \/>\n<meta property=\"og:site_name\" content=\"Bleegame\" \/>\n<meta name=\"twitter:card\" content=\"summary_large_image\" \/>\n<meta name=\"twitter:label1\" content=\"Tiempo de lectura\">\n\t<meta name=\"twitter:data1\" content=\"2 minutos\">\n<script type=\"application\/ld+json\" class=\"yoast-schema-graph\">{\"@context\":\"https:\/\/schema.org\",\"@graph\":[{\"@type\":\"WebSite\",\"@id\":\"https:\/\/bleegame.com\/es\/#website\",\"url\":\"https:\/\/bleegame.com\/es\/\",\"name\":\"Bleegame\",\"description\":\"One-stop Amusement Coin Operated Games  Machine procurement center\",\"potentialAction\":[{\"@type\":\"SearchAction\",\"target\":\"https:\/\/bleegame.com\/es\/?s={search_term_string}\",\"query-input\":\"required name=search_term_string\"}],\"inLanguage\":\"es\"},{\"@type\":\"ImageObject\",\"@id\":\"https:\/\/bleegame.com\/es\/producto\/consola-monopandora\/#primaryimage\",\"inLanguage\":\"es\",\"url\":\"https:\/\/bleegame.com\/wp-content\/uploads\/2022\/07\/2-161.jpg\",\"width\":800,\"height\":800},{\"@type\":\"WebPage\",\"@id\":\"https:\/\/bleegame.com\/es\/producto\/consola-monopandora\/#webpage\",\"url\":\"https:\/\/bleegame.com\/es\/producto\/consola-monopandora\/\",\"name\":\"Consola de la caja de Pandora individual - Bleegame\",\"isPartOf\":{\"@id\":\"https:\/\/bleegame.com\/es\/#website\"},\"primaryImageOfPage\":{\"@id\":\"https:\/\/bleegame.com\/es\/producto\/consola-monopandora\/#primaryimage\"},\"datePublished\":\"2022-07-26T02:06:29+00:00\",\"dateModified\":\"2022-07-26T02:06:29+00:00\",\"breadcrumb\":{\"@id\":\"https:\/\/bleegame.com\/es\/producto\/consola-monopandora\/#breadcrumb\"},\"inLanguage\":\"es\",\"potentialAction\":[{\"@type\":\"ReadAction\",\"target\":[\"https:\/\/bleegame.com\/es\/producto\/consola-monopandora\/\"]}]},{\"@type\":\"BreadcrumbList\",\"@id\":\"https:\/\/bleegame.com\/es\/producto\/consola-monopandora\/#breadcrumb\",\"itemListElement\":[{\"@type\":\"ListItem\",\"position\":1,\"item\":{\"@type\":\"WebPage\",\"@id\":\"https:\/\/bleegame.com\/es\/producto\/\",\"url\":\"https:\/\/bleegame.com\/es\/producto\/\",\"name\":\"Producto\"}},{\"@type\":\"ListItem\",\"position\":2,\"item\":{\"@type\":\"WebPage\",\"@id\":\"https:\/\/bleegame.com\/es\/producto\/consola-monopandora\/\",\"url\":\"https:\/\/bleegame.com\/es\/producto\/consola-monopandora\/\",\"name\":\"Consola de la caja de Pandora individual\"}}]}]}<\/script>\n<!-- \/ Yoast SEO Premium plugin. -->","_links":{"self":[{"href":"https:\/\/bleegame.com\/es\/wp-json\/wp\/v2\/product\/6785","targetHints":{"allow":["GET"]}}],"collection":[{"href":"https:\/\/bleegame.com\/es\/wp-json\/wp\/v2\/product"}],"about":[{"href":"https:\/\/bleegame.com\/es\/wp-json\/wp\/v2\/types\/product"}],"version-history":[{"count":0,"href":"https:\/\/bleegame.com\/es\/wp-json\/wp\/v2\/product\/6785\/revisions"}],"wp:featuredmedia":[{"embeddable":true,"href":"https:\/\/bleegame.com\/es\/wp-json\/wp\/v2\/media\/7665"}],"wp:attachment":[{"href":"https:\/\/bleegame.com\/es\/wp-json\/wp\/v2\/media?parent=6785"}],"wp:term":[{"taxonomy":"product_cat","embeddable":true,"href":"https:\/\/bleegame.com\/es\/wp-json\/wp\/v2\/product_cat?post=6785"},{"taxonomy":"product_tag","embeddable":true,"href":"https:\/\/bleegame.com\/es\/wp-json\/wp\/v2\/product_tag?post=6785"}],"curies":[{"name":"wp","href":"https:\/\/api.w.org\/{rel}","templated":true}]}}