{"id":6786,"date":"2022-07-26T02:06:04","date_gmt":"2022-07-26T02:06:04","guid":{"rendered":"https:\/\/bleegame.com\/product\/3188-juegos-in1-version-arcade-placa-pcb\/"},"modified":"2022-07-26T02:06:04","modified_gmt":"2022-07-26T02:06:04","slug":"3188-in1-games-arcade-version-pcb-board-2","status":"publish","type":"product","link":"https:\/\/bleegame.com\/es\/producto\/3188-in1-games-arcade-version-pcb-board-2\/","title":{"rendered":"3188 juegos in1 versi\u00f3n arcade placa pcb"},"content":{"rendered":"<div class=\"special-heading-border\">\n<div class=\"special-heading-inner-border\"><\/div>\n<\/div>\n<div class=\"hr hr-custom hr-center hr-icon-no avia-builder-el-12 el_after_av_heading el_before_av_textblock \"><\/div>\n<section class=\"av_textblock_section \">\n<div class=\"avia_textblock \">\n<p>\u00bfLa caja de Pandora? Versi\u00f3n Arcade &#8211; Salida HDMi, CRT y VGA &#8211; 3188 grandes juegos.<\/p>\n<p>La placa JAMMA 3188 in 1 Pandora&#8217;s Box Arcade Version cuenta con una impresionante selecci\u00f3n de juegos cl\u00e1sicos de arcade, incluyendo varias versiones de Street Fighter, King of Fighters, Golden Axe, Gorf, Los Simpsons, Ghouls &#8216;N&#8217; Ghosts, Double Dragon, Wonder Boy, R-Type, 1942, Pac-Man, Ms Pac-Man, Donkey Kong, Phoenix, Space Harrier, Track &#8216;N&#8217; Field y muchos muchos m\u00e1s&#8230; Esta placa puede reproducirse en CRT, VGA y HDMi en los televisores modernos y tambi\u00e9n tiene algunas caracter\u00edsticas interesantes, como la posibilidad de guardar la puntuaci\u00f3n m\u00e1s alta, la configuraci\u00f3n del generador de l\u00edneas de escaneo, el modo de tiempo de juego y la configuraci\u00f3n de la dificultad\/n\u00famero de vidas. El tablero tambi\u00e9n se puede configurar para que funcione con monedas y se puede activar el modo de tiempo de juego a trav\u00e9s de los ajustes. Tambi\u00e9n puede ajustarse a juego libre si es necesario.<\/p>\n<p><strong>Caracter\u00edsticas del producto:<\/strong><br \/>\nConecta el dispositivo externo Definici\u00f3n:<\/p>\n<ul>\n<li>La placa base viene con el cl\u00e1sico juego de arcade retro multi-en-uno, el juego despu\u00e9s de una serie de hardware y software de desarrollo de personal para optimizar el dise\u00f1o, ya trav\u00e9s de la prueba de alto nivel de los jugadores entusiastas para asegurar que el juego aut\u00e9ntico, y mejorar la operaci\u00f3n se siente r\u00e1pido y preciso, para que usted juegue en los minutos y segundos al mismo tiempo para jugar el m\u00e1s v\u00edvido.<\/li>\n<li>Productos con funci\u00f3n abierta de optimizaci\u00f3n de la calidad, m\u00e1s capaces de adaptarse a los requisitos de la era de la alta definici\u00f3n.<\/li>\n<li>La salida de pantalla de la placa base soporta exclusivamente la salida de v\u00eddeo de alta definici\u00f3n HDMI y la salida de v\u00eddeo de alta definici\u00f3n VGA, ya no tiene que preocuparse de que el televisor de casa s\u00f3lo soporte una interfaz y la necesidad de comprar un convertidor de v\u00eddeo adicional.<\/li>\n<li>Placa base con una tecla para suspender la funci\u00f3n , en cualquier momento a la espera de su regreso.<\/li>\n<li>Consola con 8+6 teclas, satisface plenamente todas las necesidades del juego. Instalaci\u00f3n opcional de los tres y botones originales , el joystick original , m\u00e1s de una variedad de elecci\u00f3n de configuraci\u00f3n de teclas.<\/li>\n<\/ul>\n<p><strong>Especificaci\u00f3n<\/strong><\/p>\n<table style=\"border-collapse: collapse; width: 418.52pt;\" border=\"0\" width=\"558\" cellspacing=\"0\" cellpadding=\"0\">\n<tbody>\n<tr style=\"height: 16.50pt;\">\n<td class=\"et2\" style=\"height: 16.50pt; width: 105.00pt;\" width=\"140\" height=\"22\">Ltem<\/td>\n<td class=\"et3\" style=\"width: 313.50pt;\" colspan=\"2\" width=\"418\">Descripci\u00f3n<\/td>\n<\/tr>\n<tr style=\"height: 13.50pt;\">\n<td class=\"et4\" style=\"height: 13.50pt;\" height=\"18\">Sistema Confifig<\/td>\n<td class=\"et4\">CPU<\/td>\n<td class=\"et4\">Cortex-A7 de cuatro n\u00facleos a 1,2 GHz<\/td>\n<\/tr>\n<tr style=\"height: 13.50pt;\">\n<td class=\"et5\" style=\"height: 13.50pt;\" height=\"18\"><\/td>\n<td class=\"et4\">GPU<\/td>\n<td class=\"et4\">Mal i400MP2@600MHz<\/td>\n<\/tr>\n<tr style=\"height: 13.50pt;\">\n<td class=\"et5\" style=\"height: 13.50pt;\" height=\"18\"><\/td>\n<td class=\"et4\">RAM<\/td>\n<td class=\"et4\">DDR3\/1866 2GB<\/td>\n<\/tr>\n<tr style=\"height: 13.50pt;\">\n<td class=\"et5\" style=\"height: 13.50pt;\" height=\"18\"><\/td>\n<td class=\"et4\">Sistema de almacenamiento<\/td>\n<td class=\"et4\">MicroSD(TF) 16GB\/32GB Opcional<\/td>\n<\/tr>\n<tr style=\"height: 13.50pt;\">\n<td class=\"et6\" style=\"height: 13.50pt;\" height=\"18\">Resoluci\u00f3n de apoyo<\/td>\n<td class=\"et7\" colspan=\"2\">Salida digital de alta definici\u00f3n 1280*720(720P)<\/td>\n<\/tr>\n<tr style=\"height: 13.50pt;\">\n<td class=\"et4\" style=\"height: 13.50pt;\" height=\"18\">E\/S<\/td>\n<td class=\"et7\" colspan=\"2\">1X HDMI<\/td>\n<\/tr>\n<tr style=\"height: 13.50pt;\">\n<td class=\"et5\" style=\"height: 13.50pt;\" height=\"18\"><\/td>\n<td class=\"et7\" colspan=\"2\">1X VGA<\/td>\n<\/tr>\n<tr style=\"height: 13.50pt;\">\n<td class=\"et5\" style=\"height: 13.50pt;\" height=\"18\"><\/td>\n<td class=\"et7\" colspan=\"2\">1 X 2 X 20 GPIO<\/td>\n<\/tr>\n<tr style=\"height: 13.50pt;\">\n<td class=\"et5\" style=\"height: 13.50pt;\" height=\"18\"><\/td>\n<td class=\"et7\" colspan=\"2\">1 puerto AUX de 3,5 mm<\/td>\n<\/tr>\n<tr style=\"height: 13.50pt;\">\n<td class=\"et5\" style=\"height: 13.50pt;\" height=\"18\"><\/td>\n<td class=\"et7\" colspan=\"2\">1 X Altavoz gpio<\/td>\n<\/tr>\n<tr style=\"height: 13.50pt;\">\n<td class=\"et5\" style=\"height: 13.50pt;\" height=\"18\"><\/td>\n<td class=\"et7\" colspan=\"2\">1 X Adaptador de corriente de entrada DC 12V\/2A<\/td>\n<\/tr>\n<tr style=\"height: 13.50pt;\">\n<td class=\"et6\" style=\"height: 13.50pt;\" height=\"18\">Entorno de trabajo<\/td>\n<td class=\"et7\" colspan=\"2\">C-45C , 3090 \/ o Humedad<\/td>\n<\/tr>\n<tr style=\"height: 13.50pt;\">\n<td class=\"et6\" style=\"height: 13.50pt;\" height=\"18\">Dimensi\u00f3n<\/td>\n<td class=\"et7\" colspan=\"2\">175mm x 130mm x 40mm<\/td>\n<\/tr>\n<tr style=\"height: 13.50pt;\">\n<td class=\"et6\" style=\"height: 13.50pt;\" height=\"18\">Peso del paquete<\/td>\n<td class=\"et7\" colspan=\"2\">0,6Kg<\/td>\n<\/tr>\n<tr style=\"height: 13.50pt;\">\n<td class=\"et6\" style=\"height: 13.50pt;\" height=\"18\">Peso neto<\/td>\n<td class=\"et7\" colspan=\"2\">0,35Kg<\/td>\n<\/tr>\n<\/tbody>\n<\/table>\n<\/div>\n<\/section>\n<div class=\"av-special-heading av-special-heading-h3 blockquote modern-quote avia-builder-el-14 el_after_av_textblock el_before_av_hr \" style=\"padding-bottom: 10px;\">\n<h3 class=\"av-special-heading-tag \">V\u00eddeo<\/h3>\n<div class=\"special-heading-border\">\n<div class=\"special-heading-inner-border\"><\/div>\n<\/div>\n<\/div>\n<div class=\"hr hr-custom hr-center hr-icon-no avia-builder-el-15 el_after_av_heading el_before_av_video \"><\/div>\n<div class=\"avia-video avia-video-16-9 av-lazyload-immediate av-lazyload-video-embed \" data-original_url=\"https:\/\/www.youtube.com\/watch?v=lAT3qRgkwt4\">\n<div class=\"avia-iframe-wrap\"><iframe title=\"?\u00b9\u2c66??12 ?\u05bb??? 3188??\u04bb??10M??\" src=\"https:\/\/www.youtube.com\/embed\/lAT3qRgkwt4?feature=oembed&amp;autoplay=0&amp;loop=0&amp;controls=1&amp;mute=0\" width=\"1333\" height=\"1000\" frameborder=\"0\" allowfullscreen=\"allowfullscreen\"><\/iframe><\/div>\n<p>&nbsp;<\/p>\n<div class=\"av-click-to-play-overlay\">\n<div class=\"avia_playpause_icon\"><\/div>\n<\/div>\n<\/div>\n<div class=\"av-special-heading av-special-heading-h3 blockquote modern-quote avia-builder-el-17 el_after_av_video el_before_av_hr \" style=\"padding-bottom: 10px;\">\n<h3 class=\"av-special-heading-tag \"><\/h3>\n<\/div>\n","protected":false},"excerpt":{"rendered":"<p>Vendemos una amplia gama de placas de juegos de arcade, PCB y kits de conversi\u00f3n para gabinetes de arcade que son el alma de un juego. La mayor\u00eda de las placas que vendemos han sido probadas y funcionan.Actualice su m\u00e1quina arcade con los \u00faltimos juegos y hardware con una de nuestras placas de juegos arcade o kits de conversi\u00f3n.<\/p>\n","protected":false},"featured_media":7803,"template":"","meta":{"om_disable_all_campaigns":false,"_monsterinsights_skip_tracking":false,"_monsterinsights_sitenote_active":false,"_monsterinsights_sitenote_note":"","_monsterinsights_sitenote_category":0,"_uf_show_specific_survey":0,"_uf_disable_surveys":false},"product_cat":[242,234],"product_tag":[],"class_list":["post-6786","product","type-product","status-publish","has-post-thumbnail","hentry","product_cat-tablero-de-juego-de-pandora","product_cat-tablero-de-juego-multiple"],"yoast_head":"<!-- This site is optimized with the Yoast SEO Premium plugin v15.5 - https:\/\/yoast.com\/wordpress\/plugins\/seo\/ -->\n<title>3188 juegos in1 versi\u00f3n arcade placa pcb - Bleegame<\/title>\n<meta name=\"robots\" content=\"index, follow, max-snippet:-1, max-image-preview:large, max-video-preview:-1\" \/>\n<link rel=\"canonical\" href=\"https:\/\/bleegame.com\/es\/producto\/3188-in1-games-arcade-version-pcb-board-2\/\" \/>\n<meta property=\"og:locale\" content=\"es_ES\" \/>\n<meta property=\"og:type\" content=\"article\" \/>\n<meta property=\"og:title\" content=\"3188 juegos in1 versi\u00f3n arcade placa pcb - Bleegame\" \/>\n<meta property=\"og:description\" content=\"Vendemos una amplia gama de placas de juegos de arcade, PCB y kits de conversi\u00f3n para gabinetes de arcade que son el alma de un juego. La mayor\u00eda de las placas que vendemos han sido probadas y funcionan.Actualice su m\u00e1quina arcade con los \u00faltimos juegos y hardware con una de nuestras placas de juegos arcade o kits de conversi\u00f3n.\" \/>\n<meta property=\"og:url\" content=\"https:\/\/bleegame.com\/es\/producto\/3188-in1-games-arcade-version-pcb-board-2\/\" \/>\n<meta property=\"og:site_name\" content=\"Bleegame\" \/>\n<meta name=\"twitter:card\" content=\"summary_large_image\" \/>\n<meta name=\"twitter:label1\" content=\"Tiempo de lectura\">\n\t<meta name=\"twitter:data1\" content=\"2 minutos\">\n<script type=\"application\/ld+json\" class=\"yoast-schema-graph\">{\"@context\":\"https:\/\/schema.org\",\"@graph\":[{\"@type\":\"WebSite\",\"@id\":\"https:\/\/bleegame.com\/es\/#website\",\"url\":\"https:\/\/bleegame.com\/es\/\",\"name\":\"Bleegame\",\"description\":\"One-stop Amusement Coin Operated Games  Machine procurement center\",\"potentialAction\":[{\"@type\":\"SearchAction\",\"target\":\"https:\/\/bleegame.com\/es\/?s={search_term_string}\",\"query-input\":\"required name=search_term_string\"}],\"inLanguage\":\"es\"},{\"@type\":\"ImageObject\",\"@id\":\"https:\/\/bleegame.com\/es\/producto\/3188-in1-games-arcade-version-pcb-board-2\/#primaryimage\",\"inLanguage\":\"es\",\"url\":\"https:\/\/bleegame.com\/wp-content\/uploads\/2022\/07\/04-46.jpg\",\"width\":800,\"height\":800},{\"@type\":\"WebPage\",\"@id\":\"https:\/\/bleegame.com\/es\/producto\/3188-in1-games-arcade-version-pcb-board-2\/#webpage\",\"url\":\"https:\/\/bleegame.com\/es\/producto\/3188-in1-games-arcade-version-pcb-board-2\/\",\"name\":\"3188 juegos in1 versi\\u00f3n arcade placa pcb - Bleegame\",\"isPartOf\":{\"@id\":\"https:\/\/bleegame.com\/es\/#website\"},\"primaryImageOfPage\":{\"@id\":\"https:\/\/bleegame.com\/es\/producto\/3188-in1-games-arcade-version-pcb-board-2\/#primaryimage\"},\"datePublished\":\"2022-07-26T02:06:04+00:00\",\"dateModified\":\"2022-07-26T02:06:04+00:00\",\"breadcrumb\":{\"@id\":\"https:\/\/bleegame.com\/es\/producto\/3188-in1-games-arcade-version-pcb-board-2\/#breadcrumb\"},\"inLanguage\":\"es\",\"potentialAction\":[{\"@type\":\"ReadAction\",\"target\":[\"https:\/\/bleegame.com\/es\/producto\/3188-in1-games-arcade-version-pcb-board-2\/\"]}]},{\"@type\":\"BreadcrumbList\",\"@id\":\"https:\/\/bleegame.com\/es\/producto\/3188-in1-games-arcade-version-pcb-board-2\/#breadcrumb\",\"itemListElement\":[{\"@type\":\"ListItem\",\"position\":1,\"item\":{\"@type\":\"WebPage\",\"@id\":\"https:\/\/bleegame.com\/es\/producto\/\",\"url\":\"https:\/\/bleegame.com\/es\/producto\/\",\"name\":\"Producto\"}},{\"@type\":\"ListItem\",\"position\":2,\"item\":{\"@type\":\"WebPage\",\"@id\":\"https:\/\/bleegame.com\/es\/producto\/3188-in1-games-arcade-version-pcb-board-2\/\",\"url\":\"https:\/\/bleegame.com\/es\/producto\/3188-in1-games-arcade-version-pcb-board-2\/\",\"name\":\"3188 juegos in1 versi\\u00f3n arcade placa pcb\"}}]}]}<\/script>\n<!-- \/ Yoast SEO Premium plugin. -->","_links":{"self":[{"href":"https:\/\/bleegame.com\/es\/wp-json\/wp\/v2\/product\/6786","targetHints":{"allow":["GET"]}}],"collection":[{"href":"https:\/\/bleegame.com\/es\/wp-json\/wp\/v2\/product"}],"about":[{"href":"https:\/\/bleegame.com\/es\/wp-json\/wp\/v2\/types\/product"}],"version-history":[{"count":0,"href":"https:\/\/bleegame.com\/es\/wp-json\/wp\/v2\/product\/6786\/revisions"}],"wp:featuredmedia":[{"embeddable":true,"href":"https:\/\/bleegame.com\/es\/wp-json\/wp\/v2\/media\/7803"}],"wp:attachment":[{"href":"https:\/\/bleegame.com\/es\/wp-json\/wp\/v2\/media?parent=6786"}],"wp:term":[{"taxonomy":"product_cat","embeddable":true,"href":"https:\/\/bleegame.com\/es\/wp-json\/wp\/v2\/product_cat?post=6786"},{"taxonomy":"product_tag","embeddable":true,"href":"https:\/\/bleegame.com\/es\/wp-json\/wp\/v2\/product_tag?post=6786"}],"curies":[{"name":"wp","href":"https:\/\/api.w.org\/{rel}","templated":true}]}}