{"id":6787,"date":"2022-07-26T02:06:33","date_gmt":"2022-07-26T02:06:33","guid":{"rendered":"https:\/\/bleegame.com\/product\/pulsador-iluminado-con-leds-a-todo-color\/"},"modified":"2022-07-26T02:06:33","modified_gmt":"2022-07-26T02:06:33","slug":"boton-luminoso-a-todo-color","status":"publish","type":"product","link":"https:\/\/bleegame.com\/es\/producto\/boton-luminoso-a-todo-color\/","title":{"rendered":"Pulsador iluminado con LEDs a todo color"},"content":{"rendered":"<div class=\"special-heading-border\">\n<div class=\"special-heading-inner-border\"><\/div>\n<\/div>\n<\/div>\n<div style=\"  margin-top:; margin-bottom:;\" class=\"hr hr-custom hr-center hr-icon-no avia-builder-el-13 el_after_av_heading el_before_av_textblock \"><span class=\"hr-inner inner-border-av-border-thin\" style=\"  width:1550px;\"><span class=\"hr-inner-style\"><\/span><\/span><\/div>\n<section class=\"av_textblock_section \" itemscope=\"itemscope\" itemtype=\"https:\/\/schema.org\/CreativeWork\">\n<div class=\"avia_textblock \" itemprop=\"text\">\n<p>El pulsador Arcade iluminado con LED de 24 mm es un pulsador de alto rendimiento, que cuenta con un LED de 5 V incorporado, un microinterruptor de hoja chapado en oro con contactos de 2,8 mm, un \u00e9mbolo convexo y un anillo de fijaci\u00f3n. Nuevos lanzamientos, redefinici\u00f3n de los botones luminosos. Las luces y los interruptores incrustados en el interior del bot\u00f3n.Dise\u00f1o de tipo de giro y de bloqueoEl bot\u00f3n probado a m\u00e1s de 10 millones de ciclosEste es un tornillo en el estilo de bot\u00f3n de arcade que se puede montar en muchos tipos de panel de control con un espesor de hasta 19 mm (3\/4 de pulgada). Este bot\u00f3n es adecuado para el montaje en un agujero de montaje de 24 mm.<\/p>\n<p><strong>Caracter\u00edsticas del producto:<\/strong><br \/>* Contactos de microinterruptores chapados en oro (2,8 mm)<br \/>* LED de 5V incorporado<br \/>* Sin muelle de \u00e9mbolo &#8211; Baja fuerza de actuaci\u00f3n<br \/>* \u00c9mbolo convexo<br \/>* Bot\u00f3n de estilo atornillado con anillo de fijaci\u00f3n<br \/>* Dise\u00f1o integral compacto<br \/>*Materiales: pl\u00e1stico y metal<br \/>* F\u00e1cil instalaci\u00f3n<br \/>* Adecuado para paneles de control de hasta 19 mm (3\/4 de pulgada)<\/p>\n<p>Informaci\u00f3n sobre el cableado<br \/><strong>Microinterruptor:<\/strong><br \/>Este bot\u00f3n requiere cables engarzados de 2,8 mm para su conexi\u00f3n.<br \/>1 cable para la conexi\u00f3n a tierra y 1 cable para la conexi\u00f3n de se\u00f1al<\/p>\n<p><strong>LED:<\/strong><br \/>El LED de 5V incorporado requiere cables engarzados de 2,8 mm.<br \/>1 cable para el positivo (+) y 1 cable para el negativo (-).<br \/>Un arn\u00e9s de cadena de 2,8 mm ser\u00e1 adecuado.<\/p>\n<p><strong>Dimensiones de los botones:<\/strong><br \/>Agujero de montaje necesario: 24mm<br \/>Di\u00e1metro total del bot\u00f3n a trav\u00e9s del \u00e9mbolo: 33mm<br \/>Profundidad m\u00e1xima del bot\u00f3n desde la parte superior del \u00e9mbolo hasta la parte inferior del bot\u00f3n: 42mm<\/p>\n<\/div>\n<\/section>\n<div style='padding-bottom:10px; ' class='av-special-heading av-special-heading-h3 blockquote modern-quote avia-builder-el-15 el_after_av_textblock el_before_av_hr '>\n<h3 class='av-special-heading-tag ' itemprop=\"headline\">\n","protected":false},"excerpt":{"rendered":"<p>Disponemos de una gama de botones de arcade, que son adecuados para diversos proyectos de m\u00e1quinas de arcade, uso comercial y proyectos acad\u00e9micos.<\/p>\n","protected":false},"featured_media":5334,"template":"","meta":{"om_disable_all_campaigns":false,"_monsterinsights_skip_tracking":false,"_monsterinsights_sitenote_active":false,"_monsterinsights_sitenote_note":"","_monsterinsights_sitenote_category":0,"_uf_show_specific_survey":0,"_uf_disable_surveys":false},"product_cat":[269,323],"product_tag":[],"class_list":["post-6787","product","type-product","status-publish","has-post-thumbnail","hentry","product_cat-botones-arcade","product_cat-botones-arcade-del-jugador"],"yoast_head":"<!-- This site is optimized with the Yoast SEO Premium plugin v15.5 - https:\/\/yoast.com\/wordpress\/plugins\/seo\/ -->\n<title>Pulsador iluminado con LEDs a todo color - Bleegame<\/title>\n<meta name=\"robots\" content=\"index, follow, max-snippet:-1, max-image-preview:large, max-video-preview:-1\" \/>\n<link rel=\"canonical\" href=\"https:\/\/bleegame.com\/es\/producto\/boton-luminoso-a-todo-color\/\" \/>\n<meta property=\"og:locale\" content=\"es_ES\" \/>\n<meta property=\"og:type\" content=\"article\" \/>\n<meta property=\"og:title\" content=\"Pulsador iluminado con LEDs a todo color - Bleegame\" \/>\n<meta property=\"og:description\" content=\"Disponemos de una gama de botones de arcade, que son adecuados para diversos proyectos de m\u00e1quinas de arcade, uso comercial y proyectos acad\u00e9micos.\" \/>\n<meta property=\"og:url\" content=\"https:\/\/bleegame.com\/es\/producto\/boton-luminoso-a-todo-color\/\" \/>\n<meta property=\"og:site_name\" content=\"Bleegame\" \/>\n<meta name=\"twitter:card\" content=\"summary_large_image\" \/>\n<meta name=\"twitter:label1\" content=\"Tiempo de lectura\">\n\t<meta name=\"twitter:data1\" content=\"1 minuto\">\n<script type=\"application\/ld+json\" class=\"yoast-schema-graph\">{\"@context\":\"https:\/\/schema.org\",\"@graph\":[{\"@type\":\"WebSite\",\"@id\":\"https:\/\/bleegame.com\/es\/#website\",\"url\":\"https:\/\/bleegame.com\/es\/\",\"name\":\"Bleegame\",\"description\":\"One-stop Amusement Coin Operated Games  Machine procurement center\",\"potentialAction\":[{\"@type\":\"SearchAction\",\"target\":\"https:\/\/bleegame.com\/es\/?s={search_term_string}\",\"query-input\":\"required name=search_term_string\"}],\"inLanguage\":\"es\"},{\"@type\":\"ImageObject\",\"@id\":\"https:\/\/bleegame.com\/es\/producto\/boton-luminoso-a-todo-color\/#primaryimage\",\"inLanguage\":\"es\",\"url\":\"https:\/\/bleegame.com\/wp-content\/uploads\/2022\/07\/25-9-1.jpg\",\"width\":800,\"height\":800},{\"@type\":\"WebPage\",\"@id\":\"https:\/\/bleegame.com\/es\/producto\/boton-luminoso-a-todo-color\/#webpage\",\"url\":\"https:\/\/bleegame.com\/es\/producto\/boton-luminoso-a-todo-color\/\",\"name\":\"Pulsador iluminado con LEDs a todo color - Bleegame\",\"isPartOf\":{\"@id\":\"https:\/\/bleegame.com\/es\/#website\"},\"primaryImageOfPage\":{\"@id\":\"https:\/\/bleegame.com\/es\/producto\/boton-luminoso-a-todo-color\/#primaryimage\"},\"datePublished\":\"2022-07-26T02:06:33+00:00\",\"dateModified\":\"2022-07-26T02:06:33+00:00\",\"breadcrumb\":{\"@id\":\"https:\/\/bleegame.com\/es\/producto\/boton-luminoso-a-todo-color\/#breadcrumb\"},\"inLanguage\":\"es\",\"potentialAction\":[{\"@type\":\"ReadAction\",\"target\":[\"https:\/\/bleegame.com\/es\/producto\/boton-luminoso-a-todo-color\/\"]}]},{\"@type\":\"BreadcrumbList\",\"@id\":\"https:\/\/bleegame.com\/es\/producto\/boton-luminoso-a-todo-color\/#breadcrumb\",\"itemListElement\":[{\"@type\":\"ListItem\",\"position\":1,\"item\":{\"@type\":\"WebPage\",\"@id\":\"https:\/\/bleegame.com\/es\/producto\/\",\"url\":\"https:\/\/bleegame.com\/es\/producto\/\",\"name\":\"Producto\"}},{\"@type\":\"ListItem\",\"position\":2,\"item\":{\"@type\":\"WebPage\",\"@id\":\"https:\/\/bleegame.com\/es\/producto\/boton-luminoso-a-todo-color\/\",\"url\":\"https:\/\/bleegame.com\/es\/producto\/boton-luminoso-a-todo-color\/\",\"name\":\"Pulsador iluminado con LEDs a todo color\"}}]}]}<\/script>\n<!-- \/ Yoast SEO Premium plugin. -->","_links":{"self":[{"href":"https:\/\/bleegame.com\/es\/wp-json\/wp\/v2\/product\/6787","targetHints":{"allow":["GET"]}}],"collection":[{"href":"https:\/\/bleegame.com\/es\/wp-json\/wp\/v2\/product"}],"about":[{"href":"https:\/\/bleegame.com\/es\/wp-json\/wp\/v2\/types\/product"}],"version-history":[{"count":0,"href":"https:\/\/bleegame.com\/es\/wp-json\/wp\/v2\/product\/6787\/revisions"}],"wp:featuredmedia":[{"embeddable":true,"href":"https:\/\/bleegame.com\/es\/wp-json\/wp\/v2\/media\/5334"}],"wp:attachment":[{"href":"https:\/\/bleegame.com\/es\/wp-json\/wp\/v2\/media?parent=6787"}],"wp:term":[{"taxonomy":"product_cat","embeddable":true,"href":"https:\/\/bleegame.com\/es\/wp-json\/wp\/v2\/product_cat?post=6787"},{"taxonomy":"product_tag","embeddable":true,"href":"https:\/\/bleegame.com\/es\/wp-json\/wp\/v2\/product_tag?post=6787"}],"curies":[{"name":"wp","href":"https:\/\/api.w.org\/{rel}","templated":true}]}}