{"id":6792,"date":"2022-07-26T02:06:16","date_gmt":"2022-07-26T02:06:16","guid":{"rendered":"https:\/\/bleegame.com\/product\/2323-en-1-consola-de-juegos-pcb-3d-arcade-machine-board\/"},"modified":"2022-07-26T02:06:16","modified_gmt":"2022-07-26T02:06:16","slug":"2323-in-1-game-console-pcb-3d-arcade-machine-board-2","status":"publish","type":"product","link":"https:\/\/bleegame.com\/es\/producto\/2323-in-1-game-console-pcb-3d-arcade-machine-board-2\/","title":{"rendered":"2323 en 1 Consola de juegos PCB 3D Arcade Machine Board"},"content":{"rendered":"<div class=\"special-heading-border\">\n<div class=\"special-heading-inner-border\"><\/div>\n<\/div>\n<\/div>\n<div style=\"  margin-top:; margin-bottom:;\" class=\"hr hr-custom hr-center hr-icon-no avia-builder-el-12 el_after_av_heading el_before_av_textblock \"><span class=\"hr-inner inner-border-av-border-thin\" style=\"  width:1550px;\"><span class=\"hr-inner-style\"><\/span><\/span><\/div>\n<section class=\"av_textblock_section \" itemscope=\"itemscope\" itemtype=\"https:\/\/schema.org\/CreativeWork\">\n<div class=\"avia_textblock \" itemprop=\"text\">\n<p><strong>Descripci\u00f3n del producto:<\/strong><br \/>CPU de 1,4 n\u00facleos; salida HD 720P;<br \/>2.Can fij\u00f3 4 idiomas de la clase: chino, ingl\u00e9s, japon\u00e9s, Corea;<br \/>3.Soporte de botones personalizados.<br \/>4.Soporte para ocultar y borrar juegos; Soporte para establecer la dificultad del juego.<br \/>5.Built-in 100 x juegos 3D; 2100 x juegos 2D;<br \/>6.Soporta la conversi\u00f3n de un clic en casa y arcade.A\u00f1adido el modo de deducci\u00f3n de tiempo.<br \/>7.Puede a\u00f1adir juegos en 3D (plataforma PSP); no puede no juegos en 2D;<br \/>8.Soporta el modo perif\u00e9rico de la manija USB (PC\/PS3).<br \/>9.Suppotr salida VGA\/HDMI;<br \/>10.PCB soporte io modelo de prueba;<br \/>11.Soporta la funci\u00f3n TURBO de un solo bot\u00f3n, puede abrirlo por yourselft;<br \/>12.Apoya a 4 personas en l\u00ednea para jugar.<\/p>\n<\/div>\n<\/section>\n<div style='padding-bottom:10px; ' class='av-special-heading av-special-heading-h3 blockquote modern-quote avia-builder-el-14 el_after_av_textblock el_before_av_hr '>\n<h3 class='av-special-heading-tag ' itemprop=\"headline\">\n","protected":false},"excerpt":{"rendered":"<p>Vendemos una amplia gama de placas de juegos de arcade, PCB y kits de conversi\u00f3n para gabinetes de arcade que son el alma de un juego. La mayor\u00eda de las placas que vendemos han sido probadas y funcionan.Actualice su m\u00e1quina arcade con los \u00faltimos juegos y hardware con una de nuestras placas de juegos arcade o kits de conversi\u00f3n.<\/p>\n","protected":false},"featured_media":7735,"template":"","meta":{"om_disable_all_campaigns":false,"_monsterinsights_skip_tracking":false,"_monsterinsights_sitenote_active":false,"_monsterinsights_sitenote_note":"","_monsterinsights_sitenote_category":0,"_uf_show_specific_survey":0,"_uf_disable_surveys":false},"product_cat":[242,234],"product_tag":[],"class_list":["post-6792","product","type-product","status-publish","has-post-thumbnail","hentry","product_cat-tablero-de-juego-de-pandora","product_cat-tablero-de-juego-multiple"],"yoast_head":"<!-- This site is optimized with the Yoast SEO Premium plugin v15.5 - https:\/\/yoast.com\/wordpress\/plugins\/seo\/ -->\n<title>2323 en 1 Consola de juegos PCB 3D Arcade Machine Board - Bleegame<\/title>\n<meta name=\"robots\" content=\"index, follow, max-snippet:-1, max-image-preview:large, max-video-preview:-1\" \/>\n<link rel=\"canonical\" href=\"https:\/\/bleegame.com\/es\/producto\/2323-in-1-game-console-pcb-3d-arcade-machine-board-2\/\" \/>\n<meta property=\"og:locale\" content=\"es_ES\" \/>\n<meta property=\"og:type\" content=\"article\" \/>\n<meta property=\"og:title\" content=\"2323 en 1 Consola de juegos PCB 3D Arcade Machine Board - Bleegame\" \/>\n<meta property=\"og:description\" content=\"Vendemos una amplia gama de placas de juegos de arcade, PCB y kits de conversi\u00f3n para gabinetes de arcade que son el alma de un juego. La mayor\u00eda de las placas que vendemos han sido probadas y funcionan.Actualice su m\u00e1quina arcade con los \u00faltimos juegos y hardware con una de nuestras placas de juegos arcade o kits de conversi\u00f3n.\" \/>\n<meta property=\"og:url\" content=\"https:\/\/bleegame.com\/es\/producto\/2323-in-1-game-console-pcb-3d-arcade-machine-board-2\/\" \/>\n<meta property=\"og:site_name\" content=\"Bleegame\" \/>\n<meta name=\"twitter:card\" content=\"summary_large_image\" \/>\n<meta name=\"twitter:label1\" content=\"Tiempo de lectura\">\n\t<meta name=\"twitter:data1\" content=\"0 minutos\">\n<script type=\"application\/ld+json\" class=\"yoast-schema-graph\">{\"@context\":\"https:\/\/schema.org\",\"@graph\":[{\"@type\":\"WebSite\",\"@id\":\"https:\/\/bleegame.com\/es\/#website\",\"url\":\"https:\/\/bleegame.com\/es\/\",\"name\":\"Bleegame\",\"description\":\"One-stop Amusement Coin Operated Games  Machine procurement center\",\"potentialAction\":[{\"@type\":\"SearchAction\",\"target\":\"https:\/\/bleegame.com\/es\/?s={search_term_string}\",\"query-input\":\"required name=search_term_string\"}],\"inLanguage\":\"es\"},{\"@type\":\"ImageObject\",\"@id\":\"https:\/\/bleegame.com\/es\/producto\/2323-in-1-game-console-pcb-3d-arcade-machine-board-2\/#primaryimage\",\"inLanguage\":\"es\",\"url\":\"https:\/\/bleegame.com\/wp-content\/uploads\/2022\/07\/06-51.jpg\",\"width\":800,\"height\":800},{\"@type\":\"WebPage\",\"@id\":\"https:\/\/bleegame.com\/es\/producto\/2323-in-1-game-console-pcb-3d-arcade-machine-board-2\/#webpage\",\"url\":\"https:\/\/bleegame.com\/es\/producto\/2323-in-1-game-console-pcb-3d-arcade-machine-board-2\/\",\"name\":\"2323 en 1 Consola de juegos PCB 3D Arcade Machine Board - Bleegame\",\"isPartOf\":{\"@id\":\"https:\/\/bleegame.com\/es\/#website\"},\"primaryImageOfPage\":{\"@id\":\"https:\/\/bleegame.com\/es\/producto\/2323-in-1-game-console-pcb-3d-arcade-machine-board-2\/#primaryimage\"},\"datePublished\":\"2022-07-26T02:06:16+00:00\",\"dateModified\":\"2022-07-26T02:06:16+00:00\",\"breadcrumb\":{\"@id\":\"https:\/\/bleegame.com\/es\/producto\/2323-in-1-game-console-pcb-3d-arcade-machine-board-2\/#breadcrumb\"},\"inLanguage\":\"es\",\"potentialAction\":[{\"@type\":\"ReadAction\",\"target\":[\"https:\/\/bleegame.com\/es\/producto\/2323-in-1-game-console-pcb-3d-arcade-machine-board-2\/\"]}]},{\"@type\":\"BreadcrumbList\",\"@id\":\"https:\/\/bleegame.com\/es\/producto\/2323-in-1-game-console-pcb-3d-arcade-machine-board-2\/#breadcrumb\",\"itemListElement\":[{\"@type\":\"ListItem\",\"position\":1,\"item\":{\"@type\":\"WebPage\",\"@id\":\"https:\/\/bleegame.com\/es\/producto\/\",\"url\":\"https:\/\/bleegame.com\/es\/producto\/\",\"name\":\"Producto\"}},{\"@type\":\"ListItem\",\"position\":2,\"item\":{\"@type\":\"WebPage\",\"@id\":\"https:\/\/bleegame.com\/es\/producto\/2323-in-1-game-console-pcb-3d-arcade-machine-board-2\/\",\"url\":\"https:\/\/bleegame.com\/es\/producto\/2323-in-1-game-console-pcb-3d-arcade-machine-board-2\/\",\"name\":\"2323 en 1 Consola de juegos PCB 3D Arcade Machine Board\"}}]}]}<\/script>\n<!-- \/ Yoast SEO Premium plugin. -->","_links":{"self":[{"href":"https:\/\/bleegame.com\/es\/wp-json\/wp\/v2\/product\/6792","targetHints":{"allow":["GET"]}}],"collection":[{"href":"https:\/\/bleegame.com\/es\/wp-json\/wp\/v2\/product"}],"about":[{"href":"https:\/\/bleegame.com\/es\/wp-json\/wp\/v2\/types\/product"}],"version-history":[{"count":0,"href":"https:\/\/bleegame.com\/es\/wp-json\/wp\/v2\/product\/6792\/revisions"}],"wp:featuredmedia":[{"embeddable":true,"href":"https:\/\/bleegame.com\/es\/wp-json\/wp\/v2\/media\/7735"}],"wp:attachment":[{"href":"https:\/\/bleegame.com\/es\/wp-json\/wp\/v2\/media?parent=6792"}],"wp:term":[{"taxonomy":"product_cat","embeddable":true,"href":"https:\/\/bleegame.com\/es\/wp-json\/wp\/v2\/product_cat?post=6792"},{"taxonomy":"product_tag","embeddable":true,"href":"https:\/\/bleegame.com\/es\/wp-json\/wp\/v2\/product_tag?post=6792"}],"curies":[{"name":"wp","href":"https:\/\/api.w.org\/{rel}","templated":true}]}}