{"id":6793,"date":"2022-07-26T02:06:23","date_gmt":"2022-07-26T02:06:23","guid":{"rendered":"https:\/\/bleegame.com\/product\/2323-en-1-tablero-de-juego-arcade\/"},"modified":"2022-07-26T02:06:23","modified_gmt":"2022-07-26T02:06:23","slug":"2323-in-1-arcade-game-board-2","status":"publish","type":"product","link":"https:\/\/bleegame.com\/es\/producto\/2323-in-1-arcade-game-board-2\/","title":{"rendered":"2323 en 1 tablero de juego arcade"},"content":{"rendered":"<div class=\"special-heading-border\">\n<div class=\"special-heading-inner-border\"><\/div>\n<\/div>\n<div class=\"hr hr-custom hr-center hr-icon-no avia-builder-el-12 el_after_av_heading el_before_av_textblock \"><\/div>\n<section class=\"av_textblock_section \">\n<div class=\"avia_textblock \">\n<p><strong>Descripci\u00f3n del producto<\/strong><\/p>\n<ul>\n<li>Pandora&#8217;s Box 3D, 2323 en 1 tablero de jamma con 84 3D para m\u00e1quina de juegos arcade, soporta ingl\u00e9s, espa\u00f1ol, chino y chino tradicional, puedes elegir el idioma que quieras.<\/li>\n<li>La resoluci\u00f3n es de 1280 x 720,Soporta HD y VGA, b\u00fasqueda r\u00e1pida, clasificaci\u00f3n de simuladores, clasificaci\u00f3n de tipos de juegos, juegos recientes<\/li>\n<li>Equipado con una CPU de 12 n\u00facleos, imagen de juego suave, soporta 4 controladores de joystick USB en l\u00ednea, a\u00f1adi\u00f3 6 simuladores de fc, gba, gbc, sfc, md y pce para lograr una cobertura completa del simulador, soporta a\u00f1adir juegos 2D por ti mismo.<\/li>\n<li>La gran caracter\u00edstica es \u00abHigh Score\u00bb guardar, que guardar\u00e1 la puntuaci\u00f3n m\u00e1s alta, incluso despu\u00e9s de que el poder se apaga! (los \u00faltimos 20 juegos que ha jugado), el apoyo para el archivo y la lectura y optimizado la funci\u00f3n de b\u00fasqueda original<\/li>\n<li>Nos comprometemos a ofrecer productos de alta calidad y el mejor servicio, si tiene alg\u00fan problema, p\u00f3ngase en contacto con nosotros.<\/li>\n<\/ul>\n<p><strong>Utilizar el diagn\u00f3stico de situaciones anormales:<\/strong><\/p>\n<p>1.No hay imagen, no hay sonido, la luz de encendido est\u00e1 apagada<\/p>\n<p>Raz\u00f3n: Convertidor de potencia anormal; La placa base es anormal<\/p>\n<p>M\u00e9todo de manejo: El convertidor de energ\u00eda necesita proporcionar DC 5V y 12V de entrada, el producto se puede utilizar normalmente, trate de reemplazar el adaptador de corriente con los mismos par\u00e1metros o p\u00f3ngase en contacto con el distribuidor<\/p>\n<p>2.No hay se\u00f1al de imagen, pero hay sonido (sonido HDMI, sonido del puerto de audio de 3,5MM o sonido del altavoz incorporado)<\/p>\n<p>Motivo: Compruebe si el cable HDMI o el cable VGA est\u00e1n conectados correctamente y si la configuraci\u00f3n de la fuente de se\u00f1al del monitor es correcta.<\/p>\n<p>M\u00e9todo de manipulaci\u00f3n: Cambiar el mazo de cables o el equipo de audio<\/p>\n<p>3.Mal funcionamiento del bot\u00f3n de repente en el uso<\/p>\n<p>Raz\u00f3n: La bater\u00eda no es suficiente. La conexi\u00f3n del cableado de los botones se afloja.<\/p>\n<p>M\u00e9todo de manipulaci\u00f3n: Contacto con el distribuidor<\/p>\n<p>BLEE se centra en la fabricaci\u00f3n de accesorios de juegos de arcade, fabricamos y vendemos todo tipo de accesorios de juegos de arcade de alta calidad, somos una empresa de marca que ha estado operando durante muchos a\u00f1os, teniendo una buena reputaci\u00f3n y un gran grupo de clientes. Si est\u00e1 interesado en el juego de arcade y necesita comprar accesorios para juegos de arcade, p\u00f3ngase en contacto con nosotros<\/p>\n<p><strong>Especificaci\u00f3n:<\/strong><\/p>\n<p>1.Cantidad de juegos: 2323 juegos<\/p>\n<p>2.Color: Verde<\/p>\n<p>3.Soporte: Compatible con la salida HDMI y VGA<\/p>\n<p>4.Paquete: Tablero Jamma x 1<\/p>\n<p>5. Entorno de trabajo: -10-45, 30-90 Humedad<\/p>\n<p>6. Interfaz:<\/p>\n<p>1 x interfaz HD<\/p>\n<p>1 X interfaz VGA<\/p>\n<p>1 x Interfaz de audio<\/p>\n<p>1 interfaz USB<\/p>\n<p>1 interfaz de 12V DC<\/p>\n<p><strong>\u00bfPor qu\u00e9 elegirnos?<\/strong><\/p>\n<p>1.Somos una empresa de marca que funciona desde hace muchos a\u00f1os, con una buena reputaci\u00f3n<\/p>\n<p>2.Nos comprometemos a ofrecer productos de alta calidad.<\/p>\n<p>3. Tenemos nuestro equipo de desarrollo de productos, siempre tenemos productos de \u00faltima generaci\u00f3n.<\/p>\n<p>4.Si tiene alg\u00fan problema, p\u00f3ngase en contacto con nosotros, le responderemos a la primera.<\/p>\n<p>5.Espero que tenga una buena experiencia<\/p>\n<\/div>\n<\/section>\n<div class=\"av-special-heading av-special-heading-h3 blockquote modern-quote avia-builder-el-14 el_after_av_textblock el_before_av_hr \" style=\"padding-bottom: 10px;\">\n<h3 class=\"av-special-heading-tag \"><\/h3>\n<\/div>\n","protected":false},"excerpt":{"rendered":"<p>Vendemos una amplia gama de placas de juegos de arcade, PCB y kits de conversi\u00f3n para gabinetes de arcade que son el alma de un juego. La mayor\u00eda de las placas que vendemos han sido probadas y funcionan.Actualice su m\u00e1quina arcade con los \u00faltimos juegos y hardware con una de nuestras placas de juegos arcade o kits de conversi\u00f3n.<\/p>\n","protected":false},"featured_media":5415,"template":"","meta":{"om_disable_all_campaigns":false,"_monsterinsights_skip_tracking":false,"_monsterinsights_sitenote_active":false,"_monsterinsights_sitenote_note":"","_monsterinsights_sitenote_category":0,"_uf_show_specific_survey":0,"_uf_disable_surveys":false},"product_cat":[242,234],"product_tag":[],"class_list":["post-6793","product","type-product","status-publish","has-post-thumbnail","hentry","product_cat-tablero-de-juego-de-pandora","product_cat-tablero-de-juego-multiple"],"yoast_head":"<!-- This site is optimized with the Yoast SEO Premium plugin v15.5 - https:\/\/yoast.com\/wordpress\/plugins\/seo\/ -->\n<title>2323 en 1 tablero de juego arcade - Bleegame<\/title>\n<meta name=\"robots\" content=\"index, follow, max-snippet:-1, max-image-preview:large, max-video-preview:-1\" \/>\n<link rel=\"canonical\" href=\"https:\/\/bleegame.com\/es\/producto\/2323-in-1-arcade-game-board-2\/\" \/>\n<meta property=\"og:locale\" content=\"es_ES\" \/>\n<meta property=\"og:type\" content=\"article\" \/>\n<meta property=\"og:title\" content=\"2323 en 1 tablero de juego arcade - Bleegame\" \/>\n<meta property=\"og:description\" content=\"Vendemos una amplia gama de placas de juegos de arcade, PCB y kits de conversi\u00f3n para gabinetes de arcade que son el alma de un juego. La mayor\u00eda de las placas que vendemos han sido probadas y funcionan.Actualice su m\u00e1quina arcade con los \u00faltimos juegos y hardware con una de nuestras placas de juegos arcade o kits de conversi\u00f3n.\" \/>\n<meta property=\"og:url\" content=\"https:\/\/bleegame.com\/es\/producto\/2323-in-1-arcade-game-board-2\/\" \/>\n<meta property=\"og:site_name\" content=\"Bleegame\" \/>\n<meta name=\"twitter:card\" content=\"summary_large_image\" \/>\n<meta name=\"twitter:label1\" content=\"Tiempo de lectura\">\n\t<meta name=\"twitter:data1\" content=\"2 minutos\">\n<script type=\"application\/ld+json\" class=\"yoast-schema-graph\">{\"@context\":\"https:\/\/schema.org\",\"@graph\":[{\"@type\":\"WebSite\",\"@id\":\"https:\/\/bleegame.com\/es\/#website\",\"url\":\"https:\/\/bleegame.com\/es\/\",\"name\":\"Bleegame\",\"description\":\"One-stop Amusement Coin Operated Games  Machine procurement center\",\"potentialAction\":[{\"@type\":\"SearchAction\",\"target\":\"https:\/\/bleegame.com\/es\/?s={search_term_string}\",\"query-input\":\"required name=search_term_string\"}],\"inLanguage\":\"es\"},{\"@type\":\"ImageObject\",\"@id\":\"https:\/\/bleegame.com\/es\/producto\/2323-in-1-arcade-game-board-2\/#primaryimage\",\"inLanguage\":\"es\",\"url\":\"https:\/\/bleegame.com\/wp-content\/uploads\/2022\/07\/05-40-1.jpg\",\"width\":800,\"height\":800},{\"@type\":\"WebPage\",\"@id\":\"https:\/\/bleegame.com\/es\/producto\/2323-in-1-arcade-game-board-2\/#webpage\",\"url\":\"https:\/\/bleegame.com\/es\/producto\/2323-in-1-arcade-game-board-2\/\",\"name\":\"2323 en 1 tablero de juego arcade - Bleegame\",\"isPartOf\":{\"@id\":\"https:\/\/bleegame.com\/es\/#website\"},\"primaryImageOfPage\":{\"@id\":\"https:\/\/bleegame.com\/es\/producto\/2323-in-1-arcade-game-board-2\/#primaryimage\"},\"datePublished\":\"2022-07-26T02:06:23+00:00\",\"dateModified\":\"2022-07-26T02:06:23+00:00\",\"breadcrumb\":{\"@id\":\"https:\/\/bleegame.com\/es\/producto\/2323-in-1-arcade-game-board-2\/#breadcrumb\"},\"inLanguage\":\"es\",\"potentialAction\":[{\"@type\":\"ReadAction\",\"target\":[\"https:\/\/bleegame.com\/es\/producto\/2323-in-1-arcade-game-board-2\/\"]}]},{\"@type\":\"BreadcrumbList\",\"@id\":\"https:\/\/bleegame.com\/es\/producto\/2323-in-1-arcade-game-board-2\/#breadcrumb\",\"itemListElement\":[{\"@type\":\"ListItem\",\"position\":1,\"item\":{\"@type\":\"WebPage\",\"@id\":\"https:\/\/bleegame.com\/es\/producto\/\",\"url\":\"https:\/\/bleegame.com\/es\/producto\/\",\"name\":\"Producto\"}},{\"@type\":\"ListItem\",\"position\":2,\"item\":{\"@type\":\"WebPage\",\"@id\":\"https:\/\/bleegame.com\/es\/producto\/2323-in-1-arcade-game-board-2\/\",\"url\":\"https:\/\/bleegame.com\/es\/producto\/2323-in-1-arcade-game-board-2\/\",\"name\":\"2323 en 1 tablero de juego arcade\"}}]}]}<\/script>\n<!-- \/ Yoast SEO Premium plugin. -->","_links":{"self":[{"href":"https:\/\/bleegame.com\/es\/wp-json\/wp\/v2\/product\/6793","targetHints":{"allow":["GET"]}}],"collection":[{"href":"https:\/\/bleegame.com\/es\/wp-json\/wp\/v2\/product"}],"about":[{"href":"https:\/\/bleegame.com\/es\/wp-json\/wp\/v2\/types\/product"}],"version-history":[{"count":0,"href":"https:\/\/bleegame.com\/es\/wp-json\/wp\/v2\/product\/6793\/revisions"}],"wp:featuredmedia":[{"embeddable":true,"href":"https:\/\/bleegame.com\/es\/wp-json\/wp\/v2\/media\/5415"}],"wp:attachment":[{"href":"https:\/\/bleegame.com\/es\/wp-json\/wp\/v2\/media?parent=6793"}],"wp:term":[{"taxonomy":"product_cat","embeddable":true,"href":"https:\/\/bleegame.com\/es\/wp-json\/wp\/v2\/product_cat?post=6793"},{"taxonomy":"product_tag","embeddable":true,"href":"https:\/\/bleegame.com\/es\/wp-json\/wp\/v2\/product_tag?post=6793"}],"curies":[{"name":"wp","href":"https:\/\/api.w.org\/{rel}","templated":true}]}}