{"id":6794,"date":"2022-07-26T02:06:33","date_gmt":"2022-07-26T02:06:33","guid":{"rendered":"https:\/\/bleegame.com\/product\/consola-de-aluminio-de-la-caja-de-pandoras\/"},"modified":"2022-07-26T02:06:33","modified_gmt":"2022-07-26T02:06:33","slug":"caja-de-aluminio-para-banderas-consola","status":"publish","type":"product","link":"https:\/\/bleegame.com\/es\/producto\/caja-de-aluminio-para-banderas-consola\/","title":{"rendered":"Consola de aluminio de la caja de Pandoras"},"content":{"rendered":"<div class=\"special-heading-border\">\n<div class=\"special-heading-inner-border\"><\/div>\n<\/div>\n<div class=\"hr hr-custom hr-center hr-icon-no avia-builder-el-12 el_after_av_heading el_before_av_textblock \"><\/div>\n<section class=\"av_textblock_section \">\n<div class=\"avia_textblock \">\n<p>Tanto si prefieres jugar a Mortal Kombat como a Ms. Pacman despu\u00e9s del cine el viernes por la noche, estas m\u00e1quinas recreativas te mantendr\u00e1n a ti y a los tuyos entretenidos durante varias horas largas cualquier d\u00eda de la semana. Y si no te gustan mucho los videojuegos, hemos incluido algunos juegos de arcade m\u00e1s modernos, como los de rodar y anotar y los de baloncesto dual, para que te levantes del sof\u00e1.<\/p>\n<ul>\n<li><strong>EL MEJOR SISTEMA 3D-Nuestra<\/strong>consola arcade Pandora Treasure 3D est\u00e1 construida con el \u00faltimo sistema 3D. Vuelve a la diversi\u00f3n de tus m\u00e1quinas recreativas cl\u00e1sicas favoritas, o experimenta lo \u00faltimo en juegos modernos en 3D,Soporte para jugar partidas de 4 jugadores en l\u00ednea, lo que te permite aumentar la interacci\u00f3n con la familia y los amigos. Tambi\u00e9n puedes cambiar de idioma con una sola tecla para tu comodidad.<\/li>\n<li><strong>RESOLUCI\u00d3N FULL HD &#8211;<\/strong> En comparaci\u00f3n con la consola de juegos ordinaria de 480P, nuestra consola de juegos arcade alcanza una resoluci\u00f3n full HD de 1280 x 720P a trav\u00e9s de la interfaz HDMI o VGA, que puede aumentar la resoluci\u00f3n vertical en un 50% y la resoluci\u00f3n horizontal en aproximadamente un 80%. Nuestra consola arcade retro puede proporcionarle una experiencia de v\u00eddeo de alta definici\u00f3n.<\/li>\n<li><strong>AMPLIA COMPATIBILIDAD &#8211;<\/strong> Esta consola de juegos 3D est\u00e1 equipada con VGA, HDMI, USB, salida de audio, y la consola de juegos se puede conectar a televisores de alta definici\u00f3n, monitores, proyectores y otros dispositivos a trav\u00e9s de los puertos HDMI y VGA. Conexi\u00f3n a ordenadores, port\u00e1tiles y otros dispositivos y mandos a trav\u00e9s del puerto USB.La consola de juegos arcade Pandora Treasure admite la funci\u00f3n de pausa\/reanudaci\u00f3n del juego (es necesario pulsar durante 3 segundos para que surta efecto), la consola de juegos arcade Pandora Treasure 3D tambi\u00e9n admite la conexi\u00f3n PS4\/PS3.<\/li>\n<li><strong>INSTALACI\u00d3N DE JUEGOS 3003 &#8211;<\/strong> Con el fin de ofrecerle una mejor experiencia de juego, los botones de nuestra consola de m\u00e1quina de juegos retro admiten funciones personalizadas. Puede ajustar el orden de los botones seg\u00fan sus necesidades. 3003 juegos instalados para que disfrutes de m\u00e1s diversi\u00f3n.<\/li>\n<li><strong>DISE\u00d1O ERGON\u00d3MICO ESTILIZADO &#8211;<\/strong> El panel de aleaci\u00f3n de aluminio y el chasis met\u00e1lico ultra delgado hacen que esta caja se convierta en un regalo atractivo. El altavoz incorporado podr\u00eda adaptarse a un mayor uso de la escena, haciendo que esta m\u00e1quina sea m\u00e1s<\/li>\n<\/ul>\n<\/div>\n<\/section>\n<div class=\"av-special-heading av-special-heading-h3 blockquote modern-quote avia-builder-el-14 el_after_av_textblock el_before_av_hr \" style=\"padding-bottom: 10px;\">\n<h3 class=\"av-special-heading-tag \"><\/h3>\n<\/div>\n","protected":false},"excerpt":{"rendered":"<p>Disfruta de todos los juegos con los que creciste. Esta m\u00e1quina tiene casi todos los juegos cl\u00e1sicos de arcade de los a\u00f1os 80 y 90. Conecta y juega a juegos como Street Fighter, Metal Slug Series, Golden Tee, los Simpsons y muchos m\u00e1s.<\/p>\n","protected":false},"featured_media":7497,"template":"","meta":{"om_disable_all_campaigns":false,"_monsterinsights_skip_tracking":false,"_monsterinsights_sitenote_active":false,"_monsterinsights_sitenote_note":"","_monsterinsights_sitenote_category":0,"_uf_show_specific_survey":0,"_uf_disable_surveys":false},"product_cat":[322,321],"product_tag":[],"class_list":["post-6794","product","type-product","status-publish","has-post-thumbnail","hentry","product_cat-consola-de-juegos-pandora","product_cat-maquina-arcade-retro"],"yoast_head":"<!-- This site is optimized with the Yoast SEO Premium plugin v15.5 - https:\/\/yoast.com\/wordpress\/plugins\/seo\/ -->\n<title>Consola de aluminio de la caja de Pandoras - Bleegame<\/title>\n<meta name=\"robots\" content=\"index, follow, max-snippet:-1, max-image-preview:large, max-video-preview:-1\" \/>\n<link rel=\"canonical\" href=\"https:\/\/bleegame.com\/es\/producto\/caja-de-aluminio-para-banderas-consola\/\" \/>\n<meta property=\"og:locale\" content=\"es_ES\" \/>\n<meta property=\"og:type\" content=\"article\" \/>\n<meta property=\"og:title\" content=\"Consola de aluminio de la caja de Pandoras - Bleegame\" \/>\n<meta property=\"og:description\" content=\"Disfruta de todos los juegos con los que creciste. Esta m\u00e1quina tiene casi todos los juegos cl\u00e1sicos de arcade de los a\u00f1os 80 y 90. Conecta y juega a juegos como Street Fighter, Metal Slug Series, Golden Tee, los Simpsons y muchos m\u00e1s.\" \/>\n<meta property=\"og:url\" content=\"https:\/\/bleegame.com\/es\/producto\/caja-de-aluminio-para-banderas-consola\/\" \/>\n<meta property=\"og:site_name\" content=\"Bleegame\" \/>\n<meta name=\"twitter:card\" content=\"summary_large_image\" \/>\n<meta name=\"twitter:label1\" content=\"Tiempo de lectura\">\n\t<meta name=\"twitter:data1\" content=\"2 minutos\">\n<script type=\"application\/ld+json\" class=\"yoast-schema-graph\">{\"@context\":\"https:\/\/schema.org\",\"@graph\":[{\"@type\":\"WebSite\",\"@id\":\"https:\/\/bleegame.com\/es\/#website\",\"url\":\"https:\/\/bleegame.com\/es\/\",\"name\":\"Bleegame\",\"description\":\"One-stop Amusement Coin Operated Games  Machine procurement center\",\"potentialAction\":[{\"@type\":\"SearchAction\",\"target\":\"https:\/\/bleegame.com\/es\/?s={search_term_string}\",\"query-input\":\"required name=search_term_string\"}],\"inLanguage\":\"es\"},{\"@type\":\"ImageObject\",\"@id\":\"https:\/\/bleegame.com\/es\/producto\/caja-de-aluminio-para-banderas-consola\/#primaryimage\",\"inLanguage\":\"es\",\"url\":\"https:\/\/bleegame.com\/wp-content\/uploads\/2022\/07\/1-149.jpg\",\"width\":800,\"height\":800,\"caption\":\"arcade box console\"},{\"@type\":\"WebPage\",\"@id\":\"https:\/\/bleegame.com\/es\/producto\/caja-de-aluminio-para-banderas-consola\/#webpage\",\"url\":\"https:\/\/bleegame.com\/es\/producto\/caja-de-aluminio-para-banderas-consola\/\",\"name\":\"Consola de aluminio de la caja de Pandoras - Bleegame\",\"isPartOf\":{\"@id\":\"https:\/\/bleegame.com\/es\/#website\"},\"primaryImageOfPage\":{\"@id\":\"https:\/\/bleegame.com\/es\/producto\/caja-de-aluminio-para-banderas-consola\/#primaryimage\"},\"datePublished\":\"2022-07-26T02:06:33+00:00\",\"dateModified\":\"2022-07-26T02:06:33+00:00\",\"breadcrumb\":{\"@id\":\"https:\/\/bleegame.com\/es\/producto\/caja-de-aluminio-para-banderas-consola\/#breadcrumb\"},\"inLanguage\":\"es\",\"potentialAction\":[{\"@type\":\"ReadAction\",\"target\":[\"https:\/\/bleegame.com\/es\/producto\/caja-de-aluminio-para-banderas-consola\/\"]}]},{\"@type\":\"BreadcrumbList\",\"@id\":\"https:\/\/bleegame.com\/es\/producto\/caja-de-aluminio-para-banderas-consola\/#breadcrumb\",\"itemListElement\":[{\"@type\":\"ListItem\",\"position\":1,\"item\":{\"@type\":\"WebPage\",\"@id\":\"https:\/\/bleegame.com\/es\/producto\/\",\"url\":\"https:\/\/bleegame.com\/es\/producto\/\",\"name\":\"Producto\"}},{\"@type\":\"ListItem\",\"position\":2,\"item\":{\"@type\":\"WebPage\",\"@id\":\"https:\/\/bleegame.com\/es\/producto\/caja-de-aluminio-para-banderas-consola\/\",\"url\":\"https:\/\/bleegame.com\/es\/producto\/caja-de-aluminio-para-banderas-consola\/\",\"name\":\"Consola de aluminio de la caja de Pandoras\"}}]}]}<\/script>\n<!-- \/ Yoast SEO Premium plugin. -->","_links":{"self":[{"href":"https:\/\/bleegame.com\/es\/wp-json\/wp\/v2\/product\/6794","targetHints":{"allow":["GET"]}}],"collection":[{"href":"https:\/\/bleegame.com\/es\/wp-json\/wp\/v2\/product"}],"about":[{"href":"https:\/\/bleegame.com\/es\/wp-json\/wp\/v2\/types\/product"}],"version-history":[{"count":0,"href":"https:\/\/bleegame.com\/es\/wp-json\/wp\/v2\/product\/6794\/revisions"}],"wp:featuredmedia":[{"embeddable":true,"href":"https:\/\/bleegame.com\/es\/wp-json\/wp\/v2\/media\/7497"}],"wp:attachment":[{"href":"https:\/\/bleegame.com\/es\/wp-json\/wp\/v2\/media?parent=6794"}],"wp:term":[{"taxonomy":"product_cat","embeddable":true,"href":"https:\/\/bleegame.com\/es\/wp-json\/wp\/v2\/product_cat?post=6794"},{"taxonomy":"product_tag","embeddable":true,"href":"https:\/\/bleegame.com\/es\/wp-json\/wp\/v2\/product_tag?post=6794"}],"curies":[{"name":"wp","href":"https:\/\/api.w.org\/{rel}","templated":true}]}}