{"id":6795,"date":"2022-07-26T02:06:01","date_gmt":"2022-07-26T02:06:01","guid":{"rendered":"https:\/\/bleegame.com\/product\/8000-juegos-pandora-ex-tablero-de-juego\/"},"modified":"2022-07-26T02:06:01","modified_gmt":"2022-07-26T02:06:01","slug":"8000-juegos-pandora-ex-juego-tablero","status":"publish","type":"product","link":"https:\/\/bleegame.com\/es\/producto\/8000-juegos-pandora-ex-juego-tablero\/","title":{"rendered":"8000 juegos pandora ex tablero de juego"},"content":{"rendered":"<div class=\"special-heading-border\">\n<div class=\"special-heading-inner-border\"><\/div>\n<\/div>\n<\/div>\n<div style=\"  margin-top:; margin-bottom:;\" class=\"hr hr-custom hr-center hr-icon-no avia-builder-el-12 el_after_av_heading el_before_av_textblock \"><span class=\"hr-inner inner-border-av-border-thin\" style=\"  width:1550px;\"><span class=\"hr-inner-style\"><\/span><\/span><\/div>\n<section class=\"av_textblock_section \" itemscope=\"itemscope\" itemtype=\"https:\/\/schema.org\/CreativeWork\">\n<div class=\"avia_textblock \" itemprop=\"text\">\n<p>\u00bfLa caja de Pandora? Versi\u00f3n Arcade &#8211; Salida HDMi, CRT y VGA &#8211; 8000 Grandes Juegos.<\/p>\n<p>La placa 8000 in 1 Pandora&#8217;s Box Arcade Version JAMMA cuenta con una impresionante selecci\u00f3n de juegos cl\u00e1sicos de arcade, incluyendo varias versiones de Street Fighter, King of Fighters, Golden Axe, Gorf, Los Simpsons, Ghouls &#8216;N&#8217; Ghosts, Double Dragon, Wonder Boy, R-Type, 1942, Pac-Man, Ms Pac-Man, Donkey Kong, Phoenix, Space Harrier, Track &#8216;N&#8217; Field y muchos muchos m\u00e1s&#8230; Esta placa puede reproducirse en CRT, VGA y HDMi en los televisores modernos y tambi\u00e9n tiene algunas caracter\u00edsticas interesantes, como la posibilidad de guardar la puntuaci\u00f3n m\u00e1s alta, la configuraci\u00f3n del generador de l\u00edneas de escaneo, el modo de tiempo de juego y la configuraci\u00f3n de la dificultad\/n\u00famero de vidas. El tablero tambi\u00e9n se puede configurar para que funcione con monedas y se puede activar el modo de tiempo de juego a trav\u00e9s de los ajustes. Tambi\u00e9n puede ajustarse a juego libre si es necesario.<\/p>\n<p><strong>Caracter\u00edstica del producto:<\/strong><\/p>\n<ul>\n<li>Versi\u00f3n dom\u00e9stica y versi\u00f3n arcade dos en 1.La versi\u00f3n dom\u00e9stica soporta la funci\u00f3n de pausa, archivo, leer el archivo y jugar de nuevo la pr\u00f3xima vez. La versi\u00f3n Arcade tiene un modo de facturaci\u00f3n basado en el tiempo y un modo de facturaci\u00f3n basado en las monedas.<\/li>\n<li>Soporta la b\u00fasqueda r\u00e1pida, la clasificaci\u00f3n del emulador, la clase de juego y el juego reciente.<\/li>\n<li>\u00a1Soporta el modo de manejo dedicado al juego 3D para restaurar la experiencia de juego m\u00e1s realista!<\/li>\n<li>La m\u00e1quina de apoyo se convierte en el modo gamepad, soporta dos jugadores en l\u00ednea,<\/li>\n<li>Admite cualquier ajuste de posici\u00f3n 1p del mango, y soporta 4 gamepad al mismo tiempo.<\/li>\n<li>Soporta el cambio de idioma (chino simplificado, chino tradicional, ingl\u00e9s, coreano, japon\u00e9s, espa\u00f1ol&#8230; puede a\u00f1adir otros idiomas)<\/li>\n<li>Soporta m\u00faltiples emuladores descargados por el usuario final de forma independiente.<\/li>\n<li>Soporta la funci\u00f3n de disparo continuo, la personalizaci\u00f3n de los botones, la l\u00ednea de exploraci\u00f3n, el modo de visualizaci\u00f3n normal y el modo de juego HD.<\/li>\n<\/ul>\n<p><b>Definici\u00f3n de la interfaz de los botones<\/b><\/p>\n<table style=\"border-collapse: collapse; width: 227.28pt;\" border=\"0\" width=\"303\" cellspacing=\"0\" cellpadding=\"0\">\n<tbody>\n<tr style=\"height: 15.75pt;\">\n<td class=\"et2\" style=\"height: 15.75pt; width: 118.50pt;\" colspan=\"2\" width=\"158\" height=\"21\">MESA 2P(Lado de la soldadura)<\/td>\n<td class=\"et4\" style=\"width: 108.75pt;\" colspan=\"2\" width=\"145\">TABLA 1P(Lado de las piezas)<\/td>\n<\/tr>\n<tr style=\"height: 15.75pt;\">\n<td class=\"et6\" style=\"height: 15.75pt;\" height=\"21\">SUELO<\/td>\n<td class=\"et6\">A<\/td>\n<td class=\"et6\">1<\/td>\n<td class=\"et6\">TIERRA<\/td>\n<\/tr>\n<tr style=\"height: 17.00pt;\">\n<td class=\"et6\" style=\"height: 17.00pt;\" height=\"22\">SUELO<\/td>\n<td class=\"et6\">B<\/td>\n<td class=\"et6\">2<\/td>\n<td class=\"et6\">TIERRA<\/td>\n<\/tr>\n<tr style=\"height: 17.00pt;\">\n<td class=\"et6\" style=\"height: 17.00pt;\" height=\"22\">+5V<\/td>\n<td class=\"et6\">C<\/td>\n<td class=\"et6\">3<\/td>\n<td class=\"et6\">+5V<\/td>\n<\/tr>\n<tr style=\"height: 17.00pt;\">\n<td class=\"et6\" style=\"height: 17.00pt;\" height=\"22\">+5V<\/td>\n<td class=\"et6\">D<\/td>\n<td class=\"et6\">4<\/td>\n<td class=\"et6\">+5V<\/td>\n<\/tr>\n<tr style=\"height: 17.00pt;\">\n<td class=\"et6\" style=\"height: 17.00pt;\" height=\"22\">N\/C<\/td>\n<td class=\"et6\">H<\/td>\n<td class=\"et6\">7<\/td>\n<td class=\"et6\">N\/C<\/td>\n<\/tr>\n<tr style=\"height: 48.00pt;\">\n<td class=\"et6\" style=\"height: 48.00pt;\" height=\"64\">N\/C<\/td>\n<td class=\"et6\">E<\/td>\n<td class=\"et6\">5<\/td>\n<td class=\"et6\">N\/C<\/td>\n<\/tr>\n<tr style=\"height: 17.00pt;\">\n<td class=\"et6\" style=\"height: 17.00pt;\" height=\"22\">+12V<\/td>\n<td class=\"et6\">F<\/td>\n<td class=\"et6\">6<\/td>\n<td class=\"et6\">+12V<\/td>\n<\/tr>\n<tr style=\"height: 17.00pt;\">\n<td class=\"et6\" style=\"height: 17.00pt;\" height=\"22\">N\/C<\/td>\n<td class=\"et6\">J<\/td>\n<td class=\"et6\">8<\/td>\n<td class=\"et6\">N\/C<\/td>\n<\/tr>\n<tr style=\"height: 17.00pt;\">\n<td class=\"et6\" style=\"height: 17.00pt;\" height=\"22\">N\/C<\/td>\n<td class=\"et6\">K<\/td>\n<td class=\"et6\">9<\/td>\n<td class=\"et6\">N\/C<\/td>\n<\/tr>\n<tr style=\"height: 17.00pt;\">\n<td class=\"et6\" style=\"height: 17.00pt;\" height=\"22\">SUELO<\/td>\n<td class=\"et6\">L<\/td>\n<td class=\"et6\">10<\/td>\n<td class=\"et6\">SUELO<\/td>\n<\/tr>\n<tr style=\"height: 17.00pt;\">\n<td class=\"et6\" style=\"height: 17.00pt;\" height=\"22\">N\/C<\/td>\n<td class=\"et6\">M<\/td>\n<td class=\"et6\">11<\/td>\n<td class=\"et6\">N\/C<\/td>\n<\/tr>\n<tr style=\"height: 17.00pt;\">\n<td class=\"et6\" style=\"height: 17.00pt;\" height=\"22\">N\/C<\/td>\n<td class=\"et6\">R<\/td>\n<td class=\"et6\">14<\/td>\n<td class=\"et6\">N\/C<\/td>\n<\/tr>\n<tr style=\"height: 17.00pt;\">\n<td class=\"et6\" style=\"height: 17.00pt;\" height=\"22\">N\/C<\/td>\n<td class=\"et6\">S<\/td>\n<td class=\"et6\">15<\/td>\n<td class=\"et6\">N\/C<\/td>\n<\/tr>\n<tr style=\"height: 17.00pt;\">\n<td class=\"et6\" style=\"height: 17.00pt;\" height=\"22\">Bot\u00f3n de pausa<\/td>\n<td class=\"et6\">T<\/td>\n<td class=\"et6\">16<\/td>\n<td class=\"et6\">Bot\u00f3n de pausa<\/td>\n<\/tr>\n<tr style=\"height: 17.00pt;\">\n<td class=\"et6\" style=\"height: 17.00pt;\" height=\"22\">2P START<\/td>\n<td class=\"et6\">U<\/td>\n<td class=\"et6\">17<\/td>\n<td class=\"et6\">2P START<\/td>\n<\/tr>\n<tr style=\"height: 17.00pt;\">\n<td class=\"et6\" style=\"height: 17.00pt;\" height=\"22\">2P UP<\/td>\n<td class=\"et6\">V<\/td>\n<td class=\"et6\">18<\/td>\n<td class=\"et6\">2P UP<\/td>\n<\/tr>\n<tr style=\"height: 17.00pt;\">\n<td class=\"et6\" style=\"height: 17.00pt;\" height=\"22\">2P ABAJO<\/td>\n<td class=\"et6\">W<\/td>\n<td class=\"et6\">19<\/td>\n<td class=\"et6\">2P ABAJO<\/td>\n<\/tr>\n<tr style=\"height: 13.50pt;\">\n<td class=\"et6\" style=\"height: 13.50pt;\" height=\"18\">2P IZQUIERDA<\/td>\n<td class=\"et6\">X<\/td>\n<td class=\"et6\">20<\/td>\n<td class=\"et6\">2P IZQUIERDA<\/td>\n<\/tr>\n<tr style=\"height: 13.50pt;\">\n<td class=\"et6\" style=\"height: 13.50pt;\" height=\"18\">2P DERECHO<\/td>\n<td class=\"et6\">Y<\/td>\n<td class=\"et6\">21<\/td>\n<td class=\"et6\">2P DERECHO<\/td>\n<\/tr>\n<tr style=\"height: 13.50pt;\">\n<td class=\"et6\" style=\"height: 13.50pt;\" height=\"18\">2P BOT\u00d3N#A<\/td>\n<td class=\"et6\">Z<\/td>\n<td class=\"et6\">22<\/td>\n<td class=\"et6\">2P BOT\u00d3N#A<\/td>\n<\/tr>\n<tr style=\"height: 13.50pt;\">\n<td class=\"et6\" style=\"height: 13.50pt;\" height=\"18\">2P BOT\u00d3N#B<\/td>\n<td class=\"et6\">a<\/td>\n<td class=\"et6\">23<\/td>\n<td class=\"et6\">2P BOT\u00d3N#B<\/td>\n<\/tr>\n<tr style=\"height: 15.00pt;\">\n<td class=\"et6\" style=\"height: 15.00pt;\" height=\"20\">2P BOT\u00d3N#C<\/td>\n<td class=\"et6\">b<\/td>\n<td class=\"et6\">24<\/td>\n<td class=\"et6\">2P BOT\u00d3N#C<\/td>\n<\/tr>\n<tr style=\"height: 13.50pt;\">\n<td class=\"et6\" style=\"height: 13.50pt;\" height=\"18\">2P BOT\u00d3N#D<\/td>\n<td class=\"et6\">c<\/td>\n<td class=\"et6\">25<\/td>\n<td class=\"et6\">2P BOT\u00d3N#D<\/td>\n<\/tr>\n<tr style=\"height: 13.50pt;\">\n<td class=\"et6\" style=\"height: 13.50pt;\" height=\"18\">2P BOT\u00d3N#E<\/td>\n<td class=\"et6\">d<\/td>\n<td class=\"et6\">26<\/td>\n<td class=\"et6\">2P BOT\u00d3N#E<\/td>\n<\/tr>\n<tr style=\"height: 13.50pt;\">\n<td class=\"et6\" style=\"height: 13.50pt;\" height=\"18\">2P BOT\u00d3N#F<\/td>\n<td class=\"et6\">e<\/td>\n<td class=\"et6\">27<\/td>\n<td class=\"et6\">2P BOT\u00d3N#F<\/td>\n<\/tr>\n<tr style=\"height: 13.50pt;\">\n<td class=\"et6\" style=\"height: 13.50pt;\" height=\"18\">SUELO<\/td>\n<td class=\"et6\">f<\/td>\n<td class=\"et6\">28<\/td>\n<td class=\"et6\">SUELO<\/td>\n<\/tr>\n<tr style=\"height: 13.50pt;\">\n<td class=\"et6\" style=\"height: 13.50pt;\" height=\"18\">VIDEO VERDE<\/td>\n<td class=\"et6\">N<\/td>\n<td class=\"et6\">12<\/td>\n<td class=\"et6\">VIDEO VERDE<\/td>\n<\/tr>\n<tr style=\"height: 13.50pt;\">\n<td class=\"et6\" style=\"height: 13.50pt;\" height=\"18\">VIDEO SYNC<\/td>\n<td class=\"et6\">P<\/td>\n<td class=\"et6\">13<\/td>\n<td class=\"et6\">VIDEO SYNC<\/td>\n<\/tr>\n<\/tbody>\n<\/table>\n<\/div>\n<\/section>\n<div style=\"padding-bottom:10px;  \" class=\"av-special-heading av-special-heading-h3 blockquote modern-quote avia-builder-el-14 el_after_av_textblock el_before_av_hr \">\n<h3 class=\"av-special-heading-tag \" itemprop=\"headline\">V\u00eddeo<\/h3>\n<div class=\"special-heading-border\">\n<div class=\"special-heading-inner-border\"><\/div>\n<\/div>\n<\/div>\n<div style=\"  margin-top:; margin-bottom:;\" class=\"hr hr-custom hr-center hr-icon-no avia-builder-el-15 el_after_av_heading el_before_av_video \"><span class=\"hr-inner inner-border-av-border-thin\" style=\"  width:1550px;\"><span class=\"hr-inner-style\"><\/span><\/span><\/div>\n<div class=\"avia-video avia-video-16-9 av-lazyload-immediate av-lazyload-video-embed \" itemprop=\"video\" itemtype=\"https:\/\/schema.org\/VideoObject\" data-original_url=\"https:\/\/www.youtube.com\/watch?v=8qi5l0l6x_k\">\n<div class=\"avia-iframe-wrap\"><iframe title=\"?\u02f6???EX2??\u0365????8000??\u04bb??128G??10M\" width=\"1333\" height=\"1000\" frameborder=\"0\" allow=\"accelerometer; autoplay; clipboard-write; encrypted-media; gyroscope; picture-in-picture\" allowfullscreen=\"\" src=\"https:\/\/www.youtube.com\/embed\/8qi5l0l6x_k?feature=oembed&amp;autoplay=0&amp;loop=0&amp;controls=1&amp;mute=0\"><\/iframe><\/div>\n<p><\/script><\/p>\n<div class=\"av-click-to-play-overlay\">\n<div class=\"avia_playpause_icon\"><\/div>\n<\/div>\n<\/div>\n<div style='padding-bottom:10px; ' class='av-special-heading av-special-heading-h3 blockquote modern-quote avia-builder-el-17 el_after_av_video el_before_av_hr '>\n<h3 class='av-special-heading-tag ' itemprop=\"headline\">\n","protected":false},"excerpt":{"rendered":"<p>Vendemos una amplia gama de placas de juegos de arcade, PCB y kits de conversi\u00f3n para gabinetes de arcade que son el alma de un juego. La mayor\u00eda de las placas que vendemos han sido probadas y funcionan.Actualice su m\u00e1quina arcade con los \u00faltimos juegos y hardware con una de nuestras placas de juegos arcade o kits de conversi\u00f3n.<\/p>\n","protected":false},"featured_media":7806,"template":"","meta":{"om_disable_all_campaigns":false,"_monsterinsights_skip_tracking":false,"_monsterinsights_sitenote_active":false,"_monsterinsights_sitenote_note":"","_monsterinsights_sitenote_category":0,"_uf_show_specific_survey":0,"_uf_disable_surveys":false},"product_cat":[242,234],"product_tag":[],"class_list":["post-6795","product","type-product","status-publish","has-post-thumbnail","hentry","product_cat-tablero-de-juego-de-pandora","product_cat-tablero-de-juego-multiple"],"yoast_head":"<!-- This site is optimized with the Yoast SEO Premium plugin v15.5 - https:\/\/yoast.com\/wordpress\/plugins\/seo\/ -->\n<title>8000 juegos pandora ex tablero de juego - Bleegame<\/title>\n<meta name=\"robots\" content=\"index, follow, max-snippet:-1, max-image-preview:large, max-video-preview:-1\" \/>\n<link rel=\"canonical\" href=\"https:\/\/bleegame.com\/es\/producto\/8000-juegos-pandora-ex-juego-tablero\/\" \/>\n<meta property=\"og:locale\" content=\"es_ES\" \/>\n<meta property=\"og:type\" content=\"article\" \/>\n<meta property=\"og:title\" content=\"8000 juegos pandora ex tablero de juego - Bleegame\" \/>\n<meta property=\"og:description\" content=\"Vendemos una amplia gama de placas de juegos de arcade, PCB y kits de conversi\u00f3n para gabinetes de arcade que son el alma de un juego. La mayor\u00eda de las placas que vendemos han sido probadas y funcionan.Actualice su m\u00e1quina arcade con los \u00faltimos juegos y hardware con una de nuestras placas de juegos arcade o kits de conversi\u00f3n.\" \/>\n<meta property=\"og:url\" content=\"https:\/\/bleegame.com\/es\/producto\/8000-juegos-pandora-ex-juego-tablero\/\" \/>\n<meta property=\"og:site_name\" content=\"Bleegame\" \/>\n<meta name=\"twitter:card\" content=\"summary_large_image\" \/>\n<meta name=\"twitter:label1\" content=\"Tiempo de lectura\">\n\t<meta name=\"twitter:data1\" content=\"2 minutos\">\n<script type=\"application\/ld+json\" class=\"yoast-schema-graph\">{\"@context\":\"https:\/\/schema.org\",\"@graph\":[{\"@type\":\"WebSite\",\"@id\":\"https:\/\/bleegame.com\/es\/#website\",\"url\":\"https:\/\/bleegame.com\/es\/\",\"name\":\"Bleegame\",\"description\":\"One-stop Amusement Coin Operated Games  Machine procurement center\",\"potentialAction\":[{\"@type\":\"SearchAction\",\"target\":\"https:\/\/bleegame.com\/es\/?s={search_term_string}\",\"query-input\":\"required name=search_term_string\"}],\"inLanguage\":\"es\"},{\"@type\":\"ImageObject\",\"@id\":\"https:\/\/bleegame.com\/es\/producto\/8000-juegos-pandora-ex-juego-tablero\/#primaryimage\",\"inLanguage\":\"es\",\"url\":\"https:\/\/bleegame.com\/wp-content\/uploads\/2022\/07\/04-47.jpg\",\"width\":800,\"height\":800},{\"@type\":\"WebPage\",\"@id\":\"https:\/\/bleegame.com\/es\/producto\/8000-juegos-pandora-ex-juego-tablero\/#webpage\",\"url\":\"https:\/\/bleegame.com\/es\/producto\/8000-juegos-pandora-ex-juego-tablero\/\",\"name\":\"8000 juegos pandora ex tablero de juego - Bleegame\",\"isPartOf\":{\"@id\":\"https:\/\/bleegame.com\/es\/#website\"},\"primaryImageOfPage\":{\"@id\":\"https:\/\/bleegame.com\/es\/producto\/8000-juegos-pandora-ex-juego-tablero\/#primaryimage\"},\"datePublished\":\"2022-07-26T02:06:01+00:00\",\"dateModified\":\"2022-07-26T02:06:01+00:00\",\"breadcrumb\":{\"@id\":\"https:\/\/bleegame.com\/es\/producto\/8000-juegos-pandora-ex-juego-tablero\/#breadcrumb\"},\"inLanguage\":\"es\",\"potentialAction\":[{\"@type\":\"ReadAction\",\"target\":[\"https:\/\/bleegame.com\/es\/producto\/8000-juegos-pandora-ex-juego-tablero\/\"]}]},{\"@type\":\"BreadcrumbList\",\"@id\":\"https:\/\/bleegame.com\/es\/producto\/8000-juegos-pandora-ex-juego-tablero\/#breadcrumb\",\"itemListElement\":[{\"@type\":\"ListItem\",\"position\":1,\"item\":{\"@type\":\"WebPage\",\"@id\":\"https:\/\/bleegame.com\/es\/producto\/\",\"url\":\"https:\/\/bleegame.com\/es\/producto\/\",\"name\":\"Producto\"}},{\"@type\":\"ListItem\",\"position\":2,\"item\":{\"@type\":\"WebPage\",\"@id\":\"https:\/\/bleegame.com\/es\/producto\/8000-juegos-pandora-ex-juego-tablero\/\",\"url\":\"https:\/\/bleegame.com\/es\/producto\/8000-juegos-pandora-ex-juego-tablero\/\",\"name\":\"8000 juegos pandora ex tablero de juego\"}}]}]}<\/script>\n<!-- \/ Yoast SEO Premium plugin. -->","_links":{"self":[{"href":"https:\/\/bleegame.com\/es\/wp-json\/wp\/v2\/product\/6795","targetHints":{"allow":["GET"]}}],"collection":[{"href":"https:\/\/bleegame.com\/es\/wp-json\/wp\/v2\/product"}],"about":[{"href":"https:\/\/bleegame.com\/es\/wp-json\/wp\/v2\/types\/product"}],"version-history":[{"count":0,"href":"https:\/\/bleegame.com\/es\/wp-json\/wp\/v2\/product\/6795\/revisions"}],"wp:featuredmedia":[{"embeddable":true,"href":"https:\/\/bleegame.com\/es\/wp-json\/wp\/v2\/media\/7806"}],"wp:attachment":[{"href":"https:\/\/bleegame.com\/es\/wp-json\/wp\/v2\/media?parent=6795"}],"wp:term":[{"taxonomy":"product_cat","embeddable":true,"href":"https:\/\/bleegame.com\/es\/wp-json\/wp\/v2\/product_cat?post=6795"},{"taxonomy":"product_tag","embeddable":true,"href":"https:\/\/bleegame.com\/es\/wp-json\/wp\/v2\/product_tag?post=6795"}],"curies":[{"name":"wp","href":"https:\/\/api.w.org\/{rel}","templated":true}]}}