{"id":6796,"date":"2022-07-26T02:06:28","date_gmt":"2022-07-26T02:06:28","guid":{"rendered":"https:\/\/bleegame.com\/product\/batalla-en-linea-pandora-arcade-box\/"},"modified":"2022-07-26T02:06:28","modified_gmt":"2022-07-26T02:06:28","slug":"caja-de-batalla-en-linea-de-pandora-arcade","status":"publish","type":"product","link":"https:\/\/bleegame.com\/es\/producto\/caja-de-batalla-en-linea-de-pandora-arcade\/","title":{"rendered":"Batalla en l\u00ednea Pandora arcade Box"},"content":{"rendered":"<div class=\"special-heading-border\">\n<div class=\"special-heading-inner-border\"><\/div>\n<\/div>\n<section class=\"av_textblock_section \">\n<div class=\"avia_textblock \">\n<div data-spm-anchor-id=\"a2700.details.0.i16.5a9319e9eJmMZI\">\n<p><strong><span data-spm-anchor-id=\"a2700.details.0.i15.5a9319e9eJmMZI\">Caracter\u00edsticas:<\/span><\/strong><\/p>\n<p>Descarga de WIFI y batalla en l\u00ednea (\u00a1caliente! La versi\u00f3n m\u00e1s reciente)<br \/>\nPantalla: TV \/ Pantalla de ordenador \/ Proyector<br \/>\nIdioma: Chino\/Ingl\u00e9s\/Coreano\/Espa\u00f1a\/Portugal<br \/>\nSistema operativo Android: Android 4.4<br \/>\nCPU: Amlogic S812 Octa core a 2GHz (DVFS)<br \/>\nGPU: GPU Mali-450 de 8 n\u00facleos<br \/>\nRAM: 1G Byte DDR3<br \/>\nMemoria: 4GB EMMC +64G TF(Extensi\u00f3n de almacenamiento)<br \/>\nPuerto USB Host USB2.0 (Puede manejar)<br \/>\nAlimentaci\u00f3n: 12V 2A DC<br \/>\nTama\u00f1o del producto: 63x22x5 cm<br \/>\nDimensiones del embalaje: 68x30x16 cm<\/p>\n<\/div>\n<div><\/div>\n<div>\n<p>Resoluci\u00f3n: 1280x720P<br \/>\nSoporte: HD, VGA, USB, WIFI<br \/>\nVoltaje: entrada de 110-240V, disponible en CN\/TW\/US\/EU\/UK\/AU<br \/>\nCertificado: CE<\/p>\n<p><strong>Nota:<\/strong><\/p>\n<p data-spm-anchor-id=\"a2700.details.0.i18.5a9319e9eJmMZI\">Algunos juegos en 3D no se ejecutan con mucha fluidez, y varios juegos son injugables. Por favor, no oferte si le importa. Para los compradores internacionales; debido a que los diferentes pa\u00edses tienen diferentes normas de impuestos de aduana, por lo que todos los impuestos de aduana ser\u00e1n cubiertos por el comprador<\/p>\n<table>\n<tbody>\n<tr>\n<td height=\"30\"><strong>Nombre del producto:<\/strong><\/td>\n<td colspan=\"2\" height=\"30\">Consola de juego de batalla competitiva en l\u00ednea<\/td>\n<\/tr>\n<tr>\n<td height=\"30\"><strong>Juego:<\/strong><\/td>\n<td colspan=\"2\" height=\"30\">12000 en 1 juego cl\u00e1sico<\/td>\n<\/tr>\n<tr>\n<td height=\"30\"><strong>Tama\u00f1o:<\/strong><\/td>\n<td colspan=\"2\" height=\"30\" data-spm-anchor-id=\"a2700.details.0.i17.5a9319e9eJmMZI\">Aprox: 61* 27* 17cm<\/td>\n<\/tr>\n<tr>\n<td height=\"30\"><strong>Dise\u00f1o<\/strong><\/td>\n<td colspan=\"2\" height=\"30\">Tablero acr\u00edlico+caja met\u00e1lica<\/td>\n<\/tr>\n<tr>\n<td height=\"30\"><strong>Tensi\u00f3n:<\/strong><\/td>\n<td colspan=\"2\" height=\"30\">Soporta la entrada de 110-240V, con soporte universal<\/td>\n<\/tr>\n<tr>\n<td rowspan=\"2\" height=\"60\"><strong>V\u00eddeo:<\/strong><\/td>\n<td height=\"30\">HD 720P<\/td>\n<td height=\"30\">Salida digital de alta definici\u00f3n<\/td>\n<\/tr>\n<tr>\n<td height=\"30\">VGA\/1280\u00d7720<\/td>\n<td height=\"30\">Salida de v\u00eddeo de alta definici\u00f3n VGA<\/td>\n<\/tr>\n<tr>\n<td height=\"30\"><strong>Peso:<\/strong><\/td>\n<td colspan=\"2\" height=\"30\">6.0kg<\/td>\n<\/tr>\n<tr>\n<td height=\"30\"><strong>Embalaje:<\/strong><\/td>\n<td colspan=\"2\" height=\"30\">Caja<\/td>\n<\/tr>\n<tr>\n<td height=\"30\"><strong>Observaciones:  <\/strong><\/td>\n<td colspan=\"2\" height=\"30\">Lista de juegos disponible; cable de alimentaci\u00f3n con enchufe EU \/ US \/ UK \/ AU disponible.<\/td>\n<\/tr>\n<\/tbody>\n<\/table>\n<p><noscript><img fetchpriority=\"high\" decoding=\"async\" class=\"alignnone size-full wp-image-16602\" src=\"https:\/\/www.bleegame.com\/wp-content\/uploads\/2022\/02\/online-battle-consoles.jpg\" alt=\"\" width=\"750\" height=\"954\" srcset=\"https:\/\/www.bleegame.com\/wp-content\/uploads\/2022\/02\/online-battle-consoles.jpg 750w, https:\/\/www.bleegame.com\/wp-content\/uploads\/2022\/02\/online-battle-consoles-236x300.jpg 236w, https:\/\/www.bleegame.com\/wp-content\/uploads\/2022\/02\/online-battle-consoles-554x705.jpg 554w\" sizes=\"(max-width: 750px) 100vw, 750px\"><\/noscript><\/p>\n<\/div>\n<\/div>\n<\/section>\n<div class=\"av-special-heading av-special-heading-h3 blockquote modern-quote avia-builder-el-14 el_after_av_textblock el_before_av_hr \" style=\"padding-bottom: 10px;\">\n<h3 class=\"av-special-heading-tag \">V\u00eddeo<\/h3>\n<div class=\"special-heading-border\">\n<div class=\"special-heading-inner-border\"><\/div>\n<\/div>\n<\/div>\n<div class=\"hr hr-custom hr-center hr-icon-no avia-builder-el-15 el_after_av_heading el_before_av_video \"><\/div>\n<div class=\"avia-video avia-video-16-9 av-lazyload-immediate av-lazyload-video-embed \" data-original_url=\"https:\/\/youtu.be\/gDKA_2kH5Y4\">\n<div class=\"avia-iframe-wrap\"><iframe title=\"\u00bfC\u00f3mo funciona la caja de juegos de Pandora en l\u00ednea?\" src=\"https:\/\/www.youtube.com\/embed\/gDKA_2kH5Y4?feature=oembed&amp;autoplay=0&amp;loop=0&amp;controls=1&amp;mute=0\" width=\"1500\" height=\"844\" frameborder=\"0\" allowfullscreen=\"allowfullscreen\"><\/iframe><\/div>\n<p>&nbsp;<\/p>\n<div class=\"av-click-to-play-overlay\">\n<div class=\"avia_playpause_icon\"><\/div>\n<\/div>\n<\/div>\n<div class=\"av-special-heading av-special-heading-h3 blockquote modern-quote avia-builder-el-17 el_after_av_video el_before_av_hr \" style=\"padding-bottom: 10px;\">\n<h3 class=\"av-special-heading-tag \"><\/h3>\n<\/div>\n","protected":false},"excerpt":{"rendered":"<p>Vendemos una amplia gama de placas de juegos de arcade, PCB y kits de conversi\u00f3n para gabinetes de arcade que son el alma de un juego. La mayor\u00eda de las placas que vendemos han sido probadas y funcionan.Actualice su m\u00e1quina arcade con los \u00faltimos juegos y hardware con una de nuestras placas de juegos arcade o kits de conversi\u00f3n.<\/p>\n","protected":false},"featured_media":5659,"template":"","meta":{"om_disable_all_campaigns":false,"_monsterinsights_skip_tracking":false,"_monsterinsights_sitenote_active":false,"_monsterinsights_sitenote_note":"","_monsterinsights_sitenote_category":0,"_uf_show_specific_survey":0,"_uf_disable_surveys":false},"product_cat":[322,321],"product_tag":[],"class_list":["post-6796","product","type-product","status-publish","has-post-thumbnail","hentry","product_cat-consola-de-juegos-pandora","product_cat-maquina-arcade-retro"],"yoast_head":"<!-- This site is optimized with the Yoast SEO Premium plugin v15.5 - https:\/\/yoast.com\/wordpress\/plugins\/seo\/ -->\n<title>Batalla en l\u00ednea Pandora arcade Box - Bleegame<\/title>\n<meta name=\"robots\" content=\"index, follow, max-snippet:-1, max-image-preview:large, max-video-preview:-1\" \/>\n<link rel=\"canonical\" href=\"https:\/\/bleegame.com\/es\/producto\/caja-de-batalla-en-linea-de-pandora-arcade\/\" \/>\n<meta property=\"og:locale\" content=\"es_ES\" \/>\n<meta property=\"og:type\" content=\"article\" \/>\n<meta property=\"og:title\" content=\"Batalla en l\u00ednea Pandora arcade Box - Bleegame\" \/>\n<meta property=\"og:description\" content=\"Vendemos una amplia gama de placas de juegos de arcade, PCB y kits de conversi\u00f3n para gabinetes de arcade que son el alma de un juego. La mayor\u00eda de las placas que vendemos han sido probadas y funcionan.Actualice su m\u00e1quina arcade con los \u00faltimos juegos y hardware con una de nuestras placas de juegos arcade o kits de conversi\u00f3n.\" \/>\n<meta property=\"og:url\" content=\"https:\/\/bleegame.com\/es\/producto\/caja-de-batalla-en-linea-de-pandora-arcade\/\" \/>\n<meta property=\"og:site_name\" content=\"Bleegame\" \/>\n<meta property=\"og:image\" content=\"https:\/\/www.bleegame.com\/wp-content\/uploads\/2022\/02\/online-battle-consoles.jpg\" \/>\n<meta name=\"twitter:card\" content=\"summary_large_image\" \/>\n<meta name=\"twitter:label1\" content=\"Tiempo de lectura\">\n\t<meta name=\"twitter:data1\" content=\"1 minuto\">\n<script type=\"application\/ld+json\" class=\"yoast-schema-graph\">{\"@context\":\"https:\/\/schema.org\",\"@graph\":[{\"@type\":\"WebSite\",\"@id\":\"https:\/\/bleegame.com\/es\/#website\",\"url\":\"https:\/\/bleegame.com\/es\/\",\"name\":\"Bleegame\",\"description\":\"One-stop Amusement Coin Operated Games  Machine procurement center\",\"potentialAction\":[{\"@type\":\"SearchAction\",\"target\":\"https:\/\/bleegame.com\/es\/?s={search_term_string}\",\"query-input\":\"required name=search_term_string\"}],\"inLanguage\":\"es\"},{\"@type\":\"ImageObject\",\"@id\":\"https:\/\/bleegame.com\/es\/producto\/caja-de-batalla-en-linea-de-pandora-arcade\/#primaryimage\",\"inLanguage\":\"es\",\"url\":\"https:\/\/bleegame.com\/wp-content\/uploads\/2022\/07\/kongjianzuhe4-1.jpg\",\"width\":750,\"height\":750},{\"@type\":\"WebPage\",\"@id\":\"https:\/\/bleegame.com\/es\/producto\/caja-de-batalla-en-linea-de-pandora-arcade\/#webpage\",\"url\":\"https:\/\/bleegame.com\/es\/producto\/caja-de-batalla-en-linea-de-pandora-arcade\/\",\"name\":\"Batalla en l\\u00ednea Pandora arcade Box - Bleegame\",\"isPartOf\":{\"@id\":\"https:\/\/bleegame.com\/es\/#website\"},\"primaryImageOfPage\":{\"@id\":\"https:\/\/bleegame.com\/es\/producto\/caja-de-batalla-en-linea-de-pandora-arcade\/#primaryimage\"},\"datePublished\":\"2022-07-26T02:06:28+00:00\",\"dateModified\":\"2022-07-26T02:06:28+00:00\",\"breadcrumb\":{\"@id\":\"https:\/\/bleegame.com\/es\/producto\/caja-de-batalla-en-linea-de-pandora-arcade\/#breadcrumb\"},\"inLanguage\":\"es\",\"potentialAction\":[{\"@type\":\"ReadAction\",\"target\":[\"https:\/\/bleegame.com\/es\/producto\/caja-de-batalla-en-linea-de-pandora-arcade\/\"]}]},{\"@type\":\"BreadcrumbList\",\"@id\":\"https:\/\/bleegame.com\/es\/producto\/caja-de-batalla-en-linea-de-pandora-arcade\/#breadcrumb\",\"itemListElement\":[{\"@type\":\"ListItem\",\"position\":1,\"item\":{\"@type\":\"WebPage\",\"@id\":\"https:\/\/bleegame.com\/es\/producto\/\",\"url\":\"https:\/\/bleegame.com\/es\/producto\/\",\"name\":\"Producto\"}},{\"@type\":\"ListItem\",\"position\":2,\"item\":{\"@type\":\"WebPage\",\"@id\":\"https:\/\/bleegame.com\/es\/producto\/caja-de-batalla-en-linea-de-pandora-arcade\/\",\"url\":\"https:\/\/bleegame.com\/es\/producto\/caja-de-batalla-en-linea-de-pandora-arcade\/\",\"name\":\"Batalla en l\\u00ednea Pandora arcade Box\"}}]}]}<\/script>\n<!-- \/ Yoast SEO Premium plugin. -->","_links":{"self":[{"href":"https:\/\/bleegame.com\/es\/wp-json\/wp\/v2\/product\/6796","targetHints":{"allow":["GET"]}}],"collection":[{"href":"https:\/\/bleegame.com\/es\/wp-json\/wp\/v2\/product"}],"about":[{"href":"https:\/\/bleegame.com\/es\/wp-json\/wp\/v2\/types\/product"}],"version-history":[{"count":0,"href":"https:\/\/bleegame.com\/es\/wp-json\/wp\/v2\/product\/6796\/revisions"}],"wp:featuredmedia":[{"embeddable":true,"href":"https:\/\/bleegame.com\/es\/wp-json\/wp\/v2\/media\/5659"}],"wp:attachment":[{"href":"https:\/\/bleegame.com\/es\/wp-json\/wp\/v2\/media?parent=6796"}],"wp:term":[{"taxonomy":"product_cat","embeddable":true,"href":"https:\/\/bleegame.com\/es\/wp-json\/wp\/v2\/product_cat?post=6796"},{"taxonomy":"product_tag","embeddable":true,"href":"https:\/\/bleegame.com\/es\/wp-json\/wp\/v2\/product_tag?post=6796"}],"curies":[{"name":"wp","href":"https:\/\/api.w.org\/{rel}","templated":true}]}}