{"id":6800,"date":"2022-07-26T02:06:30","date_gmt":"2022-07-26T02:06:30","guid":{"rendered":"https:\/\/bleegame.com\/product\/original-4-players-pandora-box-dx-3000-in-1-wirelss-controller-set\/"},"modified":"2022-07-26T02:06:30","modified_gmt":"2022-07-26T02:06:30","slug":"original-4-players-pandora-box-dx-3000-in-1-wirelss-controller-set-2","status":"publish","type":"product","link":"https:\/\/bleegame.com\/es\/producto\/original-4-players-pandora-box-dx-3000-in-1-wirelss-controller-set-2\/","title":{"rendered":"Original 4 Players Pandora Box DX 3000 in 1 Wirelss Controller Set"},"content":{"rendered":"<div class=\"special-heading-border\">\n<div class=\"special-heading-inner-border\"><\/div>\n<\/div>\n<div class=\"hr hr-custom hr-center hr-icon-no avia-builder-el-12 el_after_av_heading el_before_av_textblock \"><\/div>\n<section class=\"av_textblock_section \">\n<div class=\"avia_textblock \">\n<p><span class=\"src\" data-group=\"0-0\">1.<\/span><span class=\"src\" data-group=\"0-1\">La placa base incluye los cl\u00e1sicos juegos de arcade retro y juegos caseros, El juego como ha sido optimizado por muchos desarrolladores de software y hardware, Y con el jugador superigh-level probado, Le permiten volver a la sensaci\u00f3n original del juego.<\/span><br \/>\n<span class=\"src\" data-group=\"1-0\">2.<\/span><span class=\"src\" data-group=\"1-1\">El producto tiene la funci\u00f3n de pantalla abierta de alta calidad, adaptarse mejor a la era de los requisitos de pantalla de alta calidad.<\/span><br \/>\n<span class=\"src\" data-group=\"2-0\">3.<\/span><span class=\"src\" data-group=\"2-1\">No es necesario comprar un convertidor de v\u00eddeo adicional, ya que la placa base admite m\u00faltiples puertos de salida 20, soporta la salida digital HD 720P a cualquier dispositivo de visualizaci\u00f3n de puerto HD, y el soporte de salida VGA hacia abajo compatible con los dispositivos de visualizaci\u00f3n de edad.<\/span><br \/>\n<span class=\"src\" data-group=\"3-0\">4.<\/span><span class=\"src\" data-group=\"3-1\">Idioma de soporte: Ingl\u00e9s\/ Coreano \/ Espa\u00f1ol <\/span><span class=\"src\" data-group=\"3-2\">Muchos idiomas, los clientes pueden elegir su propia versi\u00f3n de idioma.<\/span><br \/>\n<span class=\"src\" data-group=\"4-0\">5.<\/span><span class=\"src\" data-group=\"4-1\">Soporta la salida de audio HD\/AUX y la salida del amplificador de potencia integrado al altavoz de la placa base (la salida del altavoz se puede activar\/desactivar en la configuraci\u00f3n del sistema).<\/span><br \/>\n<span class=\"src\" data-group=\"5-0\">6.<\/span><span class=\"src\" data-group=\"5-1\">Apoyar la funci\u00f3n personalizada del bot\u00f3n de arcade y gamepad, apoyar m\u00e1s del 90% de los tipos de gamepad conectarse a USB para jugar.<br \/>\n7.Support editar sus 99 juegos favoritos en la parte superior del men\u00fa del juego.<br \/>\n8.Support funci\u00f3n de pausa en el juego.<\/span><\/p>\n<\/div>\n<\/section>\n<div class=\"av-special-heading av-special-heading-h3 blockquote modern-quote avia-builder-el-14 el_after_av_textblock el_before_av_hr \" style=\"padding-bottom: 10px;\">\n<h3 class=\"av-special-heading-tag \">V\u00eddeo<\/h3>\n<div class=\"special-heading-border\">\n<div class=\"special-heading-inner-border\"><\/div>\n<\/div>\n<\/div>\n<div class=\"hr hr-custom hr-center hr-icon-no avia-builder-el-15 el_after_av_heading el_before_av_video \"><\/div>\n<div class=\"avia-video avia-video-16-9 av-lazyload-immediate av-lazyload-video-embed \" data-original_url=\"https:\/\/www.youtube.com\/watch?v=1L9A3E4Mtv0&amp;feature=emb_title\">\n<div class=\"avia-iframe-wrap\"><iframe title=\"?\u02f6?????9D 2500??\u04bb ?????\u05b1??\u6c7e??10M?\u06a3?\" src=\"https:\/\/www.youtube.com\/embed\/1L9A3E4Mtv0?feature=oembed&amp;autoplay=0&amp;loop=0&amp;controls=1&amp;mute=0\" width=\"1333\" height=\"1000\" frameborder=\"0\" allowfullscreen=\"allowfullscreen\"><\/iframe><\/div>\n<p>&nbsp;<\/p>\n<div class=\"av-click-to-play-overlay\">\n<div class=\"avia_playpause_icon\"><\/div>\n<\/div>\n<\/div>\n<div class=\"av-special-heading av-special-heading-h3 blockquote modern-quote avia-builder-el-17 el_after_av_video el_before_av_hr \" style=\"padding-bottom: 10px;\">\n<h3 class=\"av-special-heading-tag \"><\/h3>\n<\/div>\n","protected":false},"excerpt":{"rendered":"<p>Vendemos una amplia gama de placas de juegos de arcade, PCB y kits de conversi\u00f3n para gabinetes de arcade que son el alma de un juego. La mayor\u00eda de las placas que vendemos han sido probadas y funcionan.Actualice su m\u00e1quina arcade con los \u00faltimos juegos y hardware con una de nuestras placas de juegos arcade o kits de conversi\u00f3n.<\/p>\n","protected":false},"featured_media":5378,"template":"","meta":{"om_disable_all_campaigns":false,"_monsterinsights_skip_tracking":false,"_monsterinsights_sitenote_active":false,"_monsterinsights_sitenote_note":"","_monsterinsights_sitenote_category":0,"_uf_show_specific_survey":0,"_uf_disable_surveys":false},"product_cat":[322,321],"product_tag":[],"class_list":["post-6800","product","type-product","status-publish","has-post-thumbnail","hentry","product_cat-consola-de-juegos-pandora","product_cat-maquina-arcade-retro"],"yoast_head":"<!-- This site is optimized with the Yoast SEO Premium plugin v15.5 - https:\/\/yoast.com\/wordpress\/plugins\/seo\/ -->\n<title>Original 4 Players Pandora Box DX 3000 in 1 Wirelss Controller Set - Bleegame<\/title>\n<meta name=\"robots\" content=\"index, follow, max-snippet:-1, max-image-preview:large, max-video-preview:-1\" \/>\n<link rel=\"canonical\" href=\"https:\/\/bleegame.com\/es\/producto\/original-4-players-pandora-box-dx-3000-in-1-wirelss-controller-set-2\/\" \/>\n<meta property=\"og:locale\" content=\"es_ES\" \/>\n<meta property=\"og:type\" content=\"article\" \/>\n<meta property=\"og:title\" content=\"Original 4 Players Pandora Box DX 3000 in 1 Wirelss Controller Set - Bleegame\" \/>\n<meta property=\"og:description\" content=\"Vendemos una amplia gama de placas de juegos de arcade, PCB y kits de conversi\u00f3n para gabinetes de arcade que son el alma de un juego. La mayor\u00eda de las placas que vendemos han sido probadas y funcionan.Actualice su m\u00e1quina arcade con los \u00faltimos juegos y hardware con una de nuestras placas de juegos arcade o kits de conversi\u00f3n.\" \/>\n<meta property=\"og:url\" content=\"https:\/\/bleegame.com\/es\/producto\/original-4-players-pandora-box-dx-3000-in-1-wirelss-controller-set-2\/\" \/>\n<meta property=\"og:site_name\" content=\"Bleegame\" \/>\n<meta name=\"twitter:card\" content=\"summary_large_image\" \/>\n<meta name=\"twitter:label1\" content=\"Tiempo de lectura\">\n\t<meta name=\"twitter:data1\" content=\"1 minuto\">\n<script type=\"application\/ld+json\" class=\"yoast-schema-graph\">{\"@context\":\"https:\/\/schema.org\",\"@graph\":[{\"@type\":\"WebSite\",\"@id\":\"https:\/\/bleegame.com\/es\/#website\",\"url\":\"https:\/\/bleegame.com\/es\/\",\"name\":\"Bleegame\",\"description\":\"One-stop Amusement Coin Operated Games  Machine procurement center\",\"potentialAction\":[{\"@type\":\"SearchAction\",\"target\":\"https:\/\/bleegame.com\/es\/?s={search_term_string}\",\"query-input\":\"required name=search_term_string\"}],\"inLanguage\":\"es\"},{\"@type\":\"ImageObject\",\"@id\":\"https:\/\/bleegame.com\/es\/producto\/original-4-players-pandora-box-dx-3000-in-1-wirelss-controller-set-2\/#primaryimage\",\"inLanguage\":\"es\",\"url\":\"https:\/\/bleegame.com\/wp-content\/uploads\/2022\/07\/3000-games-arcade-box-2-1.jpg\",\"width\":800,\"height\":800},{\"@type\":\"WebPage\",\"@id\":\"https:\/\/bleegame.com\/es\/producto\/original-4-players-pandora-box-dx-3000-in-1-wirelss-controller-set-2\/#webpage\",\"url\":\"https:\/\/bleegame.com\/es\/producto\/original-4-players-pandora-box-dx-3000-in-1-wirelss-controller-set-2\/\",\"name\":\"Original 4 Players Pandora Box DX 3000 in 1 Wirelss Controller Set - Bleegame\",\"isPartOf\":{\"@id\":\"https:\/\/bleegame.com\/es\/#website\"},\"primaryImageOfPage\":{\"@id\":\"https:\/\/bleegame.com\/es\/producto\/original-4-players-pandora-box-dx-3000-in-1-wirelss-controller-set-2\/#primaryimage\"},\"datePublished\":\"2022-07-26T02:06:30+00:00\",\"dateModified\":\"2022-07-26T02:06:30+00:00\",\"breadcrumb\":{\"@id\":\"https:\/\/bleegame.com\/es\/producto\/original-4-players-pandora-box-dx-3000-in-1-wirelss-controller-set-2\/#breadcrumb\"},\"inLanguage\":\"es\",\"potentialAction\":[{\"@type\":\"ReadAction\",\"target\":[\"https:\/\/bleegame.com\/es\/producto\/original-4-players-pandora-box-dx-3000-in-1-wirelss-controller-set-2\/\"]}]},{\"@type\":\"BreadcrumbList\",\"@id\":\"https:\/\/bleegame.com\/es\/producto\/original-4-players-pandora-box-dx-3000-in-1-wirelss-controller-set-2\/#breadcrumb\",\"itemListElement\":[{\"@type\":\"ListItem\",\"position\":1,\"item\":{\"@type\":\"WebPage\",\"@id\":\"https:\/\/bleegame.com\/es\/producto\/\",\"url\":\"https:\/\/bleegame.com\/es\/producto\/\",\"name\":\"Producto\"}},{\"@type\":\"ListItem\",\"position\":2,\"item\":{\"@type\":\"WebPage\",\"@id\":\"https:\/\/bleegame.com\/es\/producto\/original-4-players-pandora-box-dx-3000-in-1-wirelss-controller-set-2\/\",\"url\":\"https:\/\/bleegame.com\/es\/producto\/original-4-players-pandora-box-dx-3000-in-1-wirelss-controller-set-2\/\",\"name\":\"Original 4 Players Pandora Box DX 3000 in 1 Wirelss Controller Set\"}}]}]}<\/script>\n<!-- \/ Yoast SEO Premium plugin. -->","_links":{"self":[{"href":"https:\/\/bleegame.com\/es\/wp-json\/wp\/v2\/product\/6800","targetHints":{"allow":["GET"]}}],"collection":[{"href":"https:\/\/bleegame.com\/es\/wp-json\/wp\/v2\/product"}],"about":[{"href":"https:\/\/bleegame.com\/es\/wp-json\/wp\/v2\/types\/product"}],"version-history":[{"count":0,"href":"https:\/\/bleegame.com\/es\/wp-json\/wp\/v2\/product\/6800\/revisions"}],"wp:featuredmedia":[{"embeddable":true,"href":"https:\/\/bleegame.com\/es\/wp-json\/wp\/v2\/media\/5378"}],"wp:attachment":[{"href":"https:\/\/bleegame.com\/es\/wp-json\/wp\/v2\/media?parent=6800"}],"wp:term":[{"taxonomy":"product_cat","embeddable":true,"href":"https:\/\/bleegame.com\/es\/wp-json\/wp\/v2\/product_cat?post=6800"},{"taxonomy":"product_tag","embeddable":true,"href":"https:\/\/bleegame.com\/es\/wp-json\/wp\/v2\/product_tag?post=6800"}],"curies":[{"name":"wp","href":"https:\/\/api.w.org\/{rel}","templated":true}]}}