{"id":6801,"date":"2022-07-26T02:06:29","date_gmt":"2022-07-26T02:06:29","guid":{"rendered":"https:\/\/bleegame.com\/product\/caja-de-pandoras-12-consola-de-juego-arcade-3339-en-1\/"},"modified":"2022-07-26T02:06:29","modified_gmt":"2022-07-26T02:06:29","slug":"pandoras-box-12-arcade-game-console-3339-in-1-2","status":"publish","type":"product","link":"https:\/\/bleegame.com\/es\/producto\/pandoras-box-12-arcade-game-console-3339-in-1-2\/","title":{"rendered":"Caja de Pandoras 12 Consola de Juego Arcade 3339 en 1"},"content":{"rendered":"<div class=\"special-heading-border\">\n<div class=\"special-heading-inner-border\"><\/div>\n<\/div>\n<div class=\"hr hr-custom hr-center hr-icon-no avia-builder-el-12 el_after_av_heading el_before_av_textblock \"><\/div>\n<section class=\"av_textblock_section \">\n<div class=\"avia_textblock \">\n<p><span class=\"a-list-item\"><strong>Con 51 juegos 3D <\/strong>Pandora&#8217;s Box 12, 3339 en 1 consola arcade con 51 3D , la placa base viene con un puerto de red, soporta el cable de red para descargar juegos en l\u00ednea, soporta ingl\u00e9s, chino y chino tradicional, puedes elegir el idioma que te guste<\/span><\/p>\n<p><span class=\"a-list-item\"><strong>Salida digital de alta definici\u00f3n <\/strong>La resoluci\u00f3n es de 1280 x 720.Es compatible con HDMI y VGA, la imagen clara puede darle una experiencia m\u00e1s real.<\/span><\/p>\n<p><span class=\"a-list-item\"><strong>[Game pause function]<\/strong>  El juego tiene una funci\u00f3n de pausa con una sola tecla, que espera su regreso en cualquier momento<\/span><\/p>\n<p><span class=\"a-list-item\"><strong>[Game optimization]<\/strong>  El juego ha sido optimizado y dise\u00f1ado por un gran n\u00famero de personal t\u00e9cnico y de desarrollo, y ha superado pruebas de jugadores de alto nivel para garantizar el sabor original del juego y reforzar la sensaci\u00f3n de rapidez y precisi\u00f3n del funcionamiento.<\/span><\/p>\n<p><span class=\"a-list-item\"><strong>[Contact US]<\/strong>  Nos comprometemos a ofrecer productos de alta calidad y el mejor servicio, por favor, p\u00f3ngase en contacto con nosotros si tiene alg\u00fan problema.<\/span><\/p>\n<p><b><i>Especificaci\u00f3n:<\/i><\/b><\/p>\n<p>1* 3339 Arcade Game Box 9H Game Board(51 3D games English Version, NOT JAMMA)<\/p>\n<p><b><i>Interfaz de la placa<\/i><\/b><\/p>\n<p>1* puerto de entrada de 12V DC<\/p>\n<p>2* Puertos USB<\/p>\n<p>1* Puerto VGA<\/p>\n<p>1* Puerto HDMI<\/p>\n<p>1* Puerto de audio de 3,5 mm<\/p>\n<p>1* Rodillo de volumen<\/p>\n<p>1* Bot\u00f3n CFG (entrar en la configuraci\u00f3n general)<\/p>\n<p><b><i>Especificaci\u00f3n de la placa base:<\/i><\/b><\/p>\n<p>CPU: Quad-core Cortex-A7 1.2GHz<\/p>\n<p>Almacenamiento ampliado: 32 GB de almacenamiento USB<\/p>\n<\/div>\n<\/section>\n<div class=\"av-special-heading av-special-heading-h3 blockquote modern-quote avia-builder-el-14 el_after_av_textblock el_before_av_hr \" style=\"padding-bottom: 10px;\">\n<h3 class=\"av-special-heading-tag \">V\u00eddeo<\/h3>\n<div class=\"special-heading-border\">\n<div class=\"special-heading-inner-border\"><\/div>\n<\/div>\n<\/div>\n<div class=\"hr hr-custom hr-center hr-icon-no avia-builder-el-15 el_after_av_heading el_before_av_video \"><\/div>\n<div class=\"avia-video avia-video-16-9 av-lazyload-immediate av-lazyload-video-embed \" data-original_url=\"https:\/\/www.youtube.com\/watch?v=EwE4cRtRZZ0\">\n<div class=\"avia-iframe-wrap\"><iframe title=\"consola de juegos arcade para un solo jugador\" src=\"https:\/\/www.youtube.com\/embed\/EwE4cRtRZZ0?feature=oembed&amp;autoplay=0&amp;loop=0&amp;controls=1&amp;mute=0\" width=\"1500\" height=\"844\" frameborder=\"0\" allowfullscreen=\"allowfullscreen\"><\/iframe><\/div>\n<p>&nbsp;<\/p>\n<div class=\"av-click-to-play-overlay\">\n<div class=\"avia_playpause_icon\"><\/div>\n<\/div>\n<\/div>\n<div class=\"av-special-heading av-special-heading-h3 blockquote modern-quote avia-builder-el-17 el_after_av_video el_before_av_hr \" style=\"padding-bottom: 10px;\">\n<h3 class=\"av-special-heading-tag \"><\/h3>\n<\/div>\n","protected":false},"excerpt":{"rendered":"<p>Vendemos una amplia gama de placas de juegos de arcade, PCB y kits de conversi\u00f3n para gabinetes de arcade que son el alma de un juego. La mayor\u00eda de las placas que vendemos han sido probadas y funcionan.Actualice su m\u00e1quina arcade con los \u00faltimos juegos y hardware con una de nuestras placas de juegos arcade o kits de conversi\u00f3n.<\/p>\n","protected":false},"featured_media":7646,"template":"","meta":{"om_disable_all_campaigns":false,"_monsterinsights_skip_tracking":false,"_monsterinsights_sitenote_active":false,"_monsterinsights_sitenote_note":"","_monsterinsights_sitenote_category":0,"_uf_show_specific_survey":0,"_uf_disable_surveys":false},"product_cat":[322,321],"product_tag":[],"class_list":["post-6801","product","type-product","status-publish","has-post-thumbnail","hentry","product_cat-consola-de-juegos-pandora","product_cat-maquina-arcade-retro"],"yoast_head":"<!-- This site is optimized with the Yoast SEO Premium plugin v15.5 - https:\/\/yoast.com\/wordpress\/plugins\/seo\/ -->\n<title>Caja de Pandoras 12 Consola de Juego Arcade 3339 en 1 - Bleegame<\/title>\n<meta name=\"robots\" content=\"index, follow, max-snippet:-1, max-image-preview:large, max-video-preview:-1\" \/>\n<link rel=\"canonical\" href=\"https:\/\/bleegame.com\/es\/producto\/pandoras-box-12-arcade-game-console-3339-in-1-2\/\" \/>\n<meta property=\"og:locale\" content=\"es_ES\" \/>\n<meta property=\"og:type\" content=\"article\" \/>\n<meta property=\"og:title\" content=\"Caja de Pandoras 12 Consola de Juego Arcade 3339 en 1 - Bleegame\" \/>\n<meta property=\"og:description\" content=\"Vendemos una amplia gama de placas de juegos de arcade, PCB y kits de conversi\u00f3n para gabinetes de arcade que son el alma de un juego. La mayor\u00eda de las placas que vendemos han sido probadas y funcionan.Actualice su m\u00e1quina arcade con los \u00faltimos juegos y hardware con una de nuestras placas de juegos arcade o kits de conversi\u00f3n.\" \/>\n<meta property=\"og:url\" content=\"https:\/\/bleegame.com\/es\/producto\/pandoras-box-12-arcade-game-console-3339-in-1-2\/\" \/>\n<meta property=\"og:site_name\" content=\"Bleegame\" \/>\n<meta name=\"twitter:card\" content=\"summary_large_image\" \/>\n<meta name=\"twitter:label1\" content=\"Tiempo de lectura\">\n\t<meta name=\"twitter:data1\" content=\"1 minuto\">\n<script type=\"application\/ld+json\" class=\"yoast-schema-graph\">{\"@context\":\"https:\/\/schema.org\",\"@graph\":[{\"@type\":\"WebSite\",\"@id\":\"https:\/\/bleegame.com\/es\/#website\",\"url\":\"https:\/\/bleegame.com\/es\/\",\"name\":\"Bleegame\",\"description\":\"One-stop Amusement Coin Operated Games  Machine procurement center\",\"potentialAction\":[{\"@type\":\"SearchAction\",\"target\":\"https:\/\/bleegame.com\/es\/?s={search_term_string}\",\"query-input\":\"required name=search_term_string\"}],\"inLanguage\":\"es\"},{\"@type\":\"ImageObject\",\"@id\":\"https:\/\/bleegame.com\/es\/producto\/pandoras-box-12-arcade-game-console-3339-in-1-2\/#primaryimage\",\"inLanguage\":\"es\",\"url\":\"https:\/\/bleegame.com\/wp-content\/uploads\/2022\/07\/1-162.jpg\",\"width\":800,\"height\":800,\"caption\":\"shared console arcade game\"},{\"@type\":\"WebPage\",\"@id\":\"https:\/\/bleegame.com\/es\/producto\/pandoras-box-12-arcade-game-console-3339-in-1-2\/#webpage\",\"url\":\"https:\/\/bleegame.com\/es\/producto\/pandoras-box-12-arcade-game-console-3339-in-1-2\/\",\"name\":\"Caja de Pandoras 12 Consola de Juego Arcade 3339 en 1 - Bleegame\",\"isPartOf\":{\"@id\":\"https:\/\/bleegame.com\/es\/#website\"},\"primaryImageOfPage\":{\"@id\":\"https:\/\/bleegame.com\/es\/producto\/pandoras-box-12-arcade-game-console-3339-in-1-2\/#primaryimage\"},\"datePublished\":\"2022-07-26T02:06:29+00:00\",\"dateModified\":\"2022-07-26T02:06:29+00:00\",\"breadcrumb\":{\"@id\":\"https:\/\/bleegame.com\/es\/producto\/pandoras-box-12-arcade-game-console-3339-in-1-2\/#breadcrumb\"},\"inLanguage\":\"es\",\"potentialAction\":[{\"@type\":\"ReadAction\",\"target\":[\"https:\/\/bleegame.com\/es\/producto\/pandoras-box-12-arcade-game-console-3339-in-1-2\/\"]}]},{\"@type\":\"BreadcrumbList\",\"@id\":\"https:\/\/bleegame.com\/es\/producto\/pandoras-box-12-arcade-game-console-3339-in-1-2\/#breadcrumb\",\"itemListElement\":[{\"@type\":\"ListItem\",\"position\":1,\"item\":{\"@type\":\"WebPage\",\"@id\":\"https:\/\/bleegame.com\/es\/producto\/\",\"url\":\"https:\/\/bleegame.com\/es\/producto\/\",\"name\":\"Producto\"}},{\"@type\":\"ListItem\",\"position\":2,\"item\":{\"@type\":\"WebPage\",\"@id\":\"https:\/\/bleegame.com\/es\/producto\/pandoras-box-12-arcade-game-console-3339-in-1-2\/\",\"url\":\"https:\/\/bleegame.com\/es\/producto\/pandoras-box-12-arcade-game-console-3339-in-1-2\/\",\"name\":\"Caja de Pandoras 12 Consola de Juego Arcade 3339 en 1\"}}]}]}<\/script>\n<!-- \/ Yoast SEO Premium plugin. -->","_links":{"self":[{"href":"https:\/\/bleegame.com\/es\/wp-json\/wp\/v2\/product\/6801","targetHints":{"allow":["GET"]}}],"collection":[{"href":"https:\/\/bleegame.com\/es\/wp-json\/wp\/v2\/product"}],"about":[{"href":"https:\/\/bleegame.com\/es\/wp-json\/wp\/v2\/types\/product"}],"version-history":[{"count":0,"href":"https:\/\/bleegame.com\/es\/wp-json\/wp\/v2\/product\/6801\/revisions"}],"wp:featuredmedia":[{"embeddable":true,"href":"https:\/\/bleegame.com\/es\/wp-json\/wp\/v2\/media\/7646"}],"wp:attachment":[{"href":"https:\/\/bleegame.com\/es\/wp-json\/wp\/v2\/media?parent=6801"}],"wp:term":[{"taxonomy":"product_cat","embeddable":true,"href":"https:\/\/bleegame.com\/es\/wp-json\/wp\/v2\/product_cat?post=6801"},{"taxonomy":"product_tag","embeddable":true,"href":"https:\/\/bleegame.com\/es\/wp-json\/wp\/v2\/product_tag?post=6801"}],"curies":[{"name":"wp","href":"https:\/\/api.w.org\/{rel}","templated":true}]}}