{"id":6805,"date":"2022-07-26T02:06:28","date_gmt":"2022-07-26T02:06:28","guid":{"rendered":"https:\/\/bleegame.com\/product\/7000-en-1-juegos-caja-pandora-arcade\/"},"modified":"2022-07-26T02:06:28","modified_gmt":"2022-07-26T02:06:28","slug":"7000-in-1-games-pandora-box-arcade-2","status":"publish","type":"product","link":"https:\/\/bleegame.com\/es\/producto\/7000-in-1-games-pandora-box-arcade-2\/","title":{"rendered":"7000 en 1 juegos caja pandora arcade"},"content":{"rendered":"<div class=\"special-heading-border\">\n<div class=\"special-heading-inner-border\"><\/div>\n<\/div>\n<div class=\"hr hr-custom hr-center hr-icon-no avia-builder-el-12 el_after_av_heading el_before_av_textblock \"><\/div>\n<section class=\"av_textblock_section \">\n<div class=\"avia_textblock \">\n<p>Tanto si prefieres jugar a Mortal Kombat como a Ms. Pacman despu\u00e9s del cine el viernes por la noche, estas m\u00e1quinas recreativas te mantendr\u00e1n a ti y a los tuyos entretenidos durante varias horas largas cualquier d\u00eda de la semana. Y si no te gustan mucho los videojuegos, hemos incluido algunos juegos de arcade m\u00e1s modernos, como los de rodar y anotar y los de baloncesto dual, para que te levantes del sof\u00e1.<\/p>\n<p><strong>Caracter\u00edsticas del producto:<\/strong><\/p>\n<ul>\n<li>Dimensiones del juego 101*133*251cm<\/li>\n<li>Material Hardware<\/li>\n<li>Peso neto 120KG<\/li>\n<li>Tensi\u00f3n: 110V\/220V<\/li>\n<li>Potencia 180w<\/li>\n<li>Potencia: 160W<\/li>\n<li>Opci\u00f3n de color: 1 juego<\/li>\n<li>Jugadores: 1 jugador<\/li>\n<li>Garant\u00eda: 12 meses<\/li>\n<li>Paquete (contenedor): caja de cart\u00f3n + marco de madera<\/li>\n<li>Paquete (LCL): caja de cart\u00f3n+ marco de madera<\/li>\n<\/ul>\n<table style=\"border-collapse: collapse; width: 675.02pt;\" border=\"0\" width=\"900\" cellspacing=\"0\" cellpadding=\"0\">\n<tbody>\n<tr style=\"height: 31.00pt;\">\n<td style=\"height: 31.00pt; width: 163.50pt;\" width=\"218\" height=\"41\">Resoluci\u00f3n<\/td>\n<td class=\"et2\" style=\"width: 511.50pt;\" width=\"682\">Gr\u00e1ficos HD de 1280x720P. Totalmente compatible con todas las pantallas de TV\/Monitor HD y proyectores.<\/td>\n<\/tr>\n<tr style=\"height: 31.00pt;\">\n<td style=\"height: 31.00pt;\" height=\"41\">Juegos de pausa<\/td>\n<td class=\"et2\" style=\"width: 511.50pt;\" width=\"682\">Detenga o inicie los juegos cuando quiera.<\/td>\n<\/tr>\n<tr style=\"height: 31.00pt;\">\n<td style=\"height: 31.00pt;\" height=\"41\">Guardar\/Leer juego 2D<\/td>\n<td class=\"et2\" style=\"width: 511.50pt;\" width=\"682\">Puedes guardar el juego en 2D al que est\u00e1s jugando en cualquier momento, y puedes continuar jugando la pr\u00f3xima vez (algunos juegos en 3D no son compatibles).<\/td>\n<\/tr>\n<tr style=\"height: 31.00pt;\">\n<td style=\"height: 31.00pt;\" height=\"41\">Juegos de ocultaci\u00f3n<\/td>\n<td class=\"et2\" style=\"width: 511.50pt;\" width=\"682\">Evita que los ni\u00f1os jueguen a juegos inapropiados.<\/td>\n<\/tr>\n<tr style=\"height: 31.00pt;\">\n<td style=\"height: 31.00pt;\" height=\"41\">Buscar juegos<\/td>\n<td class=\"et2\" style=\"width: 511.50pt;\" width=\"682\">Encuentra r\u00e1pidamente el juego que quieres jugar, b\u00fasqueda en ingl\u00e9s\/japon\u00e9s\/espa\u00f1ol por la primera letra. B\u00fasqueda coreana por radical. B\u00fasqueda en chino por pinyin.<\/td>\n<\/tr>\n<tr style=\"height: 31.00pt;\">\n<td style=\"height: 31.00pt;\" height=\"41\">Mejora de la imagen<\/td>\n<td class=\"et2\" style=\"width: 511.50pt;\" width=\"682\">Los usuarios pueden seleccionar [HD] \/ [Scan Line] \/ [Normal] y otra calidad de imagen seg\u00fan sus necesidades individuales.<\/td>\n<\/tr>\n<tr style=\"height: 31.00pt;\">\n<td style=\"height: 31.00pt;\" height=\"41\">Lista de favoritos<\/td>\n<td class=\"et2\" style=\"width: 511.50pt;\" width=\"682\">Ir a la p\u00e1gina de configuraci\u00f3n &gt; Entrar en la configuraci\u00f3n del juego &gt; Editar la lista de favoritos &gt; Seleccionar el juego como favorito o no favorito.<\/td>\n<\/tr>\n<tr style=\"height: 31.00pt;\">\n<td style=\"height: 31.00pt;\" height=\"41\">Funci\u00f3n WIFI mejorada<\/td>\n<td class=\"et2\" style=\"width: 511.50pt;\" width=\"682\">Pulse el bot\u00f3n de configuraci\u00f3n (cerca del puerto USB); conecte el nombre y la contrase\u00f1a del wifi de su casa; luego vuelva a elegir \u00abEntrar en el mercado de juegos para descargar juegos extra 2d \/3d desde la propia m\u00e1quina.<\/td>\n<\/tr>\n<tr style=\"height: 31.00pt;\">\n<td style=\"height: 31.00pt;\" height=\"41\">Juego multijugador en l\u00ednea<\/td>\n<td class=\"et2\" style=\"width: 511.50pt;\" width=\"682\">Compra 2 gamepad y un hub USB (con\u00e9ctalo al puerto USB inferior) para disfrutar de 3\/4 personas que jueguen al mismo tiempo; o compra 2 cajas de pandora iguales para disfrutar de juegos de 3-4 jugadores.<\/td>\n<\/tr>\n<tr style=\"height: 31.00pt;\">\n<td style=\"height: 31.00pt;\" height=\"41\">Modo de lenguaje<\/td>\n<td class=\"et2\" style=\"width: 511.50pt;\" width=\"682\">Se admite el ingl\u00e9s\/japon\u00e9s\/coreano\/espa\u00f1ol\/chino simplificado\/chino tradicional.<\/td>\n<\/tr>\n<tr style=\"height: 26.00pt;\">\n<td style=\"height: 26.00pt;\" height=\"34\">Emuladores m\u00faltiples<\/td>\n<td class=\"et2\" style=\"width: 511.50pt;\" width=\"682\">MAME\/FC\/SFC\/PCE\/GBA\/GBC\/MD\/PSP\/PS\/N64\/DC\/WSC\/FB A 13 emuladores compatibles.<\/td>\n<\/tr>\n<tr style=\"height: 26.00pt;\">\n<td style=\"height: 26.00pt;\" height=\"34\">Compatibilidad<\/td>\n<td class=\"et2\" style=\"width: 511.50pt;\" width=\"682\">TV\/PC\/Pantalla\/Monitor\/Proyector\/PS3<\/td>\n<\/tr>\n<tr style=\"height: 26.00pt;\">\n<td style=\"height: 26.00pt;\" height=\"34\">Necesidad de una lista de juegos<\/td>\n<td class=\"et2\" style=\"width: 511.50pt;\" width=\"682\">P\u00f3ngase en contacto con nosotros<\/td>\n<\/tr>\n<tr style=\"height: 26.00pt;\">\n<td style=\"height: 26.00pt;\" height=\"34\">Sistema de juego<\/td>\n<td class=\"et2\" style=\"width: 511.50pt;\" width=\"682\">Juegos 3D Pandora con funci\u00f3n wifi<\/td>\n<\/tr>\n<tr style=\"height: 26.00pt;\">\n<td style=\"height: 26.00pt;\" height=\"34\">Juegos Cantidades<\/td>\n<td class=\"et2\" style=\"width: 511.50pt;\" width=\"682\">200*Juegos 3D + 6800*Juegos 2D = 7000 Juegos<\/td>\n<\/tr>\n<\/tbody>\n<\/table>\n<\/div>\n<\/section>\n<div class=\"av-special-heading av-special-heading-h3 blockquote modern-quote avia-builder-el-14 el_after_av_textblock el_before_av_hr \" style=\"padding-bottom: 10px;\">\n<h3 class=\"av-special-heading-tag \">V\u00eddeo<\/h3>\n<div class=\"special-heading-border\">\n<div class=\"special-heading-inner-border\"><\/div>\n<\/div>\n<\/div>\n<div class=\"hr hr-custom hr-center hr-icon-no avia-builder-el-15 el_after_av_heading el_before_av_video \"><\/div>\n<div class=\"avia-video avia-video-16-9 av-lazyload-immediate av-lazyload-video-embed \" data-original_url=\"https:\/\/youtu.be\/sjR6nBCu73c\">\n<div class=\"avia-iframe-wrap\"><iframe title=\"\u03f7???\u01b7??\u0328??7000 en 1??10M\" src=\"https:\/\/www.youtube.com\/embed\/sjR6nBCu73c?feature=oembed&amp;autoplay=0&amp;loop=0&amp;controls=1&amp;mute=0\" width=\"1333\" height=\"1000\" frameborder=\"0\" allowfullscreen=\"allowfullscreen\"><\/iframe><\/div>\n<p>&nbsp;<\/p>\n<div class=\"av-click-to-play-overlay\">\n<div class=\"avia_playpause_icon\"><\/div>\n<\/div>\n<\/div>\n<div class=\"av-special-heading av-special-heading-h3 blockquote modern-quote avia-builder-el-17 el_after_av_video el_before_av_hr \" style=\"padding-bottom: 10px;\">\n<h3 class=\"av-special-heading-tag \"><\/h3>\n<\/div>\n","protected":false},"excerpt":{"rendered":"<p>Disfruta de todos los juegos con los que creciste. Esta m\u00e1quina tiene casi todos los juegos cl\u00e1sicos de arcade de los a\u00f1os 80 y 90. Conecta y juega a juegos como Street Fighter, Metal Slug Series, Golden Tee, los Simpsons y muchos m\u00e1s.<\/p>\n","protected":false},"featured_media":7678,"template":"","meta":{"om_disable_all_campaigns":false,"_monsterinsights_skip_tracking":false,"_monsterinsights_sitenote_active":false,"_monsterinsights_sitenote_note":"","_monsterinsights_sitenote_category":0,"_uf_show_specific_survey":0,"_uf_disable_surveys":false},"product_cat":[322,321],"product_tag":[],"class_list":["post-6805","product","type-product","status-publish","has-post-thumbnail","hentry","product_cat-consola-de-juegos-pandora","product_cat-maquina-arcade-retro"],"yoast_head":"<!-- This site is optimized with the Yoast SEO Premium plugin v15.5 - https:\/\/yoast.com\/wordpress\/plugins\/seo\/ -->\n<title>7000 en 1 juegos caja pandora arcade - Bleegame<\/title>\n<meta name=\"robots\" content=\"index, follow, max-snippet:-1, max-image-preview:large, max-video-preview:-1\" \/>\n<link rel=\"canonical\" href=\"https:\/\/bleegame.com\/es\/producto\/7000-in-1-games-pandora-box-arcade-2\/\" \/>\n<meta property=\"og:locale\" content=\"es_ES\" \/>\n<meta property=\"og:type\" content=\"article\" \/>\n<meta property=\"og:title\" content=\"7000 en 1 juegos caja pandora arcade - Bleegame\" \/>\n<meta property=\"og:description\" content=\"Disfruta de todos los juegos con los que creciste. Esta m\u00e1quina tiene casi todos los juegos cl\u00e1sicos de arcade de los a\u00f1os 80 y 90. Conecta y juega a juegos como Street Fighter, Metal Slug Series, Golden Tee, los Simpsons y muchos m\u00e1s.\" \/>\n<meta property=\"og:url\" content=\"https:\/\/bleegame.com\/es\/producto\/7000-in-1-games-pandora-box-arcade-2\/\" \/>\n<meta property=\"og:site_name\" content=\"Bleegame\" \/>\n<meta name=\"twitter:card\" content=\"summary_large_image\" \/>\n<meta name=\"twitter:label1\" content=\"Tiempo de lectura\">\n\t<meta name=\"twitter:data1\" content=\"2 minutos\">\n<script type=\"application\/ld+json\" class=\"yoast-schema-graph\">{\"@context\":\"https:\/\/schema.org\",\"@graph\":[{\"@type\":\"WebSite\",\"@id\":\"https:\/\/bleegame.com\/es\/#website\",\"url\":\"https:\/\/bleegame.com\/es\/\",\"name\":\"Bleegame\",\"description\":\"One-stop Amusement Coin Operated Games  Machine procurement center\",\"potentialAction\":[{\"@type\":\"SearchAction\",\"target\":\"https:\/\/bleegame.com\/es\/?s={search_term_string}\",\"query-input\":\"required name=search_term_string\"}],\"inLanguage\":\"es\"},{\"@type\":\"ImageObject\",\"@id\":\"https:\/\/bleegame.com\/es\/producto\/7000-in-1-games-pandora-box-arcade-2\/#primaryimage\",\"inLanguage\":\"es\",\"url\":\"https:\/\/bleegame.com\/wp-content\/uploads\/2022\/07\/04-43.jpg\",\"width\":800,\"height\":800,\"caption\":\"pandoras box arcade game console 3d\"},{\"@type\":\"WebPage\",\"@id\":\"https:\/\/bleegame.com\/es\/producto\/7000-in-1-games-pandora-box-arcade-2\/#webpage\",\"url\":\"https:\/\/bleegame.com\/es\/producto\/7000-in-1-games-pandora-box-arcade-2\/\",\"name\":\"7000 en 1 juegos caja pandora arcade - Bleegame\",\"isPartOf\":{\"@id\":\"https:\/\/bleegame.com\/es\/#website\"},\"primaryImageOfPage\":{\"@id\":\"https:\/\/bleegame.com\/es\/producto\/7000-in-1-games-pandora-box-arcade-2\/#primaryimage\"},\"datePublished\":\"2022-07-26T02:06:28+00:00\",\"dateModified\":\"2022-07-26T02:06:28+00:00\",\"breadcrumb\":{\"@id\":\"https:\/\/bleegame.com\/es\/producto\/7000-in-1-games-pandora-box-arcade-2\/#breadcrumb\"},\"inLanguage\":\"es\",\"potentialAction\":[{\"@type\":\"ReadAction\",\"target\":[\"https:\/\/bleegame.com\/es\/producto\/7000-in-1-games-pandora-box-arcade-2\/\"]}]},{\"@type\":\"BreadcrumbList\",\"@id\":\"https:\/\/bleegame.com\/es\/producto\/7000-in-1-games-pandora-box-arcade-2\/#breadcrumb\",\"itemListElement\":[{\"@type\":\"ListItem\",\"position\":1,\"item\":{\"@type\":\"WebPage\",\"@id\":\"https:\/\/bleegame.com\/es\/producto\/\",\"url\":\"https:\/\/bleegame.com\/es\/producto\/\",\"name\":\"Producto\"}},{\"@type\":\"ListItem\",\"position\":2,\"item\":{\"@type\":\"WebPage\",\"@id\":\"https:\/\/bleegame.com\/es\/producto\/7000-in-1-games-pandora-box-arcade-2\/\",\"url\":\"https:\/\/bleegame.com\/es\/producto\/7000-in-1-games-pandora-box-arcade-2\/\",\"name\":\"7000 en 1 juegos caja pandora arcade\"}}]}]}<\/script>\n<!-- \/ Yoast SEO Premium plugin. -->","_links":{"self":[{"href":"https:\/\/bleegame.com\/es\/wp-json\/wp\/v2\/product\/6805","targetHints":{"allow":["GET"]}}],"collection":[{"href":"https:\/\/bleegame.com\/es\/wp-json\/wp\/v2\/product"}],"about":[{"href":"https:\/\/bleegame.com\/es\/wp-json\/wp\/v2\/types\/product"}],"version-history":[{"count":0,"href":"https:\/\/bleegame.com\/es\/wp-json\/wp\/v2\/product\/6805\/revisions"}],"wp:featuredmedia":[{"embeddable":true,"href":"https:\/\/bleegame.com\/es\/wp-json\/wp\/v2\/media\/7678"}],"wp:attachment":[{"href":"https:\/\/bleegame.com\/es\/wp-json\/wp\/v2\/media?parent=6805"}],"wp:term":[{"taxonomy":"product_cat","embeddable":true,"href":"https:\/\/bleegame.com\/es\/wp-json\/wp\/v2\/product_cat?post=6805"},{"taxonomy":"product_tag","embeddable":true,"href":"https:\/\/bleegame.com\/es\/wp-json\/wp\/v2\/product_tag?post=6805"}],"curies":[{"name":"wp","href":"https:\/\/api.w.org\/{rel}","templated":true}]}}