{"id":6807,"date":"2022-07-26T02:06:32","date_gmt":"2022-07-26T02:06:32","guid":{"rendered":"https:\/\/bleegame.com\/product\/consola-de-juegos-arcade-de-estilo-americano\/"},"modified":"2022-07-26T02:06:32","modified_gmt":"2022-07-26T02:06:32","slug":"consola-de-juegos-de-arcade-de-estilo-americano","status":"publish","type":"product","link":"https:\/\/bleegame.com\/es\/producto\/consola-de-juegos-de-arcade-de-estilo-americano\/","title":{"rendered":"Consola de juegos arcade de estilo americano"},"content":{"rendered":"<div class=\"special-heading-border\">\n<div class=\"special-heading-inner-border\"><\/div>\n<\/div>\n<\/div>\n<div style=\"  margin-top:; margin-bottom:;\" class=\"hr hr-custom hr-center hr-icon-no avia-builder-el-12 el_after_av_heading el_before_av_textblock \"><span class=\"hr-inner inner-border-av-border-thin\" style=\"  width:1550px;\"><span class=\"hr-inner-style\"><\/span><\/span><\/div>\n<section class=\"av_textblock_section \" itemscope=\"itemscope\" itemtype=\"https:\/\/schema.org\/CreativeWork\">\n<div class=\"avia_textblock \" itemprop=\"text\">\n<p><strong>[8000 Games in 1]<\/strong>: 3D+ Pandora Games cuenta con 7750 juegos arcade retro 2D cl\u00e1sicos y 250 juegos 3D.<br \/><strong>[GREATEST 3D SYSTEM]:<\/strong> Funci\u00f3n Wifi mejorada para descargar juegos 2d o 3d adicionales; Buscar juegos con la primera letra en ingl\u00e9s; Guardar\/Leer juegos 2D; Pausar juegos; Ocultar juegos; Lista de favoritos; Juego multijugador en l\u00ednea; Botones personalizables; Clasificaci\u00f3n de juegos; Cambio de idioma con una sola tecla; Mejora de la imagen; Configuraci\u00f3n del juego, etc. Esta caja de juegos es m\u00e1s funcional que cualquier otra caja de juegos del mercado.<br \/><strong>[PLUG AND PLAY]:<\/strong> S\u00f3lo se conecta a pantallas de TV\/Monitor de alta definici\u00f3n y a proyectores (admite una resoluci\u00f3n de 1280\u00d7720), para que puedas disfrutar de los juegos con tu familia o amigos. Integrada en nuestra mejor consola retro arcade, esta avanzada tecnolog\u00eda ofrece una experiencia de v\u00eddeo y audio incre\u00edble y de alta calidad.<br \/><strong>[Powerful Wifi Function]:<\/strong>  Soporta emuladores de MAME, FBA, FC, SFC, PCE, GBA, GBC, MD, PSP, PS, N64; Pulsa el bot\u00f3n de configuraci\u00f3n (cerca del puerto USB); B\u00e1jalo a la opci\u00f3n WIFI; luego con\u00e9ctate con el nombre y la contrase\u00f1a de tu wifi de casa; Vuelve a \u00abEntrar en el mercado de juegos\u00bb para elegir \u00abCHART \u00abo \u00abCATEGORY\u00bb o \u00abSEARCH\u00bb para descargar m\u00e1s juegos 2D\/3D.<br \/><strong>[LED-BACKLIT DESIGN]:<\/strong> Nuestro colorido panel superior acr\u00edlico con retroiluminaci\u00f3n LED es elegante y duradero. Joysticka y Buttons son precisos y s\u00f3lidos. El chasis ultradelgado y totalmente met\u00e1lico est\u00e1 refrigerado por ventilador y tiene un altavoz integrado para una gran experiencia de juego.<\/p>\n<\/div>\n<\/section>\n<div style=\"padding-bottom:10px;  \" class=\"av-special-heading av-special-heading-h3 blockquote modern-quote avia-builder-el-14 el_after_av_textblock el_before_av_hr \">\n<h3 class=\"av-special-heading-tag \" itemprop=\"headline\">V\u00eddeo<\/h3>\n<div class=\"special-heading-border\">\n<div class=\"special-heading-inner-border\"><\/div>\n<\/div>\n<\/div>\n<div style=\"  margin-top:; margin-bottom:;\" class=\"hr hr-custom hr-center hr-icon-no avia-builder-el-15 el_after_av_heading el_before_av_video \"><span class=\"hr-inner inner-border-av-border-thin\" style=\"  width:1550px;\"><span class=\"hr-inner-style\"><\/span><\/span><\/div>\n<div class=\"avia-video avia-video-16-9 av-lazyload-immediate av-lazyload-video-embed \" itemprop=\"video\" itemtype=\"https:\/\/schema.org\/VideoObject\" data-original_url=\"https:\/\/www.youtube.com\/watch?v=EwE4cRtRZZ0\">\n<div class=\"avia-iframe-wrap\"><iframe title=\"consola de juegos arcade para un solo jugador\" width=\"1500\" height=\"844\" frameborder=\"0\" allow=\"accelerometer; autoplay; clipboard-write; encrypted-media; gyroscope; picture-in-picture\" allowfullscreen=\"\" src=\"https:\/\/www.youtube.com\/embed\/EwE4cRtRZZ0?feature=oembed&amp;autoplay=0&amp;loop=0&amp;controls=1&amp;mute=0\"><\/iframe><\/div>\n<p><\/script><\/p>\n<div class=\"av-click-to-play-overlay\">\n<div class=\"avia_playpause_icon\"><\/div>\n<\/div>\n<\/div>\n<div style='padding-bottom:10px; ' class='av-special-heading av-special-heading-h3 blockquote modern-quote avia-builder-el-17 el_after_av_video el_before_av_hr '>\n<h3 class='av-special-heading-tag ' itemprop=\"headline\">\n","protected":false},"excerpt":{"rendered":"<p>Vendemos una amplia gama de placas de juegos de arcade, PCB y kits de conversi\u00f3n para gabinetes de arcade que son el alma de un juego. La mayor\u00eda de las placas que vendemos han sido probadas y funcionan.Actualice su m\u00e1quina arcade con los \u00faltimos juegos y hardware con una de nuestras placas de juegos arcade o kits de conversi\u00f3n.<\/p>\n","protected":false},"featured_media":7529,"template":"","meta":{"om_disable_all_campaigns":false,"_monsterinsights_skip_tracking":false,"_monsterinsights_sitenote_active":false,"_monsterinsights_sitenote_note":"","_monsterinsights_sitenote_category":0,"_uf_show_specific_survey":0,"_uf_disable_surveys":false},"product_cat":[322,321],"product_tag":[],"class_list":["post-6807","product","type-product","status-publish","has-post-thumbnail","hentry","product_cat-consola-de-juegos-pandora","product_cat-maquina-arcade-retro"],"yoast_head":"<!-- This site is optimized with the Yoast SEO Premium plugin v15.5 - https:\/\/yoast.com\/wordpress\/plugins\/seo\/ -->\n<title>Consola de juegos arcade de estilo americano - Bleegame<\/title>\n<meta name=\"robots\" content=\"index, follow, max-snippet:-1, max-image-preview:large, max-video-preview:-1\" \/>\n<link rel=\"canonical\" href=\"https:\/\/bleegame.com\/es\/producto\/consola-de-juegos-de-arcade-de-estilo-americano\/\" \/>\n<meta property=\"og:locale\" content=\"es_ES\" \/>\n<meta property=\"og:type\" content=\"article\" \/>\n<meta property=\"og:title\" content=\"Consola de juegos arcade de estilo americano - Bleegame\" \/>\n<meta property=\"og:description\" content=\"Vendemos una amplia gama de placas de juegos de arcade, PCB y kits de conversi\u00f3n para gabinetes de arcade que son el alma de un juego. La mayor\u00eda de las placas que vendemos han sido probadas y funcionan.Actualice su m\u00e1quina arcade con los \u00faltimos juegos y hardware con una de nuestras placas de juegos arcade o kits de conversi\u00f3n.\" \/>\n<meta property=\"og:url\" content=\"https:\/\/bleegame.com\/es\/producto\/consola-de-juegos-de-arcade-de-estilo-americano\/\" \/>\n<meta property=\"og:site_name\" content=\"Bleegame\" \/>\n<meta name=\"twitter:card\" content=\"summary_large_image\" \/>\n<meta name=\"twitter:label1\" content=\"Tiempo de lectura\">\n\t<meta name=\"twitter:data1\" content=\"1 minuto\">\n<script type=\"application\/ld+json\" class=\"yoast-schema-graph\">{\"@context\":\"https:\/\/schema.org\",\"@graph\":[{\"@type\":\"WebSite\",\"@id\":\"https:\/\/bleegame.com\/es\/#website\",\"url\":\"https:\/\/bleegame.com\/es\/\",\"name\":\"Bleegame\",\"description\":\"One-stop Amusement Coin Operated Games  Machine procurement center\",\"potentialAction\":[{\"@type\":\"SearchAction\",\"target\":\"https:\/\/bleegame.com\/es\/?s={search_term_string}\",\"query-input\":\"required name=search_term_string\"}],\"inLanguage\":\"es\"},{\"@type\":\"ImageObject\",\"@id\":\"https:\/\/bleegame.com\/es\/producto\/consola-de-juegos-de-arcade-de-estilo-americano\/#primaryimage\",\"inLanguage\":\"es\",\"url\":\"https:\/\/bleegame.com\/wp-content\/uploads\/2022\/07\/3-152.jpg\",\"width\":800,\"height\":800,\"caption\":\"console de jeux arcade\"},{\"@type\":\"WebPage\",\"@id\":\"https:\/\/bleegame.com\/es\/producto\/consola-de-juegos-de-arcade-de-estilo-americano\/#webpage\",\"url\":\"https:\/\/bleegame.com\/es\/producto\/consola-de-juegos-de-arcade-de-estilo-americano\/\",\"name\":\"Consola de juegos arcade de estilo americano - Bleegame\",\"isPartOf\":{\"@id\":\"https:\/\/bleegame.com\/es\/#website\"},\"primaryImageOfPage\":{\"@id\":\"https:\/\/bleegame.com\/es\/producto\/consola-de-juegos-de-arcade-de-estilo-americano\/#primaryimage\"},\"datePublished\":\"2022-07-26T02:06:32+00:00\",\"dateModified\":\"2022-07-26T02:06:32+00:00\",\"breadcrumb\":{\"@id\":\"https:\/\/bleegame.com\/es\/producto\/consola-de-juegos-de-arcade-de-estilo-americano\/#breadcrumb\"},\"inLanguage\":\"es\",\"potentialAction\":[{\"@type\":\"ReadAction\",\"target\":[\"https:\/\/bleegame.com\/es\/producto\/consola-de-juegos-de-arcade-de-estilo-americano\/\"]}]},{\"@type\":\"BreadcrumbList\",\"@id\":\"https:\/\/bleegame.com\/es\/producto\/consola-de-juegos-de-arcade-de-estilo-americano\/#breadcrumb\",\"itemListElement\":[{\"@type\":\"ListItem\",\"position\":1,\"item\":{\"@type\":\"WebPage\",\"@id\":\"https:\/\/bleegame.com\/es\/producto\/\",\"url\":\"https:\/\/bleegame.com\/es\/producto\/\",\"name\":\"Producto\"}},{\"@type\":\"ListItem\",\"position\":2,\"item\":{\"@type\":\"WebPage\",\"@id\":\"https:\/\/bleegame.com\/es\/producto\/consola-de-juegos-de-arcade-de-estilo-americano\/\",\"url\":\"https:\/\/bleegame.com\/es\/producto\/consola-de-juegos-de-arcade-de-estilo-americano\/\",\"name\":\"Consola de juegos arcade de estilo americano\"}}]}]}<\/script>\n<!-- \/ Yoast SEO Premium plugin. -->","_links":{"self":[{"href":"https:\/\/bleegame.com\/es\/wp-json\/wp\/v2\/product\/6807","targetHints":{"allow":["GET"]}}],"collection":[{"href":"https:\/\/bleegame.com\/es\/wp-json\/wp\/v2\/product"}],"about":[{"href":"https:\/\/bleegame.com\/es\/wp-json\/wp\/v2\/types\/product"}],"version-history":[{"count":0,"href":"https:\/\/bleegame.com\/es\/wp-json\/wp\/v2\/product\/6807\/revisions"}],"wp:featuredmedia":[{"embeddable":true,"href":"https:\/\/bleegame.com\/es\/wp-json\/wp\/v2\/media\/7529"}],"wp:attachment":[{"href":"https:\/\/bleegame.com\/es\/wp-json\/wp\/v2\/media?parent=6807"}],"wp:term":[{"taxonomy":"product_cat","embeddable":true,"href":"https:\/\/bleegame.com\/es\/wp-json\/wp\/v2\/product_cat?post=6807"},{"taxonomy":"product_tag","embeddable":true,"href":"https:\/\/bleegame.com\/es\/wp-json\/wp\/v2\/product_tag?post=6807"}],"curies":[{"name":"wp","href":"https:\/\/api.w.org\/{rel}","templated":true}]}}