{"id":6809,"date":"2022-07-26T02:06:29","date_gmt":"2022-07-26T02:06:29","guid":{"rendered":"https:\/\/bleegame.com\/product\/3d-arcade-game-console-4018-en-1-con-160-juegos-3d-arcade-game-box\/"},"modified":"2022-07-26T02:06:29","modified_gmt":"2022-07-26T02:06:29","slug":"3d-arcade-game-console-4018-in-1-with-160-3d-games-arcade-game-box-2","status":"publish","type":"product","link":"https:\/\/bleegame.com\/es\/producto\/3d-arcade-game-console-4018-in-1-with-160-3d-games-arcade-game-box-2\/","title":{"rendered":"3D Arcade Game Console 4018 en 1 con 160 juegos 3D Arcade Game Box"},"content":{"rendered":"<div class=\"special-heading-border\"><\/div>\n<section class=\"av_textblock_section \">\n<div class=\"avia_textblock \">\n<p><span class=\"a-list-item\"><strong>Acerca de los juegos  <\/strong>Pandoras Box 3D, 4018 en 1 consola de juegos arcade con 160 juegos en 3D, soporta chino tradicional, ingl\u00e9s, coreano, japon\u00e9s, espa\u00f1ol, 4CPU+8GPU, memoria interna de 4G y tarjeta SD de 64G, los jugadores pueden descargar juegos por clasificaci\u00f3n de juegos: como juegos de lucha, juegos de disparos, juegos de Stage Clear, , juegos de puzzle, juegos de deportes O tambi\u00e9n puede descargar juegos por formato como ARCADE MD DC PS\/PSP WSC FC\/SFC GBA\/GBC PCE<\/span><\/p>\n<p><span class=\"a-list-item\"><strong>Pantalla de juego HD  <\/strong>Es compatible con HDMI y VGA, la resoluci\u00f3n es de 1280 x 720, soporta PC\/PS3\/4 joysticks USB en l\u00ednea, puede ajustar la posici\u00f3n de la manija con la pausa, el archivo, leer el archivo y jugar de nuevo la pr\u00f3xima vez, la m\u00e1quina de apoyo se convierte en el modo de gamepad, soporta dos jugadores en l\u00ednea, soporta cualquier ajuste de posici\u00f3n 1p de la manija, y soporta 4 gamepad al mismo tiempo.<\/span><\/p>\n<p><span class=\"a-list-item\"><strong>Funci\u00f3n <\/strong>Se ha a\u00f1adido la funci\u00f3n de descarga en red. Los usuarios pueden conectarse al WiFi y entrar en el mercado de juegos en segundo plano para descargar juegos. En la actualidad, hay 11.160 juegos disponibles a\u00f1adido simulador de DC para lograr una cobertura completa del simulador, puede editar \/ borrar \/ ocultar la lista de juegos y establecer el juego libre \/ traditio Apoyo a la b\u00fasqueda r\u00e1pida, la clasificaci\u00f3n del emulador, la clase de juego y el juego reciente. Soporta el modo de manejo dedicado al juego 3D para restaurar la experiencia de juego m\u00e1s realista<\/span><\/p>\n<p><span class=\"a-list-item\"><strong>Configuraci\u00f3n del <\/strong>sistema Soporta el servicio de actualizaci\u00f3n en l\u00ednea, puede conectar WIFI, cliente de actualizaci\u00f3n en l\u00ednea, soporta el cambio personalizado del logotipo de arranque, la imagen de fondo y la imagen de carga, el idioma del sistema se cambia de forma de imagen a forma de texto, el giro de la p\u00e1gina del juego es m\u00e1s r\u00e1pido, y los servicios de personalizaci\u00f3n del idioma en todo el mundo;Soporta la funci\u00f3n de disparo continuo, la personalizaci\u00f3n de los botones<\/span><\/p>\n<p><span class=\"a-list-item\"><strong>Sobre nosotros <\/strong>Nos comprometemos a ofrecer productos de alta calidad y el mejor servicio, por favor, p\u00f3ngase en contacto con nosotros si tiene alg\u00fan problema.<\/span><\/p>\n<p><strong>CARACTER\u00cdSTICAS:<\/strong><\/p>\n<p>\u00a1S\u00f3lo Plug &amp; Play!<\/p>\n<p>Altavoz claro incorporado, volumen ajustable.<\/p>\n<p>Placa base de alta tecnolog\u00eda, chips, hardware.<\/p>\n<p>Mejora de la calidad de la imagen L\u00ednea de exploraci\u00f3n HD ajustable<\/p>\n<p>Palos dobles para 2 jugadores, equipados con 16 botones (cada uno con 800.000 horas de uso).<\/p>\n<p>Con\u00e9ctate a la TV\/PC\/Arcade a trav\u00e9s de la salida HDMI o VGA y el cable.<\/p>\n<p>Proporciona un cable USB 2.0 de alta velocidad para conectar el tablet PC directamente.<\/p>\n<p>Modo de inserci\u00f3n de monedas ajustable o de juego libre, adecuado para el hogar y el comercio.<\/p>\n<p>Compatible con todas las pantallas de TV de alta definici\u00f3n y PC. Con una salida de 1280\u00d7720 HDMI\/VGA de definici\u00f3n completa, la resoluci\u00f3n de salida ser\u00e1 un 50% mayor que la de la antigua versi\u00f3n de Pandoras Box 6S.<\/p>\n<p>Adem\u00e1s de la funci\u00f3n de juegos favoritos y de ocultar juegos, puede seleccionar los juegos seg\u00fan el tipo de despeje, como el tipo de lucha, el tipo de rompecabezas, el tipo de deportes, etc., as\u00ed como el orden alfab\u00e9tico de la letra may\u00fascula del nombre del juego.<\/p>\n<p>NOTA:<\/p>\n<p>Evitar el contacto directo con el fuego, el agua y la luz solar directa.<\/p>\n<p>No deje que el l\u00edquido fluya\/vierta en el producto.<\/p>\n<p>No saque las l\u00edneas principales a la fuerza.<\/p>\n<p>No utilice l\u00edquido corrosivo para limpiar la superficie del producto<\/p>\n<p>No desmonte el producto usted mismo<\/p>\n<p><strong>ESPECIFICACI\u00d3N:<\/strong><\/p>\n<p>Material: Panel acr\u00edlico + base met\u00e1lica<\/p>\n<p>Enchufe: Enchufe US de 110V<\/p>\n<p>Interfaz de usuario: HDMI, VGA, USB<\/p>\n<p>Selecci\u00f3n de modos: Inserci\u00f3n de monedas; Juego libre<\/p>\n<p>Adecuado para: TV LCD, PC, port\u00e1til, ordenador de sobremesa, m\u00e1quina arcade<\/p>\n<p>Tama\u00f1o del producto: 25 * 8.6 * 2.7\u2033(L * W * H)<\/p>\n<p><b>LO QUE OBTIENES<\/b><\/p>\n<p>1x 4230 Consola de Juego Arcade<\/p>\n<p>1 cable USB<\/p>\n<p>1 cable VGA<\/p>\n<p>1 cable HDMI<\/p>\n<p>1 cable de alimentaci\u00f3n<\/p>\n<p>2 botones de repuesto<\/p>\n<p>1x Manual de usuario en ingl\u00e9s<\/p>\n<p>2 x Gamepad<\/p>\n<\/div>\n<\/section>\n<div class=\"av-special-heading av-special-heading-h3 blockquote modern-quote avia-builder-el-14 el_after_av_textblock el_before_av_hr \" style=\"padding-bottom: 10px;\">\n<h3 class=\"av-special-heading-tag \">V\u00eddeo<\/h3>\n<div class=\"special-heading-border\">\n<div class=\"special-heading-inner-border\"><\/div>\n<\/div>\n<\/div>\n<div class=\"hr hr-custom hr-center hr-icon-no avia-builder-el-15 el_after_av_heading el_before_av_video \"><\/div>\n<div class=\"avia-video avia-video-16-9 av-lazyload-immediate av-lazyload-video-embed \" data-original_url=\"https:\/\/youtu.be\/yO1T_y0VXwE\">\n<div class=\"avia-iframe-wrap\"><iframe title=\"3D Arcade Game Console 4018 en 1 con 160 juegos 3D Arcade Game Box\" src=\"https:\/\/www.youtube.com\/embed\/yO1T_y0VXwE?feature=oembed&amp;autoplay=0&amp;loop=0&amp;controls=1&amp;mute=0\" width=\"1500\" height=\"844\" frameborder=\"0\" allowfullscreen=\"allowfullscreen\"><\/iframe><\/div>\n<p>&nbsp;<\/p>\n<div class=\"av-click-to-play-overlay\">\n<div class=\"avia_playpause_icon\"><\/div>\n<\/div>\n<\/div>\n<div class=\"av-special-heading av-special-heading-h3 blockquote modern-quote avia-builder-el-17 el_after_av_video el_before_av_hr \" style=\"padding-bottom: 10px;\">\n<h3 class=\"av-special-heading-tag \"><\/h3>\n<\/div>\n","protected":false},"excerpt":{"rendered":"<p>Vendemos una amplia gama de placas de juegos de arcade, PCB y kits de conversi\u00f3n para gabinetes de arcade que son el alma de un juego. La mayor\u00eda de las placas que vendemos han sido probadas y funcionan.Actualice su m\u00e1quina arcade con los \u00faltimos juegos y hardware con una de nuestras placas de juegos arcade o kits de conversi\u00f3n.<\/p>\n","protected":false},"featured_media":7614,"template":"","meta":{"om_disable_all_campaigns":false,"_monsterinsights_skip_tracking":false,"_monsterinsights_sitenote_active":false,"_monsterinsights_sitenote_note":"","_monsterinsights_sitenote_category":0,"_uf_show_specific_survey":0,"_uf_disable_surveys":false},"product_cat":[322,321],"product_tag":[],"class_list":["post-6809","product","type-product","status-publish","has-post-thumbnail","hentry","product_cat-consola-de-juegos-pandora","product_cat-maquina-arcade-retro"],"yoast_head":"<!-- This site is optimized with the Yoast SEO Premium plugin v15.5 - https:\/\/yoast.com\/wordpress\/plugins\/seo\/ -->\n<title>3D Arcade Game Console 4018 en 1 con 160 juegos 3D Arcade Game Box - Bleegame<\/title>\n<meta name=\"robots\" content=\"index, follow, max-snippet:-1, max-image-preview:large, max-video-preview:-1\" \/>\n<link rel=\"canonical\" href=\"https:\/\/bleegame.com\/es\/producto\/3d-arcade-game-console-4018-in-1-with-160-3d-games-arcade-game-box-2\/\" \/>\n<meta property=\"og:locale\" content=\"es_ES\" \/>\n<meta property=\"og:type\" content=\"article\" \/>\n<meta property=\"og:title\" content=\"3D Arcade Game Console 4018 en 1 con 160 juegos 3D Arcade Game Box - Bleegame\" \/>\n<meta property=\"og:description\" content=\"Vendemos una amplia gama de placas de juegos de arcade, PCB y kits de conversi\u00f3n para gabinetes de arcade que son el alma de un juego. La mayor\u00eda de las placas que vendemos han sido probadas y funcionan.Actualice su m\u00e1quina arcade con los \u00faltimos juegos y hardware con una de nuestras placas de juegos arcade o kits de conversi\u00f3n.\" \/>\n<meta property=\"og:url\" content=\"https:\/\/bleegame.com\/es\/producto\/3d-arcade-game-console-4018-in-1-with-160-3d-games-arcade-game-box-2\/\" \/>\n<meta property=\"og:site_name\" content=\"Bleegame\" \/>\n<meta name=\"twitter:card\" content=\"summary_large_image\" \/>\n<meta name=\"twitter:label1\" content=\"Tiempo de lectura\">\n\t<meta name=\"twitter:data1\" content=\"3 minutos\">\n<script type=\"application\/ld+json\" class=\"yoast-schema-graph\">{\"@context\":\"https:\/\/schema.org\",\"@graph\":[{\"@type\":\"WebSite\",\"@id\":\"https:\/\/bleegame.com\/es\/#website\",\"url\":\"https:\/\/bleegame.com\/es\/\",\"name\":\"Bleegame\",\"description\":\"One-stop Amusement Coin Operated Games  Machine procurement center\",\"potentialAction\":[{\"@type\":\"SearchAction\",\"target\":\"https:\/\/bleegame.com\/es\/?s={search_term_string}\",\"query-input\":\"required name=search_term_string\"}],\"inLanguage\":\"es\"},{\"@type\":\"ImageObject\",\"@id\":\"https:\/\/bleegame.com\/es\/producto\/3d-arcade-game-console-4018-in-1-with-160-3d-games-arcade-game-box-2\/#primaryimage\",\"inLanguage\":\"es\",\"url\":\"https:\/\/bleegame.com\/wp-content\/uploads\/2022\/07\/3-157.jpg\",\"width\":800,\"height\":800,\"caption\":\"real arcade box portable game console\"},{\"@type\":\"WebPage\",\"@id\":\"https:\/\/bleegame.com\/es\/producto\/3d-arcade-game-console-4018-in-1-with-160-3d-games-arcade-game-box-2\/#webpage\",\"url\":\"https:\/\/bleegame.com\/es\/producto\/3d-arcade-game-console-4018-in-1-with-160-3d-games-arcade-game-box-2\/\",\"name\":\"3D Arcade Game Console 4018 en 1 con 160 juegos 3D Arcade Game Box - Bleegame\",\"isPartOf\":{\"@id\":\"https:\/\/bleegame.com\/es\/#website\"},\"primaryImageOfPage\":{\"@id\":\"https:\/\/bleegame.com\/es\/producto\/3d-arcade-game-console-4018-in-1-with-160-3d-games-arcade-game-box-2\/#primaryimage\"},\"datePublished\":\"2022-07-26T02:06:29+00:00\",\"dateModified\":\"2022-07-26T02:06:29+00:00\",\"breadcrumb\":{\"@id\":\"https:\/\/bleegame.com\/es\/producto\/3d-arcade-game-console-4018-in-1-with-160-3d-games-arcade-game-box-2\/#breadcrumb\"},\"inLanguage\":\"es\",\"potentialAction\":[{\"@type\":\"ReadAction\",\"target\":[\"https:\/\/bleegame.com\/es\/producto\/3d-arcade-game-console-4018-in-1-with-160-3d-games-arcade-game-box-2\/\"]}]},{\"@type\":\"BreadcrumbList\",\"@id\":\"https:\/\/bleegame.com\/es\/producto\/3d-arcade-game-console-4018-in-1-with-160-3d-games-arcade-game-box-2\/#breadcrumb\",\"itemListElement\":[{\"@type\":\"ListItem\",\"position\":1,\"item\":{\"@type\":\"WebPage\",\"@id\":\"https:\/\/bleegame.com\/es\/producto\/\",\"url\":\"https:\/\/bleegame.com\/es\/producto\/\",\"name\":\"Producto\"}},{\"@type\":\"ListItem\",\"position\":2,\"item\":{\"@type\":\"WebPage\",\"@id\":\"https:\/\/bleegame.com\/es\/producto\/3d-arcade-game-console-4018-in-1-with-160-3d-games-arcade-game-box-2\/\",\"url\":\"https:\/\/bleegame.com\/es\/producto\/3d-arcade-game-console-4018-in-1-with-160-3d-games-arcade-game-box-2\/\",\"name\":\"3D Arcade Game Console 4018 en 1 con 160 juegos 3D Arcade Game Box\"}}]}]}<\/script>\n<!-- \/ Yoast SEO Premium plugin. -->","_links":{"self":[{"href":"https:\/\/bleegame.com\/es\/wp-json\/wp\/v2\/product\/6809","targetHints":{"allow":["GET"]}}],"collection":[{"href":"https:\/\/bleegame.com\/es\/wp-json\/wp\/v2\/product"}],"about":[{"href":"https:\/\/bleegame.com\/es\/wp-json\/wp\/v2\/types\/product"}],"version-history":[{"count":0,"href":"https:\/\/bleegame.com\/es\/wp-json\/wp\/v2\/product\/6809\/revisions"}],"wp:featuredmedia":[{"embeddable":true,"href":"https:\/\/bleegame.com\/es\/wp-json\/wp\/v2\/media\/7614"}],"wp:attachment":[{"href":"https:\/\/bleegame.com\/es\/wp-json\/wp\/v2\/media?parent=6809"}],"wp:term":[{"taxonomy":"product_cat","embeddable":true,"href":"https:\/\/bleegame.com\/es\/wp-json\/wp\/v2\/product_cat?post=6809"},{"taxonomy":"product_tag","embeddable":true,"href":"https:\/\/bleegame.com\/es\/wp-json\/wp\/v2\/product_tag?post=6809"}],"curies":[{"name":"wp","href":"https:\/\/api.w.org\/{rel}","templated":true}]}}