{"id":6810,"date":"2022-07-26T02:06:30","date_gmt":"2022-07-26T02:06:30","guid":{"rendered":"https:\/\/bleegame.com\/product\/consola-de-videojuegos-2d-arcade-2600-juegos-en-1\/"},"modified":"2022-07-26T02:06:30","modified_gmt":"2022-07-26T02:06:30","slug":"3d-2d-arcade-video-game-console-2600-games-in-1-2","status":"publish","type":"product","link":"https:\/\/bleegame.com\/es\/producto\/3d-2d-arcade-video-game-console-2600-games-in-1-2\/","title":{"rendered":"Consola de videojuegos 2D Arcade 2600 Juegos en 1"},"content":{"rendered":"<div class=\"special-heading-border\">\n<div class=\"special-heading-inner-border\"><\/div>\n<\/div>\n<div class=\"hr hr-custom hr-center hr-icon-no avia-builder-el-12 el_after_av_heading el_before_av_textblock \"><\/div>\n<section class=\"av_textblock_section \">\n<div class=\"avia_textblock \">\n<p>Pandoras Box , 2600 en 1 consola arcade con 51 3D , la placa base viene con un puerto de red, soporta el cable de red para descargar juegos en l\u00ednea, soporta ingl\u00e9s, chino y chino tradicional, puedes elegir el idioma que quieras.<br \/>\nEs compatible con HDMI y VGA, la resoluci\u00f3n es de 1280 x 720, la imagen clara puede darle una experiencia m\u00e1s real, el rendimiento del simulador totalmente optimizado para ejecutar juegos de PS 3D perfectamente, Soporte de descarga de juegos 3D, el servidor se ha actualizado con m\u00e1s de 600 juegos de PS disponibles para su descarga gratuita<br \/>\nEquipado con CPU de 4 n\u00facleos, imagen de juego suave, soporte de 4 controladores de joystick USB en l\u00ednea, optimizado el juego del servidor de fondo, reduciendo en gran medida los problemas durante la descarga del juego<br \/>\nLa gran caracter\u00edstica es la de guardar la puntuaci\u00f3n m\u00e1s alta, incluso despu\u00e9s de apagar el aparato (los \u00faltimos 20 juegos que hayas jugado), lo m\u00e1s especial es que puedes cambiar el LOGO de inicio y el fondo de los juegos, y puedes a\u00f1adir juegos por ti mismo.<\/p>\n<\/div>\n<\/section>\n<div class=\"av-special-heading av-special-heading-h3 blockquote modern-quote avia-builder-el-14 el_after_av_textblock el_before_av_hr \" style=\"padding-bottom: 10px;\">\n<h3 class=\"av-special-heading-tag \">V\u00eddeo<\/h3>\n<div class=\"special-heading-border\">\n<div class=\"special-heading-inner-border\"><\/div>\n<\/div>\n<\/div>\n<div class=\"hr hr-custom hr-center hr-icon-no avia-builder-el-15 el_after_av_heading el_before_av_video \"><\/div>\n<div class=\"avia-video avia-video-16-9 av-lazyload-immediate av-lazyload-video-embed \" data-original_url=\"https:\/\/www.youtube.com\/watch?v=j5i4KM2Ktg4\">\n<div class=\"avia-iframe-wrap\"><iframe title=\"2199 juegos Multijugador Joystick y Botones Consola Arcade\" src=\"https:\/\/www.youtube.com\/embed\/j5i4KM2Ktg4?feature=oembed&amp;autoplay=0&amp;loop=0&amp;controls=1&amp;mute=0\" width=\"1500\" height=\"844\" frameborder=\"0\" allowfullscreen=\"allowfullscreen\"><\/iframe><\/div>\n<p>&nbsp;<\/p>\n<div class=\"av-click-to-play-overlay\">\n<div class=\"avia_playpause_icon\"><\/div>\n<\/div>\n<\/div>\n<div class=\"av-special-heading av-special-heading-h3 blockquote modern-quote avia-builder-el-17 el_after_av_video el_before_av_hr \" style=\"padding-bottom: 10px;\">\n<h3 class=\"av-special-heading-tag \"><\/h3>\n<\/div>\n","protected":false},"excerpt":{"rendered":"<p>Vendemos una amplia gama de placas de juegos de arcade, PCB y kits de conversi\u00f3n para gabinetes de arcade que son el alma de un juego. La mayor\u00eda de las placas que vendemos han sido probadas y funcionan.Actualice su m\u00e1quina arcade con los \u00faltimos juegos y hardware con una de nuestras placas de juegos arcade o kits de conversi\u00f3n.<\/p>\n","protected":false},"featured_media":7585,"template":"","meta":{"om_disable_all_campaigns":false,"_monsterinsights_skip_tracking":false,"_monsterinsights_sitenote_active":false,"_monsterinsights_sitenote_note":"","_monsterinsights_sitenote_category":0,"_uf_show_specific_survey":0,"_uf_disable_surveys":false},"product_cat":[322,321],"product_tag":[],"class_list":["post-6810","product","type-product","status-publish","has-post-thumbnail","hentry","product_cat-consola-de-juegos-pandora","product_cat-maquina-arcade-retro"],"yoast_head":"<!-- This site is optimized with the Yoast SEO Premium plugin v15.5 - https:\/\/yoast.com\/wordpress\/plugins\/seo\/ -->\n<title>Consola de videojuegos 2D Arcade 2600 Juegos en 1 - Bleegame<\/title>\n<meta name=\"robots\" content=\"index, follow, max-snippet:-1, max-image-preview:large, max-video-preview:-1\" \/>\n<link rel=\"canonical\" href=\"https:\/\/bleegame.com\/es\/producto\/3d-2d-arcade-video-game-console-2600-games-in-1-2\/\" \/>\n<meta property=\"og:locale\" content=\"es_ES\" \/>\n<meta property=\"og:type\" content=\"article\" \/>\n<meta property=\"og:title\" content=\"Consola de videojuegos 2D Arcade 2600 Juegos en 1 - Bleegame\" \/>\n<meta property=\"og:description\" content=\"Vendemos una amplia gama de placas de juegos de arcade, PCB y kits de conversi\u00f3n para gabinetes de arcade que son el alma de un juego. La mayor\u00eda de las placas que vendemos han sido probadas y funcionan.Actualice su m\u00e1quina arcade con los \u00faltimos juegos y hardware con una de nuestras placas de juegos arcade o kits de conversi\u00f3n.\" \/>\n<meta property=\"og:url\" content=\"https:\/\/bleegame.com\/es\/producto\/3d-2d-arcade-video-game-console-2600-games-in-1-2\/\" \/>\n<meta property=\"og:site_name\" content=\"Bleegame\" \/>\n<meta name=\"twitter:card\" content=\"summary_large_image\" \/>\n<meta name=\"twitter:label1\" content=\"Tiempo de lectura\">\n\t<meta name=\"twitter:data1\" content=\"1 minuto\">\n<script type=\"application\/ld+json\" class=\"yoast-schema-graph\">{\"@context\":\"https:\/\/schema.org\",\"@graph\":[{\"@type\":\"WebSite\",\"@id\":\"https:\/\/bleegame.com\/es\/#website\",\"url\":\"https:\/\/bleegame.com\/es\/\",\"name\":\"Bleegame\",\"description\":\"One-stop Amusement Coin Operated Games  Machine procurement center\",\"potentialAction\":[{\"@type\":\"SearchAction\",\"target\":\"https:\/\/bleegame.com\/es\/?s={search_term_string}\",\"query-input\":\"required name=search_term_string\"}],\"inLanguage\":\"es\"},{\"@type\":\"ImageObject\",\"@id\":\"https:\/\/bleegame.com\/es\/producto\/3d-2d-arcade-video-game-console-2600-games-in-1-2\/#primaryimage\",\"inLanguage\":\"es\",\"url\":\"https:\/\/bleegame.com\/wp-content\/uploads\/2022\/07\/3-154.jpg\",\"width\":800,\"height\":800,\"caption\":\"new arcade box super console\"},{\"@type\":\"WebPage\",\"@id\":\"https:\/\/bleegame.com\/es\/producto\/3d-2d-arcade-video-game-console-2600-games-in-1-2\/#webpage\",\"url\":\"https:\/\/bleegame.com\/es\/producto\/3d-2d-arcade-video-game-console-2600-games-in-1-2\/\",\"name\":\"Consola de videojuegos 2D Arcade 2600 Juegos en 1 - Bleegame\",\"isPartOf\":{\"@id\":\"https:\/\/bleegame.com\/es\/#website\"},\"primaryImageOfPage\":{\"@id\":\"https:\/\/bleegame.com\/es\/producto\/3d-2d-arcade-video-game-console-2600-games-in-1-2\/#primaryimage\"},\"datePublished\":\"2022-07-26T02:06:30+00:00\",\"dateModified\":\"2022-07-26T02:06:30+00:00\",\"breadcrumb\":{\"@id\":\"https:\/\/bleegame.com\/es\/producto\/3d-2d-arcade-video-game-console-2600-games-in-1-2\/#breadcrumb\"},\"inLanguage\":\"es\",\"potentialAction\":[{\"@type\":\"ReadAction\",\"target\":[\"https:\/\/bleegame.com\/es\/producto\/3d-2d-arcade-video-game-console-2600-games-in-1-2\/\"]}]},{\"@type\":\"BreadcrumbList\",\"@id\":\"https:\/\/bleegame.com\/es\/producto\/3d-2d-arcade-video-game-console-2600-games-in-1-2\/#breadcrumb\",\"itemListElement\":[{\"@type\":\"ListItem\",\"position\":1,\"item\":{\"@type\":\"WebPage\",\"@id\":\"https:\/\/bleegame.com\/es\/producto\/\",\"url\":\"https:\/\/bleegame.com\/es\/producto\/\",\"name\":\"Producto\"}},{\"@type\":\"ListItem\",\"position\":2,\"item\":{\"@type\":\"WebPage\",\"@id\":\"https:\/\/bleegame.com\/es\/producto\/3d-2d-arcade-video-game-console-2600-games-in-1-2\/\",\"url\":\"https:\/\/bleegame.com\/es\/producto\/3d-2d-arcade-video-game-console-2600-games-in-1-2\/\",\"name\":\"Consola de videojuegos 2D Arcade 2600 Juegos en 1\"}}]}]}<\/script>\n<!-- \/ Yoast SEO Premium plugin. -->","_links":{"self":[{"href":"https:\/\/bleegame.com\/es\/wp-json\/wp\/v2\/product\/6810","targetHints":{"allow":["GET"]}}],"collection":[{"href":"https:\/\/bleegame.com\/es\/wp-json\/wp\/v2\/product"}],"about":[{"href":"https:\/\/bleegame.com\/es\/wp-json\/wp\/v2\/types\/product"}],"version-history":[{"count":0,"href":"https:\/\/bleegame.com\/es\/wp-json\/wp\/v2\/product\/6810\/revisions"}],"wp:featuredmedia":[{"embeddable":true,"href":"https:\/\/bleegame.com\/es\/wp-json\/wp\/v2\/media\/7585"}],"wp:attachment":[{"href":"https:\/\/bleegame.com\/es\/wp-json\/wp\/v2\/media?parent=6810"}],"wp:term":[{"taxonomy":"product_cat","embeddable":true,"href":"https:\/\/bleegame.com\/es\/wp-json\/wp\/v2\/product_cat?post=6810"},{"taxonomy":"product_tag","embeddable":true,"href":"https:\/\/bleegame.com\/es\/wp-json\/wp\/v2\/product_tag?post=6810"}],"curies":[{"name":"wp","href":"https:\/\/api.w.org\/{rel}","templated":true}]}}