{"id":6811,"date":"2022-07-26T02:06:29","date_gmt":"2022-07-26T02:06:29","guid":{"rendered":"https:\/\/bleegame.com\/product\/caja-de-pandoras-9h-3288-en-1-consola-de-juego-arcade\/"},"modified":"2022-07-26T02:06:29","modified_gmt":"2022-07-26T02:06:29","slug":"pandoras-box-9h-3288-in-1-arcade-game-console-2","status":"publish","type":"product","link":"https:\/\/bleegame.com\/es\/producto\/pandoras-box-9h-3288-in-1-arcade-game-console-2\/","title":{"rendered":"Caja de Pandoras 9H 3288 en 1 Consola de Juego Arcade"},"content":{"rendered":"<div class=\"special-heading-border\">\n<div class=\"special-heading-inner-border\"><\/div>\n<\/div>\n<div class=\"hr hr-custom hr-center hr-icon-no avia-builder-el-12 el_after_av_heading el_before_av_textblock \"><\/div>\n<section class=\"av_textblock_section \">\n<div class=\"avia_textblock \">\n<p><span class=\"a-list-item\">51 <strong>JUEGOS <\/strong>3D Con 51 juegos 3D y 3237 juegos retro arcade 2D. El mejor tablero de juego de edici\u00f3n casera para disfrutar de los juegos de arcade de los 80 y 90 y que puede traer de vuelta su memoria de la infancia. No es necesario volver a descargar, no es necesario volver a configurar y le traer\u00e1 la sensaci\u00f3n de juego de arcade real.<\/span><\/p>\n<p><span class=\"a-list-item\"><strong>SISTEMA DE ARCADE FAMIL <\/strong>IAR La Caja de Pandoras 9H utiliza un sistema de arcade familiar con el que se puede conseguir f\u00e1cilmente un mundo de arcade propio. Admite que dos jugadores disfruten de los juegos al mismo tiempo, lo que podr\u00eda dar a los usuarios una verdadera experiencia arcade. El doble joystick arcade de 8 v\u00edas es perfecto para todos los juegos.<\/span><\/p>\n<p><span class=\"a-list-item\"><strong>1280\u00d7720 FULL <\/strong>HD Se puede conectar a la televisi\u00f3n, ordenadores, consolas de juegos, proyectores para jugar. Con im\u00e1genes de alta definici\u00f3n y una gran calidad de sonido, una buena experiencia de control del juego, as\u00ed como un rendimiento estable. F\u00e1cil de usar, plug and play, con manual en ingl\u00e9s. Chips de primera marca en soluciones de juego, visualizaci\u00f3n de im\u00e1genes fluidas.<\/span><\/p>\n<p><span class=\"a-list-item\"><strong>Soporte para a\u00f1adir juegos <\/strong>Puedes a\u00f1adir juegos por ti mismo. La gran caracter\u00edstica es el guardado de la \u00abAlta puntuaci\u00f3n\u00bb, que guardar\u00e1 la puntuaci\u00f3n m\u00e1s alta, \u00a1incluso despu\u00e9s de que se apague la alimentaci\u00f3n! Soporta 4 controladores de joystick USB en l\u00ednea, optimizado el juego del servidor de fondo, la imagen del juego suave reduciendo en gran medida los problemas durante la descarga del juego.<\/span><\/p>\n<p><span class=\"a-list-item\"><strong>NUEVA VERSION <\/strong>Consola Arcade con una tecla para suspender la funci\u00f3n , en cualquier momento a la espera de su regreso, la consola satisfacer plenamente todas las necesidades del juego . Instalaci\u00f3n opcional de los tres y botones originales , el joystick original , m\u00e1s de una variedad de elecci\u00f3n de configuraci\u00f3n de teclas. Salida de v\u00eddeo HDMI\/VGA Entrada de alimentaci\u00f3n HDTV 12V Esquema de la m\u00e1quina de juegos Esquema de la m\u00e1quina de juegos Pandoras Box 9 conectada a la TV y al PC.<\/span><\/p>\n<\/div>\n<\/section>\n<div class=\"av-special-heading av-special-heading-h3 blockquote modern-quote avia-builder-el-14 el_after_av_textblock el_before_av_hr \" style=\"padding-bottom: 10px;\">\n<h3 class=\"av-special-heading-tag \">V\u00eddeo<\/h3>\n<div class=\"special-heading-border\">\n<div class=\"special-heading-inner-border\"><\/div>\n<\/div>\n<\/div>\n<div class=\"hr hr-custom hr-center hr-icon-no avia-builder-el-15 el_after_av_heading el_before_av_video \"><\/div>\n<div class=\"avia-video avia-video-16-9 av-lazyload-immediate av-lazyload-video-embed \" data-original_url=\"https:\/\/youtu.be\/yO1T_y0VXwE\">\n<div class=\"avia-iframe-wrap\"><iframe title=\"Consola de juegos Arcade 3D 4018 en 1 con 160 juegos 3D Caja de juegos Arcade\" src=\"https:\/\/www.youtube.com\/embed\/yO1T_y0VXwE?feature=oembed&amp;autoplay=0&amp;loop=0&amp;controls=1&amp;mute=0\" width=\"1500\" height=\"844\" frameborder=\"0\" allowfullscreen=\"allowfullscreen\"><\/iframe><\/div>\n<p>&nbsp;<\/p>\n<div class=\"av-click-to-play-overlay\">\n<div class=\"avia_playpause_icon\"><\/div>\n<\/div>\n<\/div>\n<div class=\"av-special-heading av-special-heading-h3 blockquote modern-quote avia-builder-el-17 el_after_av_video el_before_av_hr \" style=\"padding-bottom: 10px;\">\n<h3 class=\"av-special-heading-tag \"><\/h3>\n<\/div>\n","protected":false},"excerpt":{"rendered":"<p>Vendemos una amplia gama de placas de juegos de arcade, PCB y kits de conversi\u00f3n para gabinetes de arcade que son el alma de un juego. La mayor\u00eda de las placas que vendemos han sido probadas y funcionan.Actualice su m\u00e1quina arcade con los \u00faltimos juegos y hardware con una de nuestras placas de juegos arcade o kits de conversi\u00f3n.<\/p>\n","protected":false},"featured_media":7659,"template":"","meta":{"om_disable_all_campaigns":false,"_monsterinsights_skip_tracking":false,"_monsterinsights_sitenote_active":false,"_monsterinsights_sitenote_note":"","_monsterinsights_sitenote_category":0,"_uf_show_specific_survey":0,"_uf_disable_surveys":false},"product_cat":[322,321],"product_tag":[],"class_list":["post-6811","product","type-product","status-publish","has-post-thumbnail","hentry","product_cat-consola-de-juegos-pandora","product_cat-maquina-arcade-retro"],"yoast_head":"<!-- This site is optimized with the Yoast SEO Premium plugin v15.5 - https:\/\/yoast.com\/wordpress\/plugins\/seo\/ -->\n<title>Caja de Pandoras 9H 3288 en 1 Consola de Juego Arcade - Bleegame<\/title>\n<meta name=\"robots\" content=\"index, follow, max-snippet:-1, max-image-preview:large, max-video-preview:-1\" \/>\n<link rel=\"canonical\" href=\"https:\/\/bleegame.com\/es\/producto\/pandoras-box-9h-3288-in-1-arcade-game-console-2\/\" \/>\n<meta property=\"og:locale\" content=\"es_ES\" \/>\n<meta property=\"og:type\" content=\"article\" \/>\n<meta property=\"og:title\" content=\"Caja de Pandoras 9H 3288 en 1 Consola de Juego Arcade - Bleegame\" \/>\n<meta property=\"og:description\" content=\"Vendemos una amplia gama de placas de juegos de arcade, PCB y kits de conversi\u00f3n para gabinetes de arcade que son el alma de un juego. La mayor\u00eda de las placas que vendemos han sido probadas y funcionan.Actualice su m\u00e1quina arcade con los \u00faltimos juegos y hardware con una de nuestras placas de juegos arcade o kits de conversi\u00f3n.\" \/>\n<meta property=\"og:url\" content=\"https:\/\/bleegame.com\/es\/producto\/pandoras-box-9h-3288-in-1-arcade-game-console-2\/\" \/>\n<meta property=\"og:site_name\" content=\"Bleegame\" \/>\n<meta name=\"twitter:card\" content=\"summary_large_image\" \/>\n<meta name=\"twitter:label1\" content=\"Tiempo de lectura\">\n\t<meta name=\"twitter:data1\" content=\"1 minuto\">\n<script type=\"application\/ld+json\" class=\"yoast-schema-graph\">{\"@context\":\"https:\/\/schema.org\",\"@graph\":[{\"@type\":\"WebSite\",\"@id\":\"https:\/\/bleegame.com\/es\/#website\",\"url\":\"https:\/\/bleegame.com\/es\/\",\"name\":\"Bleegame\",\"description\":\"One-stop Amusement Coin Operated Games  Machine procurement center\",\"potentialAction\":[{\"@type\":\"SearchAction\",\"target\":\"https:\/\/bleegame.com\/es\/?s={search_term_string}\",\"query-input\":\"required name=search_term_string\"}],\"inLanguage\":\"es\"},{\"@type\":\"ImageObject\",\"@id\":\"https:\/\/bleegame.com\/es\/producto\/pandoras-box-9h-3288-in-1-arcade-game-console-2\/#primaryimage\",\"inLanguage\":\"es\",\"url\":\"https:\/\/bleegame.com\/wp-content\/uploads\/2022\/07\/4-155.jpg\",\"width\":800,\"height\":800,\"caption\":\"mini arcade game console\"},{\"@type\":\"WebPage\",\"@id\":\"https:\/\/bleegame.com\/es\/producto\/pandoras-box-9h-3288-in-1-arcade-game-console-2\/#webpage\",\"url\":\"https:\/\/bleegame.com\/es\/producto\/pandoras-box-9h-3288-in-1-arcade-game-console-2\/\",\"name\":\"Caja de Pandoras 9H 3288 en 1 Consola de Juego Arcade - Bleegame\",\"isPartOf\":{\"@id\":\"https:\/\/bleegame.com\/es\/#website\"},\"primaryImageOfPage\":{\"@id\":\"https:\/\/bleegame.com\/es\/producto\/pandoras-box-9h-3288-in-1-arcade-game-console-2\/#primaryimage\"},\"datePublished\":\"2022-07-26T02:06:29+00:00\",\"dateModified\":\"2022-07-26T02:06:29+00:00\",\"breadcrumb\":{\"@id\":\"https:\/\/bleegame.com\/es\/producto\/pandoras-box-9h-3288-in-1-arcade-game-console-2\/#breadcrumb\"},\"inLanguage\":\"es\",\"potentialAction\":[{\"@type\":\"ReadAction\",\"target\":[\"https:\/\/bleegame.com\/es\/producto\/pandoras-box-9h-3288-in-1-arcade-game-console-2\/\"]}]},{\"@type\":\"BreadcrumbList\",\"@id\":\"https:\/\/bleegame.com\/es\/producto\/pandoras-box-9h-3288-in-1-arcade-game-console-2\/#breadcrumb\",\"itemListElement\":[{\"@type\":\"ListItem\",\"position\":1,\"item\":{\"@type\":\"WebPage\",\"@id\":\"https:\/\/bleegame.com\/es\/producto\/\",\"url\":\"https:\/\/bleegame.com\/es\/producto\/\",\"name\":\"Producto\"}},{\"@type\":\"ListItem\",\"position\":2,\"item\":{\"@type\":\"WebPage\",\"@id\":\"https:\/\/bleegame.com\/es\/producto\/pandoras-box-9h-3288-in-1-arcade-game-console-2\/\",\"url\":\"https:\/\/bleegame.com\/es\/producto\/pandoras-box-9h-3288-in-1-arcade-game-console-2\/\",\"name\":\"Caja de Pandoras 9H 3288 en 1 Consola de Juego Arcade\"}}]}]}<\/script>\n<!-- \/ Yoast SEO Premium plugin. -->","_links":{"self":[{"href":"https:\/\/bleegame.com\/es\/wp-json\/wp\/v2\/product\/6811","targetHints":{"allow":["GET"]}}],"collection":[{"href":"https:\/\/bleegame.com\/es\/wp-json\/wp\/v2\/product"}],"about":[{"href":"https:\/\/bleegame.com\/es\/wp-json\/wp\/v2\/types\/product"}],"version-history":[{"count":0,"href":"https:\/\/bleegame.com\/es\/wp-json\/wp\/v2\/product\/6811\/revisions"}],"wp:featuredmedia":[{"embeddable":true,"href":"https:\/\/bleegame.com\/es\/wp-json\/wp\/v2\/media\/7659"}],"wp:attachment":[{"href":"https:\/\/bleegame.com\/es\/wp-json\/wp\/v2\/media?parent=6811"}],"wp:term":[{"taxonomy":"product_cat","embeddable":true,"href":"https:\/\/bleegame.com\/es\/wp-json\/wp\/v2\/product_cat?post=6811"},{"taxonomy":"product_tag","embeddable":true,"href":"https:\/\/bleegame.com\/es\/wp-json\/wp\/v2\/product_tag?post=6811"}],"curies":[{"name":"wp","href":"https:\/\/api.w.org\/{rel}","templated":true}]}}