{"id":6815,"date":"2022-07-26T02:06:16","date_gmt":"2022-07-26T02:06:16","guid":{"rendered":"https:\/\/bleegame.com\/product\/1660-en-1-tablero-de-juego-multiple-jamma-arcade\/"},"modified":"2022-07-26T02:06:16","modified_gmt":"2022-07-26T02:06:16","slug":"1660-in-1-jamma-arcade-multi-game-board-2","status":"publish","type":"product","link":"https:\/\/bleegame.com\/es\/producto\/1660-in-1-jamma-arcade-multi-game-board-2\/","title":{"rendered":"1660 en 1 tablero de juego m\u00faltiple jamma arcade"},"content":{"rendered":"<div class=\"special-heading-border\">\n<div class=\"special-heading-inner-border\"><\/div>\n<\/div>\n<\/div>\n<div style=\"  margin-top:; margin-bottom:;\" class=\"hr hr-custom hr-center hr-icon-no avia-builder-el-12 el_after_av_heading el_before_av_textblock \"><span class=\"hr-inner inner-border-av-border-thin\" style=\"  width:1550px;\"><span class=\"hr-inner-style\"><\/span><\/span><\/div>\n<section class=\"av_textblock_section \" itemscope=\"itemscope\" itemtype=\"https:\/\/schema.org\/CreativeWork\">\n<div class=\"avia_textblock \" itemprop=\"text\">\n<p><strong>Caracter\u00edsticas:<\/strong><br \/>1650 x juegos 2D. 10 juegos en 3D. Total: \u00a11660 juegos!<br \/>Tubo de imagen de baja resoluci\u00f3n CRT + VGA + HDMI + LCD + soporte de tres se\u00f1ales de salida HD<br \/>Cable de conexi\u00f3n JAMMA 28P<br \/>Dise\u00f1o ecol\u00f3gico de ahorro de energ\u00eda. Pantalla de ultra alta definici\u00f3n + motor de procesamiento de voz + chip de nueva arquitectura<br \/>Por favor, p\u00f3ngase en contacto con el servicio de atenci\u00f3n al cliente para enviar el archivo PDF para el directorio de juegos.<br \/>La versi\u00f3n del idioma (chino simplificado, chino tradicional, ingl\u00e9s y coreano) se puede configurar en segundo plano.<br \/>Al mismo tiempo, mantenga pulsado el bot\u00f3n de inicio B + 1p. Luego, en la esquina superior izquierda de la pantalla: CN chino simplificado.<br \/>TW chino simplificado. En ingl\u00e9s. Kr coreano. Seleccione a trav\u00e9s del balanc\u00edn y pulse a para confirmar.<br \/>Puede personalizar la ordenaci\u00f3n de los botones en segundo plano<br \/>Modo libre, calidad de imagen mejorada, duraci\u00f3n de la dificultad ajustable<\/p>\n<\/div>\n<\/section>\n<div style='padding-bottom:10px; ' class='av-special-heading av-special-heading-h3 blockquote modern-quote avia-builder-el-14 el_after_av_textblock el_before_av_hr '>\n<h3 class='av-special-heading-tag ' itemprop=\"headline\">\n","protected":false},"excerpt":{"rendered":"<p>Vendemos una amplia gama de placas de juegos de arcade, PCB y kits de conversi\u00f3n para gabinetes de arcade que son el alma de un juego. La mayor\u00eda de las placas que vendemos han sido probadas y funcionan.Actualice su m\u00e1quina arcade con los \u00faltimos juegos y hardware con una de nuestras placas de juegos arcade o kits de conversi\u00f3n.<\/p>\n","protected":false},"featured_media":7761,"template":"","meta":{"om_disable_all_campaigns":false,"_monsterinsights_skip_tracking":false,"_monsterinsights_sitenote_active":false,"_monsterinsights_sitenote_note":"","_monsterinsights_sitenote_category":0,"_uf_show_specific_survey":0,"_uf_disable_surveys":false},"product_cat":[242,234],"product_tag":[],"class_list":["post-6815","product","type-product","status-publish","has-post-thumbnail","hentry","product_cat-tablero-de-juego-de-pandora","product_cat-tablero-de-juego-multiple"],"yoast_head":"<!-- This site is optimized with the Yoast SEO Premium plugin v15.5 - https:\/\/yoast.com\/wordpress\/plugins\/seo\/ -->\n<title>1660 en 1 tablero de juego m\u00faltiple jamma arcade - Bleegame<\/title>\n<meta name=\"robots\" content=\"index, follow, max-snippet:-1, max-image-preview:large, max-video-preview:-1\" \/>\n<link rel=\"canonical\" href=\"https:\/\/bleegame.com\/es\/producto\/1660-in-1-jamma-arcade-multi-game-board-2\/\" \/>\n<meta property=\"og:locale\" content=\"es_ES\" \/>\n<meta property=\"og:type\" content=\"article\" \/>\n<meta property=\"og:title\" content=\"1660 en 1 tablero de juego m\u00faltiple jamma arcade - Bleegame\" \/>\n<meta property=\"og:description\" content=\"Vendemos una amplia gama de placas de juegos de arcade, PCB y kits de conversi\u00f3n para gabinetes de arcade que son el alma de un juego. La mayor\u00eda de las placas que vendemos han sido probadas y funcionan.Actualice su m\u00e1quina arcade con los \u00faltimos juegos y hardware con una de nuestras placas de juegos arcade o kits de conversi\u00f3n.\" \/>\n<meta property=\"og:url\" content=\"https:\/\/bleegame.com\/es\/producto\/1660-in-1-jamma-arcade-multi-game-board-2\/\" \/>\n<meta property=\"og:site_name\" content=\"Bleegame\" \/>\n<meta name=\"twitter:card\" content=\"summary_large_image\" \/>\n<meta name=\"twitter:label1\" content=\"Tiempo de lectura\">\n\t<meta name=\"twitter:data1\" content=\"1 minuto\">\n<script type=\"application\/ld+json\" class=\"yoast-schema-graph\">{\"@context\":\"https:\/\/schema.org\",\"@graph\":[{\"@type\":\"WebSite\",\"@id\":\"https:\/\/bleegame.com\/es\/#website\",\"url\":\"https:\/\/bleegame.com\/es\/\",\"name\":\"Bleegame\",\"description\":\"One-stop Amusement Coin Operated Games  Machine procurement center\",\"potentialAction\":[{\"@type\":\"SearchAction\",\"target\":\"https:\/\/bleegame.com\/es\/?s={search_term_string}\",\"query-input\":\"required name=search_term_string\"}],\"inLanguage\":\"es\"},{\"@type\":\"ImageObject\",\"@id\":\"https:\/\/bleegame.com\/es\/producto\/1660-in-1-jamma-arcade-multi-game-board-2\/#primaryimage\",\"inLanguage\":\"es\",\"url\":\"https:\/\/bleegame.com\/wp-content\/uploads\/2022\/07\/6-96.jpg\",\"width\":800,\"height\":800},{\"@type\":\"WebPage\",\"@id\":\"https:\/\/bleegame.com\/es\/producto\/1660-in-1-jamma-arcade-multi-game-board-2\/#webpage\",\"url\":\"https:\/\/bleegame.com\/es\/producto\/1660-in-1-jamma-arcade-multi-game-board-2\/\",\"name\":\"1660 en 1 tablero de juego m\\u00faltiple jamma arcade - Bleegame\",\"isPartOf\":{\"@id\":\"https:\/\/bleegame.com\/es\/#website\"},\"primaryImageOfPage\":{\"@id\":\"https:\/\/bleegame.com\/es\/producto\/1660-in-1-jamma-arcade-multi-game-board-2\/#primaryimage\"},\"datePublished\":\"2022-07-26T02:06:16+00:00\",\"dateModified\":\"2022-07-26T02:06:16+00:00\",\"breadcrumb\":{\"@id\":\"https:\/\/bleegame.com\/es\/producto\/1660-in-1-jamma-arcade-multi-game-board-2\/#breadcrumb\"},\"inLanguage\":\"es\",\"potentialAction\":[{\"@type\":\"ReadAction\",\"target\":[\"https:\/\/bleegame.com\/es\/producto\/1660-in-1-jamma-arcade-multi-game-board-2\/\"]}]},{\"@type\":\"BreadcrumbList\",\"@id\":\"https:\/\/bleegame.com\/es\/producto\/1660-in-1-jamma-arcade-multi-game-board-2\/#breadcrumb\",\"itemListElement\":[{\"@type\":\"ListItem\",\"position\":1,\"item\":{\"@type\":\"WebPage\",\"@id\":\"https:\/\/bleegame.com\/es\/producto\/\",\"url\":\"https:\/\/bleegame.com\/es\/producto\/\",\"name\":\"Producto\"}},{\"@type\":\"ListItem\",\"position\":2,\"item\":{\"@type\":\"WebPage\",\"@id\":\"https:\/\/bleegame.com\/es\/producto\/1660-in-1-jamma-arcade-multi-game-board-2\/\",\"url\":\"https:\/\/bleegame.com\/es\/producto\/1660-in-1-jamma-arcade-multi-game-board-2\/\",\"name\":\"1660 en 1 tablero de juego m\\u00faltiple jamma arcade\"}}]}]}<\/script>\n<!-- \/ Yoast SEO Premium plugin. -->","_links":{"self":[{"href":"https:\/\/bleegame.com\/es\/wp-json\/wp\/v2\/product\/6815","targetHints":{"allow":["GET"]}}],"collection":[{"href":"https:\/\/bleegame.com\/es\/wp-json\/wp\/v2\/product"}],"about":[{"href":"https:\/\/bleegame.com\/es\/wp-json\/wp\/v2\/types\/product"}],"version-history":[{"count":0,"href":"https:\/\/bleegame.com\/es\/wp-json\/wp\/v2\/product\/6815\/revisions"}],"wp:featuredmedia":[{"embeddable":true,"href":"https:\/\/bleegame.com\/es\/wp-json\/wp\/v2\/media\/7761"}],"wp:attachment":[{"href":"https:\/\/bleegame.com\/es\/wp-json\/wp\/v2\/media?parent=6815"}],"wp:term":[{"taxonomy":"product_cat","embeddable":true,"href":"https:\/\/bleegame.com\/es\/wp-json\/wp\/v2\/product_cat?post=6815"},{"taxonomy":"product_tag","embeddable":true,"href":"https:\/\/bleegame.com\/es\/wp-json\/wp\/v2\/product_tag?post=6815"}],"curies":[{"name":"wp","href":"https:\/\/api.w.org\/{rel}","templated":true}]}}