{"id":6818,"date":"2022-07-26T02:05:51","date_gmt":"2022-07-26T02:05:51","guid":{"rendered":"https:\/\/bleegame.com\/product\/2500-en-1-juego-caja-pandora-9d-juego-de-joypad-inalambrico\/"},"modified":"2022-07-26T02:05:51","modified_gmt":"2022-07-26T02:05:51","slug":"2500-in-1-game-pandora-box-9d-wireless-joypad-set-2","status":"publish","type":"product","link":"https:\/\/bleegame.com\/es\/producto\/2500-in-1-game-pandora-box-9d-wireless-joypad-set-2\/","title":{"rendered":"2500 en 1 juego caja pandora 9D Juego de joypad inal\u00e1mbrico"},"content":{"rendered":"<div class=\"special-heading-border\">\n<div class=\"special-heading-inner-border\"><\/div>\n<\/div>\n<div class=\"hr hr-custom hr-center hr-icon-no avia-builder-el-12 el_after_av_heading el_before_av_textblock \"><\/div>\n<section class=\"av_textblock_section \">\n<div class=\"avia_textblock \">\n<p><strong>Caracter\u00edstica:<\/strong><br \/>\nJuegos de laodaci\u00f3n r\u00e1pida<br \/>\nNuevo y de alta calidad.<br \/>\nF\u00e1cil de conectar y usar<br \/>\nSoporta la opci\u00f3n multiling\u00fce: Ingl\u00e9s o coreano o chino<br \/>\nSoporta 3 resoluciones de pantalla: 1280*720, 1024*768,640*480<br \/>\nCada configuraci\u00f3n del juego (dificultad, vidas, cr\u00e9dito&#8230;) es ajustable<br \/>\nEs compatible con la salida VGA y HDMI, la imagen clara puede darle una experiencia m\u00e1s real.<br \/>\nLa caja de Pandora DX, posee 3000 juegos, puedes elegir los juegos que te gustan para jugar en cualquier momento, lo que traer\u00e1 tu sensaci\u00f3n emocionante.<\/p>\n<table width=\"681\">\n<tbody>\n<tr>\n<td width=\"196\">Nombre del producto:<\/td>\n<td width=\"485\">2500 En 1 Versi\u00f3n Familiar Pandora DX Kits<\/td>\n<\/tr>\n<tr>\n<td>Modelo:<\/td>\n<td>Versi\u00f3n familiar Pandora DX<\/td>\n<\/tr>\n<tr>\n<td>Tipo:<\/td>\n<td>Juegos con monedas<\/td>\n<\/tr>\n<tr>\n<td>Forma de env\u00edo:<\/td>\n<td>Entrega urgente<\/td>\n<\/tr>\n<tr>\n<td>Color:<\/td>\n<td>Blanco<\/td>\n<\/tr>\n<tr>\n<td>Adecuado para:<\/td>\n<td>Consola de juegos familiar<\/td>\n<\/tr>\n<tr>\n<td>Tiempo de entrega:<\/td>\n<td>En stock<\/td>\n<\/tr>\n<tr>\n<td>MOQ:<\/td>\n<td>1Set<\/td>\n<\/tr>\n<\/tbody>\n<\/table>\n<\/div>\n<\/section>\n<div class=\"av-special-heading av-special-heading-h3 blockquote modern-quote avia-builder-el-14 el_after_av_textblock el_before_av_hr \" style=\"padding-bottom: 10px;\">\n<h3 class=\"av-special-heading-tag \">V\u00eddeo<\/h3>\n<div class=\"special-heading-border\">\n<div class=\"special-heading-inner-border\"><\/div>\n<\/div>\n<\/div>\n<div class=\"hr hr-custom hr-center hr-icon-no avia-builder-el-15 el_after_av_heading el_before_av_video \"><\/div>\n<div class=\"avia-video avia-video-16-9 av-lazyload-immediate av-lazyload-video-embed \" data-original_url=\"https:\/\/www.youtube.com\/watch?v=1L9A3E4Mtv0\">\n<div class=\"avia-iframe-wrap\"><iframe title=\"?\u02f6?????9D 2500??\u04bb ?????\u05b1??\u6c7e??10M?\u06a3?\" src=\"https:\/\/www.youtube.com\/embed\/1L9A3E4Mtv0?feature=oembed&amp;autoplay=0&amp;loop=0&amp;controls=1&amp;mute=0\" width=\"1333\" height=\"1000\" frameborder=\"0\" allowfullscreen=\"allowfullscreen\"><\/iframe><\/div>\n<p>&nbsp;<\/p>\n<div class=\"av-click-to-play-overlay\">\n<div class=\"avia_playpause_icon\"><\/div>\n<\/div>\n<\/div>\n<div class=\"av-special-heading av-special-heading-h3 blockquote modern-quote avia-builder-el-17 el_after_av_video el_before_av_hr \" style=\"padding-bottom: 10px;\">\n<h3 class=\"av-special-heading-tag \"><\/h3>\n<\/div>\n","protected":false},"excerpt":{"rendered":"<p>Vendemos una amplia gama de placas de juegos de arcade, PCB y kits de conversi\u00f3n para gabinetes de arcade que son el alma de un juego. La mayor\u00eda de las placas que vendemos han sido probadas y funcionan.Actualice su m\u00e1quina arcade con los \u00faltimos juegos y hardware con una de nuestras placas de juegos arcade o kits de conversi\u00f3n.<\/p>\n","protected":false},"featured_media":5401,"template":"","meta":{"om_disable_all_campaigns":false,"_monsterinsights_skip_tracking":false,"_monsterinsights_sitenote_active":false,"_monsterinsights_sitenote_note":"","_monsterinsights_sitenote_category":0,"_uf_show_specific_survey":0,"_uf_disable_surveys":false},"product_cat":[242,234],"product_tag":[],"class_list":["post-6818","product","type-product","status-publish","has-post-thumbnail","hentry","product_cat-tablero-de-juego-de-pandora","product_cat-tablero-de-juego-multiple"],"yoast_head":"<!-- This site is optimized with the Yoast SEO Premium plugin v15.5 - https:\/\/yoast.com\/wordpress\/plugins\/seo\/ -->\n<title>2500 en 1 juego caja pandora 9D Juego de joypad inal\u00e1mbrico - Bleegame<\/title>\n<meta name=\"robots\" content=\"index, follow, max-snippet:-1, max-image-preview:large, max-video-preview:-1\" \/>\n<link rel=\"canonical\" href=\"https:\/\/bleegame.com\/es\/producto\/2500-in-1-game-pandora-box-9d-wireless-joypad-set-2\/\" \/>\n<meta property=\"og:locale\" content=\"es_ES\" \/>\n<meta property=\"og:type\" content=\"article\" \/>\n<meta property=\"og:title\" content=\"2500 en 1 juego caja pandora 9D Juego de joypad inal\u00e1mbrico - Bleegame\" \/>\n<meta property=\"og:description\" content=\"Vendemos una amplia gama de placas de juegos de arcade, PCB y kits de conversi\u00f3n para gabinetes de arcade que son el alma de un juego. La mayor\u00eda de las placas que vendemos han sido probadas y funcionan.Actualice su m\u00e1quina arcade con los \u00faltimos juegos y hardware con una de nuestras placas de juegos arcade o kits de conversi\u00f3n.\" \/>\n<meta property=\"og:url\" content=\"https:\/\/bleegame.com\/es\/producto\/2500-in-1-game-pandora-box-9d-wireless-joypad-set-2\/\" \/>\n<meta property=\"og:site_name\" content=\"Bleegame\" \/>\n<meta name=\"twitter:card\" content=\"summary_large_image\" \/>\n<meta name=\"twitter:label1\" content=\"Tiempo de lectura\">\n\t<meta name=\"twitter:data1\" content=\"1 minuto\">\n<script type=\"application\/ld+json\" class=\"yoast-schema-graph\">{\"@context\":\"https:\/\/schema.org\",\"@graph\":[{\"@type\":\"WebSite\",\"@id\":\"https:\/\/bleegame.com\/es\/#website\",\"url\":\"https:\/\/bleegame.com\/es\/\",\"name\":\"Bleegame\",\"description\":\"One-stop Amusement Coin Operated Games  Machine procurement center\",\"potentialAction\":[{\"@type\":\"SearchAction\",\"target\":\"https:\/\/bleegame.com\/es\/?s={search_term_string}\",\"query-input\":\"required name=search_term_string\"}],\"inLanguage\":\"es\"},{\"@type\":\"ImageObject\",\"@id\":\"https:\/\/bleegame.com\/es\/producto\/2500-in-1-game-pandora-box-9d-wireless-joypad-set-2\/#primaryimage\",\"inLanguage\":\"es\",\"url\":\"https:\/\/bleegame.com\/wp-content\/uploads\/2022\/07\/05-31-1.jpg\",\"width\":800,\"height\":800},{\"@type\":\"WebPage\",\"@id\":\"https:\/\/bleegame.com\/es\/producto\/2500-in-1-game-pandora-box-9d-wireless-joypad-set-2\/#webpage\",\"url\":\"https:\/\/bleegame.com\/es\/producto\/2500-in-1-game-pandora-box-9d-wireless-joypad-set-2\/\",\"name\":\"2500 en 1 juego caja pandora 9D Juego de joypad inal\\u00e1mbrico - Bleegame\",\"isPartOf\":{\"@id\":\"https:\/\/bleegame.com\/es\/#website\"},\"primaryImageOfPage\":{\"@id\":\"https:\/\/bleegame.com\/es\/producto\/2500-in-1-game-pandora-box-9d-wireless-joypad-set-2\/#primaryimage\"},\"datePublished\":\"2022-07-26T02:05:51+00:00\",\"dateModified\":\"2022-07-26T02:05:51+00:00\",\"breadcrumb\":{\"@id\":\"https:\/\/bleegame.com\/es\/producto\/2500-in-1-game-pandora-box-9d-wireless-joypad-set-2\/#breadcrumb\"},\"inLanguage\":\"es\",\"potentialAction\":[{\"@type\":\"ReadAction\",\"target\":[\"https:\/\/bleegame.com\/es\/producto\/2500-in-1-game-pandora-box-9d-wireless-joypad-set-2\/\"]}]},{\"@type\":\"BreadcrumbList\",\"@id\":\"https:\/\/bleegame.com\/es\/producto\/2500-in-1-game-pandora-box-9d-wireless-joypad-set-2\/#breadcrumb\",\"itemListElement\":[{\"@type\":\"ListItem\",\"position\":1,\"item\":{\"@type\":\"WebPage\",\"@id\":\"https:\/\/bleegame.com\/es\/producto\/\",\"url\":\"https:\/\/bleegame.com\/es\/producto\/\",\"name\":\"Producto\"}},{\"@type\":\"ListItem\",\"position\":2,\"item\":{\"@type\":\"WebPage\",\"@id\":\"https:\/\/bleegame.com\/es\/producto\/2500-in-1-game-pandora-box-9d-wireless-joypad-set-2\/\",\"url\":\"https:\/\/bleegame.com\/es\/producto\/2500-in-1-game-pandora-box-9d-wireless-joypad-set-2\/\",\"name\":\"2500 en 1 juego caja pandora 9D Juego de joypad inal\\u00e1mbrico\"}}]}]}<\/script>\n<!-- \/ Yoast SEO Premium plugin. -->","_links":{"self":[{"href":"https:\/\/bleegame.com\/es\/wp-json\/wp\/v2\/product\/6818","targetHints":{"allow":["GET"]}}],"collection":[{"href":"https:\/\/bleegame.com\/es\/wp-json\/wp\/v2\/product"}],"about":[{"href":"https:\/\/bleegame.com\/es\/wp-json\/wp\/v2\/types\/product"}],"version-history":[{"count":0,"href":"https:\/\/bleegame.com\/es\/wp-json\/wp\/v2\/product\/6818\/revisions"}],"wp:featuredmedia":[{"embeddable":true,"href":"https:\/\/bleegame.com\/es\/wp-json\/wp\/v2\/media\/5401"}],"wp:attachment":[{"href":"https:\/\/bleegame.com\/es\/wp-json\/wp\/v2\/media?parent=6818"}],"wp:term":[{"taxonomy":"product_cat","embeddable":true,"href":"https:\/\/bleegame.com\/es\/wp-json\/wp\/v2\/product_cat?post=6818"},{"taxonomy":"product_tag","embeddable":true,"href":"https:\/\/bleegame.com\/es\/wp-json\/wp\/v2\/product_tag?post=6818"}],"curies":[{"name":"wp","href":"https:\/\/api.w.org\/{rel}","templated":true}]}}