{"id":6820,"date":"2022-07-26T02:05:47","date_gmt":"2022-07-26T02:05:47","guid":{"rendered":"https:\/\/bleegame.com\/product\/3000-en-1-pandoras-box-dx-arcade-version\/"},"modified":"2022-07-26T02:05:47","modified_gmt":"2022-07-26T02:05:47","slug":"3000-in-1-pandoras-box-dx-arcade-version-2","status":"publish","type":"product","link":"https:\/\/bleegame.com\/es\/producto\/3000-in-1-pandoras-box-dx-arcade-version-2\/","title":{"rendered":"3000 en 1 Pandoras Box DX Arcade Version"},"content":{"rendered":"<div class=\"special-heading-border\">\n<div class=\"special-heading-inner-border\"><\/div>\n<\/div>\n<div class=\"hr hr-custom hr-center hr-icon-no avia-builder-el-12 el_after_av_heading el_before_av_textblock \"><\/div>\n<section class=\"av_textblock_section \">\n<div class=\"avia_textblock \">\n<p>Pandora&#8217;s Box DX Arcade Version &#8211; Salida HDMi, CRT y VGA &#8211; 3000 Grandes Juegos.<\/p>\n<p>La placa JAMMA 3000 in 1 Pandora&#8217;s Box DX Arcade Version cuenta con una impresionante selecci\u00f3n de juegos cl\u00e1sicos de arcade, incluyendo varias versiones de Street Fighter, King of Fighters, Golden Axe, Gorf, Los Simpsons, Ghouls &#8216;N&#8217; Ghosts, Double Dragon, Wonder Boy, R-Type, 1942, Pac-Man, Ms Pac-Man, Donkey Kong, Phoenix, Space Harrier, Track &#8216;N&#8217; Field y muchos muchos m\u00e1s&#8230; Esta placa puede reproducirse en CRT, VGA y HDMi en los televisores modernos y tambi\u00e9n tiene algunas caracter\u00edsticas interesantes, como la posibilidad de guardar la puntuaci\u00f3n m\u00e1s alta, la configuraci\u00f3n del generador de l\u00edneas de escaneo, el modo de tiempo de juego y la configuraci\u00f3n de la dificultad\/n\u00famero de vidas. El tablero tambi\u00e9n se puede configurar para que funcione con monedas y se puede activar el modo de tiempo de juego a trav\u00e9s de los ajustes. Tambi\u00e9n puede ajustarse a juego libre si es necesario.<\/p>\n<p><strong>Especificaci\u00f3n<\/strong><\/p>\n<table width=\"729\">\n<tbody>\n<tr>\n<td width=\"330\">cpu:<\/td>\n<td width=\"399\">Cortex-A7 de cuatro n\u00facleos a 1,3 GHz<\/td>\n<\/tr>\n<tr>\n<td>GPU :<\/td>\n<td>Mali-450MP2<\/td>\n<\/tr>\n<tr>\n<td>Resoluci\u00f3n :<\/td>\n<td>1280*720 ( 720P) \/ 640*480<\/td>\n<\/tr>\n<tr>\n<td width=\"330\">Almacenamiento del sistema:<\/td>\n<td>Sistema de almacenamiento de 1Gb\/32GB MicroSD(TE)o USB EXTRA<\/td>\n<\/tr>\n<tr>\n<td>RAM :<\/td>\n<td>2GB DDR3\/1866MH2<\/td>\n<\/tr>\n<tr>\n<td>Tarjeta de sonido :<\/td>\n<td>Sonido envolvente 5.1<\/td>\n<\/tr>\n<tr>\n<td>Entrada del joystick :<\/td>\n<td>2*USB2.0<\/td>\n<\/tr>\n<tr>\n<td>Puerto de v\u00eddeo :<\/td>\n<td>1+HDM I\/ 1 VGA<\/td>\n<\/tr>\n<tr>\n<td>Puerto de audio :<\/td>\n<td>1*Puerto AUX de 3,5 mm\/Salida de altavoz Jmma<\/td>\n<\/tr>\n<tr>\n<td>Interfaz de control:<\/td>\n<td>1*Jamma<\/td>\n<\/tr>\n<tr>\n<td>Entrada de energ\u00eda:<\/td>\n<td>+12V\/1A +5V\/2A<\/td>\n<\/tr>\n<tr>\n<td width=\"330\">Entorno de trabajo:<\/td>\n<td>Temperatura 5 C-45 C\/ Humiditv30-90<\/td>\n<\/tr>\n<tr>\n<td>Tama\u00f1o de la placa base :<\/td>\n<td>180mm x 120mm x 35mm<\/td>\n<\/tr>\n<tr>\n<td>Peso neto:<\/td>\n<td>0,22kg<\/td>\n<\/tr>\n<\/tbody>\n<\/table>\n<p><strong>Funciones del producto:<\/strong><\/p>\n<p>*La placa base incluye juegos cl\u00e1sicos de arcade y juegos caseros,El juego ha sido optimizado por muchos desarrolladores de software y hardware, Y con el jugador de alto nivel probado, Le permiten volver a la sensaci\u00f3n original del juego.<\/p>\n<p>*El producto tiene la funci\u00f3n de pantalla abierta de alta calidad, se adapta mejor a la era de los requisitos de la pantalla de alta calidad.<\/p>\n<p>*No es necesario comprar un convertidor de v\u00eddeo adicional, porque la placa base soporta m\u00faltiples puertos de salida, soporta la salida digital HD 720P a cualquier dispositivo de visualizaci\u00f3n de puerto HDMI, y el soporte de salida VGA es compatible con dispositivos de visualizaci\u00f3n antiguos.<\/p>\n<p>*Idioma de soporte: Ingl\u00e9s \/ Coreano \/ Espa\u00f1ol&#8230; Muchos idiomas, los clientes pueden elegir su propia versi\u00f3n de idioma.<\/p>\n<p>*Soporta la salida de audio HDMI\/AUX y la salida del amplificador de potencia integrado al altavoz de la placa base (la salida del altavoz se puede activar\/desactivar en la configuraci\u00f3n del sistema).<\/p>\n<p>*Soporta la funci\u00f3n personalizada del bot\u00f3n arcade y del gamepad, soporta m\u00e1s del 90% de los tipos de gamepad que se conectan al USB para jugar.<\/p>\n<p>*Soporta editar tus 99 juegos favoritos en la parte superior del men\u00fa del juego..Soporta la funci\u00f3n de pausa en el juego.<\/p>\n<\/div>\n<\/section>\n<div class=\"av-special-heading av-special-heading-h3 blockquote modern-quote avia-builder-el-14 el_after_av_textblock el_before_av_hr \" style=\"padding-bottom: 10px;\">\n<h3 class=\"av-special-heading-tag \">V\u00eddeo<\/h3>\n<div class=\"special-heading-border\">\n<div class=\"special-heading-inner-border\"><\/div>\n<\/div>\n<\/div>\n<div class=\"hr hr-custom hr-center hr-icon-no avia-builder-el-15 el_after_av_heading el_before_av_video \"><\/div>\n<div class=\"avia-video avia-video-16-9 av-lazyload-immediate av-lazyload-video-embed \" data-original_url=\"https:\/\/www.youtube.com\/watch?v=9LRlEGNmfCw\">\n<div class=\"avia-iframe-wrap\"><iframe title=\"?\u02f6?????DX 3000??\u04bb ?\u05bb??\u68e810M??\" src=\"https:\/\/www.youtube.com\/embed\/9LRlEGNmfCw?feature=oembed&amp;autoplay=0&amp;loop=0&amp;controls=1&amp;mute=0\" width=\"1333\" height=\"1000\" frameborder=\"0\" allowfullscreen=\"allowfullscreen\"><\/iframe><\/div>\n<p>&nbsp;<\/p>\n<div class=\"av-click-to-play-overlay\">\n<div class=\"avia_playpause_icon\"><\/div>\n<\/div>\n<\/div>\n<div class=\"av-special-heading av-special-heading-h3 blockquote modern-quote avia-builder-el-17 el_after_av_video el_before_av_hr \" style=\"padding-bottom: 10px;\">\n<h3 class=\"av-special-heading-tag \"><\/h3>\n<\/div>\n","protected":false},"excerpt":{"rendered":"<p>Vendemos una amplia gama de placas de juegos de arcade, PCB y kits de conversi\u00f3n para gabinetes de arcade que son el alma de un juego. La mayor\u00eda de las placas que vendemos han sido probadas y funcionan.Actualice su m\u00e1quina arcade con los \u00faltimos juegos y hardware con una de nuestras placas de juegos arcade o kits de conversi\u00f3n.<\/p>\n","protected":false},"featured_media":5399,"template":"","meta":{"om_disable_all_campaigns":false,"_monsterinsights_skip_tracking":false,"_monsterinsights_sitenote_active":false,"_monsterinsights_sitenote_note":"","_monsterinsights_sitenote_category":0,"_uf_show_specific_survey":0,"_uf_disable_surveys":false},"product_cat":[242,234],"product_tag":[],"class_list":["post-6820","product","type-product","status-publish","has-post-thumbnail","hentry","product_cat-tablero-de-juego-de-pandora","product_cat-tablero-de-juego-multiple"],"yoast_head":"<!-- This site is optimized with the Yoast SEO Premium plugin v15.5 - https:\/\/yoast.com\/wordpress\/plugins\/seo\/ -->\n<title>3000 en 1 Pandoras Box DX Arcade Version - Bleegame<\/title>\n<meta name=\"robots\" content=\"index, follow, max-snippet:-1, max-image-preview:large, max-video-preview:-1\" \/>\n<link rel=\"canonical\" href=\"https:\/\/bleegame.com\/es\/producto\/3000-in-1-pandoras-box-dx-arcade-version-2\/\" \/>\n<meta property=\"og:locale\" content=\"es_ES\" \/>\n<meta property=\"og:type\" content=\"article\" \/>\n<meta property=\"og:title\" content=\"3000 en 1 Pandoras Box DX Arcade Version - Bleegame\" \/>\n<meta property=\"og:description\" content=\"Vendemos una amplia gama de placas de juegos de arcade, PCB y kits de conversi\u00f3n para gabinetes de arcade que son el alma de un juego. La mayor\u00eda de las placas que vendemos han sido probadas y funcionan.Actualice su m\u00e1quina arcade con los \u00faltimos juegos y hardware con una de nuestras placas de juegos arcade o kits de conversi\u00f3n.\" \/>\n<meta property=\"og:url\" content=\"https:\/\/bleegame.com\/es\/producto\/3000-in-1-pandoras-box-dx-arcade-version-2\/\" \/>\n<meta property=\"og:site_name\" content=\"Bleegame\" \/>\n<meta name=\"twitter:card\" content=\"summary_large_image\" \/>\n<meta name=\"twitter:label1\" content=\"Tiempo de lectura\">\n\t<meta name=\"twitter:data1\" content=\"2 minutos\">\n<script type=\"application\/ld+json\" class=\"yoast-schema-graph\">{\"@context\":\"https:\/\/schema.org\",\"@graph\":[{\"@type\":\"WebSite\",\"@id\":\"https:\/\/bleegame.com\/es\/#website\",\"url\":\"https:\/\/bleegame.com\/es\/\",\"name\":\"Bleegame\",\"description\":\"One-stop Amusement Coin Operated Games  Machine procurement center\",\"potentialAction\":[{\"@type\":\"SearchAction\",\"target\":\"https:\/\/bleegame.com\/es\/?s={search_term_string}\",\"query-input\":\"required name=search_term_string\"}],\"inLanguage\":\"es\"},{\"@type\":\"ImageObject\",\"@id\":\"https:\/\/bleegame.com\/es\/producto\/3000-in-1-pandoras-box-dx-arcade-version-2\/#primaryimage\",\"inLanguage\":\"es\",\"url\":\"https:\/\/bleegame.com\/wp-content\/uploads\/2022\/07\/03-32-1.jpg\",\"width\":800,\"height\":800},{\"@type\":\"WebPage\",\"@id\":\"https:\/\/bleegame.com\/es\/producto\/3000-in-1-pandoras-box-dx-arcade-version-2\/#webpage\",\"url\":\"https:\/\/bleegame.com\/es\/producto\/3000-in-1-pandoras-box-dx-arcade-version-2\/\",\"name\":\"3000 en 1 Pandoras Box DX Arcade Version - Bleegame\",\"isPartOf\":{\"@id\":\"https:\/\/bleegame.com\/es\/#website\"},\"primaryImageOfPage\":{\"@id\":\"https:\/\/bleegame.com\/es\/producto\/3000-in-1-pandoras-box-dx-arcade-version-2\/#primaryimage\"},\"datePublished\":\"2022-07-26T02:05:47+00:00\",\"dateModified\":\"2022-07-26T02:05:47+00:00\",\"breadcrumb\":{\"@id\":\"https:\/\/bleegame.com\/es\/producto\/3000-in-1-pandoras-box-dx-arcade-version-2\/#breadcrumb\"},\"inLanguage\":\"es\",\"potentialAction\":[{\"@type\":\"ReadAction\",\"target\":[\"https:\/\/bleegame.com\/es\/producto\/3000-in-1-pandoras-box-dx-arcade-version-2\/\"]}]},{\"@type\":\"BreadcrumbList\",\"@id\":\"https:\/\/bleegame.com\/es\/producto\/3000-in-1-pandoras-box-dx-arcade-version-2\/#breadcrumb\",\"itemListElement\":[{\"@type\":\"ListItem\",\"position\":1,\"item\":{\"@type\":\"WebPage\",\"@id\":\"https:\/\/bleegame.com\/es\/producto\/\",\"url\":\"https:\/\/bleegame.com\/es\/producto\/\",\"name\":\"Producto\"}},{\"@type\":\"ListItem\",\"position\":2,\"item\":{\"@type\":\"WebPage\",\"@id\":\"https:\/\/bleegame.com\/es\/producto\/3000-in-1-pandoras-box-dx-arcade-version-2\/\",\"url\":\"https:\/\/bleegame.com\/es\/producto\/3000-in-1-pandoras-box-dx-arcade-version-2\/\",\"name\":\"3000 en 1 Pandoras Box DX Arcade Version\"}}]}]}<\/script>\n<!-- \/ Yoast SEO Premium plugin. -->","_links":{"self":[{"href":"https:\/\/bleegame.com\/es\/wp-json\/wp\/v2\/product\/6820","targetHints":{"allow":["GET"]}}],"collection":[{"href":"https:\/\/bleegame.com\/es\/wp-json\/wp\/v2\/product"}],"about":[{"href":"https:\/\/bleegame.com\/es\/wp-json\/wp\/v2\/types\/product"}],"version-history":[{"count":0,"href":"https:\/\/bleegame.com\/es\/wp-json\/wp\/v2\/product\/6820\/revisions"}],"wp:featuredmedia":[{"embeddable":true,"href":"https:\/\/bleegame.com\/es\/wp-json\/wp\/v2\/media\/5399"}],"wp:attachment":[{"href":"https:\/\/bleegame.com\/es\/wp-json\/wp\/v2\/media?parent=6820"}],"wp:term":[{"taxonomy":"product_cat","embeddable":true,"href":"https:\/\/bleegame.com\/es\/wp-json\/wp\/v2\/product_cat?post=6820"},{"taxonomy":"product_tag","embeddable":true,"href":"https:\/\/bleegame.com\/es\/wp-json\/wp\/v2\/product_tag?post=6820"}],"curies":[{"name":"wp","href":"https:\/\/api.w.org\/{rel}","templated":true}]}}