{"id":6822,"date":"2022-07-26T02:05:41","date_gmt":"2022-07-26T02:05:41","guid":{"rendered":"https:\/\/bleegame.com\/product\/2800-juego-pandora-cx-arcade-board\/"},"modified":"2022-07-26T02:05:41","modified_gmt":"2022-07-26T02:05:41","slug":"2800-game-pandora-cx-arcade-game-board-2","status":"publish","type":"product","link":"https:\/\/bleegame.com\/es\/producto\/2800-game-pandora-cx-arcade-game-board-2\/","title":{"rendered":"2800 juego pandora cx arcade board"},"content":{"rendered":"<div class=\"special-heading-border\">\n<div class=\"special-heading-inner-border\"><\/div>\n<\/div>\n<\/div>\n<div style=\"  margin-top:; margin-bottom:;\" class=\"hr hr-custom hr-center hr-icon-no avia-builder-el-12 el_after_av_heading el_before_av_textblock \"><span class=\"hr-inner inner-border-av-border-thin\" style=\"  width:1550px;\"><span class=\"hr-inner-style\"><\/span><\/span><\/div>\n<section class=\"av_textblock_section \" itemscope=\"itemscope\" itemtype=\"https:\/\/schema.org\/CreativeWork\">\n<div class=\"avia_textblock \" itemprop=\"text\">\n<p>Pandora&#8217;s Box CX Arcade Version &#8211; HDMi, CRT y VGA Output &#8211; 2800 Great Games.<\/p>\n<p>La placa JAMMA 2800 in 1 Pandora&#8217;s Box CX Arcade Version cuenta con una impresionante selecci\u00f3n de juegos cl\u00e1sicos de arcade, incluyendo varias versiones de Street Fighter, King of Fighters, Golden Axe, Gorf, Los Simpsons, Ghouls &#8216;N&#8217; Ghosts, Double Dragon, Wonder Boy, R-Type, 1942, Pac-Man, Ms Pac-Man, Donkey Kong, Phoenix, Space Harrier, Track &#8216;N&#8217; Field y muchos muchos m\u00e1s&#8230; Esta placa puede reproducirse en CRT, VGA y HDMi en los televisores modernos y tambi\u00e9n tiene algunas caracter\u00edsticas interesantes, como la posibilidad de guardar la puntuaci\u00f3n m\u00e1s alta, la configuraci\u00f3n del generador de l\u00edneas de escaneo, el modo de tiempo de juego y la configuraci\u00f3n de la dificultad\/n\u00famero de vidas. El tablero tambi\u00e9n se puede configurar para que funcione con monedas y se puede activar el modo de tiempo de juego a trav\u00e9s de los ajustes. Tambi\u00e9n puede ajustarse a juego libre si es necesario.<\/p>\n<p><strong>Especificaci\u00f3n<\/strong><\/p>\n<table width=\"630\">\n<tbody>\n<tr>\n<td width=\"146\">Procesador de 8 n\u00facleos:<\/td>\n<td colspan=\"3\" width=\"484\">CPU de 4 n\u00facleos + GPU de 4 n\u00facleos; multihilo<\/td>\n<\/tr>\n<tr>\n<td>Configuraci\u00f3n<\/td>\n<td>CPU<\/td>\n<td colspan=\"2\">ARM Cortex-A7, cada n\u00facleo a una frecuencia de hasta 1,5 GHz<\/td>\n<\/tr>\n<tr>\n<td><\/td>\n<td>GPU<\/td>\n<td colspan=\"2\">ARM Mali, renderizaci\u00f3n de la tarjeta gr\u00e1fica<\/td>\n<\/tr>\n<tr>\n<td><\/td>\n<td>RAM<\/td>\n<td colspan=\"2\">2Gb DDR3\/1866MHz<\/td>\n<\/tr>\n<tr>\n<td><\/td>\n<td>Almacenamiento<\/td>\n<td colspan=\"2\">128MB de almacenamiento del sistema\/16GB MicroSD(TF) o USB extra<\/td>\n<\/tr>\n<tr>\n<td><\/td>\n<td>Almacenamiento<\/td>\n<td colspan=\"2\">Linux<\/td>\n<\/tr>\n<tr>\n<td>Resoluci\u00f3n de v\u00eddeo<\/td>\n<td>HDMI<\/td>\n<td colspan=\"2\">1280*720 (720P)<\/td>\n<\/tr>\n<tr>\n<td><\/td>\n<td>VGA<\/td>\n<td colspan=\"2\">1280*720 (720P) \/ 640*480 (31 KHz)<\/td>\n<\/tr>\n<tr>\n<td><\/td>\n<td>JAMMA RGBS<\/td>\n<td colspan=\"2\">384\u00d7224 (CRT 15KHz)<\/td>\n<\/tr>\n<tr>\n<td>Interfaz<\/td>\n<td>1*HDMI<\/td>\n<td>1*VGA<\/td>\n<td>1*Interfaz Jamma<\/td>\n<\/tr>\n<tr>\n<td><\/td>\n<td colspan=\"3\">1* Interfaz de salida de audio de 3,5 mm<\/td>\n<\/tr>\n<tr>\n<td>Idioma<\/td>\n<td colspan=\"3\">Chino simplificado\/chino tradicional\/ingl\u00e9s\/coreano\/espa\u00f1ol<\/td>\n<\/tr>\n<tr>\n<td>Total de juegos<\/td>\n<td colspan=\"3\">2800<\/td>\n<\/tr>\n<tr>\n<td>Bot\u00f3n personalizado<\/td>\n<td colspan=\"3\">Soporte<\/td>\n<\/tr>\n<tr>\n<td>A\u00f1adir juegos<\/td>\n<td colspan=\"3\">Apoyar<\/td>\n<\/tr>\n<tr>\n<td>Mejora de la pantalla<\/td>\n<td colspan=\"3\">L\u00ednea HD\/SD\/Scan<\/td>\n<\/tr>\n<tr>\n<td>Ajustes del juego<\/td>\n<td colspan=\"3\">Aumenta la dificultad y la vida del juego<\/td>\n<\/tr>\n<tr>\n<td>Configuraci\u00f3n de la lista de juegos<\/td>\n<td colspan=\"3\">Editar lista de favoritos\/ocultar juego<\/td>\n<\/tr>\n<tr>\n<td>Emulador de juegos<\/td>\n<td colspan=\"3\">FBA\/MAME\/PS\/\/FC\/SFC\/MD<\/td>\n<\/tr>\n<tr>\n<td>Juego Nombre Ouick Buscar<\/td>\n<td colspan=\"3\">Iniciales de palabras por defecto en ingl\u00e9s<\/td>\n<\/tr>\n<tr>\n<td>Juegos recientes de inicio r\u00e1pido<\/td>\n<td colspan=\"3\">Soporte<\/td>\n<\/tr>\n<tr>\n<td>R\u00e1faga de un clic<\/td>\n<td colspan=\"3\">Soporta<\/td>\n<\/tr>\n<tr>\n<td>Funci\u00f3n de monedas<\/td>\n<td colspan=\"3\">Juego libre\/operaci\u00f3n con monedas\/modo de charaina de tiempo<\/td>\n<\/tr>\n<tr>\n<td>Radiador<\/td>\n<td colspan=\"3\">Aluminio<\/td>\n<\/tr>\n<tr>\n<td>Entorno de trabajo<\/td>\n<td colspan=\"3\">Temperatura5 c-45\u2033 C\/Humedad30-90<\/td>\n<\/tr>\n<tr>\n<td>Tama\u00f1o<\/td>\n<td colspan=\"3\">175mm x 130mm x40mm<\/td>\n<\/tr>\n<tr>\n<td>Peso neto<\/td>\n<td colspan=\"3\">0,3Kg<\/td>\n<\/tr>\n<\/tbody>\n<\/table>\n<p><strong>Funciones del producto:<\/strong><\/p>\n<ul>\n<li>La placa base incluye juegos cl\u00e1sicos de arcade y juegos caseros, el juego ha sido optimizado por muchos desarrolladores de software y hardware, y con el jugador de alto nivel probado, le permiten volver a la sensaci\u00f3n original del juego.<\/li>\n<li>La placa base puede activar\/desactivar la funci\u00f3n de calidad de alta definici\u00f3n y adaptarse mejor al monitor de alta definici\u00f3n.<\/li>\n<li>No es necesario comprar un convertidor de v\u00eddeo adicional, ya que la placa base soporta m\u00faltiples puertos de salida, soporta la salida digital HD 720P a cualquier monitor de pantalla de puerto HDMI y soporte de salida VGA compatible hacia abajo con el viejo monitor de pantalla.<\/li>\n<li>Idioma de soporte: Ingl\u00e9s \/ Coreano \/ Espa\u00f1ol<\/li>\n<li>Apoyar la funci\u00f3n personalizada del bot\u00f3n de arcade y gamepad, apoyar m\u00e1s thar 90% de los tipos de gamepad conectarse a USB para jugar gamesCaution: CX arcade versi\u00f3n 1.0 no tiene esta caracter\u00edstica.<\/li>\n<li>Soporte para editar tus 99 juegos favoritos en la parte superior del men\u00fa del juego.<\/li>\n<li>Soporta la funci\u00f3n de pausa en el juego (para el modo de juego libre)<\/li>\n<\/ul>\n<p><strong>Nuevas funciones:<\/strong><\/p>\n<ul>\n<li>Si est\u00e1s jugando, pero necesitas salir, antes de apagar la consola puedes elegir el estado de guardado, cuando vuelvas, puedes cargar el estado para seguir jugando (para el modo de juego libre).<\/li>\n<li>Soporta el guardado autom\u00e1tico de la alta puntuaci\u00f3n del ranking del juego.Cuando lo cargues de nuevo, ver\u00e1s que tu nombre sigue en el ranking.<\/li>\n<li>En el men\u00fa principal presione el bot\u00f3n de inicio 1P, se mostrar\u00e1n las funciones de b\u00fasqueda reciente y r\u00e1pida, soporta el inicio r\u00e1pido del juego reciente y soporta la b\u00fasqueda r\u00e1pida de las iniciales de la palabra en ingl\u00e9s del nombre del juego. (imagen3) (imagen4).<\/li>\n<li>La placa base soporta la descarga de la copia del juego en la ruta especificada del disco U o la tarjeta TF para a\u00f1adir el juego (Nota: el almacenamiento b\u00e1sico de la placa base es de 16GB, y el almacenamiento restante de 2GB est\u00e1 reservado para guardar el estado del juego y guardar la puntuaci\u00f3n m\u00e1s alta, por favor, no lo utilice. Si necesita a\u00f1adir m\u00e1s juegos, por favor reemplace el disco U o la tarjeta TF con mayor capacidad, Gracias por su cooperaci\u00f3n)<\/li>\n<\/ul>\n<\/div>\n<\/section>\n<div style=\"padding-bottom:10px;  \" class=\"av-special-heading av-special-heading-h3 blockquote modern-quote avia-builder-el-14 el_after_av_textblock el_before_av_hr \">\n<h3 class=\"av-special-heading-tag \" itemprop=\"headline\">V\u00eddeo<\/h3>\n<div class=\"special-heading-border\">\n<div class=\"special-heading-inner-border\"><\/div>\n<\/div>\n<\/div>\n<div style=\"  margin-top:; margin-bottom:;\" class=\"hr hr-custom hr-center hr-icon-no avia-builder-el-15 el_after_av_heading el_before_av_video \"><span class=\"hr-inner inner-border-av-border-thin\" style=\"  width:1550px;\"><span class=\"hr-inner-style\"><\/span><\/span><\/div>\n<div class=\"avia-video avia-video-16-9 av-lazyload-immediate av-lazyload-video-embed \" itemprop=\"video\" itemtype=\"https:\/\/schema.org\/VideoObject\" data-original_url=\"https:\/\/www.youtube.com\/watch?v=66gXkfKkg7c\">\n<div class=\"avia-iframe-wrap\"><iframe title=\"?\u02f6?????CX 2800??\u04bb ?\u05bb?????10M\" width=\"1333\" height=\"1000\" frameborder=\"0\" allow=\"accelerometer; autoplay; clipboard-write; encrypted-media; gyroscope; picture-in-picture\" allowfullscreen=\"\" src=\"https:\/\/www.youtube.com\/embed\/66gXkfKkg7c?feature=oembed&amp;autoplay=0&amp;loop=0&amp;controls=1&amp;mute=0\"><\/iframe><\/div>\n<p><\/script><\/p>\n<div class=\"av-click-to-play-overlay\">\n<div class=\"avia_playpause_icon\"><\/div>\n<\/div>\n<\/div>\n<div style='padding-bottom:10px; ' class='av-special-heading av-special-heading-h3 blockquote modern-quote avia-builder-el-17 el_after_av_video el_before_av_hr '>\n<h3 class='av-special-heading-tag ' itemprop=\"headline\">\n","protected":false},"excerpt":{"rendered":"<p>Vendemos una amplia gama de placas de juegos de arcade, PCB y kits de conversi\u00f3n para gabinetes de arcade que son el alma de un juego. La mayor\u00eda de las placas que vendemos han sido probadas y funcionan.Actualice su m\u00e1quina arcade con los \u00faltimos juegos y hardware con una de nuestras placas de juegos arcade o kits de conversi\u00f3n.<\/p>\n","protected":false},"featured_media":5397,"template":"","meta":{"om_disable_all_campaigns":false,"_monsterinsights_skip_tracking":false,"_monsterinsights_sitenote_active":false,"_monsterinsights_sitenote_note":"","_monsterinsights_sitenote_category":0,"_uf_show_specific_survey":0,"_uf_disable_surveys":false},"product_cat":[242,234],"product_tag":[],"class_list":["post-6822","product","type-product","status-publish","has-post-thumbnail","hentry","product_cat-tablero-de-juego-de-pandora","product_cat-tablero-de-juego-multiple"],"yoast_head":"<!-- This site is optimized with the Yoast SEO Premium plugin v15.5 - https:\/\/yoast.com\/wordpress\/plugins\/seo\/ -->\n<title>2800 juego pandora cx arcade board - Bleegame<\/title>\n<meta name=\"robots\" content=\"index, follow, max-snippet:-1, max-image-preview:large, max-video-preview:-1\" \/>\n<link rel=\"canonical\" href=\"https:\/\/bleegame.com\/es\/producto\/2800-game-pandora-cx-arcade-game-board-2\/\" \/>\n<meta property=\"og:locale\" content=\"es_ES\" \/>\n<meta property=\"og:type\" content=\"article\" \/>\n<meta property=\"og:title\" content=\"2800 juego pandora cx arcade board - Bleegame\" \/>\n<meta property=\"og:description\" content=\"Vendemos una amplia gama de placas de juegos de arcade, PCB y kits de conversi\u00f3n para gabinetes de arcade que son el alma de un juego. La mayor\u00eda de las placas que vendemos han sido probadas y funcionan.Actualice su m\u00e1quina arcade con los \u00faltimos juegos y hardware con una de nuestras placas de juegos arcade o kits de conversi\u00f3n.\" \/>\n<meta property=\"og:url\" content=\"https:\/\/bleegame.com\/es\/producto\/2800-game-pandora-cx-arcade-game-board-2\/\" \/>\n<meta property=\"og:site_name\" content=\"Bleegame\" \/>\n<meta name=\"twitter:card\" content=\"summary_large_image\" \/>\n<meta name=\"twitter:label1\" content=\"Tiempo de lectura\">\n\t<meta name=\"twitter:data1\" content=\"3 minutos\">\n<script type=\"application\/ld+json\" class=\"yoast-schema-graph\">{\"@context\":\"https:\/\/schema.org\",\"@graph\":[{\"@type\":\"WebSite\",\"@id\":\"https:\/\/bleegame.com\/es\/#website\",\"url\":\"https:\/\/bleegame.com\/es\/\",\"name\":\"Bleegame\",\"description\":\"One-stop Amusement Coin Operated Games  Machine procurement center\",\"potentialAction\":[{\"@type\":\"SearchAction\",\"target\":\"https:\/\/bleegame.com\/es\/?s={search_term_string}\",\"query-input\":\"required name=search_term_string\"}],\"inLanguage\":\"es\"},{\"@type\":\"ImageObject\",\"@id\":\"https:\/\/bleegame.com\/es\/producto\/2800-game-pandora-cx-arcade-game-board-2\/#primaryimage\",\"inLanguage\":\"es\",\"url\":\"https:\/\/bleegame.com\/wp-content\/uploads\/2022\/07\/04-27-1.jpg\",\"width\":800,\"height\":800},{\"@type\":\"WebPage\",\"@id\":\"https:\/\/bleegame.com\/es\/producto\/2800-game-pandora-cx-arcade-game-board-2\/#webpage\",\"url\":\"https:\/\/bleegame.com\/es\/producto\/2800-game-pandora-cx-arcade-game-board-2\/\",\"name\":\"2800 juego pandora cx arcade board - Bleegame\",\"isPartOf\":{\"@id\":\"https:\/\/bleegame.com\/es\/#website\"},\"primaryImageOfPage\":{\"@id\":\"https:\/\/bleegame.com\/es\/producto\/2800-game-pandora-cx-arcade-game-board-2\/#primaryimage\"},\"datePublished\":\"2022-07-26T02:05:41+00:00\",\"dateModified\":\"2022-07-26T02:05:41+00:00\",\"breadcrumb\":{\"@id\":\"https:\/\/bleegame.com\/es\/producto\/2800-game-pandora-cx-arcade-game-board-2\/#breadcrumb\"},\"inLanguage\":\"es\",\"potentialAction\":[{\"@type\":\"ReadAction\",\"target\":[\"https:\/\/bleegame.com\/es\/producto\/2800-game-pandora-cx-arcade-game-board-2\/\"]}]},{\"@type\":\"BreadcrumbList\",\"@id\":\"https:\/\/bleegame.com\/es\/producto\/2800-game-pandora-cx-arcade-game-board-2\/#breadcrumb\",\"itemListElement\":[{\"@type\":\"ListItem\",\"position\":1,\"item\":{\"@type\":\"WebPage\",\"@id\":\"https:\/\/bleegame.com\/es\/producto\/\",\"url\":\"https:\/\/bleegame.com\/es\/producto\/\",\"name\":\"Producto\"}},{\"@type\":\"ListItem\",\"position\":2,\"item\":{\"@type\":\"WebPage\",\"@id\":\"https:\/\/bleegame.com\/es\/producto\/2800-game-pandora-cx-arcade-game-board-2\/\",\"url\":\"https:\/\/bleegame.com\/es\/producto\/2800-game-pandora-cx-arcade-game-board-2\/\",\"name\":\"2800 juego pandora cx arcade board\"}}]}]}<\/script>\n<!-- \/ Yoast SEO Premium plugin. -->","_links":{"self":[{"href":"https:\/\/bleegame.com\/es\/wp-json\/wp\/v2\/product\/6822","targetHints":{"allow":["GET"]}}],"collection":[{"href":"https:\/\/bleegame.com\/es\/wp-json\/wp\/v2\/product"}],"about":[{"href":"https:\/\/bleegame.com\/es\/wp-json\/wp\/v2\/types\/product"}],"version-history":[{"count":0,"href":"https:\/\/bleegame.com\/es\/wp-json\/wp\/v2\/product\/6822\/revisions"}],"wp:featuredmedia":[{"embeddable":true,"href":"https:\/\/bleegame.com\/es\/wp-json\/wp\/v2\/media\/5397"}],"wp:attachment":[{"href":"https:\/\/bleegame.com\/es\/wp-json\/wp\/v2\/media?parent=6822"}],"wp:term":[{"taxonomy":"product_cat","embeddable":true,"href":"https:\/\/bleegame.com\/es\/wp-json\/wp\/v2\/product_cat?post=6822"},{"taxonomy":"product_tag","embeddable":true,"href":"https:\/\/bleegame.com\/es\/wp-json\/wp\/v2\/product_tag?post=6822"}],"curies":[{"name":"wp","href":"https:\/\/api.w.org\/{rel}","templated":true}]}}